{"id":10668,"date":"2023-02-03T17:39:24","date_gmt":"2023-02-03T16:39:24","guid":{"rendered":"https:\/\/sfbd.fr\/actions\/seminaires\/"},"modified":"2025-04-11T18:40:07","modified_gmt":"2025-04-11T16:40:07","slug":"seminaires","status":"publish","type":"page","link":"https:\/\/sfbd.fr\/en\/actions\/seminaires\/","title":{"rendered":"SFBD online seminars"},"content":{"rendered":"<p>[vc_row][vc_column width=&#8221;2\/3&#8243;][vc_custom_heading text=&#8221;Online seminars&#8221; use_theme_fonts=&#8221;yes&#8221;][vc_column_text]The SFBD Board of Directors has decided to launch <strong>a new webinar series<\/strong> in 2023-2024 so that SFBD members can get to know each other better and share their research. As we are all busy, the idea is to share our work in a <strong>short and didactic format, accessible to non-specialists<\/strong> <strong>every first Friday of the month during lunch time<\/strong>. These seminars are open to everyone, so feel free to share the information.<\/p>\n<p>Seminars are organized on a zoom. To receive the invitations, <a href=\"https:\/\/groupes.renater.fr\/sympa\/subscribe\/biodevfr?previous_action=info\" target=\"_blank\" rel=\"noopener\">subscribe<\/a> to the <a href=\"https:\/\/sfbd.fr\/en\/about-us\/#Liste-diffusion-Biodevfr\">Biodevfr<\/a> developmental biology mailing list.[\/vc_column_text][\/vc_column][vc_column width=&#8221;1\/3&#8243;][vc_empty_space height=&#8221;45px&#8221;][vc_column_text]<img loading=\"lazy\" decoding=\"async\" class=\"alignleft wp-image-2083\" src=\"https:\/\/sfbd.fr\/wp-content\/uploads\/2019\/06\/statut-1.jpg\" alt=\"\" width=\"50\" height=\"50\" \/>Open to all<\/p>\n<p>&nbsp;<\/p>\n<p><img loading=\"lazy\" decoding=\"async\" class=\"alignleft wp-image-2089\" src=\"https:\/\/sfbd.fr\/wp-content\/uploads\/2019\/06\/deadline-1.jpg\" alt=\"\" width=\"50\" height=\"50\" \/>First Friday of each month<\/p>\n<p>13h-13h30[\/vc_column_text][vc_separator][vc_custom_heading text=&#8221;Share&#8221; font_container=&#8221;tag:h3|text_align:left&#8221; use_theme_fonts=&#8221;yes&#8221;][vc_empty_space height=&#8221;10px&#8221;][vc_column_text]<a href=\"https:\/\/twitter.com\/intent\/tweet?url=https:\/\/sfbd.fr\/soutien\/prix-de-these\/&amp;text= Bourses+de+th\u00e8se+SFBD&amp;hashtags=PhD, PhDlife\" target=\"_blank\" rel=\"noopener noreferrer\"><img loading=\"lazy\" decoding=\"async\" class=\"alignleft wp-image-2441\" src=\"https:\/\/sfbd.fr\/wp-content\/uploads\/2019\/06\/Twitter.jpg\" alt=\"\" width=\"50\" height=\"50\" \/><\/a> \u00a0 <a href=\"https:\/\/www.facebook.com\/sharer.php?u=https:\/\/sfbd.fr\/soutien\/prix-de-these\/\" target=\"_blank\" rel=\"noopener noreferrer\"><img loading=\"lazy\" decoding=\"async\" class=\"alignleft wp-image-2437\" src=\"https:\/\/sfbd.fr\/wp-content\/uploads\/2019\/06\/Facebook.jpg\" alt=\"\" width=\"50\" height=\"50\" \/><\/a> \u00a0 <a href=\"https:\/\/www.linkedin.com\/shareArticle?mini=true&amp;url=https:\/\/sfbd.fr\/soutien\/prix-de-these\/&amp;title=Bourse+de+th\u00e8se&amp;summary=bourse+de+th\u00e8se+SFBD&amp;source=SFBD\" target=\"_blank\" rel=\"noopener noreferrer\"><img loading=\"lazy\" decoding=\"async\" class=\"alignleft wp-image-2435\" src=\"https:\/\/sfbd.fr\/wp-content\/uploads\/2019\/06\/LinkedIn.jpg\" alt=\"\" width=\"50\" height=\"50\" \/><\/a> \u00a0 <a href=\"mailto:?subject=Bourses de th\u00e8se SFBD&amp;body=Candidater pour obtenir une bourse de th\u00e8se propos\u00e9e par la SFBD ici : https:\/\/sfbd.fr\/soutien\/prix-de-these\/\" rel=\"noopener noreferrer\"><img loading=\"lazy\" decoding=\"async\" class=\"alignleft wp-image-2433\" src=\"https:\/\/sfbd.fr\/wp-content\/uploads\/2019\/06\/Mail.jpg\" alt=\"\" width=\"50\" height=\"50\" \/><\/a> \u00a0 <a href=\"https:\/\/wa.me\/?text=Candidater pour obtenir une bourse de th\u00e8se propos\u00e9e par la SFBD ici : https:\/\/sfbd.fr\/soutien\/prix-de-these\/\" target=\"_blank\" rel=\"noopener noreferrer\"><img loading=\"lazy\" decoding=\"async\" class=\"alignleft wp-image-2439\" src=\"https:\/\/sfbd.fr\/wp-content\/uploads\/2019\/06\/WhatsUp.jpg\" alt=\"\" width=\"50\" height=\"50\" \/><\/a>[\/vc_column_text][\/vc_column][\/vc_row][vc_section full_width=&#8221;stretch_row&#8221; css=&#8221;.vc_custom_1576018705069{padding-top: 10vh !important;padding-bottom: 20px !important;background-color: #292929 !important;background-position: center !important;background-repeat: no-repeat !important;background-size: cover !important;}&#8221;][vc_row][vc_column][vc_tta_tabs active_section=&#8221;1&#8243;][vc_tta_section i_icon_fontawesome=&#8221;&#8221; add_icon=&#8221;true&#8221; title=&#8221;2025&#8243; tab_id=&#8221;1702383105382-4c2bce06-36ed&#8221;][vc_row_inner][vc_column_inner width=&#8221;2\/3&#8243;][vc_custom_heading text=&#8221;Planned seminars&#8221; font_container=&#8221;tag:h3|text_align:left&#8221; use_theme_fonts=&#8221;yes&#8221;][vc_column_text]<strong>Friday, January 10<\/strong> : <a href=\"https:\/\/www.ibens.bio.ens.psl.eu\/spip.php?rubrique29\">Marie-Anne Felix (Paris) ENS<\/a><\/p>\n<p><strong>Friday, February 7<\/strong> : <a href=\"https:\/\/igfl.ens-lyon.fr\/equipes\/eglantine-heude\/developmental-evolutionary-histories-vertebrates\">Eglantine Heude (Lyon) ENS de Lyon<\/a><\/p>\n<p><strong>Friday, March 7 :<\/strong> <a href=\"https:\/\/lbdv.imev-mer.fr\/en\/research\/teams\/ascidian-biocell\/\" target=\"_blank\" rel=\"noopener\">Alex McDougall (Villefranche sur mer) LBDV<\/a><\/p>\n<p><strong>Friday, April 4<\/strong> : <a href=\"http:\/\/www.laghalab.com\/\">Mounia Lagha (Montpellier) IGMM<\/a><\/p>\n<p><strong>Friday, May 16<\/strong> : <a href=\"https:\/\/www.ens-lyon.fr\/RDP\/signalisation-hormonale-et-developpement\/\">Laure Mancini (Lyon) ENS de Lyon<\/a><\/p>\n<p><strong>From June 4 to June 6 :<\/strong> <a href=\"https:\/\/www.atoutcom.com\/shaping-life\/\">Congr\u00e8s &#8220;Shaping Life 3&#8221; (Cassis)<\/a><\/p>\n<p><strong>Friday, July 4<\/strong> : <a href=\"https:\/\/igdr.univ-rennes.fr\/equipe-dynamique-et-mecanique-des-epithelia-roland-le-borgne\">Roland Le Borgne (Rennes) IGDR<\/a><\/p>\n<p>&nbsp;[\/vc_column_text][vc_empty_space height=&#8221;5px&#8221;][\/vc_column_inner][vc_column_inner width=&#8221;1\/3&#8243;][vc_empty_space height=&#8221;80px&#8221;][vc_media_grid element_width=&#8221;12&#8243; grid_id=&#8221;vc_gid:1744389350349-5c40a1a89b3e3c894f7717d7d64f9422-2&#8243; include=&#8221;2301&#8243;][\/vc_column_inner][\/vc_row_inner][\/vc_tta_section][vc_tta_section i_icon_fontawesome=&#8221;&#8221; add_icon=&#8221;true&#8221; title=&#8221;2024&#8243; tab_id=&#8221;1744389491320-fbafb95a-43d2&#8243;][vc_row_inner][vc_column_inner width=&#8221;2\/3&#8243;][vc_custom_heading text=&#8221;Planned seminars&#8221; font_container=&#8221;tag:h3|text_align:left&#8221; use_theme_fonts=&#8221;yes&#8221;][vc_column_text]<strong>Friday January 12<\/strong>: <a href=\"https:\/\/www.ircm.qc.ca\/fr\/chercheurs\/marie-kmita\" target=\"_blank\" rel=\"noopener\">Marie Kmita (Montreal &#8211; Canada) IRCM<\/a><\/p>\n<p><strong>Friday February 2<\/strong>: <a href=\"https:\/\/cbi-toulouse.fr\/eng\/equipe-di-stefano-mattout\" target=\"_blank\" rel=\"noopener\">Luisa Di Stefano (Toulouse &#8211; France) CBI<\/a><\/p>\n<p><strong>Friday March 1<\/strong>: <a href=\"https:\/\/biom.obs-banyuls.fr\/fr\/personnel-de-l-unite\/chiara-sinigaglia-cr-cnrs.html\" target=\"_blank\" rel=\"noopener\">Chiara Sinigaglia (Banyuls sur Mer &#8211; France) BIOM<\/a><\/p>\n<p><strong>Friday April 5<\/strong>: <a href=\"https:\/\/www.crbm.cnrs.fr\/patrick-lemaire\/?lang=en\" target=\"_blank\" rel=\"noopener\">Patrick Lemaire (Montpellier &#8211; France) CRBM<\/a><\/p>\n<p><strong>Friday May 3<\/strong>: <a href=\"https:\/\/duw.unibas.ch\/en\/persons\/tschopp-patrick\/\" target=\"_blank\" rel=\"noopener\">Patrick Tschopp (Switzerland) Basel University<\/a><\/p>\n<p><strong>Friday June 7<\/strong>: <a href=\"https:\/\/neuropsi.cnrs.fr\/en\/departments\/decs\/group-leader-sophie-creuzet\/\" target=\"_blank\" rel=\"noopener\">Sophie Creuzet (Paris-Saclay &#8211; France) Neuro PSI<\/a><\/p>\n<p><strong>Friday, September 9<\/strong> : <a href=\"https:\/\/www.ens-lyon.fr\/LBMC\/equipes\/quantitative-regulatory-genomics\/presentation\">Mirko Francesconi (Lyon) ENS de Lyon<\/a><\/p>\n<p><strong>Friday, october 4<\/strong> : <a href=\"https:\/\/www.ladhyx.polytechnique.fr\/fr\/fluides-et-vivant\">Arezki Boudaoud (Lyon) Institut Polytechnique de Lyon<\/a><\/p>\n<p><strong>From Wednesday October 16th to Saturday 19th<\/strong>: &#8220;From Cells to Organism: When Cell Biology Meets Development (Paris)&#8221;<\/p>\n<p><strong>Friday, November 8<\/strong> : <a href=\"https:\/\/www.ibdm.univ-amu.fr\/andrea-pasini-in-the-le-bivics-team-has-recently-been-awarded-a-grant-from-the-cnrs\/\">Andrea Pasini (Marseille) IBDM<\/a><\/p>\n<p><strong>Friday, December 6<\/strong> : <a href=\"https:\/\/research.pasteur.fr\/fr\/member\/jerome-gros\/\">Jer\u00f4me Gros (Paris) Institut Pasteur<\/a><\/p>\n<p>&nbsp;<\/p>\n<p>&nbsp;[\/vc_column_text][vc_empty_space height=&#8221;5px&#8221;][\/vc_column_inner][vc_column_inner width=&#8221;1\/3&#8243;][vc_empty_space height=&#8221;80px&#8221;][vc_media_grid element_width=&#8221;12&#8243; grid_id=&#8221;vc_gid:1744389491322-9c44f879-b907-2&#8243; include=&#8221;2301&#8243;][\/vc_column_inner][\/vc_row_inner][\/vc_tta_section][vc_tta_section i_icon_fontawesome=&#8221;&#8221; add_icon=&#8221;true&#8221; title=&#8221;2023&#8243; tab_id=&#8221;postuler&#8221;][vc_row_inner][vc_column_inner width=&#8221;2\/3&#8243;][vc_custom_heading text=&#8221;Seminars&#8221; font_container=&#8221;tag:h3|text_align:left&#8221; use_theme_fonts=&#8221;yes&#8221;][vc_column_text]<strong>Friday February 3<\/strong>: Marie Delattre (Lyon) Programmed DNA elimination in the soma of free-living nematodes<br \/>\n<strong>Friday March 3<\/strong>: Marie Manceau (Paris) Colour pattern formation and evolution in estrildid finches<br \/>\n<strong>Friday April 7<\/strong>: Hector Escriva (Banyuls) Neural induction in amphioxus: from the Spemann organizer to GRNs<br \/>\n<strong>Friday May 5<\/strong>: Pierre-Fran\u00e7ois Lenne (Marseille) Mechanisms of symmetry breaking in gastruloids<br \/>\n<strong>Friday June 2<\/strong>: Teva Vernoux (Lyon) Dynamical self-organization of shoot geometries in plants<br \/>\n<strong>Friday July 7<\/strong>: Abderrahman Khila (Lyon) Origin of evolutionary innovations: from molecules to organism<br \/>\n<strong>Friday September 8<\/strong>: Virginie Courtier-Orgogozo (Paris)<br \/>\n<strong>From Monday September 25th to Wednesday 28th<\/strong>: &#8220;European Developmental Biology Congress 2023&#8221;, Institut Pasteur (Paris Hub)<br \/>\n<strong>Friday October 6<\/strong>: B\u00e9n\u00e9dicte Charrier (Roscoff)[\/vc_column_text][vc_empty_space height=&#8221;5px&#8221;][\/vc_column_inner][vc_column_inner width=&#8221;1\/3&#8243;][vc_empty_space height=&#8221;80px&#8221;][vc_media_grid element_width=&#8221;12&#8243; grid_id=&#8221;vc_gid:1744389350499-3d0ffbf08f026d10618b76c85fa7fec9-0&#8243; include=&#8221;2301&#8243;][\/vc_column_inner][\/vc_row_inner][\/vc_tta_section][\/vc_tta_tabs][\/vc_column][\/vc_row][\/vc_section]<\/p>\n","protected":false},"excerpt":{"rendered":"<p>[vc_row][vc_column width=&#8221;2\/3&#8243;][vc_custom_heading text=&#8221;Online seminars&#8221; use_theme_fonts=&#8221;yes&#8221;][vc_column_text]The SFBD Board of Directors has decided to launch a new webinar series in 2023-2024 so&hellip;<\/p>\n","protected":false},"author":7,"featured_media":0,"parent":3924,"menu_order":0,"comment_status":"closed","ping_status":"closed","template":"","meta":{"footnotes":""},"yoast_head":"<!-- This site is optimized with the Yoast SEO plugin v18.2 - https:\/\/yoast.com\/wordpress\/plugins\/seo\/ -->\n<title>SFBD online seminars - Soci\u00e9t\u00e9 Fran\u00e7aise de Biologie du D\u00e9veloppement<\/title>\n<meta name=\"description\" content=\"Chaque ann\u00e9e la SFBD d\u00e9cerne le prix de th\u00e8se qui r\u00e9compense le travail d\u2019un \u00e9tudiant ou d\u2019une \u00e9tudiante en biologie du d\u00e9veloppement\" \/>\n<meta name=\"robots\" content=\"index, follow, max-snippet:-1, max-image-preview:large, max-video-preview:-1\" \/>\n<link rel=\"canonical\" href=\"https:\/\/sfbd.fr\/en\/actions\/seminaires\/\" \/>\n<meta property=\"og:locale\" content=\"en_US\" \/>\n<meta property=\"og:type\" content=\"article\" \/>\n<meta property=\"og:title\" content=\"SFBD online seminars - Soci\u00e9t\u00e9 Fran\u00e7aise de Biologie du D\u00e9veloppement\" \/>\n<meta property=\"og:description\" content=\"Chaque ann\u00e9e la SFBD d\u00e9cerne le prix de th\u00e8se qui r\u00e9compense le travail d\u2019un \u00e9tudiant ou d\u2019une \u00e9tudiante en biologie du d\u00e9veloppement\" \/>\n<meta property=\"og:url\" content=\"https:\/\/sfbd.fr\/en\/actions\/seminaires\/\" \/>\n<meta property=\"og:site_name\" content=\"SFBD\" \/>\n<meta property=\"article:modified_time\" content=\"2025-04-11T16:40:07+00:00\" \/>\n<meta property=\"og:image\" content=\"https:\/\/sfbd.fr\/wp-content\/uploads\/2019\/06\/statut-1.jpg\" \/>\n<meta name=\"twitter:card\" content=\"summary_large_image\" \/>\n<meta name=\"twitter:image\" content=\"https:\/\/sfbd.fr\/wp-content\/uploads\/2019\/06\/Gros-lab-1_credit_Aline_Bonnetpg.jpg\" \/>\n<meta name=\"twitter:site\" content=\"@sfbd_biodev\" \/>\n<meta name=\"twitter:label1\" content=\"Est. reading time\" \/>\n\t<meta name=\"twitter:data1\" content=\"4 minutes\" \/>\n<script type=\"application\/ld+json\" class=\"yoast-schema-graph\">{\"@context\":\"https:\/\/schema.org\",\"@graph\":[{\"@type\":\"Organization\",\"@id\":\"https:\/\/sfbd.fr\/en\/#organization\",\"name\":\"Soci\u00e9t\u00e9 Fran\u00e7aise de Biologie du D\u00e9veloppement\",\"url\":\"https:\/\/sfbd.fr\/en\/\",\"sameAs\":[\"https:\/\/twitter.com\/sfbd_biodev\"],\"logo\":{\"@type\":\"ImageObject\",\"@id\":\"https:\/\/sfbd.fr\/en\/#logo\",\"inLanguage\":\"en-US\",\"url\":\"https:\/\/sfbd.fr\/wp-content\/uploads\/2019\/11\/Favicon.jpg\",\"contentUrl\":\"https:\/\/sfbd.fr\/wp-content\/uploads\/2019\/11\/Favicon.jpg\",\"width\":1324,\"height\":1324,\"caption\":\"Soci\u00e9t\u00e9 Fran\u00e7aise de Biologie du D\u00e9veloppement\"},\"image\":{\"@id\":\"https:\/\/sfbd.fr\/en\/#logo\"}},{\"@type\":\"WebSite\",\"@id\":\"https:\/\/sfbd.fr\/en\/#website\",\"url\":\"https:\/\/sfbd.fr\/en\/\",\"name\":\"Soci\u00e9t\u00e9 Fran\u00e7aise de Biologie du D\u00e9veloppement\",\"description\":\"\",\"publisher\":{\"@id\":\"https:\/\/sfbd.fr\/en\/#organization\"},\"potentialAction\":[{\"@type\":\"SearchAction\",\"target\":{\"@type\":\"EntryPoint\",\"urlTemplate\":\"https:\/\/sfbd.fr\/en\/?s={search_term_string}\"},\"query-input\":\"required name=search_term_string\"}],\"inLanguage\":\"en-US\"},{\"@type\":\"ImageObject\",\"@id\":\"https:\/\/sfbd.fr\/en\/actions\/seminaires\/#primaryimage\",\"inLanguage\":\"en-US\",\"url\":\"https:\/\/sfbd.fr\/wp-content\/uploads\/2019\/06\/Gros-lab-1_credit_Aline_Bonnetpg.jpg\",\"contentUrl\":\"https:\/\/sfbd.fr\/wp-content\/uploads\/2019\/06\/Gros-lab-1_credit_Aline_Bonnetpg.jpg\",\"width\":1000,\"height\":231,\"caption\":\"Transverse sections of quail embryos at 2days, the first one is a wild type embryo with dapi(blue)\/vessels (QH1, green)\/laminin(red)\/phalloidin(white) staining\"},{\"@type\":\"WebPage\",\"@id\":\"https:\/\/sfbd.fr\/en\/actions\/seminaires\/#webpage\",\"url\":\"https:\/\/sfbd.fr\/en\/actions\/seminaires\/\",\"name\":\"SFBD online seminars - Soci\u00e9t\u00e9 Fran\u00e7aise de Biologie du D\u00e9veloppement\",\"isPartOf\":{\"@id\":\"https:\/\/sfbd.fr\/en\/#website\"},\"primaryImageOfPage\":{\"@id\":\"https:\/\/sfbd.fr\/en\/actions\/seminaires\/#primaryimage\"},\"datePublished\":\"2023-02-03T16:39:24+00:00\",\"dateModified\":\"2025-04-11T16:40:07+00:00\",\"description\":\"Chaque ann\u00e9e la SFBD d\u00e9cerne le prix de th\u00e8se qui r\u00e9compense le travail d\u2019un \u00e9tudiant ou d\u2019une \u00e9tudiante en biologie du d\u00e9veloppement\",\"breadcrumb\":{\"@id\":\"https:\/\/sfbd.fr\/en\/actions\/seminaires\/#breadcrumb\"},\"inLanguage\":\"en-US\",\"potentialAction\":[{\"@type\":\"ReadAction\",\"target\":[\"https:\/\/sfbd.fr\/en\/actions\/seminaires\/\"]}]},{\"@type\":\"BreadcrumbList\",\"@id\":\"https:\/\/sfbd.fr\/en\/actions\/seminaires\/#breadcrumb\",\"itemListElement\":[{\"@type\":\"ListItem\",\"position\":1,\"name\":\"Accueil\",\"item\":\"https:\/\/sfbd.fr\/en\/\"},{\"@type\":\"ListItem\",\"position\":2,\"name\":\"Actions\",\"item\":\"https:\/\/sfbd.fr\/en\/actions\/\"},{\"@type\":\"ListItem\",\"position\":3,\"name\":\"SFBD online seminars\"}]}]}<\/script>\n<!-- \/ Yoast SEO plugin. -->","yoast_head_json":{"title":"SFBD online seminars - Soci\u00e9t\u00e9 Fran\u00e7aise de Biologie du D\u00e9veloppement","description":"Chaque ann\u00e9e la SFBD d\u00e9cerne le prix de th\u00e8se qui r\u00e9compense le travail d\u2019un \u00e9tudiant ou d\u2019une \u00e9tudiante en biologie du d\u00e9veloppement","robots":{"index":"index","follow":"follow","max-snippet":"max-snippet:-1","max-image-preview":"max-image-preview:large","max-video-preview":"max-video-preview:-1"},"canonical":"https:\/\/sfbd.fr\/en\/actions\/seminaires\/","og_locale":"en_US","og_type":"article","og_title":"SFBD online seminars - Soci\u00e9t\u00e9 Fran\u00e7aise de Biologie du D\u00e9veloppement","og_description":"Chaque ann\u00e9e la SFBD d\u00e9cerne le prix de th\u00e8se qui r\u00e9compense le travail d\u2019un \u00e9tudiant ou d\u2019une \u00e9tudiante en biologie du d\u00e9veloppement","og_url":"https:\/\/sfbd.fr\/en\/actions\/seminaires\/","og_site_name":"SFBD","article_modified_time":"2025-04-11T16:40:07+00:00","og_image":[{"url":"https:\/\/sfbd.fr\/wp-content\/uploads\/2019\/06\/statut-1.jpg"}],"twitter_card":"summary_large_image","twitter_image":"https:\/\/sfbd.fr\/wp-content\/uploads\/2019\/06\/Gros-lab-1_credit_Aline_Bonnetpg.jpg","twitter_site":"@sfbd_biodev","twitter_misc":{"Est. reading time":"4 minutes"},"schema":{"@context":"https:\/\/schema.org","@graph":[{"@type":"Organization","@id":"https:\/\/sfbd.fr\/en\/#organization","name":"Soci\u00e9t\u00e9 Fran\u00e7aise de Biologie du D\u00e9veloppement","url":"https:\/\/sfbd.fr\/en\/","sameAs":["https:\/\/twitter.com\/sfbd_biodev"],"logo":{"@type":"ImageObject","@id":"https:\/\/sfbd.fr\/en\/#logo","inLanguage":"en-US","url":"https:\/\/sfbd.fr\/wp-content\/uploads\/2019\/11\/Favicon.jpg","contentUrl":"https:\/\/sfbd.fr\/wp-content\/uploads\/2019\/11\/Favicon.jpg","width":1324,"height":1324,"caption":"Soci\u00e9t\u00e9 Fran\u00e7aise de Biologie du D\u00e9veloppement"},"image":{"@id":"https:\/\/sfbd.fr\/en\/#logo"}},{"@type":"WebSite","@id":"https:\/\/sfbd.fr\/en\/#website","url":"https:\/\/sfbd.fr\/en\/","name":"Soci\u00e9t\u00e9 Fran\u00e7aise de Biologie du D\u00e9veloppement","description":"","publisher":{"@id":"https:\/\/sfbd.fr\/en\/#organization"},"potentialAction":[{"@type":"SearchAction","target":{"@type":"EntryPoint","urlTemplate":"https:\/\/sfbd.fr\/en\/?s={search_term_string}"},"query-input":"required name=search_term_string"}],"inLanguage":"en-US"},{"@type":"ImageObject","@id":"https:\/\/sfbd.fr\/en\/actions\/seminaires\/#primaryimage","inLanguage":"en-US","url":"https:\/\/sfbd.fr\/wp-content\/uploads\/2019\/06\/Gros-lab-1_credit_Aline_Bonnetpg.jpg","contentUrl":"https:\/\/sfbd.fr\/wp-content\/uploads\/2019\/06\/Gros-lab-1_credit_Aline_Bonnetpg.jpg","width":1000,"height":231,"caption":"Transverse sections of quail embryos at 2days, the first one is a wild type embryo with dapi(blue)\/vessels (QH1, green)\/laminin(red)\/phalloidin(white) staining"},{"@type":"WebPage","@id":"https:\/\/sfbd.fr\/en\/actions\/seminaires\/#webpage","url":"https:\/\/sfbd.fr\/en\/actions\/seminaires\/","name":"SFBD online seminars - Soci\u00e9t\u00e9 Fran\u00e7aise de Biologie du D\u00e9veloppement","isPartOf":{"@id":"https:\/\/sfbd.fr\/en\/#website"},"primaryImageOfPage":{"@id":"https:\/\/sfbd.fr\/en\/actions\/seminaires\/#primaryimage"},"datePublished":"2023-02-03T16:39:24+00:00","dateModified":"2025-04-11T16:40:07+00:00","description":"Chaque ann\u00e9e la SFBD d\u00e9cerne le prix de th\u00e8se qui r\u00e9compense le travail d\u2019un \u00e9tudiant ou d\u2019une \u00e9tudiante en biologie du d\u00e9veloppement","breadcrumb":{"@id":"https:\/\/sfbd.fr\/en\/actions\/seminaires\/#breadcrumb"},"inLanguage":"en-US","potentialAction":[{"@type":"ReadAction","target":["https:\/\/sfbd.fr\/en\/actions\/seminaires\/"]}]},{"@type":"BreadcrumbList","@id":"https:\/\/sfbd.fr\/en\/actions\/seminaires\/#breadcrumb","itemListElement":[{"@type":"ListItem","position":1,"name":"Accueil","item":"https:\/\/sfbd.fr\/en\/"},{"@type":"ListItem","position":2,"name":"Actions","item":"https:\/\/sfbd.fr\/en\/actions\/"},{"@type":"ListItem","position":3,"name":"SFBD online seminars"}]}]}},"_links":{"self":[{"href":"https:\/\/sfbd.fr\/en\/wp-json\/wp\/v2\/pages\/10668"}],"collection":[{"href":"https:\/\/sfbd.fr\/en\/wp-json\/wp\/v2\/pages"}],"about":[{"href":"https:\/\/sfbd.fr\/en\/wp-json\/wp\/v2\/types\/page"}],"author":[{"embeddable":true,"href":"https:\/\/sfbd.fr\/en\/wp-json\/wp\/v2\/users\/7"}],"replies":[{"embeddable":true,"href":"https:\/\/sfbd.fr\/en\/wp-json\/wp\/v2\/comments?post=10668"}],"version-history":[{"count":23,"href":"https:\/\/sfbd.fr\/en\/wp-json\/wp\/v2\/pages\/10668\/revisions"}],"predecessor-version":[{"id":13689,"href":"https:\/\/sfbd.fr\/en\/wp-json\/wp\/v2\/pages\/10668\/revisions\/13689"}],"up":[{"embeddable":true,"href":"https:\/\/sfbd.fr\/en\/wp-json\/wp\/v2\/pages\/3924"}],"wp:attachment":[{"href":"https:\/\/sfbd.fr\/en\/wp-json\/wp\/v2\/media?parent=10668"}],"curies":[{"name":"wp","href":"https:\/\/api.w.org\/{rel}","templated":true}]}}