{"id":12707,"date":"2024-03-04T15:52:38","date_gmt":"2024-03-04T14:52:38","guid":{"rendered":"https:\/\/sfbd.fr\/mentions-legales\/"},"modified":"2024-03-26T17:22:37","modified_gmt":"2024-03-26T16:22:37","slug":"legal-notice","status":"publish","type":"page","link":"https:\/\/sfbd.fr\/en\/legal-notice\/","title":{"rendered":"Legal notice"},"content":{"rendered":"\n<h2 class=\"wp-block-heading\">1 &#8211; <strong>Website Edition<\/strong><\/h2>\n\n\n\n<p>In accordance with <a href=\"https:\/\/www.legifrance.gouv.fr\/loda\/id\/JORFTEXT000000801164#LEGIARTI000042038977\">Article 6 of Law No. 2004-575 of June 21, 2004<\/a>, on trust in the digital economy, users of the website <a href=\"https:\/\/sfbd.fr\/\">https:\/\/sfbd.fr\/<\/a> are informed of the identity of the various parties involved in its creation and monitoring:<\/p>\n\n\n\n<p><strong>Website owner: <\/strong>Soci\u00e9t\u00e9 Fran\u00e7aise de Biologie du D\u00e9veloppement \u2013 Contact: <a>sfbd@sfbd.fr<\/a> \u2013 Address: Soci\u00e9t\u00e9 Fran\u00e7aise de Biologie du D\u00e9veloppement case 907 parc scientifique de Luminy 163 av de Luminy 13009 Marseille 9.<\/p>\n\n\n\n<p><strong>Company Identification: <\/strong>9220 \u2013 Declared Association Soci\u00e9t\u00e9 Fran\u00e7aise de Biologie du D\u00e9veloppement \u2013 SIREN: 412 214 702 \u2013 RCS or RM: \u2013 Mailing Address: Soci\u00e9t\u00e9 Fran\u00e7aise de Biologie du D\u00e9veloppement case 907 parc scientifique de Luminy 163 av de Luminy 13009 Marseille 9.<\/p>\n\n\n\n<p><strong>Publication Director: <\/strong>Soci\u00e9t\u00e9 Fran\u00e7aise de Biologie du D\u00e9veloppement \u2013 Contact: <a>sfbd@sfbd.fr<\/a><\/p>\n\n\n\n<p><strong>Hosting Provider: <\/strong>OVH SAS \u2013 2 rue Kellermann \u2013 BP 80157 \u2013 59053 Roubaix Cedex 1 \u2013 Phone: 1007<\/p>\n\n\n\n<p><strong>Data Protection Officer: <\/strong>Soci\u00e9t\u00e9 Fran\u00e7aise de Biologie du D\u00e9veloppement \u2013 <a>sfbd@sfbd.fr<\/a><\/p>\n\n\n\n<p><\/p>\n\n\n\n<h2 class=\"wp-block-heading\">2 &#8211; <strong>Intellectual Property and Counterfeiting<\/strong><\/h2>\n\n\n\n<p><strong>Soci\u00e9t\u00e9 Fran\u00e7aise de Biologie du D\u00e9veloppement <\/strong>owns the intellectual property rights and holds usage rights over all elements accessible on the website, including texts, images, graphics, logos, videos, architecture, icons, and sounds.<\/p>\n\n\n\n<p>Any reproduction, representation, modification, publication, adaptation of all or part of the elements of the website, regardless of the means or process used, is prohibited without the prior written permission of <strong>Soci\u00e9t\u00e9 Fran\u00e7aise de Biologie du D\u00e9veloppement<\/strong>.<\/p>\n\n\n\n<p>Any unauthorized use of the site or any of its elements will be considered as constituting counterfeiting and pursued in accordance with the provisions of <a href=\"https:\/\/www.legifrance.gouv.fr\/codes\/article_lc\/LEGIARTI000032655082\" target=\"_blank\" rel=\"noreferrer noopener\">Articles L.335-2 and following of the Intellectual Property Code<\/a>.<\/p>\n\n\n\n<p><\/p>\n\n\n\n<h2 class=\"wp-block-heading\">3 &#8211; <strong>Limitations of Liability<\/strong><\/h2>\n\n\n\n<p><strong>Soci\u00e9t\u00e9 Fran\u00e7aise de Biologie du D\u00e9veloppement<\/strong> cannot be held responsible for direct and indirect damages caused to the user&#8217;s equipment when accessing the website <a href=\"https:\/\/sfbd.fr\/\">https:\/\/sfbd.fr\/<\/a>.<\/p>\n\n\n\n<p><strong>Soci\u00e9t\u00e9 Fran\u00e7aise de Biologie du D\u00e9veloppement<\/strong> declines all responsibility for the use that may be made of the information and content present on <a href=\"https:\/\/sfbd.fr\/\">https:\/\/sfbd.fr\/<\/a>.<\/p>\n\n\n\n<p><strong>Soci\u00e9t\u00e9 Fran\u00e7aise de Biologie du D\u00e9veloppement<\/strong> undertakes to secure the website <a href=\"https:\/\/sfbd.fr\/\">https:\/\/sfbd.fr\/<\/a> to the best of its ability; however, its liability cannot be incurred if undesirable data is imported and installed on its site without its knowledge.<\/p>\n\n\n\n<p>Interactive spaces (contact space or comments) are available to users. <strong>Soci\u00e9t\u00e9 Fran\u00e7aise de Biologie du D\u00e9veloppement<\/strong> reserves the right to delete, without prior notice, any content posted in this space that contravenes the applicable legislation in France, in particular, the provisions relating to data protection.<\/p>\n\n\n\n<p>If necessary, <strong>Soci\u00e9t\u00e9 Fran\u00e7aise de Biologie du D\u00e9veloppement<\/strong> also reserves the right to question the civil and\/or criminal liability of the user, in particular in the event of a message with a racist, offensive, defamatory, or pornographic character, regardless of the medium used (text, photograph, etc.).<\/p>\n\n\n\n<p><\/p>\n\n\n\n<h2 class=\"wp-block-heading\">4 &#8211; <strong>CNIL and Personal Data Management<\/strong><\/h2>\n\n\n\n<p>In accordance with the provisions of <a href=\"https:\/\/www.legifrance.gouv.fr\/loda\/id\/JORFTEXT000000886460\" target=\"_blank\" rel=\"noreferrer noopener\">Law No. 78-17 of January 6, 1978<\/a>, as amended, the user of the site <a href=\"https:\/\/sfbd.fr\/\">https:\/\/sfbd.fr\/<\/a><strong> <\/strong>has the right to access, modify, and delete the information collected. To exercise this right, send a message to our Data Protection Officer: <strong>Soci\u00e9t\u00e9 Fran\u00e7aise de Biologie du D\u00e9veloppement \u2013 <\/strong><a>sfbd@sfbd.fr<\/a>.<\/p>\n\n\n\n<p><\/p>\n\n\n\n<h2 class=\"wp-block-heading\">5 &#8211; <strong>Hyperlinks and Cookies<\/strong><\/h2>\n\n\n\n<p>The website <a href=\"https:\/\/sfbd.fr\/\">https:\/\/sfbd.fr\/<\/a> contains hypertext links to other sites and disclaims any responsibility regarding these external links or links created by other sites to <a href=\"https:\/\/sfbd.fr\/\">https:\/\/sfbd.fr\/<\/a>.<\/p>\n\n\n\n<p>Browsing the website <a href=\"https:\/\/sfbd.fr\/\">https:\/\/sfbd.fr\/<\/a> may result in the installation of cookie(s) on the user&#8217;s computer.<\/p>\n\n\n\n<p>A &#8220;cookie&#8221; is a small file that records information relating to a user&#8217;s navigation on a site. The data obtained in this way allows for audience measurement, for example.<\/p>\n\n\n\n<p>You have the option <strong>to accept or refuse cookies <\/strong>by changing your browser settings. No cookie will be deposited without your consent.<\/p>\n\n\n\n<p>Cookies are stored for a maximum period of 12 months.<\/p>\n\n\n\n<p><\/p>\n\n\n\n<h2 class=\"wp-block-heading\">6 &#8211; <strong>Applicable Law and Jurisdiction<\/strong><\/h2>\n\n\n\n<p>Any dispute relating to the use of the website <a href=\"https:\/\/sfbd.fr\/\">https:\/\/sfbd.fr\/<\/a> is subject to French law. Except where the law does not permit it, exclusive jurisdiction is granted to the competent courts of <strong>MARSEILLE<\/strong>.<\/p>\n","protected":false},"excerpt":{"rendered":"<p>1 &#8211; Website Edition In accordance with Article 6 of Law No. 2004-575 of June 21, 2004, on trust in&hellip;<\/p>\n","protected":false},"author":2,"featured_media":0,"parent":0,"menu_order":0,"comment_status":"closed","ping_status":"closed","template":"","meta":{"footnotes":""},"yoast_head":"<!-- This site is optimized with the Yoast SEO plugin v18.2 - https:\/\/yoast.com\/wordpress\/plugins\/seo\/ -->\n<title>Legal notice - SFBD<\/title>\n<meta name=\"robots\" content=\"noindex, nofollow\" \/>\n<meta property=\"og:locale\" content=\"en_US\" \/>\n<meta property=\"og:type\" content=\"article\" \/>\n<meta property=\"og:title\" content=\"Legal notice - SFBD\" \/>\n<meta property=\"og:description\" content=\"1 &#8211; Website Edition In accordance with Article 6 of Law No. 2004-575 of June 21, 2004, on trust in&hellip;\" \/>\n<meta property=\"og:url\" content=\"https:\/\/sfbd.fr\/en\/legal-notice\/\" \/>\n<meta property=\"og:site_name\" content=\"SFBD\" \/>\n<meta property=\"article:modified_time\" content=\"2024-03-26T16:22:37+00:00\" \/>\n<meta name=\"twitter:card\" content=\"summary_large_image\" \/>\n<meta name=\"twitter:site\" content=\"@sfbd_biodev\" \/>\n<meta name=\"twitter:label1\" content=\"Est. reading time\" \/>\n\t<meta name=\"twitter:data1\" content=\"4 minutes\" \/>\n<script type=\"application\/ld+json\" class=\"yoast-schema-graph\">{\"@context\":\"https:\/\/schema.org\",\"@graph\":[{\"@type\":\"Organization\",\"@id\":\"https:\/\/sfbd.fr\/en\/#organization\",\"name\":\"Soci\u00e9t\u00e9 Fran\u00e7aise de Biologie du D\u00e9veloppement\",\"url\":\"https:\/\/sfbd.fr\/en\/\",\"sameAs\":[\"https:\/\/twitter.com\/sfbd_biodev\"],\"logo\":{\"@type\":\"ImageObject\",\"@id\":\"https:\/\/sfbd.fr\/en\/#logo\",\"inLanguage\":\"en-US\",\"url\":\"https:\/\/sfbd.fr\/wp-content\/uploads\/2019\/11\/Favicon.jpg\",\"contentUrl\":\"https:\/\/sfbd.fr\/wp-content\/uploads\/2019\/11\/Favicon.jpg\",\"width\":1324,\"height\":1324,\"caption\":\"Soci\u00e9t\u00e9 Fran\u00e7aise de Biologie du D\u00e9veloppement\"},\"image\":{\"@id\":\"https:\/\/sfbd.fr\/en\/#logo\"}},{\"@type\":\"WebSite\",\"@id\":\"https:\/\/sfbd.fr\/en\/#website\",\"url\":\"https:\/\/sfbd.fr\/en\/\",\"name\":\"Soci\u00e9t\u00e9 Fran\u00e7aise de Biologie du D\u00e9veloppement\",\"description\":\"\",\"publisher\":{\"@id\":\"https:\/\/sfbd.fr\/en\/#organization\"},\"potentialAction\":[{\"@type\":\"SearchAction\",\"target\":{\"@type\":\"EntryPoint\",\"urlTemplate\":\"https:\/\/sfbd.fr\/en\/?s={search_term_string}\"},\"query-input\":\"required name=search_term_string\"}],\"inLanguage\":\"en-US\"},{\"@type\":\"WebPage\",\"@id\":\"https:\/\/sfbd.fr\/en\/legal-notice\/#webpage\",\"url\":\"https:\/\/sfbd.fr\/en\/legal-notice\/\",\"name\":\"Legal notice - SFBD\",\"isPartOf\":{\"@id\":\"https:\/\/sfbd.fr\/en\/#website\"},\"datePublished\":\"2024-03-04T14:52:38+00:00\",\"dateModified\":\"2024-03-26T16:22:37+00:00\",\"breadcrumb\":{\"@id\":\"https:\/\/sfbd.fr\/en\/legal-notice\/#breadcrumb\"},\"inLanguage\":\"en-US\",\"potentialAction\":[{\"@type\":\"ReadAction\",\"target\":[\"https:\/\/sfbd.fr\/en\/legal-notice\/\"]}]},{\"@type\":\"BreadcrumbList\",\"@id\":\"https:\/\/sfbd.fr\/en\/legal-notice\/#breadcrumb\",\"itemListElement\":[{\"@type\":\"ListItem\",\"position\":1,\"name\":\"Accueil\",\"item\":\"https:\/\/sfbd.fr\/en\/\"},{\"@type\":\"ListItem\",\"position\":2,\"name\":\"Legal notice\"}]}]}<\/script>\n<!-- \/ Yoast SEO plugin. -->","yoast_head_json":{"title":"Legal notice - SFBD","robots":{"index":"noindex","follow":"nofollow"},"og_locale":"en_US","og_type":"article","og_title":"Legal notice - SFBD","og_description":"1 &#8211; Website Edition In accordance with Article 6 of Law No. 2004-575 of June 21, 2004, on trust in&hellip;","og_url":"https:\/\/sfbd.fr\/en\/legal-notice\/","og_site_name":"SFBD","article_modified_time":"2024-03-26T16:22:37+00:00","twitter_card":"summary_large_image","twitter_site":"@sfbd_biodev","twitter_misc":{"Est. reading time":"4 minutes"},"schema":{"@context":"https:\/\/schema.org","@graph":[{"@type":"Organization","@id":"https:\/\/sfbd.fr\/en\/#organization","name":"Soci\u00e9t\u00e9 Fran\u00e7aise de Biologie du D\u00e9veloppement","url":"https:\/\/sfbd.fr\/en\/","sameAs":["https:\/\/twitter.com\/sfbd_biodev"],"logo":{"@type":"ImageObject","@id":"https:\/\/sfbd.fr\/en\/#logo","inLanguage":"en-US","url":"https:\/\/sfbd.fr\/wp-content\/uploads\/2019\/11\/Favicon.jpg","contentUrl":"https:\/\/sfbd.fr\/wp-content\/uploads\/2019\/11\/Favicon.jpg","width":1324,"height":1324,"caption":"Soci\u00e9t\u00e9 Fran\u00e7aise de Biologie du D\u00e9veloppement"},"image":{"@id":"https:\/\/sfbd.fr\/en\/#logo"}},{"@type":"WebSite","@id":"https:\/\/sfbd.fr\/en\/#website","url":"https:\/\/sfbd.fr\/en\/","name":"Soci\u00e9t\u00e9 Fran\u00e7aise de Biologie du D\u00e9veloppement","description":"","publisher":{"@id":"https:\/\/sfbd.fr\/en\/#organization"},"potentialAction":[{"@type":"SearchAction","target":{"@type":"EntryPoint","urlTemplate":"https:\/\/sfbd.fr\/en\/?s={search_term_string}"},"query-input":"required name=search_term_string"}],"inLanguage":"en-US"},{"@type":"WebPage","@id":"https:\/\/sfbd.fr\/en\/legal-notice\/#webpage","url":"https:\/\/sfbd.fr\/en\/legal-notice\/","name":"Legal notice - SFBD","isPartOf":{"@id":"https:\/\/sfbd.fr\/en\/#website"},"datePublished":"2024-03-04T14:52:38+00:00","dateModified":"2024-03-26T16:22:37+00:00","breadcrumb":{"@id":"https:\/\/sfbd.fr\/en\/legal-notice\/#breadcrumb"},"inLanguage":"en-US","potentialAction":[{"@type":"ReadAction","target":["https:\/\/sfbd.fr\/en\/legal-notice\/"]}]},{"@type":"BreadcrumbList","@id":"https:\/\/sfbd.fr\/en\/legal-notice\/#breadcrumb","itemListElement":[{"@type":"ListItem","position":1,"name":"Accueil","item":"https:\/\/sfbd.fr\/en\/"},{"@type":"ListItem","position":2,"name":"Legal notice"}]}]}},"_links":{"self":[{"href":"https:\/\/sfbd.fr\/en\/wp-json\/wp\/v2\/pages\/12707"}],"collection":[{"href":"https:\/\/sfbd.fr\/en\/wp-json\/wp\/v2\/pages"}],"about":[{"href":"https:\/\/sfbd.fr\/en\/wp-json\/wp\/v2\/types\/page"}],"author":[{"embeddable":true,"href":"https:\/\/sfbd.fr\/en\/wp-json\/wp\/v2\/users\/2"}],"replies":[{"embeddable":true,"href":"https:\/\/sfbd.fr\/en\/wp-json\/wp\/v2\/comments?post=12707"}],"version-history":[{"count":12,"href":"https:\/\/sfbd.fr\/en\/wp-json\/wp\/v2\/pages\/12707\/revisions"}],"predecessor-version":[{"id":13000,"href":"https:\/\/sfbd.fr\/en\/wp-json\/wp\/v2\/pages\/12707\/revisions\/13000"}],"wp:attachment":[{"href":"https:\/\/sfbd.fr\/en\/wp-json\/wp\/v2\/media?parent=12707"}],"curies":[{"name":"wp","href":"https:\/\/api.w.org\/{rel}","templated":true}]}}