{"id":13427,"date":"2024-12-19T12:31:35","date_gmt":"2024-12-19T11:31:35","guid":{"rendered":"https:\/\/sfbd.fr\/?page_id=13427"},"modified":"2024-12-20T00:11:52","modified_gmt":"2024-12-19T23:11:52","slug":"outreach","status":"publish","type":"page","link":"https:\/\/sfbd.fr\/en\/resources\/outreach\/","title":{"rendered":"Outreach SFBD"},"content":{"rendered":"<p>[vc_row][vc_column][vc_custom_heading text=&#8221;Outreach SFBD&#8221; use_theme_fonts=&#8221;yes&#8221;][vc_column_text]<\/p>\n<blockquote>\n<p>In 2022 we started to combine our scientific meetings with multi-faceted outreach events, to make Developmental Biology and science in general more accesible to the lay audicence.<\/p>\n<\/blockquote>\n<p>[\/vc_column_text][\/vc_column][\/vc_row][vc_row][vc_column][vc_column_text]<\/p>\n<h4>2022 (Nov 7-10): Strasbourg in the Light of Biology as part of the 3rd Franco-Japanese Developmental Biology meeting<\/h4>\n<p>[\/vc_column_text][\/vc_column][\/vc_row][vc_row][vc_column][vc_empty_space height=&#8221;8px&#8221;][vc_separator][vc_custom_heading text=&#8221;Videomaping: Fantazy from a Zygote&#8221; font_container=&#8221;tag:h4|text_align:left&#8221; use_theme_fonts=&#8221;yes&#8221;][vc_column_text]<img loading=\"lazy\" decoding=\"async\" class=\"alignleft wp-image-13433\" src=\"https:\/\/sfbd.fr\/wp-content\/uploads\/2024\/12\/Palais-Rohan-1024x556.jpg\" alt=\"\" width=\"400\" height=\"217\" srcset=\"https:\/\/sfbd.fr\/wp-content\/uploads\/2024\/12\/Palais-Rohan-1024x556.jpg 1024w, https:\/\/sfbd.fr\/wp-content\/uploads\/2024\/12\/Palais-Rohan-300x163.jpg 300w, https:\/\/sfbd.fr\/wp-content\/uploads\/2024\/12\/Palais-Rohan-768x417.jpg 768w, https:\/\/sfbd.fr\/wp-content\/uploads\/2024\/12\/Palais-Rohan-1536x835.jpg 1536w, https:\/\/sfbd.fr\/wp-content\/uploads\/2024\/12\/Palais-Rohan-2048x1113.jpg 2048w\" sizes=\"(max-width: 400px) 100vw, 400px\" \/>With the creation of this video-mapping event (sound and light projection) on the theme of Developmental Biology in a key location in Strasbourg city centre, the Palais Rohan, our ambition has been to offer the general public a scientific and poetic animated film dedicated to one of the most fascinating enigmas in biology: how a sophisticated organism, made up of billions of cells assembled into organs, can be created. The film and soundtrack were created by the multi-talented artist Julien Ribot with the help of scientific images from around thirty labs in France. Through this in situ creation, the fa\u00e7ade of the Palais Rohan and its architectural elements were transformed into a giant organism, animal and plant, as if the Palais were truly alive. In this way, while highlighting the work carried out in these laboratories, we offered the general public a gateway to biology in a visually appealing and playful way.<\/p>\n<p>Coordination : Glenda Comai \/ Ma\u00ebva Luxey ; support &amp; financement : Sophie Jarriault<br \/>\nPartenaires : AZ Extended, Ateliers Eclair\u00e9s[\/vc_column_text][vc_btn title=&#8221;Video of the event&#8221; style=&#8221;flat&#8221; color=&#8221;pink&#8221; link=&#8221;url:https%3A%2F%2Fwww.youtube.com%2Fwatch%3Fv%3DavYGdPD5PaE|target:_blank&#8221;][\/vc_column][\/vc_row][vc_row][vc_column][vc_empty_space height=&#8221;8px&#8221;][vc_custom_heading text=&#8221;Scientific and creative workshops for schoolchildren&#8221; font_container=&#8221;tag:h4|text_align:left&#8221; use_theme_fonts=&#8221;yes&#8221;][vc_column_text]<img loading=\"lazy\" decoding=\"async\" class=\"wp-image-13441 size-medium alignright\" src=\"https:\/\/sfbd.fr\/wp-content\/uploads\/2024\/12\/IMG_6710-225x300.jpg\" alt=\"\" width=\"225\" height=\"300\" srcset=\"https:\/\/sfbd.fr\/wp-content\/uploads\/2024\/12\/IMG_6710-225x300.jpg 225w, https:\/\/sfbd.fr\/wp-content\/uploads\/2024\/12\/IMG_6710-768x1024.jpg 768w, https:\/\/sfbd.fr\/wp-content\/uploads\/2024\/12\/IMG_6710-1152x1536.jpg 1152w, https:\/\/sfbd.fr\/wp-content\/uploads\/2024\/12\/IMG_6710-1536x2048.jpg 1536w, https:\/\/sfbd.fr\/wp-content\/uploads\/2024\/12\/IMG_6710-scaled.jpg 1920w\" sizes=\"(max-width: 225px) 100vw, 225px\" \/>Biology workshops and explanations of the scientific approach were offered in schools, covering cycles 1, 2, 3 &amp; 4. We reached 754 children, and 220 secondary school students. These workshops, created with the help of the Jardin des Sciences (JdS) by researchers from the SFBD, were run by thesis students or volunteer researchers from university laboratories and congress participants. In addition, training was provided for teachers in advance of the event, and post-intervention follow-up, including the donation of teaching materials, with the help of the Maison pour la Science Alsace (MSA).<\/p>\n<p>Coordination : Ma\u00ebva Luxey ; support: Sophie Jarriault\/Eglantine Heude<br \/>\nPartenaires : JdS (creation help), MSA (identification of classes, preparation)[\/vc_column_text][\/vc_column][\/vc_row][vc_row][vc_column][vc_empty_space height=&#8221;8px&#8221;][vc_custom_heading text=&#8221;Conferences open to the general public&#8221; font_container=&#8221;tag:h4|text_align:left&#8221; use_theme_fonts=&#8221;yes&#8221;][vc_column_text]<img loading=\"lazy\" decoding=\"async\" class=\"alignleft wp-image-10370 size-medium\" src=\"https:\/\/sfbd.fr\/wp-content\/uploads\/2022\/11\/image_coeur_Vecad-flidsRed-48hpf-300x300.jpg\" alt=\"\" width=\"300\" height=\"300\" srcset=\"https:\/\/sfbd.fr\/wp-content\/uploads\/2022\/11\/image_coeur_Vecad-flidsRed-48hpf-300x300.jpg 300w, https:\/\/sfbd.fr\/wp-content\/uploads\/2022\/11\/image_coeur_Vecad-flidsRed-48hpf-1024x1024.jpg 1024w, https:\/\/sfbd.fr\/wp-content\/uploads\/2022\/11\/image_coeur_Vecad-flidsRed-48hpf-150x150.jpg 150w, https:\/\/sfbd.fr\/wp-content\/uploads\/2022\/11\/image_coeur_Vecad-flidsRed-48hpf-768x768.jpg 768w, https:\/\/sfbd.fr\/wp-content\/uploads\/2022\/11\/image_coeur_Vecad-flidsRed-48hpf-1536x1536.jpg 1536w, https:\/\/sfbd.fr\/wp-content\/uploads\/2022\/11\/image_coeur_Vecad-flidsRed-48hpf-2048x2048.jpg 2048w, https:\/\/sfbd.fr\/wp-content\/uploads\/2022\/11\/image_coeur_Vecad-flidsRed-48hpf-800x800.jpg 800w\" sizes=\"(max-width: 300px) 100vw, 300px\" \/>We have proposed two lectures for the general public, presented by a French and a Japanese researcher to mark the opening and the end of the scientific conference.<\/p>\n<ul>\n<li>Chris Bowler, the immense microscopic world of the oceans explored by the TARA expeditions (in French)<\/li>\n<li>Shigeru Kuratani, How new forms and functions were generated in the course of evolution (in English)<\/li>\n<\/ul>\n<p>Moreover, with the aim of demystifying what a scientific conference is and showing how knowledge is created and shared at international level, 10 citizens per half-day could come and listen to the scientific lectures and interact with the researchers.<\/p>\n<p>Coordination : Sophie Jarriault<br \/>\nPartenaires : JdS, MSA, MUFJ, OR NORME, IGBMC, HFSP, JSDB[\/vc_column_text][\/vc_column][\/vc_row][vc_row][vc_column][vc_empty_space height=&#8221;8px&#8221;][vc_custom_heading text=&#8221;\u2018Test tubes and pencils\u2019&#8221; font_container=&#8221;tag:h4|text_align:left&#8221; use_theme_fonts=&#8221;yes&#8221;][vc_column_text]<img loading=\"lazy\" decoding=\"async\" class=\"alignright wp-image-13449\" src=\"https:\/\/sfbd.fr\/wp-content\/uploads\/2024\/12\/Capture-decran-2024-12-19-a-22.11.21-300x148.png\" alt=\"\" width=\"400\" height=\"197\" srcset=\"https:\/\/sfbd.fr\/wp-content\/uploads\/2024\/12\/Capture-decran-2024-12-19-a-22.11.21-300x148.png 300w, https:\/\/sfbd.fr\/wp-content\/uploads\/2024\/12\/Capture-decran-2024-12-19-a-22.11.21-1024x505.png 1024w, https:\/\/sfbd.fr\/wp-content\/uploads\/2024\/12\/Capture-decran-2024-12-19-a-22.11.21-768x379.png 768w, https:\/\/sfbd.fr\/wp-content\/uploads\/2024\/12\/Capture-decran-2024-12-19-a-22.11.21-1536x757.png 1536w, https:\/\/sfbd.fr\/wp-content\/uploads\/2024\/12\/Capture-decran-2024-12-19-a-22.11.21-2048x1010.png 2048w\" sizes=\"(max-width: 400px) 100vw, 400px\" \/>A collection of 14 media created by students in their third year at HEAR (Haute Ecole d&#8217;Art du Rhin) was on display at the Palais Universitaire, place where the meeting was held. Supervised by Olivier Poncer, Olivier-Marc Nadel and Aur\u00e9lie Gasche, each of these works was created by a student-scientist specialist team. These interactions were made possible thanks to the <a href=\"https:\/\/science.rmtmo.eu\/dialog-science\/\">Dialog Science programme<\/a> and a cross-border education grant (<a href=\"https:\/\/www.unibas.ch\/en\/University\/Administration-Services\/General-Secretariat\/Eucor-The-European-Campus\/Crossborder-Education- Grant.html\">EUCOR<\/a>).<\/p>\n<p>Coordination : Ma\u00ebva Luxey<br \/>\nPartenaires : JdS, MSA (identification of classes), HEAR[\/vc_column_text][vc_btn title=&#8221;Books on display&#8221; style=&#8221;flat&#8221; color=&#8221;pink&#8221; link=&#8221;url:https%3A%2F%2Fsfbd.fr%2Fwp-content%2Fuploads%2F2024%2F12%2FBdD-Posters-07-bd.pdf|target:_blank&#8221;][\/vc_column][\/vc_row]<\/p>\n","protected":false},"excerpt":{"rendered":"<p>[vc_row][vc_column][vc_custom_heading text=&#8221;Outreach SFBD&#8221; use_theme_fonts=&#8221;yes&#8221;][vc_column_text] In 2022 we started to combine our scientific meetings with multi-faceted outreach events, to make Developmental&hellip;<\/p>\n","protected":false},"author":6,"featured_media":0,"parent":4022,"menu_order":0,"comment_status":"closed","ping_status":"open","template":"","meta":{"footnotes":""},"yoast_head":"<!-- This site is optimized with the Yoast SEO plugin v18.2 - https:\/\/yoast.com\/wordpress\/plugins\/seo\/ -->\n<title>Outreach SFBD - SFBD<\/title>\n<meta name=\"robots\" content=\"index, follow, max-snippet:-1, max-image-preview:large, max-video-preview:-1\" \/>\n<link rel=\"canonical\" href=\"https:\/\/sfbd.fr\/en\/resources\/outreach\/\" \/>\n<meta property=\"og:locale\" content=\"en_US\" \/>\n<meta property=\"og:type\" content=\"article\" \/>\n<meta property=\"og:title\" content=\"Outreach SFBD - SFBD\" \/>\n<meta property=\"og:description\" content=\"[vc_row][vc_column][vc_custom_heading text=&#8221;Outreach SFBD&#8221; use_theme_fonts=&#8221;yes&#8221;][vc_column_text] In 2022 we started to combine our scientific meetings with multi-faceted outreach events, to make Developmental&hellip;\" \/>\n<meta property=\"og:url\" content=\"https:\/\/sfbd.fr\/en\/resources\/outreach\/\" \/>\n<meta property=\"og:site_name\" content=\"SFBD\" \/>\n<meta property=\"article:modified_time\" content=\"2024-12-19T23:11:52+00:00\" \/>\n<meta property=\"og:image\" content=\"https:\/\/sfbd.fr\/wp-content\/uploads\/2024\/12\/Palais-Rohan-1024x556.jpg\" \/>\n<meta name=\"twitter:card\" content=\"summary_large_image\" \/>\n<meta name=\"twitter:image\" content=\"https:\/\/sfbd.fr\/wp-content\/uploads\/2019\/06\/Levayer-lab-2_credit_Romain-Levayer-1.jpg\" \/>\n<meta name=\"twitter:site\" content=\"@sfbd_biodev\" \/>\n<meta name=\"twitter:label1\" content=\"Est. reading time\" \/>\n\t<meta name=\"twitter:data1\" content=\"4 minutes\" \/>\n<script type=\"application\/ld+json\" class=\"yoast-schema-graph\">{\"@context\":\"https:\/\/schema.org\",\"@graph\":[{\"@type\":\"Organization\",\"@id\":\"https:\/\/sfbd.fr\/en\/#organization\",\"name\":\"Soci\u00e9t\u00e9 Fran\u00e7aise de Biologie du D\u00e9veloppement\",\"url\":\"https:\/\/sfbd.fr\/en\/\",\"sameAs\":[\"https:\/\/twitter.com\/sfbd_biodev\"],\"logo\":{\"@type\":\"ImageObject\",\"@id\":\"https:\/\/sfbd.fr\/en\/#logo\",\"inLanguage\":\"en-US\",\"url\":\"https:\/\/sfbd.fr\/wp-content\/uploads\/2019\/11\/Favicon.jpg\",\"contentUrl\":\"https:\/\/sfbd.fr\/wp-content\/uploads\/2019\/11\/Favicon.jpg\",\"width\":1324,\"height\":1324,\"caption\":\"Soci\u00e9t\u00e9 Fran\u00e7aise de Biologie du D\u00e9veloppement\"},\"image\":{\"@id\":\"https:\/\/sfbd.fr\/en\/#logo\"}},{\"@type\":\"WebSite\",\"@id\":\"https:\/\/sfbd.fr\/en\/#website\",\"url\":\"https:\/\/sfbd.fr\/en\/\",\"name\":\"Soci\u00e9t\u00e9 Fran\u00e7aise de Biologie du D\u00e9veloppement\",\"description\":\"\",\"publisher\":{\"@id\":\"https:\/\/sfbd.fr\/en\/#organization\"},\"potentialAction\":[{\"@type\":\"SearchAction\",\"target\":{\"@type\":\"EntryPoint\",\"urlTemplate\":\"https:\/\/sfbd.fr\/en\/?s={search_term_string}\"},\"query-input\":\"required name=search_term_string\"}],\"inLanguage\":\"en-US\"},{\"@type\":\"ImageObject\",\"@id\":\"https:\/\/sfbd.fr\/en\/resources\/outreach\/#primaryimage\",\"inLanguage\":\"en-US\",\"url\":\"\",\"contentUrl\":\"\"},{\"@type\":\"WebPage\",\"@id\":\"https:\/\/sfbd.fr\/en\/resources\/outreach\/#webpage\",\"url\":\"https:\/\/sfbd.fr\/en\/resources\/outreach\/\",\"name\":\"Outreach SFBD - SFBD\",\"isPartOf\":{\"@id\":\"https:\/\/sfbd.fr\/en\/#website\"},\"primaryImageOfPage\":{\"@id\":\"https:\/\/sfbd.fr\/en\/resources\/outreach\/#primaryimage\"},\"datePublished\":\"2024-12-19T11:31:35+00:00\",\"dateModified\":\"2024-12-19T23:11:52+00:00\",\"breadcrumb\":{\"@id\":\"https:\/\/sfbd.fr\/en\/resources\/outreach\/#breadcrumb\"},\"inLanguage\":\"en-US\",\"potentialAction\":[{\"@type\":\"ReadAction\",\"target\":[\"https:\/\/sfbd.fr\/en\/resources\/outreach\/\"]}]},{\"@type\":\"BreadcrumbList\",\"@id\":\"https:\/\/sfbd.fr\/en\/resources\/outreach\/#breadcrumb\",\"itemListElement\":[{\"@type\":\"ListItem\",\"position\":1,\"name\":\"Accueil\",\"item\":\"https:\/\/sfbd.fr\/en\/\"},{\"@type\":\"ListItem\",\"position\":2,\"name\":\"Resources\",\"item\":\"https:\/\/sfbd.fr\/en\/resources\/\"},{\"@type\":\"ListItem\",\"position\":3,\"name\":\"Outreach SFBD\"}]}]}<\/script>\n<!-- \/ Yoast SEO plugin. -->","yoast_head_json":{"title":"Outreach SFBD - SFBD","robots":{"index":"index","follow":"follow","max-snippet":"max-snippet:-1","max-image-preview":"max-image-preview:large","max-video-preview":"max-video-preview:-1"},"canonical":"https:\/\/sfbd.fr\/en\/resources\/outreach\/","og_locale":"en_US","og_type":"article","og_title":"Outreach SFBD - SFBD","og_description":"[vc_row][vc_column][vc_custom_heading text=&#8221;Outreach SFBD&#8221; use_theme_fonts=&#8221;yes&#8221;][vc_column_text] In 2022 we started to combine our scientific meetings with multi-faceted outreach events, to make Developmental&hellip;","og_url":"https:\/\/sfbd.fr\/en\/resources\/outreach\/","og_site_name":"SFBD","article_modified_time":"2024-12-19T23:11:52+00:00","og_image":[{"url":"https:\/\/sfbd.fr\/wp-content\/uploads\/2024\/12\/Palais-Rohan-1024x556.jpg"}],"twitter_card":"summary_large_image","twitter_image":"https:\/\/sfbd.fr\/wp-content\/uploads\/2019\/06\/Levayer-lab-2_credit_Romain-Levayer-1.jpg","twitter_site":"@sfbd_biodev","twitter_misc":{"Est. reading time":"4 minutes"},"schema":{"@context":"https:\/\/schema.org","@graph":[{"@type":"Organization","@id":"https:\/\/sfbd.fr\/en\/#organization","name":"Soci\u00e9t\u00e9 Fran\u00e7aise de Biologie du D\u00e9veloppement","url":"https:\/\/sfbd.fr\/en\/","sameAs":["https:\/\/twitter.com\/sfbd_biodev"],"logo":{"@type":"ImageObject","@id":"https:\/\/sfbd.fr\/en\/#logo","inLanguage":"en-US","url":"https:\/\/sfbd.fr\/wp-content\/uploads\/2019\/11\/Favicon.jpg","contentUrl":"https:\/\/sfbd.fr\/wp-content\/uploads\/2019\/11\/Favicon.jpg","width":1324,"height":1324,"caption":"Soci\u00e9t\u00e9 Fran\u00e7aise de Biologie du D\u00e9veloppement"},"image":{"@id":"https:\/\/sfbd.fr\/en\/#logo"}},{"@type":"WebSite","@id":"https:\/\/sfbd.fr\/en\/#website","url":"https:\/\/sfbd.fr\/en\/","name":"Soci\u00e9t\u00e9 Fran\u00e7aise de Biologie du D\u00e9veloppement","description":"","publisher":{"@id":"https:\/\/sfbd.fr\/en\/#organization"},"potentialAction":[{"@type":"SearchAction","target":{"@type":"EntryPoint","urlTemplate":"https:\/\/sfbd.fr\/en\/?s={search_term_string}"},"query-input":"required name=search_term_string"}],"inLanguage":"en-US"},{"@type":"ImageObject","@id":"https:\/\/sfbd.fr\/en\/resources\/outreach\/#primaryimage","inLanguage":"en-US","url":"","contentUrl":""},{"@type":"WebPage","@id":"https:\/\/sfbd.fr\/en\/resources\/outreach\/#webpage","url":"https:\/\/sfbd.fr\/en\/resources\/outreach\/","name":"Outreach SFBD - SFBD","isPartOf":{"@id":"https:\/\/sfbd.fr\/en\/#website"},"primaryImageOfPage":{"@id":"https:\/\/sfbd.fr\/en\/resources\/outreach\/#primaryimage"},"datePublished":"2024-12-19T11:31:35+00:00","dateModified":"2024-12-19T23:11:52+00:00","breadcrumb":{"@id":"https:\/\/sfbd.fr\/en\/resources\/outreach\/#breadcrumb"},"inLanguage":"en-US","potentialAction":[{"@type":"ReadAction","target":["https:\/\/sfbd.fr\/en\/resources\/outreach\/"]}]},{"@type":"BreadcrumbList","@id":"https:\/\/sfbd.fr\/en\/resources\/outreach\/#breadcrumb","itemListElement":[{"@type":"ListItem","position":1,"name":"Accueil","item":"https:\/\/sfbd.fr\/en\/"},{"@type":"ListItem","position":2,"name":"Resources","item":"https:\/\/sfbd.fr\/en\/resources\/"},{"@type":"ListItem","position":3,"name":"Outreach SFBD"}]}]}},"_links":{"self":[{"href":"https:\/\/sfbd.fr\/en\/wp-json\/wp\/v2\/pages\/13427"}],"collection":[{"href":"https:\/\/sfbd.fr\/en\/wp-json\/wp\/v2\/pages"}],"about":[{"href":"https:\/\/sfbd.fr\/en\/wp-json\/wp\/v2\/types\/page"}],"author":[{"embeddable":true,"href":"https:\/\/sfbd.fr\/en\/wp-json\/wp\/v2\/users\/6"}],"replies":[{"embeddable":true,"href":"https:\/\/sfbd.fr\/en\/wp-json\/wp\/v2\/comments?post=13427"}],"version-history":[{"count":23,"href":"https:\/\/sfbd.fr\/en\/wp-json\/wp\/v2\/pages\/13427\/revisions"}],"predecessor-version":[{"id":13482,"href":"https:\/\/sfbd.fr\/en\/wp-json\/wp\/v2\/pages\/13427\/revisions\/13482"}],"up":[{"embeddable":true,"href":"https:\/\/sfbd.fr\/en\/wp-json\/wp\/v2\/pages\/4022"}],"wp:attachment":[{"href":"https:\/\/sfbd.fr\/en\/wp-json\/wp\/v2\/media?parent=13427"}],"curies":[{"name":"wp","href":"https:\/\/api.w.org\/{rel}","templated":true}]}}