{"id":3924,"date":"2019-06-18T19:15:59","date_gmt":"2019-06-18T17:15:59","guid":{"rendered":"https:\/\/sfbd.fr\/actions\/"},"modified":"2025-11-13T17:10:30","modified_gmt":"2025-11-13T16:10:30","slug":"actions","status":"publish","type":"page","link":"https:\/\/sfbd.fr\/en\/actions\/","title":{"rendered":"Actions"},"content":{"rendered":"<p>[vc_row][vc_column width=&#8221;1\/4&#8243;][vc_single_image image=&#8221;2335&#8243; img_size=&#8221;1000&#215;1000&#8243; onclick=&#8221;custom_link&#8221; css=&#8221;.vc_custom_1560949453756{background-color: #f4f4f4 !important;}&#8221; link=&#8221;https:\/\/sfbd.fr\/soutien\/prix-de-these\/&#8221;][vc_custom_heading text=&#8221;Thesis Prize&#8221; font_container=&#8221;tag:h3|text_align:left&#8221; use_theme_fonts=&#8221;yes&#8221;][vc_column_text]Each year, the SFBD awards a thesis prize for the work of a student in developmental biology.[\/vc_column_text][vc_btn title=&#8221;LEARN MORE&#8221; style=&#8221;flat&#8221; color=&#8221;pink&#8221; link=&#8221;url:%2F%3Fpage_id%3D2130|title:Prix%20de%20th%C3%A8se|&#8221;][\/vc_column][vc_column width=&#8221;1\/4&#8243;][vc_single_image image=&#8221;2292&#8243; img_size=&#8221;1000&#215;1000&#8243; onclick=&#8221;custom_link&#8221; link=&#8221;https:\/\/sfbd.fr\/soutien\/bourses-de-voyage\/&#8221;][vc_custom_heading text=&#8221;Travel grants&#8221; font_container=&#8221;tag:h3|text_align:left&#8221; use_theme_fonts=&#8221;yes&#8221;][vc_column_text]Every year, the Soci\u00e9t\u00e9 Fran\u00e7aise de Biologie du D\u00e9veloppement awards around 10 travel grants to doctoral students and young post-doctoral fellows.[\/vc_column_text][vc_btn title=&#8221;LEARN MORE&#8221; style=&#8221;flat&#8221; color=&#8221;pink&#8221; link=&#8221;url:http%3A%2F%2Fsfbd.fr%2Factions%2Fbourses-de-voyage%2F|title:Bourses%20de%20voyage|&#8221;][\/vc_column][vc_column width=&#8221;1\/4&#8243;][vc_single_image image=&#8221;2303&#8243; img_size=&#8221;1000&#215;1000&#8243; onclick=&#8221;custom_link&#8221; link=&#8221;https:\/\/sfbd.fr\/soutien\/soutiens-aux-evenements\/&#8221;][vc_custom_heading text=&#8221;Support to event organisation&#8221; font_container=&#8221;tag:h3|text_align:left&#8221; use_theme_fonts=&#8221;yes&#8221;][vc_column_text]Every year, the SFBD subsidises scientific events (conferences, symposia or themed schools) related to developmental biology organised in France.[\/vc_column_text][vc_btn title=&#8221;LEARN MORE&#8221; style=&#8221;flat&#8221; color=&#8221;pink&#8221; link=&#8221;url:http%3A%2F%2Fsfbd.fr%2Factions%2Fsoutiens-aux-evenements%2F|&#8221;][\/vc_column][vc_column width=&#8221;1\/4&#8243;][vc_single_image image=&#8221;3074&#8243; img_size=&#8221;1000&#215;1000&#8243; onclick=&#8221;custom_link&#8221; css=&#8221;.vc_custom_1734644985362{background-color: #f4f4f4 !important;}&#8221; link=&#8221;https:\/\/sfbd.fr\/soutien\/prix-de-these\/&#8221;][vc_custom_heading text=&#8221;Career transition grants&#8221; font_container=&#8221;tag:h3|text_align:left&#8221; use_theme_fonts=&#8221;yes&#8221;][vc_column_text]The SFBD funds short-term exchanges for early-stage researchers (PhD students and post-doctoral fellows) that will support them in a major career transition.[\/vc_column_text][vc_btn title=&#8221;LEARN MORE&#8221; style=&#8221;flat&#8221; color=&#8221;pink&#8221; link=&#8221;url:https%3A%2F%2Fsfbd.fr%2Fen%2Factions%2Fcareer_transition_grants%2F|title:career_transition_grants|target:_blank&#8221;][\/vc_column][\/vc_row][vc_row][vc_column width=&#8221;1\/4&#8243;][vc_single_image image=&#8221;1831&#8243; img_size=&#8221;1000&#215;1000&#8243; onclick=&#8221;custom_link&#8221; link=&#8221;https:\/\/sfbd.fr\/soutien\/bourses-de-voyage\/&#8221;][vc_custom_heading text=&#8221;Online seminars&#8221; font_container=&#8221;tag:h3|text_align:left&#8221; use_theme_fonts=&#8221;yes&#8221;][vc_column_text]A webinar series so that SFBD members can get to know each other better and share their research.[\/vc_column_text][vc_btn title=&#8221;LEARN MORE&#8221; style=&#8221;flat&#8221; color=&#8221;pink&#8221; link=&#8221;url:https%3A%2F%2Fsfbd.fr%2Fen%2Factions%2Fseminaires%2F|title:seminaires&#8221;][\/vc_column][vc_column width=&#8221;1\/4&#8243;][vc_single_image image=&#8221;4243&#8243; img_size=&#8221;1000&#215;1000&#8243; onclick=&#8221;custom_link&#8221; link=&#8221;https:\/\/sfbd.fr\/soutien\/soutiens-aux-evenements\/&#8221;][vc_custom_heading text=&#8221;Outreach&#8221; font_container=&#8221;tag:h3|text_align:left&#8221; use_theme_fonts=&#8221;yes&#8221;][vc_column_text]We started to organise multi-faceted outreach events to make Developmental Biology and science in general more accesible to the lay audicence.[\/vc_column_text][vc_btn title=&#8221;LEARN MORE&#8221; style=&#8221;flat&#8221; color=&#8221;pink&#8221; link=&#8221;url:https%3A%2F%2Fsfbd.fr%2Fen%2Fresources%2Foutreach%2F|title:outreach|target:_blank&#8221;][\/vc_column][vc_column width=&#8221;1\/4&#8243;][\/vc_column][vc_column width=&#8221;1\/4&#8243;][\/vc_column][\/vc_row]<\/p>\n","protected":false},"excerpt":{"rendered":"<p>[vc_row][vc_column width=&#8221;1\/4&#8243;][vc_single_image image=&#8221;2335&#8243; img_size=&#8221;1000&#215;1000&#8243; onclick=&#8221;custom_link&#8221; css=&#8221;.vc_custom_1560949453756{background-color: #f4f4f4 !important;}&#8221; link=&#8221;https:\/\/sfbd.fr\/soutien\/prix-de-these\/&#8221;][vc_custom_heading text=&#8221;Thesis Prize&#8221; font_container=&#8221;tag:h3|text_align:left&#8221; use_theme_fonts=&#8221;yes&#8221;][vc_column_text]Each year, the SFBD awards a thesis prize&hellip;<\/p>\n","protected":false},"author":1,"featured_media":0,"parent":0,"menu_order":0,"comment_status":"closed","ping_status":"closed","template":"","meta":{"footnotes":""},"yoast_head":"<!-- This site is optimized with the Yoast SEO plugin v18.2 - https:\/\/yoast.com\/wordpress\/plugins\/seo\/ -->\n<title>Actions - SFBD<\/title>\n<meta name=\"robots\" content=\"index, follow, max-snippet:-1, max-image-preview:large, max-video-preview:-1\" \/>\n<link rel=\"canonical\" href=\"https:\/\/sfbd.fr\/en\/actions\/\" \/>\n<meta property=\"og:locale\" content=\"en_US\" \/>\n<meta property=\"og:type\" content=\"article\" \/>\n<meta property=\"og:title\" content=\"Actions - SFBD\" \/>\n<meta property=\"og:description\" content=\"[vc_row][vc_column width=&#8221;1\/4&#8243;][vc_single_image image=&#8221;2335&#8243; img_size=&#8221;1000&#215;1000&#8243; onclick=&#8221;custom_link&#8221; css=&#8221;.vc_custom_1560949453756{background-color: #f4f4f4 !important;}&#8221; link=&#8221;https:\/\/sfbd.fr\/soutien\/prix-de-these\/&#8221;][vc_custom_heading text=&#8221;Thesis Prize&#8221; font_container=&#8221;tag:h3|text_align:left&#8221; use_theme_fonts=&#8221;yes&#8221;][vc_column_text]Each year, the SFBD awards a thesis prize&hellip;\" \/>\n<meta property=\"og:url\" content=\"https:\/\/sfbd.fr\/en\/actions\/\" \/>\n<meta property=\"og:site_name\" content=\"SFBD\" \/>\n<meta property=\"article:modified_time\" content=\"2025-11-13T16:10:30+00:00\" \/>\n<meta name=\"twitter:card\" content=\"summary_large_image\" \/>\n<meta name=\"twitter:site\" content=\"@sfbd_biodev\" \/>\n<meta name=\"twitter:label1\" content=\"Est. reading time\" \/>\n\t<meta name=\"twitter:data1\" content=\"3 minutes\" \/>\n<script type=\"application\/ld+json\" class=\"yoast-schema-graph\">{\"@context\":\"https:\/\/schema.org\",\"@graph\":[{\"@type\":\"Organization\",\"@id\":\"https:\/\/sfbd.fr\/en\/#organization\",\"name\":\"Soci\u00e9t\u00e9 Fran\u00e7aise de Biologie du D\u00e9veloppement\",\"url\":\"https:\/\/sfbd.fr\/en\/\",\"sameAs\":[\"https:\/\/twitter.com\/sfbd_biodev\"],\"logo\":{\"@type\":\"ImageObject\",\"@id\":\"https:\/\/sfbd.fr\/en\/#logo\",\"inLanguage\":\"en-US\",\"url\":\"https:\/\/sfbd.fr\/wp-content\/uploads\/2019\/11\/Favicon.jpg\",\"contentUrl\":\"https:\/\/sfbd.fr\/wp-content\/uploads\/2019\/11\/Favicon.jpg\",\"width\":1324,\"height\":1324,\"caption\":\"Soci\u00e9t\u00e9 Fran\u00e7aise de Biologie du D\u00e9veloppement\"},\"image\":{\"@id\":\"https:\/\/sfbd.fr\/en\/#logo\"}},{\"@type\":\"WebSite\",\"@id\":\"https:\/\/sfbd.fr\/en\/#website\",\"url\":\"https:\/\/sfbd.fr\/en\/\",\"name\":\"Soci\u00e9t\u00e9 Fran\u00e7aise de Biologie du D\u00e9veloppement\",\"description\":\"\",\"publisher\":{\"@id\":\"https:\/\/sfbd.fr\/en\/#organization\"},\"potentialAction\":[{\"@type\":\"SearchAction\",\"target\":{\"@type\":\"EntryPoint\",\"urlTemplate\":\"https:\/\/sfbd.fr\/en\/?s={search_term_string}\"},\"query-input\":\"required name=search_term_string\"}],\"inLanguage\":\"en-US\"},{\"@type\":\"WebPage\",\"@id\":\"https:\/\/sfbd.fr\/en\/actions\/#webpage\",\"url\":\"https:\/\/sfbd.fr\/en\/actions\/\",\"name\":\"Actions - SFBD\",\"isPartOf\":{\"@id\":\"https:\/\/sfbd.fr\/en\/#website\"},\"datePublished\":\"2019-06-18T17:15:59+00:00\",\"dateModified\":\"2025-11-13T16:10:30+00:00\",\"breadcrumb\":{\"@id\":\"https:\/\/sfbd.fr\/en\/actions\/#breadcrumb\"},\"inLanguage\":\"en-US\",\"potentialAction\":[{\"@type\":\"ReadAction\",\"target\":[\"https:\/\/sfbd.fr\/en\/actions\/\"]}]},{\"@type\":\"BreadcrumbList\",\"@id\":\"https:\/\/sfbd.fr\/en\/actions\/#breadcrumb\",\"itemListElement\":[{\"@type\":\"ListItem\",\"position\":1,\"name\":\"Accueil\",\"item\":\"https:\/\/sfbd.fr\/en\/\"},{\"@type\":\"ListItem\",\"position\":2,\"name\":\"Actions\"}]}]}<\/script>\n<!-- \/ Yoast SEO plugin. -->","yoast_head_json":{"title":"Actions - SFBD","robots":{"index":"index","follow":"follow","max-snippet":"max-snippet:-1","max-image-preview":"max-image-preview:large","max-video-preview":"max-video-preview:-1"},"canonical":"https:\/\/sfbd.fr\/en\/actions\/","og_locale":"en_US","og_type":"article","og_title":"Actions - SFBD","og_description":"[vc_row][vc_column width=&#8221;1\/4&#8243;][vc_single_image image=&#8221;2335&#8243; img_size=&#8221;1000&#215;1000&#8243; onclick=&#8221;custom_link&#8221; css=&#8221;.vc_custom_1560949453756{background-color: #f4f4f4 !important;}&#8221; link=&#8221;https:\/\/sfbd.fr\/soutien\/prix-de-these\/&#8221;][vc_custom_heading text=&#8221;Thesis Prize&#8221; font_container=&#8221;tag:h3|text_align:left&#8221; use_theme_fonts=&#8221;yes&#8221;][vc_column_text]Each year, the SFBD awards a thesis prize&hellip;","og_url":"https:\/\/sfbd.fr\/en\/actions\/","og_site_name":"SFBD","article_modified_time":"2025-11-13T16:10:30+00:00","twitter_card":"summary_large_image","twitter_site":"@sfbd_biodev","twitter_misc":{"Est. reading time":"3 minutes"},"schema":{"@context":"https:\/\/schema.org","@graph":[{"@type":"Organization","@id":"https:\/\/sfbd.fr\/en\/#organization","name":"Soci\u00e9t\u00e9 Fran\u00e7aise de Biologie du D\u00e9veloppement","url":"https:\/\/sfbd.fr\/en\/","sameAs":["https:\/\/twitter.com\/sfbd_biodev"],"logo":{"@type":"ImageObject","@id":"https:\/\/sfbd.fr\/en\/#logo","inLanguage":"en-US","url":"https:\/\/sfbd.fr\/wp-content\/uploads\/2019\/11\/Favicon.jpg","contentUrl":"https:\/\/sfbd.fr\/wp-content\/uploads\/2019\/11\/Favicon.jpg","width":1324,"height":1324,"caption":"Soci\u00e9t\u00e9 Fran\u00e7aise de Biologie du D\u00e9veloppement"},"image":{"@id":"https:\/\/sfbd.fr\/en\/#logo"}},{"@type":"WebSite","@id":"https:\/\/sfbd.fr\/en\/#website","url":"https:\/\/sfbd.fr\/en\/","name":"Soci\u00e9t\u00e9 Fran\u00e7aise de Biologie du D\u00e9veloppement","description":"","publisher":{"@id":"https:\/\/sfbd.fr\/en\/#organization"},"potentialAction":[{"@type":"SearchAction","target":{"@type":"EntryPoint","urlTemplate":"https:\/\/sfbd.fr\/en\/?s={search_term_string}"},"query-input":"required name=search_term_string"}],"inLanguage":"en-US"},{"@type":"WebPage","@id":"https:\/\/sfbd.fr\/en\/actions\/#webpage","url":"https:\/\/sfbd.fr\/en\/actions\/","name":"Actions - SFBD","isPartOf":{"@id":"https:\/\/sfbd.fr\/en\/#website"},"datePublished":"2019-06-18T17:15:59+00:00","dateModified":"2025-11-13T16:10:30+00:00","breadcrumb":{"@id":"https:\/\/sfbd.fr\/en\/actions\/#breadcrumb"},"inLanguage":"en-US","potentialAction":[{"@type":"ReadAction","target":["https:\/\/sfbd.fr\/en\/actions\/"]}]},{"@type":"BreadcrumbList","@id":"https:\/\/sfbd.fr\/en\/actions\/#breadcrumb","itemListElement":[{"@type":"ListItem","position":1,"name":"Accueil","item":"https:\/\/sfbd.fr\/en\/"},{"@type":"ListItem","position":2,"name":"Actions"}]}]}},"_links":{"self":[{"href":"https:\/\/sfbd.fr\/en\/wp-json\/wp\/v2\/pages\/3924"}],"collection":[{"href":"https:\/\/sfbd.fr\/en\/wp-json\/wp\/v2\/pages"}],"about":[{"href":"https:\/\/sfbd.fr\/en\/wp-json\/wp\/v2\/types\/page"}],"author":[{"embeddable":true,"href":"https:\/\/sfbd.fr\/en\/wp-json\/wp\/v2\/users\/1"}],"replies":[{"embeddable":true,"href":"https:\/\/sfbd.fr\/en\/wp-json\/wp\/v2\/comments?post=3924"}],"version-history":[{"count":16,"href":"https:\/\/sfbd.fr\/en\/wp-json\/wp\/v2\/pages\/3924\/revisions"}],"predecessor-version":[{"id":13783,"href":"https:\/\/sfbd.fr\/en\/wp-json\/wp\/v2\/pages\/3924\/revisions\/13783"}],"wp:attachment":[{"href":"https:\/\/sfbd.fr\/en\/wp-json\/wp\/v2\/media?parent=3924"}],"curies":[{"name":"wp","href":"https:\/\/api.w.org\/{rel}","templated":true}]}}