{"id":3956,"date":"2019-05-14T10:48:52","date_gmt":"2019-05-14T08:48:52","guid":{"rendered":"https:\/\/sfbd.fr\/adhesion\/"},"modified":"2025-06-24T13:03:19","modified_gmt":"2025-06-24T11:03:19","slug":"join-us","status":"publish","type":"page","link":"https:\/\/sfbd.fr\/en\/join-us\/","title":{"rendered":"Join us"},"content":{"rendered":"<p>[vc_section full_width=&#8221;stretch_row&#8221;][vc_row equal_height=&#8221;yes&#8221; css=&#8221;.vc_custom_1498708967576{margin-bottom: 15px !important;padding-right: 15px !important;padding-left: 15px !important;}&#8221;][vc_column width=&#8221;1\/2&#8243; css=&#8221;.vc_custom_1557828206059{padding-top: 200px !important;padding-bottom: 200px !important;background: #ededed url(https:\/\/sfbd.fr\/wp-content\/uploads\/2019\/05\/Levayer-lab-2_credit_Romain-Levayer.jpg?id=1112) !important;background-position: center !important;background-repeat: no-repeat !important;background-size: cover !important;}&#8221;][\/vc_column][vc_column width=&#8221;1\/2&#8243; css=&#8221;.vc_custom_1498703932353{padding-right: 50px !important;padding-left: 50px !important;background-color: #f3f3f3 !important;}&#8221;][vc_custom_heading text=&#8221;Join us&#8221; font_container=&#8221;tag:h3|font_size:40px|text_align:left|line_height:44px&#8221; google_fonts=&#8221;font_family:Raleway%3A100%2C200%2C300%2Cregular%2C500%2C600%2C700%2C800%2C900|font_style:300%20light%20regular%3A300%3Anormal&#8221;][vc_column_text]Becoming an SFBD member supports the French Developmental Biology community. It also offers some advantages, among which:<\/p>\n<p>\u25cf Apply to our yearly devbio PhD Thesis Prize<br \/>\n\u25cf Get support to attend meetings thanks to our travelling grants<br \/>\n\u25cf Benefit from reduced fees for our yearly meeting and meetings organized by associated societies<br \/>\n\u25cf Post your news and job adverts on our website<br \/>\n\u25cf Ask for support to organize devbio events<\/p>\n<p><strong>The procedure for joining the SFBD is detailed <a href=\"https:\/\/sfbd.fr\/wp-content\/uploads\/2024\/03\/Procedure_creation_compte_SFBD_fr_en_ALL_V5-1.pdf\">HERE.<\/a><\/strong><br \/>\n<em>(p1-6: French version ; p7-12 : English version)<\/em>[\/vc_column_text][\/vc_column][\/vc_row][vc_row gap=&#8221;15&#8243; equal_height=&#8221;yes&#8221;][vc_column width=&#8221;1\/3&#8243; css=&#8221;.vc_custom_1498711398771{padding-right: 50px !important;padding-left: 50px !important;background: #7438c9 url(http:\/\/localhost\/wordpress\/alone-development\/wp-content\/uploads\/2017\/06\/template-image-5.jpg?id=60) !important;background-position: center !important;background-repeat: no-repeat !important;background-size: cover !important;}&#8221;][vc_custom_heading text=&#8221;2 ways to join&#8221; font_container=&#8221;tag:h2|text_align:center|color:%23ffffff&#8221; google_fonts=&#8221;font_family:Raleway%3A100%2C200%2C300%2Cregular%2C500%2C600%2C700%2C800%2C900|font_style:400%20regular%3A400%3Anormal&#8221;][vc_column_text]<span style=\"color: #ffffff;\">There are two ways to become an SFBD member. You can choose an individual membership or opt for the team membership (recommended option). This is a yearly subscription, but it is also possible to subscribe for 2 or 3 years.<\/span>[\/vc_column_text][\/vc_column][vc_column width=&#8221;1\/3&#8243; css=&#8221;.vc_custom_1498709019329{padding-right: 50px !important;padding-left: 50px !important;background-color: #fafafa !important;}&#8221;][vc_custom_heading text=&#8221;Individual Membership&#8221; font_container=&#8221;tag:h3|text_align:left&#8221; google_fonts=&#8221;font_family:Raleway%3A100%2C200%2C300%2Cregular%2C500%2C600%2C700%2C800%2C900|font_style:400%20regular%3A400%3Anormal&#8221;][vc_column_text]Individual membership fees :<br \/>\n\u25cf Permanent staff et post-doctoral researchers : 65 \u20ac<br \/>\n\u25cf Students : 30 \u20ac[\/vc_column_text][vc_btn title=&#8221;Join as an individual&#8221; style=&#8221;flat&#8221; shape=&#8221;round&#8221; color=&#8221;pink&#8221; i_align=&#8221;right&#8221; i_type=&#8221;material&#8221; i_icon_material=&#8221;vc-material vc-material-arrow_forward&#8221; add_icon=&#8221;true&#8221; css=&#8221;.vc_custom_1687355207263{margin-top: 20px !important;}&#8221; link=&#8221;url:https%3A%2F%2Fsfbd.fr%2Fapp%2F%3Fdropin%3Ai18n%3Den&#8221;][\/vc_column][vc_column width=&#8221;1\/3&#8243; css=&#8221;.vc_custom_1498709161152{padding-right: 50px !important;padding-left: 50px !important;background-color: #e3e2ff !important;}&#8221;][vc_custom_heading text=&#8221;Team Membership (recommended)&#8221; font_container=&#8221;tag:h3|text_align:left&#8221; google_fonts=&#8221;font_family:Raleway%3A100%2C200%2C300%2Cregular%2C500%2C600%2C700%2C800%2C900|font_style:400%20regular%3A400%3Anormal&#8221;][vc_column_text]The team membership fee depends on the team size :<br \/>\n\u25cf Up to 4 members : 125 \u20ac<br \/>\n\u25cf From 5 to 10 members : 250 \u20ac<br \/>\n\u25cf 11 members or more: 400 \u20ac[\/vc_column_text][vc_btn title=&#8221;Join as a team&#8221; style=&#8221;flat&#8221; shape=&#8221;round&#8221; color=&#8221;pink&#8221; i_align=&#8221;right&#8221; i_type=&#8221;material&#8221; i_icon_material=&#8221;vc-material vc-material-arrow_forward&#8221; add_icon=&#8221;true&#8221; css=&#8221;.vc_custom_1687355219033{margin-top: 20px !important;}&#8221; link=&#8221;url:https%3A%2F%2Fsfbd.fr%2Fapp%2F%3Fdropin%3Ai18n%3Den&#8221;][\/vc_column][\/vc_row][\/vc_section]<\/p>\n","protected":false},"excerpt":{"rendered":"<p>[vc_section full_width=&#8221;stretch_row&#8221;][vc_row equal_height=&#8221;yes&#8221; css=&#8221;.vc_custom_1498708967576{margin-bottom: 15px !important;padding-right: 15px !important;padding-left: 15px !important;}&#8221;][vc_column width=&#8221;1\/2&#8243; css=&#8221;.vc_custom_1557828206059{padding-top: 200px !important;padding-bottom: 200px !important;background: #ededed url(https:\/\/sfbd.fr\/wp-content\/uploads\/2019\/05\/Levayer-lab-2_credit_Romain-Levayer.jpg?id=1112) !important;background-position: center&hellip;<\/p>\n","protected":false},"author":1,"featured_media":0,"parent":0,"menu_order":0,"comment_status":"closed","ping_status":"closed","template":"","meta":{"footnotes":""},"yoast_head":"<!-- This site is optimized with the Yoast SEO plugin v18.2 - https:\/\/yoast.com\/wordpress\/plugins\/seo\/ -->\n<title>Join us - Soci\u00e9t\u00e9 Fran\u00e7aise de Biologie du D\u00e9veloppement<\/title>\n<meta name=\"description\" content=\"Adh\u00e9rez \u00e0 la SFBD pour soutenir la communaut\u00e9 fran\u00e7aise de recherche en biologie du d\u00e9veloppement et profiter de nos actions.\" \/>\n<meta name=\"robots\" content=\"index, follow, max-snippet:-1, max-image-preview:large, max-video-preview:-1\" \/>\n<link rel=\"canonical\" href=\"https:\/\/sfbd.fr\/en\/join-us\/\" \/>\n<meta property=\"og:locale\" content=\"en_US\" \/>\n<meta property=\"og:type\" content=\"article\" \/>\n<meta property=\"og:title\" content=\"Join us - Soci\u00e9t\u00e9 Fran\u00e7aise de Biologie du D\u00e9veloppement\" \/>\n<meta property=\"og:description\" content=\"Adh\u00e9rez \u00e0 la SFBD pour soutenir la communaut\u00e9 fran\u00e7aise de recherche en biologie du d\u00e9veloppement et profiter de nos actions.\" \/>\n<meta property=\"og:url\" content=\"https:\/\/sfbd.fr\/en\/join-us\/\" \/>\n<meta property=\"og:site_name\" content=\"SFBD\" \/>\n<meta property=\"article:modified_time\" content=\"2025-06-24T11:03:19+00:00\" \/>\n<meta name=\"twitter:card\" content=\"summary_large_image\" \/>\n<meta name=\"twitter:image\" content=\"https:\/\/sfbd.fr\/wp-content\/uploads\/2019\/06\/Levayer-lab-2_credit_Romain-Levayer-1.jpg\" \/>\n<meta name=\"twitter:site\" content=\"@sfbd_biodev\" \/>\n<meta name=\"twitter:label1\" content=\"Est. reading time\" \/>\n\t<meta name=\"twitter:data1\" content=\"3 minutes\" \/>\n<script type=\"application\/ld+json\" class=\"yoast-schema-graph\">{\"@context\":\"https:\/\/schema.org\",\"@graph\":[{\"@type\":\"Organization\",\"@id\":\"https:\/\/sfbd.fr\/en\/#organization\",\"name\":\"Soci\u00e9t\u00e9 Fran\u00e7aise de Biologie du D\u00e9veloppement\",\"url\":\"https:\/\/sfbd.fr\/en\/\",\"sameAs\":[\"https:\/\/twitter.com\/sfbd_biodev\"],\"logo\":{\"@type\":\"ImageObject\",\"@id\":\"https:\/\/sfbd.fr\/en\/#logo\",\"inLanguage\":\"en-US\",\"url\":\"https:\/\/sfbd.fr\/wp-content\/uploads\/2019\/11\/Favicon.jpg\",\"contentUrl\":\"https:\/\/sfbd.fr\/wp-content\/uploads\/2019\/11\/Favicon.jpg\",\"width\":1324,\"height\":1324,\"caption\":\"Soci\u00e9t\u00e9 Fran\u00e7aise de Biologie du D\u00e9veloppement\"},\"image\":{\"@id\":\"https:\/\/sfbd.fr\/en\/#logo\"}},{\"@type\":\"WebSite\",\"@id\":\"https:\/\/sfbd.fr\/en\/#website\",\"url\":\"https:\/\/sfbd.fr\/en\/\",\"name\":\"Soci\u00e9t\u00e9 Fran\u00e7aise de Biologie du D\u00e9veloppement\",\"description\":\"\",\"publisher\":{\"@id\":\"https:\/\/sfbd.fr\/en\/#organization\"},\"potentialAction\":[{\"@type\":\"SearchAction\",\"target\":{\"@type\":\"EntryPoint\",\"urlTemplate\":\"https:\/\/sfbd.fr\/en\/?s={search_term_string}\"},\"query-input\":\"required name=search_term_string\"}],\"inLanguage\":\"en-US\"},{\"@type\":\"ImageObject\",\"@id\":\"https:\/\/sfbd.fr\/en\/join-us\/#primaryimage\",\"inLanguage\":\"en-US\",\"url\":\"https:\/\/sfbd.fr\/wp-content\/uploads\/2019\/06\/Levayer-lab-2_credit_Romain-Levayer-1.jpg\",\"contentUrl\":\"https:\/\/sfbd.fr\/wp-content\/uploads\/2019\/06\/Levayer-lab-2_credit_Romain-Levayer-1.jpg\",\"width\":1000,\"height\":1000,\"caption\":\"Pupal notum ( a single layer epithelium) marked with E-cad (red, ) nuclei (histone in blue) and a live sensor of ERK (purple) (from Romain Levayer)\"},{\"@type\":\"WebPage\",\"@id\":\"https:\/\/sfbd.fr\/en\/join-us\/#webpage\",\"url\":\"https:\/\/sfbd.fr\/en\/join-us\/\",\"name\":\"Join us - Soci\u00e9t\u00e9 Fran\u00e7aise de Biologie du D\u00e9veloppement\",\"isPartOf\":{\"@id\":\"https:\/\/sfbd.fr\/en\/#website\"},\"datePublished\":\"2019-05-14T08:48:52+00:00\",\"dateModified\":\"2025-06-24T11:03:19+00:00\",\"description\":\"Adh\u00e9rez \u00e0 la SFBD pour soutenir la communaut\u00e9 fran\u00e7aise de recherche en biologie du d\u00e9veloppement et profiter de nos actions.\",\"breadcrumb\":{\"@id\":\"https:\/\/sfbd.fr\/en\/join-us\/#breadcrumb\"},\"inLanguage\":\"en-US\",\"potentialAction\":[{\"@type\":\"ReadAction\",\"target\":[\"https:\/\/sfbd.fr\/en\/join-us\/\"]}]},{\"@type\":\"BreadcrumbList\",\"@id\":\"https:\/\/sfbd.fr\/en\/join-us\/#breadcrumb\",\"itemListElement\":[{\"@type\":\"ListItem\",\"position\":1,\"name\":\"Accueil\",\"item\":\"https:\/\/sfbd.fr\/en\/\"},{\"@type\":\"ListItem\",\"position\":2,\"name\":\"Join us\"}]}]}<\/script>\n<!-- \/ Yoast SEO plugin. -->","yoast_head_json":{"title":"Join us - Soci\u00e9t\u00e9 Fran\u00e7aise de Biologie du D\u00e9veloppement","description":"Adh\u00e9rez \u00e0 la SFBD pour soutenir la communaut\u00e9 fran\u00e7aise de recherche en biologie du d\u00e9veloppement et profiter de nos actions.","robots":{"index":"index","follow":"follow","max-snippet":"max-snippet:-1","max-image-preview":"max-image-preview:large","max-video-preview":"max-video-preview:-1"},"canonical":"https:\/\/sfbd.fr\/en\/join-us\/","og_locale":"en_US","og_type":"article","og_title":"Join us - Soci\u00e9t\u00e9 Fran\u00e7aise de Biologie du D\u00e9veloppement","og_description":"Adh\u00e9rez \u00e0 la SFBD pour soutenir la communaut\u00e9 fran\u00e7aise de recherche en biologie du d\u00e9veloppement et profiter de nos actions.","og_url":"https:\/\/sfbd.fr\/en\/join-us\/","og_site_name":"SFBD","article_modified_time":"2025-06-24T11:03:19+00:00","twitter_card":"summary_large_image","twitter_image":"https:\/\/sfbd.fr\/wp-content\/uploads\/2019\/06\/Levayer-lab-2_credit_Romain-Levayer-1.jpg","twitter_site":"@sfbd_biodev","twitter_misc":{"Est. reading time":"3 minutes"},"schema":{"@context":"https:\/\/schema.org","@graph":[{"@type":"Organization","@id":"https:\/\/sfbd.fr\/en\/#organization","name":"Soci\u00e9t\u00e9 Fran\u00e7aise de Biologie du D\u00e9veloppement","url":"https:\/\/sfbd.fr\/en\/","sameAs":["https:\/\/twitter.com\/sfbd_biodev"],"logo":{"@type":"ImageObject","@id":"https:\/\/sfbd.fr\/en\/#logo","inLanguage":"en-US","url":"https:\/\/sfbd.fr\/wp-content\/uploads\/2019\/11\/Favicon.jpg","contentUrl":"https:\/\/sfbd.fr\/wp-content\/uploads\/2019\/11\/Favicon.jpg","width":1324,"height":1324,"caption":"Soci\u00e9t\u00e9 Fran\u00e7aise de Biologie du D\u00e9veloppement"},"image":{"@id":"https:\/\/sfbd.fr\/en\/#logo"}},{"@type":"WebSite","@id":"https:\/\/sfbd.fr\/en\/#website","url":"https:\/\/sfbd.fr\/en\/","name":"Soci\u00e9t\u00e9 Fran\u00e7aise de Biologie du D\u00e9veloppement","description":"","publisher":{"@id":"https:\/\/sfbd.fr\/en\/#organization"},"potentialAction":[{"@type":"SearchAction","target":{"@type":"EntryPoint","urlTemplate":"https:\/\/sfbd.fr\/en\/?s={search_term_string}"},"query-input":"required name=search_term_string"}],"inLanguage":"en-US"},{"@type":"ImageObject","@id":"https:\/\/sfbd.fr\/en\/join-us\/#primaryimage","inLanguage":"en-US","url":"https:\/\/sfbd.fr\/wp-content\/uploads\/2019\/06\/Levayer-lab-2_credit_Romain-Levayer-1.jpg","contentUrl":"https:\/\/sfbd.fr\/wp-content\/uploads\/2019\/06\/Levayer-lab-2_credit_Romain-Levayer-1.jpg","width":1000,"height":1000,"caption":"Pupal notum ( a single layer epithelium) marked with E-cad (red, ) nuclei (histone in blue) and a live sensor of ERK (purple) (from Romain Levayer)"},{"@type":"WebPage","@id":"https:\/\/sfbd.fr\/en\/join-us\/#webpage","url":"https:\/\/sfbd.fr\/en\/join-us\/","name":"Join us - Soci\u00e9t\u00e9 Fran\u00e7aise de Biologie du D\u00e9veloppement","isPartOf":{"@id":"https:\/\/sfbd.fr\/en\/#website"},"datePublished":"2019-05-14T08:48:52+00:00","dateModified":"2025-06-24T11:03:19+00:00","description":"Adh\u00e9rez \u00e0 la SFBD pour soutenir la communaut\u00e9 fran\u00e7aise de recherche en biologie du d\u00e9veloppement et profiter de nos actions.","breadcrumb":{"@id":"https:\/\/sfbd.fr\/en\/join-us\/#breadcrumb"},"inLanguage":"en-US","potentialAction":[{"@type":"ReadAction","target":["https:\/\/sfbd.fr\/en\/join-us\/"]}]},{"@type":"BreadcrumbList","@id":"https:\/\/sfbd.fr\/en\/join-us\/#breadcrumb","itemListElement":[{"@type":"ListItem","position":1,"name":"Accueil","item":"https:\/\/sfbd.fr\/en\/"},{"@type":"ListItem","position":2,"name":"Join us"}]}]}},"_links":{"self":[{"href":"https:\/\/sfbd.fr\/en\/wp-json\/wp\/v2\/pages\/3956"}],"collection":[{"href":"https:\/\/sfbd.fr\/en\/wp-json\/wp\/v2\/pages"}],"about":[{"href":"https:\/\/sfbd.fr\/en\/wp-json\/wp\/v2\/types\/page"}],"author":[{"embeddable":true,"href":"https:\/\/sfbd.fr\/en\/wp-json\/wp\/v2\/users\/1"}],"replies":[{"embeddable":true,"href":"https:\/\/sfbd.fr\/en\/wp-json\/wp\/v2\/comments?post=3956"}],"version-history":[{"count":14,"href":"https:\/\/sfbd.fr\/en\/wp-json\/wp\/v2\/pages\/3956\/revisions"}],"predecessor-version":[{"id":13741,"href":"https:\/\/sfbd.fr\/en\/wp-json\/wp\/v2\/pages\/3956\/revisions\/13741"}],"wp:attachment":[{"href":"https:\/\/sfbd.fr\/en\/wp-json\/wp\/v2\/media?parent=3956"}],"curies":[{"name":"wp","href":"https:\/\/api.w.org\/{rel}","templated":true}]}}