{"id":3971,"date":"2019-05-28T19:42:30","date_gmt":"2019-05-28T17:42:30","guid":{"rendered":"https:\/\/sfbd.fr\/partenaires-et-interactions\/"},"modified":"2021-01-08T10:55:43","modified_gmt":"2021-01-08T09:55:43","slug":"partner-societies","status":"publish","type":"page","link":"https:\/\/sfbd.fr\/en\/partner-societies\/","title":{"rendered":"Partner societies"},"content":{"rendered":"<p>[vc_row][vc_column][vc_custom_heading text=&#8221;Partner societies&#8221; font_container=&#8221;tag:h1|text_align:left&#8221; use_theme_fonts=&#8221;yes&#8221;][vc_column_text]<em><span style=\"font-weight: 400;\">Please <a href=\"mailto:website@sfbd.fr\">contact us<\/a> if you have suggestions to update this content !<\/span><\/em>[\/vc_column_text][\/vc_column][\/vc_row][vc_row][vc_column][vc_tta_accordion style=&#8221;flat&#8221; color=&#8221;black&#8221; active_section=&#8221;&#8221; no_fill=&#8221;true&#8221;][vc_tta_section title=&#8221;Developmental Biology Learned Societies Abroad&#8221; tab_id=&#8221;1558961247035-15b63daf-f56f&#8221;][vc_row_inner css=&#8221;.vc_custom_1559040056638{background-color: #ffffff !important;}&#8221;][vc_column_inner width=&#8221;5\/6&#8243;][vc_custom_heading text=&#8221;\u2192 The SFBD is a member of the International Society of Developmental Biologists&#8221; font_container=&#8221;tag:h5|text_align:left&#8221; use_theme_fonts=&#8221;yes&#8221; css_animation=&#8221;none&#8221; link=&#8221;|||&#8221;][vc_btn title=&#8221;ISDB&#8221; style=&#8221;flat&#8221; color=&#8221;mulled-wine&#8221; size=&#8221;lg&#8221; align=&#8221;left&#8221; link=&#8221;url:https%3A%2F%2Fwww.developmental-biology.org%2F||target:%20_blank|&#8221;][\/vc_column_inner][vc_column_inner width=&#8221;1\/6&#8243;][\/vc_column_inner][\/vc_row_inner][vc_row_inner css=&#8221;.vc_custom_1559040548004{background-color: #ededed !important;}&#8221;][vc_column_inner width=&#8221;3\/4&#8243;][vc_custom_heading text=&#8221;\u2192 Society for Developmental Biology (SDB &#8211; USA)&#8221; font_container=&#8221;tag:h5|text_align:left&#8221; use_theme_fonts=&#8221;yes&#8221; css_animation=&#8221;none&#8221; link=&#8221;url:https%3A%2F%2Fpintofscience.com%2F||target:%20_blank|&#8221;][vc_btn title=&#8221;SDB Online&#8221; style=&#8221;flat&#8221; color=&#8221;mulled-wine&#8221; size=&#8221;lg&#8221; align=&#8221;left&#8221; link=&#8221;url:http%3A%2F%2Fwww.sdbonline.org||target:%20_blank|&#8221;][\/vc_column_inner][vc_column_inner width=&#8221;1\/4&#8243;][\/vc_column_inner][\/vc_row_inner][vc_row_inner css=&#8221;.vc_custom_1559040056638{background-color: #ffffff !important;}&#8221;][vc_column_inner width=&#8221;5\/6&#8243;][vc_custom_heading text=&#8221;\u2192 British Society for Developmental Biology (BSDB &#8211; UK)&#8221; font_container=&#8221;tag:h5|text_align:left&#8221; use_theme_fonts=&#8221;yes&#8221; css_animation=&#8221;none&#8221; link=&#8221;|||&#8221;][vc_btn title=&#8221;BSDB&#8221; style=&#8221;flat&#8221; color=&#8221;mulled-wine&#8221; size=&#8221;lg&#8221; align=&#8221;left&#8221; link=&#8221;url:http%3A%2F%2Fbsdb.org||target:%20_blank|&#8221;][\/vc_column_inner][vc_column_inner width=&#8221;1\/6&#8243;][\/vc_column_inner][\/vc_row_inner][vc_row_inner css=&#8221;.vc_custom_1559040557453{background-color: #ededed !important;}&#8221;][vc_column_inner width=&#8221;5\/6&#8243;][vc_custom_heading text=&#8221;\u2192 Sociedade Portuguesa de Biologia do Desenvolvimento (SPBD &#8211; Portugal)&#8221; font_container=&#8221;tag:h5|text_align:left&#8221; use_theme_fonts=&#8221;yes&#8221; css_animation=&#8221;none&#8221; link=&#8221;|||&#8221;][vc_btn title=&#8221;SPBD&#8221; style=&#8221;flat&#8221; color=&#8221;mulled-wine&#8221; size=&#8221;lg&#8221; align=&#8221;left&#8221; link=&#8221;url:http%3A%2F%2Fwww.spbd.pt||target:%20_blank|&#8221;][\/vc_column_inner][vc_column_inner width=&#8221;1\/6&#8243;][\/vc_column_inner][\/vc_row_inner][vc_row_inner css=&#8221;.vc_custom_1559040056638{background-color: #ffffff !important;}&#8221;][vc_column_inner width=&#8221;5\/6&#8243;][vc_custom_heading text=&#8221;\u2192 Sociedad Espa\u00f1ola de Biolog\u00eda del Desarollo (SEBD &#8211; Spain)&#8221; font_container=&#8221;tag:h5|text_align:left&#8221; use_theme_fonts=&#8221;yes&#8221; css_animation=&#8221;none&#8221; link=&#8221;|||&#8221;][vc_btn title=&#8221;SEBD&#8221; style=&#8221;flat&#8221; color=&#8221;mulled-wine&#8221; size=&#8221;lg&#8221; align=&#8221;left&#8221; link=&#8221;url:http%3A%2F%2Fsebd.es%2Fen%2F||target:%20_blank|&#8221;][\/vc_column_inner][vc_column_inner width=&#8221;1\/6&#8243;][\/vc_column_inner][\/vc_row_inner][vc_row_inner css=&#8221;.vc_custom_1559040557453{background-color: #ededed !important;}&#8221;][vc_column_inner width=&#8221;5\/6&#8243;][vc_custom_heading text=&#8221;\u2192 Japanese Society of Developmental Biologists (JSDB- Japan)&#8221; font_container=&#8221;tag:h5|text_align:left&#8221; use_theme_fonts=&#8221;yes&#8221; css_animation=&#8221;none&#8221; link=&#8221;|||&#8221;][vc_btn title=&#8221;JSDB&#8221; style=&#8221;flat&#8221; color=&#8221;mulled-wine&#8221; size=&#8221;lg&#8221; align=&#8221;left&#8221; link=&#8221;url:http%3A%2F%2Fwww.jsdb.jp%2F||target:%20_blank|&#8221;][\/vc_column_inner][vc_column_inner width=&#8221;1\/6&#8243;][\/vc_column_inner][\/vc_row_inner][\/vc_tta_section][vc_tta_section title=&#8221;French Learned Societies Related to Developmental Biology&#8221; tab_id=&#8221;1559065426384-e64cdcff-9730&#8243;][vc_row_inner][vc_column_inner width=&#8221;3\/4&#8243;][vc_custom_heading text=&#8221;\u2192 The SFBD is a founding member of the french learned societies federation&#8221; font_container=&#8221;tag:h5|text_align:left&#8221; use_theme_fonts=&#8221;yes&#8221; css_animation=&#8221;none&#8221; link=&#8221;url:https%3A%2F%2Fpintofscience.com%2F||target:%20_blank|&#8221;][vc_btn title=&#8221;Portail des Soci\u00e9t\u00e9s Savantes (in French only)&#8221; style=&#8221;flat&#8221; color=&#8221;mulled-wine&#8221; size=&#8221;lg&#8221; align=&#8221;left&#8221; link=&#8221;url:https%3A%2F%2Fsocietes-savantes.fr%2F||target:%20_blank|&#8221;][\/vc_column_inner][vc_column_inner width=&#8221;1\/4&#8243;][\/vc_column_inner][\/vc_row_inner][vc_row_inner css=&#8221;.vc_custom_1559040548004{background-color: #ededed !important;}&#8221;][vc_column_inner width=&#8221;3\/4&#8243;][vc_custom_heading text=&#8221;\u2192 Soci\u00e9t\u00e9 de Biologie Cellulaire de France&#8221; font_container=&#8221;tag:h5|text_align:left&#8221; use_theme_fonts=&#8221;yes&#8221; css_animation=&#8221;none&#8221; link=&#8221;url:https%3A%2F%2Fpintofscience.com%2F||target:%20_blank|&#8221;][vc_btn title=&#8221;SBCF&#8221; style=&#8221;flat&#8221; color=&#8221;mulled-wine&#8221; size=&#8221;lg&#8221; align=&#8221;left&#8221; link=&#8221;url:https%3A%2F%2Fsbcf.fr||target:%20_blank|&#8221;][\/vc_column_inner][vc_column_inner width=&#8221;1\/4&#8243;][\/vc_column_inner][\/vc_row_inner][vc_row_inner][vc_column_inner width=&#8221;3\/4&#8243;][vc_custom_heading text=&#8221;\u2192 Soci\u00e9t\u00e9 Fran\u00e7aise de Recherche sur les Cellules Souches&#8221; font_container=&#8221;tag:h5|text_align:left&#8221; use_theme_fonts=&#8221;yes&#8221; css_animation=&#8221;none&#8221; link=&#8221;url:https%3A%2F%2Fpintofscience.com%2F||target:%20_blank|&#8221;][vc_btn title=&#8221;FSSCR&#8221; style=&#8221;flat&#8221; color=&#8221;mulled-wine&#8221; size=&#8221;lg&#8221; align=&#8221;left&#8221; link=&#8221;url:https%3A%2F%2Ffsscr.org%2F||target:%20_blank|&#8221;][\/vc_column_inner][vc_column_inner width=&#8221;1\/4&#8243;][\/vc_column_inner][\/vc_row_inner][vc_row_inner css=&#8221;.vc_custom_1559040548004{background-color: #ededed !important;}&#8221;][vc_column_inner width=&#8221;3\/4&#8243;][vc_custom_heading text=&#8221;\u2192 The SFBD is a member of the Biog\u00e9e Federation&#8221; font_container=&#8221;tag:h5|text_align:left&#8221; use_theme_fonts=&#8221;yes&#8221; css_animation=&#8221;none&#8221; link=&#8221;||target:%20_blank|&#8221;][vc_btn title=&#8221;Biog\u00e9e&#8221; style=&#8221;flat&#8221; color=&#8221;mulled-wine&#8221; size=&#8221;lg&#8221; align=&#8221;left&#8221; link=&#8221;url:http%3A%2F%2Fwww.biogee.org%2F||target:%20_blank|&#8221;][\/vc_column_inner][vc_column_inner width=&#8221;1\/4&#8243;][\/vc_column_inner][\/vc_row_inner][\/vc_tta_section][\/vc_tta_accordion][\/vc_column][\/vc_row]<\/p>\n","protected":false},"excerpt":{"rendered":"<p>[vc_row][vc_column][vc_custom_heading text=&#8221;Partner societies&#8221; font_container=&#8221;tag:h1|text_align:left&#8221; use_theme_fonts=&#8221;yes&#8221;][vc_column_text]Please contact us if you have suggestions to update this content ![\/vc_column_text][\/vc_column][\/vc_row][vc_row][vc_column][vc_tta_accordion style=&#8221;flat&#8221; color=&#8221;black&#8221; active_section=&#8221;&#8221; no_fill=&#8221;true&#8221;][vc_tta_section&hellip;<\/p>\n","protected":false},"author":1,"featured_media":0,"parent":0,"menu_order":0,"comment_status":"closed","ping_status":"open","template":"","meta":{"footnotes":""},"yoast_head":"<!-- This site is optimized with the Yoast SEO plugin v18.2 - https:\/\/yoast.com\/wordpress\/plugins\/seo\/ -->\n<title>Partner societies - SFBD<\/title>\n<meta name=\"robots\" content=\"index, follow, max-snippet:-1, max-image-preview:large, max-video-preview:-1\" \/>\n<link rel=\"canonical\" href=\"https:\/\/sfbd.fr\/en\/partner-societies\/\" \/>\n<meta property=\"og:locale\" content=\"en_US\" \/>\n<meta property=\"og:type\" content=\"article\" \/>\n<meta property=\"og:title\" content=\"Partner societies - SFBD\" \/>\n<meta property=\"og:description\" content=\"[vc_row][vc_column][vc_custom_heading text=&#8221;Partner societies&#8221; font_container=&#8221;tag:h1|text_align:left&#8221; use_theme_fonts=&#8221;yes&#8221;][vc_column_text]Please contact us if you have suggestions to update this content ![\/vc_column_text][\/vc_column][\/vc_row][vc_row][vc_column][vc_tta_accordion style=&#8221;flat&#8221; color=&#8221;black&#8221; active_section=&#8221;&#8221; no_fill=&#8221;true&#8221;][vc_tta_section&hellip;\" \/>\n<meta property=\"og:url\" content=\"https:\/\/sfbd.fr\/en\/partner-societies\/\" \/>\n<meta property=\"og:site_name\" content=\"SFBD\" \/>\n<meta property=\"article:modified_time\" content=\"2021-01-08T09:55:43+00:00\" \/>\n<meta name=\"twitter:card\" content=\"summary_large_image\" \/>\n<meta name=\"twitter:site\" content=\"@sfbd_biodev\" \/>\n<meta name=\"twitter:label1\" content=\"Est. reading time\" \/>\n\t<meta name=\"twitter:data1\" content=\"5 minutes\" \/>\n<script type=\"application\/ld+json\" class=\"yoast-schema-graph\">{\"@context\":\"https:\/\/schema.org\",\"@graph\":[{\"@type\":\"Organization\",\"@id\":\"https:\/\/sfbd.fr\/en\/#organization\",\"name\":\"Soci\u00e9t\u00e9 Fran\u00e7aise de Biologie du D\u00e9veloppement\",\"url\":\"https:\/\/sfbd.fr\/en\/\",\"sameAs\":[\"https:\/\/twitter.com\/sfbd_biodev\"],\"logo\":{\"@type\":\"ImageObject\",\"@id\":\"https:\/\/sfbd.fr\/en\/#logo\",\"inLanguage\":\"en-US\",\"url\":\"https:\/\/sfbd.fr\/wp-content\/uploads\/2019\/11\/Favicon.jpg\",\"contentUrl\":\"https:\/\/sfbd.fr\/wp-content\/uploads\/2019\/11\/Favicon.jpg\",\"width\":1324,\"height\":1324,\"caption\":\"Soci\u00e9t\u00e9 Fran\u00e7aise de Biologie du D\u00e9veloppement\"},\"image\":{\"@id\":\"https:\/\/sfbd.fr\/en\/#logo\"}},{\"@type\":\"WebSite\",\"@id\":\"https:\/\/sfbd.fr\/en\/#website\",\"url\":\"https:\/\/sfbd.fr\/en\/\",\"name\":\"Soci\u00e9t\u00e9 Fran\u00e7aise de Biologie du D\u00e9veloppement\",\"description\":\"\",\"publisher\":{\"@id\":\"https:\/\/sfbd.fr\/en\/#organization\"},\"potentialAction\":[{\"@type\":\"SearchAction\",\"target\":{\"@type\":\"EntryPoint\",\"urlTemplate\":\"https:\/\/sfbd.fr\/en\/?s={search_term_string}\"},\"query-input\":\"required name=search_term_string\"}],\"inLanguage\":\"en-US\"},{\"@type\":\"WebPage\",\"@id\":\"https:\/\/sfbd.fr\/en\/partner-societies\/#webpage\",\"url\":\"https:\/\/sfbd.fr\/en\/partner-societies\/\",\"name\":\"Partner societies - SFBD\",\"isPartOf\":{\"@id\":\"https:\/\/sfbd.fr\/en\/#website\"},\"datePublished\":\"2019-05-28T17:42:30+00:00\",\"dateModified\":\"2021-01-08T09:55:43+00:00\",\"breadcrumb\":{\"@id\":\"https:\/\/sfbd.fr\/en\/partner-societies\/#breadcrumb\"},\"inLanguage\":\"en-US\",\"potentialAction\":[{\"@type\":\"ReadAction\",\"target\":[\"https:\/\/sfbd.fr\/en\/partner-societies\/\"]}]},{\"@type\":\"BreadcrumbList\",\"@id\":\"https:\/\/sfbd.fr\/en\/partner-societies\/#breadcrumb\",\"itemListElement\":[{\"@type\":\"ListItem\",\"position\":1,\"name\":\"Accueil\",\"item\":\"https:\/\/sfbd.fr\/en\/\"},{\"@type\":\"ListItem\",\"position\":2,\"name\":\"Partner societies\"}]}]}<\/script>\n<!-- \/ Yoast SEO plugin. -->","yoast_head_json":{"title":"Partner societies - SFBD","robots":{"index":"index","follow":"follow","max-snippet":"max-snippet:-1","max-image-preview":"max-image-preview:large","max-video-preview":"max-video-preview:-1"},"canonical":"https:\/\/sfbd.fr\/en\/partner-societies\/","og_locale":"en_US","og_type":"article","og_title":"Partner societies - SFBD","og_description":"[vc_row][vc_column][vc_custom_heading text=&#8221;Partner societies&#8221; font_container=&#8221;tag:h1|text_align:left&#8221; use_theme_fonts=&#8221;yes&#8221;][vc_column_text]Please contact us if you have suggestions to update this content ![\/vc_column_text][\/vc_column][\/vc_row][vc_row][vc_column][vc_tta_accordion style=&#8221;flat&#8221; color=&#8221;black&#8221; active_section=&#8221;&#8221; no_fill=&#8221;true&#8221;][vc_tta_section&hellip;","og_url":"https:\/\/sfbd.fr\/en\/partner-societies\/","og_site_name":"SFBD","article_modified_time":"2021-01-08T09:55:43+00:00","twitter_card":"summary_large_image","twitter_site":"@sfbd_biodev","twitter_misc":{"Est. reading time":"5 minutes"},"schema":{"@context":"https:\/\/schema.org","@graph":[{"@type":"Organization","@id":"https:\/\/sfbd.fr\/en\/#organization","name":"Soci\u00e9t\u00e9 Fran\u00e7aise de Biologie du D\u00e9veloppement","url":"https:\/\/sfbd.fr\/en\/","sameAs":["https:\/\/twitter.com\/sfbd_biodev"],"logo":{"@type":"ImageObject","@id":"https:\/\/sfbd.fr\/en\/#logo","inLanguage":"en-US","url":"https:\/\/sfbd.fr\/wp-content\/uploads\/2019\/11\/Favicon.jpg","contentUrl":"https:\/\/sfbd.fr\/wp-content\/uploads\/2019\/11\/Favicon.jpg","width":1324,"height":1324,"caption":"Soci\u00e9t\u00e9 Fran\u00e7aise de Biologie du D\u00e9veloppement"},"image":{"@id":"https:\/\/sfbd.fr\/en\/#logo"}},{"@type":"WebSite","@id":"https:\/\/sfbd.fr\/en\/#website","url":"https:\/\/sfbd.fr\/en\/","name":"Soci\u00e9t\u00e9 Fran\u00e7aise de Biologie du D\u00e9veloppement","description":"","publisher":{"@id":"https:\/\/sfbd.fr\/en\/#organization"},"potentialAction":[{"@type":"SearchAction","target":{"@type":"EntryPoint","urlTemplate":"https:\/\/sfbd.fr\/en\/?s={search_term_string}"},"query-input":"required name=search_term_string"}],"inLanguage":"en-US"},{"@type":"WebPage","@id":"https:\/\/sfbd.fr\/en\/partner-societies\/#webpage","url":"https:\/\/sfbd.fr\/en\/partner-societies\/","name":"Partner societies - SFBD","isPartOf":{"@id":"https:\/\/sfbd.fr\/en\/#website"},"datePublished":"2019-05-28T17:42:30+00:00","dateModified":"2021-01-08T09:55:43+00:00","breadcrumb":{"@id":"https:\/\/sfbd.fr\/en\/partner-societies\/#breadcrumb"},"inLanguage":"en-US","potentialAction":[{"@type":"ReadAction","target":["https:\/\/sfbd.fr\/en\/partner-societies\/"]}]},{"@type":"BreadcrumbList","@id":"https:\/\/sfbd.fr\/en\/partner-societies\/#breadcrumb","itemListElement":[{"@type":"ListItem","position":1,"name":"Accueil","item":"https:\/\/sfbd.fr\/en\/"},{"@type":"ListItem","position":2,"name":"Partner societies"}]}]}},"_links":{"self":[{"href":"https:\/\/sfbd.fr\/en\/wp-json\/wp\/v2\/pages\/3971"}],"collection":[{"href":"https:\/\/sfbd.fr\/en\/wp-json\/wp\/v2\/pages"}],"about":[{"href":"https:\/\/sfbd.fr\/en\/wp-json\/wp\/v2\/types\/page"}],"author":[{"embeddable":true,"href":"https:\/\/sfbd.fr\/en\/wp-json\/wp\/v2\/users\/1"}],"replies":[{"embeddable":true,"href":"https:\/\/sfbd.fr\/en\/wp-json\/wp\/v2\/comments?post=3971"}],"version-history":[{"count":8,"href":"https:\/\/sfbd.fr\/en\/wp-json\/wp\/v2\/pages\/3971\/revisions"}],"predecessor-version":[{"id":7172,"href":"https:\/\/sfbd.fr\/en\/wp-json\/wp\/v2\/pages\/3971\/revisions\/7172"}],"wp:attachment":[{"href":"https:\/\/sfbd.fr\/en\/wp-json\/wp\/v2\/media?parent=3971"}],"curies":[{"name":"wp","href":"https:\/\/api.w.org\/{rel}","templated":true}]}}