{"id":3990,"date":"2017-06-13T08:14:22","date_gmt":"2017-06-13T08:14:22","guid":{"rendered":"https:\/\/sfbd.fr\/contact\/"},"modified":"2024-01-12T17:44:53","modified_gmt":"2024-01-12T16:44:53","slug":"contact","status":"publish","type":"page","link":"https:\/\/sfbd.fr\/en\/contact\/","title":{"rendered":"Contact"},"content":{"rendered":"<p>[vc_section full_width=&#8221;stretch_row&#8221; video_bg=&#8221;yes&#8221; video_bg_url=&#8221;https:\/\/www.youtube.com\/watch?v=jCwNk4UjDxY&#8221; css=&#8221;.vc_custom_1499245638498{padding-top: 20vh !important;padding-bottom: 20vh !important;background-color: #d1d1d1 !important;background-position: center !important;background-repeat: no-repeat !important;background-size: cover !important;}&#8221;][vc_row][vc_column offset=&#8221;vc_col-lg-offset-2 vc_col-lg-8 vc_col-md-offset-2 vc_col-md-8&#8243;][vc_icon type=&#8221;linecons&#8221; icon_linecons=&#8221;vc_li vc_li-location&#8221; color=&#8221;white&#8221; align=&#8221;center&#8221; css=&#8221;.vc_custom_1499068255067{margin-bottom: 15px !important;}&#8221;][vc_custom_heading text=&#8221;Contact us&#8221; font_container=&#8221;tag:h2|font_size:40px|text_align:center|color:%23ffffff|line_height:42px&#8221; google_fonts=&#8221;font_family:Raleway%3A100%2C200%2C300%2Cregular%2C500%2C600%2C700%2C800%2C900|font_style:900%20bold%20regular%3A900%3Anormal&#8221; css=&#8221;.vc_custom_1574096247050{margin-top: 0px !important;margin-bottom: 20px !important;}&#8221;][\/vc_column][\/vc_row][\/vc_section][vc_section full_width=&#8221;stretch_row&#8221; css=&#8221;.vc_custom_1499070262500{padding-top: 45px !important;padding-bottom: 65px !important;}&#8221;][vc_row equal_height=&#8221;yes&#8221; css=&#8221;.vc_custom_1499074674440{margin-top: 30px !important;}&#8221;][vc_column width=&#8221;1\/2&#8243; css=&#8221;.vc_custom_1499134077238{border-top-width: 3px !important;border-right-width: 3px !important;border-bottom-width: 3px !important;border-left-width: 3px !important;padding-top: 30px !important;padding-right: 50px !important;padding-bottom: 30px !important;padding-left: 50px !important;background-color: #ffffff !important;background-position: center !important;background-repeat: no-repeat !important;background-size: cover !important;border-left-color: #fafafa !important;border-left-style: solid !important;border-right-color: #fafafa !important;border-right-style: solid !important;border-top-color: #fafafa !important;border-top-style: solid !important;border-bottom-color: #fafafa !important;border-bottom-style: solid !important;}&#8221; el_class=&#8221;style-ninja-form-inner-custom-ui&#8221;][vc_icon type=&#8221;linecons&#8221; icon_linecons=&#8221;vc_li vc_li-mail&#8221; color=&#8221;custom&#8221; align=&#8221;center&#8221; custom_color=&#8221;#d3d3d3&#8243; css=&#8221;.vc_custom_1498806520443{margin-bottom: 0px !important;}&#8221;][vc_custom_heading text=&#8221;Email&#8221; font_container=&#8221;tag:h4|font_size:20px|text_align:center|line_height:24px&#8221; use_theme_fonts=&#8221;yes&#8221;][vc_column_text]<\/p>\n<h5 style=\"text-align: center;\"><a href=\"mailto:sfbd@sfbd.fr\" target=\"_blank\" rel=\"noopener noreferrer\">sfbd@sfbd.fr<\/a><\/h5>\n<h5 style=\"text-align: center;\">For all questions related to membership, payement, creation of an account, job adverts<\/h5>\n<p>&nbsp;<\/p>\n<p style=\"text-align: center;\"><a class=\"c-link\" href=\"mailto:website@sfbd.fr\" target=\"_blank\" rel=\"noopener noreferrer\">website@sfbd.fr<\/a> : for suggestions on the website contents<\/p>\n<p style=\"text-align: center;\"><a class=\"c-link\" href=\"mailto:prix-these@sfbd.fr\" target=\"_blank\" rel=\"noopener noreferrer\">prix-these@sfbd.fr<\/a> : for specific questions on the thesis prize application<\/p>\n<p style=\"text-align: center;\"><a class=\"c-link\" href=\"mailto:bourses-voyages@sfbd.fr\" target=\"_blank\" rel=\"noopener noreferrer\">bourses-voyages@sfbd.fr<\/a> : for specific questions on travel grant applications<\/p>\n<p style=\"text-align: center;\"><a class=\"c-link\" href=\"mailto:soutien-evenements@sfbd.fr\" target=\"_blank\" rel=\"noopener noreferrer\">soutien-evenements@sfbd.fr<\/a> : for specific questions on our support to organize scientific events<\/p>\n<p style=\"text-align: center;\"><a class=\"c-link\" href=\"mailto:presidence@sfbd.fr\" target=\"_blank\" rel=\"noopener noreferrer\">presidence@sfbd.fr<\/a> : for general issues of the society and partnership<\/p>\n<p style=\"text-align: center;\"><a class=\"c-link\" href=\"mailto:elections@sfbd.fr\" target=\"_blank\" rel=\"noopener noreferrer\">elections@sfbd.fr<\/a> : for specific questions on the yearly elections of the advisory board<\/p>\n<p>[\/vc_column_text][vc_empty_space][\/vc_column][vc_column width=&#8221;1\/2&#8243; css=&#8221;.vc_custom_1498807227604{background-color: #fafafa !important;}&#8221;][vc_icon type=&#8221;linecons&#8221; icon_linecons=&#8221;vc_li vc_li-location&#8221; color=&#8221;custom&#8221; align=&#8221;center&#8221; custom_color=&#8221;#d3d3d3&#8243; css=&#8221;.vc_custom_1498806007781{margin-bottom: 0px !important;}&#8221;][vc_custom_heading text=&#8221;Adresse pour Correspondance et Gestion&#8221; font_container=&#8221;tag:h4|font_size:20px|text_align:center|line_height:24px&#8221; use_theme_fonts=&#8221;yes&#8221;][vc_custom_heading text=&#8221;Claire Chazaud, Institut GReD, INSERM 1103\/CNRS 6293<br \/>\nUniversit\u00e9 Clermont Auvergne, UFR M\u00e9decine<br \/>\nCRBC, room 415<br \/>\n28 place Dunant<br \/>\n63000 Clermont-Ferrand &#8221; font_container=&#8221;tag:p|text_align:center|color:%237f7f7f&#8221; google_fonts=&#8221;font_family:Raleway%3A100%2C200%2C300%2Cregular%2C500%2C600%2C700%2C800%2C900|font_style:300%20light%20regular%3A300%3Anormal&#8221;][vc_empty_space][vc_icon type=&#8221;linecons&#8221; icon_linecons=&#8221;vc_li vc_li-location&#8221; color=&#8221;custom&#8221; align=&#8221;center&#8221; custom_color=&#8221;#d3d3d3&#8243; css=&#8221;.vc_custom_1498806007781{margin-bottom: 0px !important;}&#8221;][vc_custom_heading text=&#8221;Adresse du Si\u00e8ge Social&#8221; font_container=&#8221;tag:h4|font_size:20px|text_align:center|line_height:24px&#8221; use_theme_fonts=&#8221;yes&#8221;][vc_custom_heading text=&#8221;Institut de Biologie du D\u00e9veloppement de Marseille<br \/>\nIBDM, case 907, Parc Scientifique de Luminy<br \/>\n13288 Marseille cedex 9&#8243; font_container=&#8221;tag:p|text_align:center|color:%237f7f7f&#8221; google_fonts=&#8221;font_family:Raleway%3A100%2C200%2C300%2Cregular%2C500%2C600%2C700%2C800%2C900|font_style:300%20light%20regular%3A300%3Anormal&#8221;][vc_empty_space][\/vc_column][\/vc_row][\/vc_section]<\/p>\n","protected":false},"excerpt":{"rendered":"<p>[vc_section full_width=&#8221;stretch_row&#8221; video_bg=&#8221;yes&#8221; video_bg_url=&#8221;https:\/\/www.youtube.com\/watch?v=jCwNk4UjDxY&#8221; css=&#8221;.vc_custom_1499245638498{padding-top: 20vh !important;padding-bottom: 20vh !important;background-color: #d1d1d1 !important;background-position: center !important;background-repeat: no-repeat !important;background-size: cover !important;}&#8221;][vc_row][vc_column offset=&#8221;vc_col-lg-offset-2 vc_col-lg-8 vc_col-md-offset-2&hellip;<\/p>\n","protected":false},"author":1,"featured_media":0,"parent":0,"menu_order":0,"comment_status":"closed","ping_status":"closed","template":"visual-builder-template.php","meta":{"footnotes":""},"yoast_head":"<!-- This site is optimized with the Yoast SEO plugin v18.2 - https:\/\/yoast.com\/wordpress\/plugins\/seo\/ -->\n<title>Contact - SFBD<\/title>\n<meta name=\"robots\" content=\"index, follow, max-snippet:-1, max-image-preview:large, max-video-preview:-1\" \/>\n<link rel=\"canonical\" href=\"https:\/\/sfbd.fr\/en\/contact\/\" \/>\n<meta property=\"og:locale\" content=\"en_US\" \/>\n<meta property=\"og:type\" content=\"article\" \/>\n<meta property=\"og:title\" content=\"Contact - SFBD\" \/>\n<meta property=\"og:description\" content=\"[vc_section full_width=&#8221;stretch_row&#8221; video_bg=&#8221;yes&#8221; video_bg_url=&#8221;https:\/\/www.youtube.com\/watch?v=jCwNk4UjDxY&#8221; css=&#8221;.vc_custom_1499245638498{padding-top: 20vh !important;padding-bottom: 20vh !important;background-color: #d1d1d1 !important;background-position: center !important;background-repeat: no-repeat !important;background-size: cover !important;}&#8221;][vc_row][vc_column offset=&#8221;vc_col-lg-offset-2 vc_col-lg-8 vc_col-md-offset-2&hellip;\" \/>\n<meta property=\"og:url\" content=\"https:\/\/sfbd.fr\/en\/contact\/\" \/>\n<meta property=\"og:site_name\" content=\"SFBD\" \/>\n<meta property=\"article:modified_time\" content=\"2024-01-12T16:44:53+00:00\" \/>\n<meta name=\"twitter:card\" content=\"summary_large_image\" \/>\n<meta name=\"twitter:site\" content=\"@sfbd_biodev\" \/>\n<meta name=\"twitter:label1\" content=\"Est. reading time\" \/>\n\t<meta name=\"twitter:data1\" content=\"2 minutes\" \/>\n<script type=\"application\/ld+json\" class=\"yoast-schema-graph\">{\"@context\":\"https:\/\/schema.org\",\"@graph\":[{\"@type\":\"Organization\",\"@id\":\"https:\/\/sfbd.fr\/en\/#organization\",\"name\":\"Soci\u00e9t\u00e9 Fran\u00e7aise de Biologie du D\u00e9veloppement\",\"url\":\"https:\/\/sfbd.fr\/en\/\",\"sameAs\":[\"https:\/\/twitter.com\/sfbd_biodev\"],\"logo\":{\"@type\":\"ImageObject\",\"@id\":\"https:\/\/sfbd.fr\/en\/#logo\",\"inLanguage\":\"en-US\",\"url\":\"https:\/\/sfbd.fr\/wp-content\/uploads\/2019\/11\/Favicon.jpg\",\"contentUrl\":\"https:\/\/sfbd.fr\/wp-content\/uploads\/2019\/11\/Favicon.jpg\",\"width\":1324,\"height\":1324,\"caption\":\"Soci\u00e9t\u00e9 Fran\u00e7aise de Biologie du D\u00e9veloppement\"},\"image\":{\"@id\":\"https:\/\/sfbd.fr\/en\/#logo\"}},{\"@type\":\"WebSite\",\"@id\":\"https:\/\/sfbd.fr\/en\/#website\",\"url\":\"https:\/\/sfbd.fr\/en\/\",\"name\":\"Soci\u00e9t\u00e9 Fran\u00e7aise de Biologie du D\u00e9veloppement\",\"description\":\"\",\"publisher\":{\"@id\":\"https:\/\/sfbd.fr\/en\/#organization\"},\"potentialAction\":[{\"@type\":\"SearchAction\",\"target\":{\"@type\":\"EntryPoint\",\"urlTemplate\":\"https:\/\/sfbd.fr\/en\/?s={search_term_string}\"},\"query-input\":\"required name=search_term_string\"}],\"inLanguage\":\"en-US\"},{\"@type\":\"WebPage\",\"@id\":\"https:\/\/sfbd.fr\/en\/contact\/#webpage\",\"url\":\"https:\/\/sfbd.fr\/en\/contact\/\",\"name\":\"Contact - SFBD\",\"isPartOf\":{\"@id\":\"https:\/\/sfbd.fr\/en\/#website\"},\"datePublished\":\"2017-06-13T08:14:22+00:00\",\"dateModified\":\"2024-01-12T16:44:53+00:00\",\"breadcrumb\":{\"@id\":\"https:\/\/sfbd.fr\/en\/contact\/#breadcrumb\"},\"inLanguage\":\"en-US\",\"potentialAction\":[{\"@type\":\"ReadAction\",\"target\":[\"https:\/\/sfbd.fr\/en\/contact\/\"]}]},{\"@type\":\"BreadcrumbList\",\"@id\":\"https:\/\/sfbd.fr\/en\/contact\/#breadcrumb\",\"itemListElement\":[{\"@type\":\"ListItem\",\"position\":1,\"name\":\"Accueil\",\"item\":\"https:\/\/sfbd.fr\/en\/\"},{\"@type\":\"ListItem\",\"position\":2,\"name\":\"Contact\"}]}]}<\/script>\n<!-- \/ Yoast SEO plugin. -->","yoast_head_json":{"title":"Contact - SFBD","robots":{"index":"index","follow":"follow","max-snippet":"max-snippet:-1","max-image-preview":"max-image-preview:large","max-video-preview":"max-video-preview:-1"},"canonical":"https:\/\/sfbd.fr\/en\/contact\/","og_locale":"en_US","og_type":"article","og_title":"Contact - SFBD","og_description":"[vc_section full_width=&#8221;stretch_row&#8221; video_bg=&#8221;yes&#8221; video_bg_url=&#8221;https:\/\/www.youtube.com\/watch?v=jCwNk4UjDxY&#8221; css=&#8221;.vc_custom_1499245638498{padding-top: 20vh !important;padding-bottom: 20vh !important;background-color: #d1d1d1 !important;background-position: center !important;background-repeat: no-repeat !important;background-size: cover !important;}&#8221;][vc_row][vc_column offset=&#8221;vc_col-lg-offset-2 vc_col-lg-8 vc_col-md-offset-2&hellip;","og_url":"https:\/\/sfbd.fr\/en\/contact\/","og_site_name":"SFBD","article_modified_time":"2024-01-12T16:44:53+00:00","twitter_card":"summary_large_image","twitter_site":"@sfbd_biodev","twitter_misc":{"Est. reading time":"2 minutes"},"schema":{"@context":"https:\/\/schema.org","@graph":[{"@type":"Organization","@id":"https:\/\/sfbd.fr\/en\/#organization","name":"Soci\u00e9t\u00e9 Fran\u00e7aise de Biologie du D\u00e9veloppement","url":"https:\/\/sfbd.fr\/en\/","sameAs":["https:\/\/twitter.com\/sfbd_biodev"],"logo":{"@type":"ImageObject","@id":"https:\/\/sfbd.fr\/en\/#logo","inLanguage":"en-US","url":"https:\/\/sfbd.fr\/wp-content\/uploads\/2019\/11\/Favicon.jpg","contentUrl":"https:\/\/sfbd.fr\/wp-content\/uploads\/2019\/11\/Favicon.jpg","width":1324,"height":1324,"caption":"Soci\u00e9t\u00e9 Fran\u00e7aise de Biologie du D\u00e9veloppement"},"image":{"@id":"https:\/\/sfbd.fr\/en\/#logo"}},{"@type":"WebSite","@id":"https:\/\/sfbd.fr\/en\/#website","url":"https:\/\/sfbd.fr\/en\/","name":"Soci\u00e9t\u00e9 Fran\u00e7aise de Biologie du D\u00e9veloppement","description":"","publisher":{"@id":"https:\/\/sfbd.fr\/en\/#organization"},"potentialAction":[{"@type":"SearchAction","target":{"@type":"EntryPoint","urlTemplate":"https:\/\/sfbd.fr\/en\/?s={search_term_string}"},"query-input":"required name=search_term_string"}],"inLanguage":"en-US"},{"@type":"WebPage","@id":"https:\/\/sfbd.fr\/en\/contact\/#webpage","url":"https:\/\/sfbd.fr\/en\/contact\/","name":"Contact - SFBD","isPartOf":{"@id":"https:\/\/sfbd.fr\/en\/#website"},"datePublished":"2017-06-13T08:14:22+00:00","dateModified":"2024-01-12T16:44:53+00:00","breadcrumb":{"@id":"https:\/\/sfbd.fr\/en\/contact\/#breadcrumb"},"inLanguage":"en-US","potentialAction":[{"@type":"ReadAction","target":["https:\/\/sfbd.fr\/en\/contact\/"]}]},{"@type":"BreadcrumbList","@id":"https:\/\/sfbd.fr\/en\/contact\/#breadcrumb","itemListElement":[{"@type":"ListItem","position":1,"name":"Accueil","item":"https:\/\/sfbd.fr\/en\/"},{"@type":"ListItem","position":2,"name":"Contact"}]}]}},"_links":{"self":[{"href":"https:\/\/sfbd.fr\/en\/wp-json\/wp\/v2\/pages\/3990"}],"collection":[{"href":"https:\/\/sfbd.fr\/en\/wp-json\/wp\/v2\/pages"}],"about":[{"href":"https:\/\/sfbd.fr\/en\/wp-json\/wp\/v2\/types\/page"}],"author":[{"embeddable":true,"href":"https:\/\/sfbd.fr\/en\/wp-json\/wp\/v2\/users\/1"}],"replies":[{"embeddable":true,"href":"https:\/\/sfbd.fr\/en\/wp-json\/wp\/v2\/comments?post=3990"}],"version-history":[{"count":9,"href":"https:\/\/sfbd.fr\/en\/wp-json\/wp\/v2\/pages\/3990\/revisions"}],"predecessor-version":[{"id":12613,"href":"https:\/\/sfbd.fr\/en\/wp-json\/wp\/v2\/pages\/3990\/revisions\/12613"}],"wp:attachment":[{"href":"https:\/\/sfbd.fr\/en\/wp-json\/wp\/v2\/media?parent=3990"}],"curies":[{"name":"wp","href":"https:\/\/api.w.org\/{rel}","templated":true}]}}