{"id":4003,"date":"2019-05-28T20:35:27","date_gmt":"2019-05-28T18:35:27","guid":{"rendered":"https:\/\/sfbd.fr\/actualites\/"},"modified":"2020-07-20T17:27:56","modified_gmt":"2020-07-20T15:27:56","slug":"news","status":"publish","type":"page","link":"https:\/\/sfbd.fr\/en\/news\/","title":{"rendered":"News"},"content":{"rendered":"<p>[vc_row][vc_column][vc_basic_grid post_type=&#8221;post&#8221; max_items=&#8221;-1&#8243; style=&#8221;pagination&#8221; items_per_page=&#8221;8&#8243; show_filter=&#8221;yes&#8221; element_width=&#8221;6&#8243; filter_style=&#8221;default-less-rounded&#8221; filter_default_title=&#8221;All&#8221; filter_color=&#8221;juicy_pink&#8221; arrows_design=&#8221;vc_arrow-icon-arrow_05_left&#8221; arrows_color=&#8221;juicy_pink&#8221; paging_design=&#8221;pagination_square&#8221; paging_color=&#8221;juicy_pink&#8221; item=&#8221;6352&#8243; grid_id=&#8221;vc_gid:1595258574437-f423a5f3-5e8a-1&#8243; filter_source=&#8221;category&#8221; exclude=&#8221;1567, 1565, 1563, 1561&#8243;][\/vc_column][\/vc_row]<\/p>\n","protected":false},"excerpt":{"rendered":"<p>[vc_row][vc_column][vc_basic_grid post_type=&#8221;post&#8221; max_items=&#8221;-1&#8243; style=&#8221;pagination&#8221; items_per_page=&#8221;8&#8243; show_filter=&#8221;yes&#8221; element_width=&#8221;6&#8243; filter_style=&#8221;default-less-rounded&#8221; filter_default_title=&#8221;All&#8221; filter_color=&#8221;juicy_pink&#8221; arrows_design=&#8221;vc_arrow-icon-arrow_05_left&#8221; arrows_color=&#8221;juicy_pink&#8221; paging_design=&#8221;pagination_square&#8221; paging_color=&#8221;juicy_pink&#8221; item=&#8221;6352&#8243; grid_id=&#8221;vc_gid:1595258574437-f423a5f3-5e8a-1&#8243; filter_source=&#8221;category&#8221; exclude=&#8221;1567, 1565, 1563,&hellip;<\/p>\n","protected":false},"author":1,"featured_media":0,"parent":0,"menu_order":0,"comment_status":"closed","ping_status":"closed","template":"","meta":{"footnotes":""},"yoast_head":"<!-- This site is optimized with the Yoast SEO plugin v18.2 - https:\/\/yoast.com\/wordpress\/plugins\/seo\/ -->\n<title>News - SFBD<\/title>\n<meta name=\"robots\" content=\"index, follow, max-snippet:-1, max-image-preview:large, max-video-preview:-1\" \/>\n<link rel=\"canonical\" href=\"https:\/\/sfbd.fr\/en\/news\/\" \/>\n<meta property=\"og:locale\" content=\"en_US\" \/>\n<meta property=\"og:type\" content=\"article\" \/>\n<meta property=\"og:title\" content=\"News - SFBD\" \/>\n<meta property=\"og:description\" content=\"[vc_row][vc_column][vc_basic_grid post_type=&#8221;post&#8221; max_items=&#8221;-1&#8243; style=&#8221;pagination&#8221; items_per_page=&#8221;8&#8243; show_filter=&#8221;yes&#8221; element_width=&#8221;6&#8243; filter_style=&#8221;default-less-rounded&#8221; filter_default_title=&#8221;All&#8221; filter_color=&#8221;juicy_pink&#8221; arrows_design=&#8221;vc_arrow-icon-arrow_05_left&#8221; arrows_color=&#8221;juicy_pink&#8221; paging_design=&#8221;pagination_square&#8221; paging_color=&#8221;juicy_pink&#8221; item=&#8221;6352&#8243; grid_id=&#8221;vc_gid:1595258574437-f423a5f3-5e8a-1&#8243; filter_source=&#8221;category&#8221; exclude=&#8221;1567, 1565, 1563,&hellip;\" \/>\n<meta property=\"og:url\" content=\"https:\/\/sfbd.fr\/en\/news\/\" \/>\n<meta property=\"og:site_name\" content=\"SFBD\" \/>\n<meta property=\"article:modified_time\" content=\"2020-07-20T15:27:56+00:00\" \/>\n<meta name=\"twitter:card\" content=\"summary_large_image\" \/>\n<meta name=\"twitter:image\" content=\"https:\/\/sfbd.fr\/wp-content\/uploads\/2019\/06\/Vernoux-lab_credit_Carlos_Galvan-Ampudia.jpg\" \/>\n<meta name=\"twitter:site\" content=\"@sfbd_biodev\" \/>\n<script type=\"application\/ld+json\" class=\"yoast-schema-graph\">{\"@context\":\"https:\/\/schema.org\",\"@graph\":[{\"@type\":\"Organization\",\"@id\":\"https:\/\/sfbd.fr\/en\/#organization\",\"name\":\"Soci\u00e9t\u00e9 Fran\u00e7aise de Biologie du D\u00e9veloppement\",\"url\":\"https:\/\/sfbd.fr\/en\/\",\"sameAs\":[\"https:\/\/twitter.com\/sfbd_biodev\"],\"logo\":{\"@type\":\"ImageObject\",\"@id\":\"https:\/\/sfbd.fr\/en\/#logo\",\"inLanguage\":\"en-US\",\"url\":\"https:\/\/sfbd.fr\/wp-content\/uploads\/2019\/11\/Favicon.jpg\",\"contentUrl\":\"https:\/\/sfbd.fr\/wp-content\/uploads\/2019\/11\/Favicon.jpg\",\"width\":1324,\"height\":1324,\"caption\":\"Soci\u00e9t\u00e9 Fran\u00e7aise de Biologie du D\u00e9veloppement\"},\"image\":{\"@id\":\"https:\/\/sfbd.fr\/en\/#logo\"}},{\"@type\":\"WebSite\",\"@id\":\"https:\/\/sfbd.fr\/en\/#website\",\"url\":\"https:\/\/sfbd.fr\/en\/\",\"name\":\"Soci\u00e9t\u00e9 Fran\u00e7aise de Biologie du D\u00e9veloppement\",\"description\":\"\",\"publisher\":{\"@id\":\"https:\/\/sfbd.fr\/en\/#organization\"},\"potentialAction\":[{\"@type\":\"SearchAction\",\"target\":{\"@type\":\"EntryPoint\",\"urlTemplate\":\"https:\/\/sfbd.fr\/en\/?s={search_term_string}\"},\"query-input\":\"required name=search_term_string\"}],\"inLanguage\":\"en-US\"},{\"@type\":\"ImageObject\",\"@id\":\"https:\/\/sfbd.fr\/en\/news\/#primaryimage\",\"inLanguage\":\"en-US\",\"url\":\"https:\/\/sfbd.fr\/wp-content\/uploads\/2019\/06\/Vernoux-lab_credit_Carlos_Galvan-Ampudia.jpg\",\"contentUrl\":\"https:\/\/sfbd.fr\/wp-content\/uploads\/2019\/06\/Vernoux-lab_credit_Carlos_Galvan-Ampudia.jpg\",\"width\":1000,\"height\":1000,\"caption\":\"The shoot apex of the thale cress (Arabidopsis thaliana). Undifferentiated stem cells (yellow to orange nuclei) at the center of the apex are surrounded by flowers at different stages of development. Rhythmic and sequential cell differentiation through the action of the phytohomone auxin (blue nuclei) activates genes that lead to the formation of flowers. Purple shows the cellular structure of the tissue.\"},{\"@type\":\"WebPage\",\"@id\":\"https:\/\/sfbd.fr\/en\/news\/#webpage\",\"url\":\"https:\/\/sfbd.fr\/en\/news\/\",\"name\":\"News - SFBD\",\"isPartOf\":{\"@id\":\"https:\/\/sfbd.fr\/en\/#website\"},\"datePublished\":\"2019-05-28T18:35:27+00:00\",\"dateModified\":\"2020-07-20T15:27:56+00:00\",\"breadcrumb\":{\"@id\":\"https:\/\/sfbd.fr\/en\/news\/#breadcrumb\"},\"inLanguage\":\"en-US\",\"potentialAction\":[{\"@type\":\"ReadAction\",\"target\":[\"https:\/\/sfbd.fr\/en\/news\/\"]}]},{\"@type\":\"BreadcrumbList\",\"@id\":\"https:\/\/sfbd.fr\/en\/news\/#breadcrumb\",\"itemListElement\":[{\"@type\":\"ListItem\",\"position\":1,\"name\":\"Accueil\",\"item\":\"https:\/\/sfbd.fr\/en\/\"},{\"@type\":\"ListItem\",\"position\":2,\"name\":\"News\"}]}]}<\/script>\n<!-- \/ Yoast SEO plugin. -->","yoast_head_json":{"title":"News - SFBD","robots":{"index":"index","follow":"follow","max-snippet":"max-snippet:-1","max-image-preview":"max-image-preview:large","max-video-preview":"max-video-preview:-1"},"canonical":"https:\/\/sfbd.fr\/en\/news\/","og_locale":"en_US","og_type":"article","og_title":"News - SFBD","og_description":"[vc_row][vc_column][vc_basic_grid post_type=&#8221;post&#8221; max_items=&#8221;-1&#8243; style=&#8221;pagination&#8221; items_per_page=&#8221;8&#8243; show_filter=&#8221;yes&#8221; element_width=&#8221;6&#8243; filter_style=&#8221;default-less-rounded&#8221; filter_default_title=&#8221;All&#8221; filter_color=&#8221;juicy_pink&#8221; arrows_design=&#8221;vc_arrow-icon-arrow_05_left&#8221; arrows_color=&#8221;juicy_pink&#8221; paging_design=&#8221;pagination_square&#8221; paging_color=&#8221;juicy_pink&#8221; item=&#8221;6352&#8243; grid_id=&#8221;vc_gid:1595258574437-f423a5f3-5e8a-1&#8243; filter_source=&#8221;category&#8221; exclude=&#8221;1567, 1565, 1563,&hellip;","og_url":"https:\/\/sfbd.fr\/en\/news\/","og_site_name":"SFBD","article_modified_time":"2020-07-20T15:27:56+00:00","twitter_card":"summary_large_image","twitter_image":"https:\/\/sfbd.fr\/wp-content\/uploads\/2019\/06\/Vernoux-lab_credit_Carlos_Galvan-Ampudia.jpg","twitter_site":"@sfbd_biodev","schema":{"@context":"https:\/\/schema.org","@graph":[{"@type":"Organization","@id":"https:\/\/sfbd.fr\/en\/#organization","name":"Soci\u00e9t\u00e9 Fran\u00e7aise de Biologie du D\u00e9veloppement","url":"https:\/\/sfbd.fr\/en\/","sameAs":["https:\/\/twitter.com\/sfbd_biodev"],"logo":{"@type":"ImageObject","@id":"https:\/\/sfbd.fr\/en\/#logo","inLanguage":"en-US","url":"https:\/\/sfbd.fr\/wp-content\/uploads\/2019\/11\/Favicon.jpg","contentUrl":"https:\/\/sfbd.fr\/wp-content\/uploads\/2019\/11\/Favicon.jpg","width":1324,"height":1324,"caption":"Soci\u00e9t\u00e9 Fran\u00e7aise de Biologie du D\u00e9veloppement"},"image":{"@id":"https:\/\/sfbd.fr\/en\/#logo"}},{"@type":"WebSite","@id":"https:\/\/sfbd.fr\/en\/#website","url":"https:\/\/sfbd.fr\/en\/","name":"Soci\u00e9t\u00e9 Fran\u00e7aise de Biologie du D\u00e9veloppement","description":"","publisher":{"@id":"https:\/\/sfbd.fr\/en\/#organization"},"potentialAction":[{"@type":"SearchAction","target":{"@type":"EntryPoint","urlTemplate":"https:\/\/sfbd.fr\/en\/?s={search_term_string}"},"query-input":"required name=search_term_string"}],"inLanguage":"en-US"},{"@type":"ImageObject","@id":"https:\/\/sfbd.fr\/en\/news\/#primaryimage","inLanguage":"en-US","url":"https:\/\/sfbd.fr\/wp-content\/uploads\/2019\/06\/Vernoux-lab_credit_Carlos_Galvan-Ampudia.jpg","contentUrl":"https:\/\/sfbd.fr\/wp-content\/uploads\/2019\/06\/Vernoux-lab_credit_Carlos_Galvan-Ampudia.jpg","width":1000,"height":1000,"caption":"The shoot apex of the thale cress (Arabidopsis thaliana). Undifferentiated stem cells (yellow to orange nuclei) at the center of the apex are surrounded by flowers at different stages of development. Rhythmic and sequential cell differentiation through the action of the phytohomone auxin (blue nuclei) activates genes that lead to the formation of flowers. Purple shows the cellular structure of the tissue."},{"@type":"WebPage","@id":"https:\/\/sfbd.fr\/en\/news\/#webpage","url":"https:\/\/sfbd.fr\/en\/news\/","name":"News - SFBD","isPartOf":{"@id":"https:\/\/sfbd.fr\/en\/#website"},"datePublished":"2019-05-28T18:35:27+00:00","dateModified":"2020-07-20T15:27:56+00:00","breadcrumb":{"@id":"https:\/\/sfbd.fr\/en\/news\/#breadcrumb"},"inLanguage":"en-US","potentialAction":[{"@type":"ReadAction","target":["https:\/\/sfbd.fr\/en\/news\/"]}]},{"@type":"BreadcrumbList","@id":"https:\/\/sfbd.fr\/en\/news\/#breadcrumb","itemListElement":[{"@type":"ListItem","position":1,"name":"Accueil","item":"https:\/\/sfbd.fr\/en\/"},{"@type":"ListItem","position":2,"name":"News"}]}]}},"_links":{"self":[{"href":"https:\/\/sfbd.fr\/en\/wp-json\/wp\/v2\/pages\/4003"}],"collection":[{"href":"https:\/\/sfbd.fr\/en\/wp-json\/wp\/v2\/pages"}],"about":[{"href":"https:\/\/sfbd.fr\/en\/wp-json\/wp\/v2\/types\/page"}],"author":[{"embeddable":true,"href":"https:\/\/sfbd.fr\/en\/wp-json\/wp\/v2\/users\/1"}],"replies":[{"embeddable":true,"href":"https:\/\/sfbd.fr\/en\/wp-json\/wp\/v2\/comments?post=4003"}],"version-history":[{"count":7,"href":"https:\/\/sfbd.fr\/en\/wp-json\/wp\/v2\/pages\/4003\/revisions"}],"predecessor-version":[{"id":6353,"href":"https:\/\/sfbd.fr\/en\/wp-json\/wp\/v2\/pages\/4003\/revisions\/6353"}],"wp:attachment":[{"href":"https:\/\/sfbd.fr\/en\/wp-json\/wp\/v2\/media?parent=4003"}],"curies":[{"name":"wp","href":"https:\/\/api.w.org\/{rel}","templated":true}]}}