{"id":4018,"date":"2017-06-13T08:14:22","date_gmt":"2017-06-13T06:14:22","guid":{"rendered":"https:\/\/sfbd.fr\/news\/la-lettre-de-la-sfbd\/"},"modified":"2025-04-11T18:13:18","modified_gmt":"2025-04-11T16:13:18","slug":"sfbd-letter","status":"publish","type":"page","link":"https:\/\/sfbd.fr\/en\/news\/sfbd-letter\/","title":{"rendered":"The SFBD letter"},"content":{"rendered":"<p>[vc_section full_width=&#8221;stretch_row&#8221; css=&#8221;.vc_custom_1499067112088{padding-top: 55px !important;padding-bottom: 55px !important;}&#8221;][vc_row equal_height=&#8221;yes&#8221; content_placement=&#8221;middle&#8221;][vc_column width=&#8221;1\/2&#8243; css=&#8221;.vc_custom_1499065692260{background-position: center !important;background-repeat: no-repeat !important;background-size: cover !important;}&#8221;][vc_column_text]<img loading=\"lazy\" decoding=\"async\" class=\"alignnone size-large wp-image-3854\" src=\"https:\/\/sfbd.fr\/wp-content\/uploads\/2019\/11\/The_cell_in_development_and_inheritance_1896_19965093244-1024x770.jpg\" alt=\"\" width=\"1024\" height=\"770\" srcset=\"https:\/\/sfbd.fr\/wp-content\/uploads\/2019\/11\/The_cell_in_development_and_inheritance_1896_19965093244-1024x770.jpg 1024w, https:\/\/sfbd.fr\/wp-content\/uploads\/2019\/11\/The_cell_in_development_and_inheritance_1896_19965093244-300x226.jpg 300w, https:\/\/sfbd.fr\/wp-content\/uploads\/2019\/11\/The_cell_in_development_and_inheritance_1896_19965093244-768x578.jpg 768w, https:\/\/sfbd.fr\/wp-content\/uploads\/2019\/11\/The_cell_in_development_and_inheritance_1896_19965093244.jpg 1678w\" sizes=\"(max-width: 1024px) 100vw, 1024px\" \/>[\/vc_column_text][\/vc_column][vc_column width=&#8221;1\/2&#8243; css=&#8221;.vc_custom_1499065056336{padding-top: 15px !important;padding-right: 30px !important;padding-bottom: 30px !important;padding-left: 30px !important;}&#8221;][vc_custom_heading text=&#8221;SFBD letter, 2025&#8243; google_fonts=&#8221;font_family:Raleway%3A100%2C200%2C300%2Cregular%2C500%2C600%2C700%2C800%2C900|font_style:300%20light%20regular%3A300%3Anormal&#8221;][vc_column_text]Dear developmental biologists,<\/p>\n<p>We wish you an excellent year 2025! You will find in the Letter a summary of our 2024 actions, a presentation of the new board members as well as a summary of upcoming actions for 2025.<\/p>\n<p>Enjoy your reading,<\/p>\n<p class=\"tw-data-text tw-text-large tw-ta\" dir=\"ltr\" data-placeholder=\"Translation\"><span lang=\"en\" tabindex=\"0\">The SFBD Board<br \/>\n<\/span><\/p>\n<p>[\/vc_column_text][vc_empty_space][vc_btn title=&#8221;The 2025 Letter&#8221; style=&#8221;flat&#8221; color=&#8221;danger&#8221; i_align=&#8221;right&#8221; i_type=&#8221;material&#8221; i_icon_material=&#8221;vc-material vc-material-arrow_forward&#8221; add_icon=&#8221;true&#8221; link=&#8221;url:https%3A%2F%2Fsfbd.fr%2Fwp-content%2Fuploads%2F2025%2F04%2F2024_SFBD-Letter-2024_English-1.pdf|target:_blank&#8221;][\/vc_column][\/vc_row][\/vc_section][vc_row][vc_column][vc_custom_heading text=&#8221;Previous SFBD Letters&#8221; google_fonts=&#8221;font_family:Raleway%3A100%2C200%2C300%2Cregular%2C500%2C600%2C700%2C800%2C900|font_style:200%20light%20regular%3A200%3Anormal&#8221;][vc_column_text]<\/p>\n<h5>https:\/\/sfbd.fr\/wp-content\/uploads\/2025\/04\/2024_SFBD-Letter-2024_English.pdf<\/h5>\n<h5>\u2192 <a href=\"https:\/\/sfbd.fr\/wp-content\/uploads\/2025\/04\/2024_SFBD-Letter-2024_English.pdf\">January 2024<\/a><\/h5>\n<h5>\u2192 <a href=\"https:\/\/sfbd.fr\/wp-content\/uploads\/2023\/11\/Lettre_SFBD_fr_2023.pdf\">January 2023<\/a><\/h5>\n<h5>\u2192 <a href=\"https:\/\/sfbd.fr\/wp-content\/uploads\/2023\/11\/Lettre-de-la-SFBD-Janvier-2022EnglishR.pdf\" target=\"_blank\" rel=\"noopener noreferrer\">January 2022<\/a><\/h5>\n<h5>\u2192 <a href=\"https:\/\/sfbd.fr\/wp-content\/uploads\/2021\/02\/Lettre-de-la-SFBD-Fevrier-2021-EnglishR.pdf\" target=\"_blank\" rel=\"noopener noreferrer\">February 2021<\/a><\/h5>\n<h5>\u2192 <a href=\"https:\/\/sfbd.fr\/wp-content\/uploads\/2020\/01\/Lettre-SFBD-janvier-2020-2.pdf\" target=\"_blank\" rel=\"noopener noreferrer\">January 2020<\/a><\/h5>\n<h5>\u2192 <a href=\"https:\/\/sfbd.fr\/wp-content\/uploads\/2019\/11\/Lettre-2019-01-SFBD.pdf\" target=\"_blank\" rel=\"noopener noreferrer\">January 2019<\/a><\/h5>\n<h5>\u2192 <a href=\"https:\/\/sfbd.fr\/wp-content\/uploads\/2019\/11\/Lettre-SFBD-juillet-2018.pdf\" target=\"_blank\" rel=\"noopener noreferrer\">July 2018<\/a><\/h5>\n<h5>\u2192 <a href=\"https:\/\/sfbd.fr\/wp-content\/uploads\/2019\/11\/Lettre-mars-2018-reduit.pdf\" target=\"_blank\" rel=\"noopener noreferrer\">March 2018<\/a><\/h5>\n<h5>\u2192 <a href=\"https:\/\/sfbd.fr\/wp-content\/uploads\/2019\/11\/Lettre-SFBD-Decembre-2017.pdf\" target=\"_blank\" rel=\"noopener noreferrer\">December 2017<\/a><\/h5>\n<h5>\u2192 <a href=\"https:\/\/sfbd.fr\/wp-content\/uploads\/2019\/11\/Lettre-SFBD-sept-oct-2017.pdf\" target=\"_blank\" rel=\"noopener noreferrer\">September 2017<\/a><\/h5>\n<h5>\u2192 <a href=\"https:\/\/sfbd.fr\/wp-content\/uploads\/2019\/11\/Lettre-SFBD-mai-2017.pdf\" target=\"_blank\" rel=\"noopener noreferrer\">May 2017<\/a><\/h5>\n<h5>\u2192 <a href=\"https:\/\/sfbd.fr\/wp-content\/uploads\/2019\/11\/Lettre-SFBD-mars-2017.pdf\" target=\"_blank\" rel=\"noopener noreferrer\">March 2017<\/a><\/h5>\n<h5>\u2192 <a href=\"https:\/\/sfbd.fr\/wp-content\/uploads\/2019\/11\/Lettre-SFBD-Fev-2017.pdf\" target=\"_blank\" rel=\"noopener noreferrer\">February 2017<\/a><\/h5>\n<h5>\u2192 <a href=\"https:\/\/sfbd.fr\/wp-content\/uploads\/2019\/11\/Lettre-SFBD-Janvier-2017.pdf\" target=\"_blank\" rel=\"noopener noreferrer\">January 2017<\/a><\/h5>\n<h4><\/h4>\n<p>[\/vc_column_text][\/vc_column][\/vc_row]<\/p>\n","protected":false},"excerpt":{"rendered":"<p>[vc_section full_width=&#8221;stretch_row&#8221; css=&#8221;.vc_custom_1499067112088{padding-top: 55px !important;padding-bottom: 55px !important;}&#8221;][vc_row equal_height=&#8221;yes&#8221; content_placement=&#8221;middle&#8221;][vc_column width=&#8221;1\/2&#8243; css=&#8221;.vc_custom_1499065692260{background-position: center !important;background-repeat: no-repeat !important;background-size: cover !important;}&#8221;][vc_column_text][\/vc_column_text][\/vc_column][vc_column width=&#8221;1\/2&#8243; css=&#8221;.vc_custom_1499065056336{padding-top: 15px&hellip;<\/p>\n","protected":false},"author":1,"featured_media":0,"parent":4003,"menu_order":0,"comment_status":"closed","ping_status":"closed","template":"","meta":{"footnotes":""},"yoast_head":"<!-- This site is optimized with the Yoast SEO plugin v18.2 - https:\/\/yoast.com\/wordpress\/plugins\/seo\/ -->\n<title>The SFBD letter - Soci\u00e9t\u00e9 Fran\u00e7aise de Biologie du D\u00e9veloppement<\/title>\n<meta name=\"description\" content=\"Retrouvez dans la lettre de la SFBD un \u00e9ditorial, la synth\u00e8se de nos actions pass\u00e9es et \u00e0 venir, ainsi que les r\u00e9sum\u00e9s des laur\u00e9ats des bourses de voyage.\" \/>\n<meta name=\"robots\" content=\"index, follow, max-snippet:-1, max-image-preview:large, max-video-preview:-1\" \/>\n<link rel=\"canonical\" href=\"https:\/\/sfbd.fr\/en\/news\/sfbd-letter\/\" \/>\n<meta property=\"og:locale\" content=\"en_US\" \/>\n<meta property=\"og:type\" content=\"article\" \/>\n<meta property=\"og:title\" content=\"The SFBD letter - Soci\u00e9t\u00e9 Fran\u00e7aise de Biologie du D\u00e9veloppement\" \/>\n<meta property=\"og:description\" content=\"Retrouvez dans la lettre de la SFBD un \u00e9ditorial, la synth\u00e8se de nos actions pass\u00e9es et \u00e0 venir, ainsi que les r\u00e9sum\u00e9s des laur\u00e9ats des bourses de voyage.\" \/>\n<meta property=\"og:url\" content=\"https:\/\/sfbd.fr\/en\/news\/sfbd-letter\/\" \/>\n<meta property=\"og:site_name\" content=\"SFBD\" \/>\n<meta property=\"article:modified_time\" content=\"2025-04-11T16:13:18+00:00\" \/>\n<meta property=\"og:image\" content=\"https:\/\/sfbd.fr\/wp-content\/uploads\/2019\/11\/The_cell_in_development_and_inheritance_1896_19965093244-1024x770.jpg\" \/>\n<meta name=\"twitter:card\" content=\"summary_large_image\" \/>\n<meta name=\"twitter:site\" content=\"@sfbd_biodev\" \/>\n<meta name=\"twitter:label1\" content=\"Est. reading time\" \/>\n\t<meta name=\"twitter:data1\" content=\"1 minute\" \/>\n<script type=\"application\/ld+json\" class=\"yoast-schema-graph\">{\"@context\":\"https:\/\/schema.org\",\"@graph\":[{\"@type\":\"Organization\",\"@id\":\"https:\/\/sfbd.fr\/en\/#organization\",\"name\":\"Soci\u00e9t\u00e9 Fran\u00e7aise de Biologie du D\u00e9veloppement\",\"url\":\"https:\/\/sfbd.fr\/en\/\",\"sameAs\":[\"https:\/\/twitter.com\/sfbd_biodev\"],\"logo\":{\"@type\":\"ImageObject\",\"@id\":\"https:\/\/sfbd.fr\/en\/#logo\",\"inLanguage\":\"en-US\",\"url\":\"https:\/\/sfbd.fr\/wp-content\/uploads\/2019\/11\/Favicon.jpg\",\"contentUrl\":\"https:\/\/sfbd.fr\/wp-content\/uploads\/2019\/11\/Favicon.jpg\",\"width\":1324,\"height\":1324,\"caption\":\"Soci\u00e9t\u00e9 Fran\u00e7aise de Biologie du D\u00e9veloppement\"},\"image\":{\"@id\":\"https:\/\/sfbd.fr\/en\/#logo\"}},{\"@type\":\"WebSite\",\"@id\":\"https:\/\/sfbd.fr\/en\/#website\",\"url\":\"https:\/\/sfbd.fr\/en\/\",\"name\":\"Soci\u00e9t\u00e9 Fran\u00e7aise de Biologie du D\u00e9veloppement\",\"description\":\"\",\"publisher\":{\"@id\":\"https:\/\/sfbd.fr\/en\/#organization\"},\"potentialAction\":[{\"@type\":\"SearchAction\",\"target\":{\"@type\":\"EntryPoint\",\"urlTemplate\":\"https:\/\/sfbd.fr\/en\/?s={search_term_string}\"},\"query-input\":\"required name=search_term_string\"}],\"inLanguage\":\"en-US\"},{\"@type\":\"ImageObject\",\"@id\":\"https:\/\/sfbd.fr\/en\/news\/sfbd-letter\/#primaryimage\",\"inLanguage\":\"en-US\",\"url\":\"https:\/\/sfbd.fr\/wp-content\/uploads\/2019\/11\/The_cell_in_development_and_inheritance_1896_19965093244.jpg\",\"contentUrl\":\"https:\/\/sfbd.fr\/wp-content\/uploads\/2019\/11\/The_cell_in_development_and_inheritance_1896_19965093244.jpg\",\"width\":1678,\"height\":1262},{\"@type\":\"WebPage\",\"@id\":\"https:\/\/sfbd.fr\/en\/news\/sfbd-letter\/#webpage\",\"url\":\"https:\/\/sfbd.fr\/en\/news\/sfbd-letter\/\",\"name\":\"The SFBD letter - Soci\u00e9t\u00e9 Fran\u00e7aise de Biologie du D\u00e9veloppement\",\"isPartOf\":{\"@id\":\"https:\/\/sfbd.fr\/en\/#website\"},\"primaryImageOfPage\":{\"@id\":\"https:\/\/sfbd.fr\/en\/news\/sfbd-letter\/#primaryimage\"},\"datePublished\":\"2017-06-13T06:14:22+00:00\",\"dateModified\":\"2025-04-11T16:13:18+00:00\",\"description\":\"Retrouvez dans la lettre de la SFBD un \u00e9ditorial, la synth\u00e8se de nos actions pass\u00e9es et \u00e0 venir, ainsi que les r\u00e9sum\u00e9s des laur\u00e9ats des bourses de voyage.\",\"breadcrumb\":{\"@id\":\"https:\/\/sfbd.fr\/en\/news\/sfbd-letter\/#breadcrumb\"},\"inLanguage\":\"en-US\",\"potentialAction\":[{\"@type\":\"ReadAction\",\"target\":[\"https:\/\/sfbd.fr\/en\/news\/sfbd-letter\/\"]}]},{\"@type\":\"BreadcrumbList\",\"@id\":\"https:\/\/sfbd.fr\/en\/news\/sfbd-letter\/#breadcrumb\",\"itemListElement\":[{\"@type\":\"ListItem\",\"position\":1,\"name\":\"Accueil\",\"item\":\"https:\/\/sfbd.fr\/en\/\"},{\"@type\":\"ListItem\",\"position\":2,\"name\":\"News\",\"item\":\"https:\/\/sfbd.fr\/en\/news\/\"},{\"@type\":\"ListItem\",\"position\":3,\"name\":\"The SFBD letter\"}]}]}<\/script>\n<!-- \/ Yoast SEO plugin. -->","yoast_head_json":{"title":"The SFBD letter - Soci\u00e9t\u00e9 Fran\u00e7aise de Biologie du D\u00e9veloppement","description":"Retrouvez dans la lettre de la SFBD un \u00e9ditorial, la synth\u00e8se de nos actions pass\u00e9es et \u00e0 venir, ainsi que les r\u00e9sum\u00e9s des laur\u00e9ats des bourses de voyage.","robots":{"index":"index","follow":"follow","max-snippet":"max-snippet:-1","max-image-preview":"max-image-preview:large","max-video-preview":"max-video-preview:-1"},"canonical":"https:\/\/sfbd.fr\/en\/news\/sfbd-letter\/","og_locale":"en_US","og_type":"article","og_title":"The SFBD letter - Soci\u00e9t\u00e9 Fran\u00e7aise de Biologie du D\u00e9veloppement","og_description":"Retrouvez dans la lettre de la SFBD un \u00e9ditorial, la synth\u00e8se de nos actions pass\u00e9es et \u00e0 venir, ainsi que les r\u00e9sum\u00e9s des laur\u00e9ats des bourses de voyage.","og_url":"https:\/\/sfbd.fr\/en\/news\/sfbd-letter\/","og_site_name":"SFBD","article_modified_time":"2025-04-11T16:13:18+00:00","og_image":[{"url":"https:\/\/sfbd.fr\/wp-content\/uploads\/2019\/11\/The_cell_in_development_and_inheritance_1896_19965093244-1024x770.jpg"}],"twitter_card":"summary_large_image","twitter_site":"@sfbd_biodev","twitter_misc":{"Est. reading time":"1 minute"},"schema":{"@context":"https:\/\/schema.org","@graph":[{"@type":"Organization","@id":"https:\/\/sfbd.fr\/en\/#organization","name":"Soci\u00e9t\u00e9 Fran\u00e7aise de Biologie du D\u00e9veloppement","url":"https:\/\/sfbd.fr\/en\/","sameAs":["https:\/\/twitter.com\/sfbd_biodev"],"logo":{"@type":"ImageObject","@id":"https:\/\/sfbd.fr\/en\/#logo","inLanguage":"en-US","url":"https:\/\/sfbd.fr\/wp-content\/uploads\/2019\/11\/Favicon.jpg","contentUrl":"https:\/\/sfbd.fr\/wp-content\/uploads\/2019\/11\/Favicon.jpg","width":1324,"height":1324,"caption":"Soci\u00e9t\u00e9 Fran\u00e7aise de Biologie du D\u00e9veloppement"},"image":{"@id":"https:\/\/sfbd.fr\/en\/#logo"}},{"@type":"WebSite","@id":"https:\/\/sfbd.fr\/en\/#website","url":"https:\/\/sfbd.fr\/en\/","name":"Soci\u00e9t\u00e9 Fran\u00e7aise de Biologie du D\u00e9veloppement","description":"","publisher":{"@id":"https:\/\/sfbd.fr\/en\/#organization"},"potentialAction":[{"@type":"SearchAction","target":{"@type":"EntryPoint","urlTemplate":"https:\/\/sfbd.fr\/en\/?s={search_term_string}"},"query-input":"required name=search_term_string"}],"inLanguage":"en-US"},{"@type":"ImageObject","@id":"https:\/\/sfbd.fr\/en\/news\/sfbd-letter\/#primaryimage","inLanguage":"en-US","url":"https:\/\/sfbd.fr\/wp-content\/uploads\/2019\/11\/The_cell_in_development_and_inheritance_1896_19965093244.jpg","contentUrl":"https:\/\/sfbd.fr\/wp-content\/uploads\/2019\/11\/The_cell_in_development_and_inheritance_1896_19965093244.jpg","width":1678,"height":1262},{"@type":"WebPage","@id":"https:\/\/sfbd.fr\/en\/news\/sfbd-letter\/#webpage","url":"https:\/\/sfbd.fr\/en\/news\/sfbd-letter\/","name":"The SFBD letter - Soci\u00e9t\u00e9 Fran\u00e7aise de Biologie du D\u00e9veloppement","isPartOf":{"@id":"https:\/\/sfbd.fr\/en\/#website"},"primaryImageOfPage":{"@id":"https:\/\/sfbd.fr\/en\/news\/sfbd-letter\/#primaryimage"},"datePublished":"2017-06-13T06:14:22+00:00","dateModified":"2025-04-11T16:13:18+00:00","description":"Retrouvez dans la lettre de la SFBD un \u00e9ditorial, la synth\u00e8se de nos actions pass\u00e9es et \u00e0 venir, ainsi que les r\u00e9sum\u00e9s des laur\u00e9ats des bourses de voyage.","breadcrumb":{"@id":"https:\/\/sfbd.fr\/en\/news\/sfbd-letter\/#breadcrumb"},"inLanguage":"en-US","potentialAction":[{"@type":"ReadAction","target":["https:\/\/sfbd.fr\/en\/news\/sfbd-letter\/"]}]},{"@type":"BreadcrumbList","@id":"https:\/\/sfbd.fr\/en\/news\/sfbd-letter\/#breadcrumb","itemListElement":[{"@type":"ListItem","position":1,"name":"Accueil","item":"https:\/\/sfbd.fr\/en\/"},{"@type":"ListItem","position":2,"name":"News","item":"https:\/\/sfbd.fr\/en\/news\/"},{"@type":"ListItem","position":3,"name":"The SFBD letter"}]}]}},"_links":{"self":[{"href":"https:\/\/sfbd.fr\/en\/wp-json\/wp\/v2\/pages\/4018"}],"collection":[{"href":"https:\/\/sfbd.fr\/en\/wp-json\/wp\/v2\/pages"}],"about":[{"href":"https:\/\/sfbd.fr\/en\/wp-json\/wp\/v2\/types\/page"}],"author":[{"embeddable":true,"href":"https:\/\/sfbd.fr\/en\/wp-json\/wp\/v2\/users\/1"}],"replies":[{"embeddable":true,"href":"https:\/\/sfbd.fr\/en\/wp-json\/wp\/v2\/comments?post=4018"}],"version-history":[{"count":17,"href":"https:\/\/sfbd.fr\/en\/wp-json\/wp\/v2\/pages\/4018\/revisions"}],"predecessor-version":[{"id":13687,"href":"https:\/\/sfbd.fr\/en\/wp-json\/wp\/v2\/pages\/4018\/revisions\/13687"}],"up":[{"embeddable":true,"href":"https:\/\/sfbd.fr\/en\/wp-json\/wp\/v2\/pages\/4003"}],"wp:attachment":[{"href":"https:\/\/sfbd.fr\/en\/wp-json\/wp\/v2\/media?parent=4018"}],"curies":[{"name":"wp","href":"https:\/\/api.w.org\/{rel}","templated":true}]}}