{"id":4022,"date":"2019-02-19T18:08:44","date_gmt":"2019-02-19T17:08:44","guid":{"rendered":"https:\/\/sfbd.fr\/ressources\/"},"modified":"2023-11-06T11:38:22","modified_gmt":"2023-11-06T10:38:22","slug":"resources","status":"publish","type":"page","link":"https:\/\/sfbd.fr\/en\/resources\/","title":{"rendered":"Resources"},"content":{"rendered":"<p>[vc_row][vc_column][vc_custom_heading text=&#8221;Ressources&#8221; use_theme_fonts=&#8221;yes&#8221;][vc_column_text]<\/p>\n<blockquote><p><span style=\"font-weight: 400;\">The SFBD wishes to accompany students, teachers and researchers by offering them a series of courses, multimedia resources, tutorials and practicals from which they can get inspiration when dealing with developmental biology matters. The contents are sorted according to the intended audience.<br \/>\n<\/span><\/p><\/blockquote>\n<p>[\/vc_column_text][vc_column_text]<em>Do not hesitate to <a href=\"mailto:website@sfbd.fr\">contact us<\/a> to feed the content of this section.<\/em>[\/vc_column_text][vc_separator][\/vc_column][\/vc_row][vc_row][vc_column width=&#8221;1\/2&#8243;][vc_single_image image=&#8221;1309&#8243; img_size=&#8221;large&#8221;][\/vc_column][vc_column width=&#8221;1\/2&#8243;][vc_custom_heading text=&#8221;Outreach&#8221; font_container=&#8221;tag:h3|text_align:left&#8221; use_theme_fonts=&#8221;yes&#8221;][vc_column_text]<span style=\"font-weight: 400;\">How and why present development biology to a wide audience? Here we offer resources for our members who are looking for materials for science outreach. <\/span>[\/vc_column_text][vc_btn title=&#8221;LEARN MORE&#8221; style=&#8221;flat&#8221; color=&#8221;pink&#8221; link=&#8221;url:%2F%3Fpage_id%3D1300|title:M%C3%A9diation|&#8221;][\/vc_column][\/vc_row][vc_row][vc_column width=&#8221;1\/2&#8243;][vc_single_image image=&#8221;1311&#8243; img_size=&#8221;large&#8221;][\/vc_column][vc_column width=&#8221;1\/2&#8243;][vc_custom_heading text=&#8221;Teaching ressources&#8221; font_container=&#8221;tag:h3|text_align:left&#8221; use_theme_fonts=&#8221;yes&#8221;][vc_column_text]<span style=\"font-weight: 400;\">The purpose of this section is to provide resources for teachers to address developmental biology subjects in their classroom.<\/span>[\/vc_column_text][vc_btn title=&#8221;LEARN MORE&#8221; style=&#8221;flat&#8221; color=&#8221;pink&#8221; link=&#8221;url:%2F%3Fpage_id%3D1475|title:Ressources%20d%E2%80%99enseignement|&#8221;][\/vc_column][\/vc_row][vc_row][vc_column width=&#8221;1\/2&#8243;][vc_single_image image=&#8221;1313&#8243; img_size=&#8221;full&#8221;][\/vc_column][vc_column width=&#8221;1\/2&#8243;][vc_custom_heading text=&#8221;Ressources for an Informed Audience&#8221; font_container=&#8221;tag:h3|text_align:left&#8221; use_theme_fonts=&#8221;yes&#8221;][vc_column_text]<span style=\"font-weight: 400;\">This section is intended for a public already well informed on development biology themes. It is intended for researchers or teachers wishing to go further on these issues.<\/span>[\/vc_column_text][vc_btn title=&#8221;LEARN MORE&#8221; style=&#8221;flat&#8221; color=&#8221;pink&#8221; link=&#8221;url:https%3A%2F%2Fsfbd.fr%2Fen%2Fresources%2Fa-destination-dun-public-averti%2F|title:Ressources%20%C3%A0%20destination%20d%E2%80%99un%20public%20averti|&#8221;][\/vc_column][\/vc_row][vc_row][vc_column width=&#8221;1\/2&#8243;][vc_single_image image=&#8221;1315&#8243; img_size=&#8221;full&#8221;][\/vc_column][vc_column width=&#8221;1\/2&#8243;][vc_custom_heading text=&#8221;Model organism databases&#8221; font_container=&#8221;tag:h3|text_align:left&#8221; use_theme_fonts=&#8221;yes&#8221;][vc_column_text]<span style=\"font-weight: 400;\">This section brings together databases on the main models used in developmental biology and databases useful to researchers.<\/span>[\/vc_column_text][vc_column_text][\/vc_column_text][vc_btn title=&#8221;LEARN MORE&#8221; style=&#8221;flat&#8221; color=&#8221;pink&#8221; link=&#8221;url:https%3A%2F%2Fsfbd.fr%2Fen%2Fresources%2Fmodel-databases%2F|&#8221;][\/vc_column][\/vc_row][vc_row][vc_column width=&#8221;1\/2&#8243;][vc_single_image image=&#8221;1319&#8243; img_size=&#8221;full&#8221;][\/vc_column][vc_column width=&#8221;1\/2&#8243;][vc_custom_heading text=&#8221;Research Groups (GdR)&#8221; font_container=&#8221;tag:h3|text_align:left&#8221; use_theme_fonts=&#8221;yes&#8221;][vc_column_text]<span style=\"font-weight: 400;\">This section brings together the Research Groups on Developmental Biology themes.<\/span>[\/vc_column_text][vc_column_text][\/vc_column_text][vc_btn title=&#8221;LEARN MORE&#8221; style=&#8221;flat&#8221; color=&#8221;pink&#8221; link=&#8221;url:https%3A%2F%2Fsfbd.fr%2Fen%2Fresources%2Fresearch-groups%2F|title:Liens%20utiles|&#8221;][\/vc_column][\/vc_row][vc_row][vc_column width=&#8221;1\/2&#8243;][vc_single_image image=&#8221;2815&#8243; img_size=&#8221;full&#8221;][\/vc_column][vc_column width=&#8221;1\/2&#8243;][vc_custom_heading text=&#8221;Environmental Impact of Research&#8221; font_container=&#8221;tag:h3|text_align:left&#8221; use_theme_fonts=&#8221;yes&#8221;][vc_column_text]<span style=\"font-weight: 400;\">This section brings together initiatives that aim to measure and limit the environmental impact of our research.<\/span>[\/vc_column_text][vc_column_text][\/vc_column_text][vc_btn title=&#8221;LEARN MORE&#8221; style=&#8221;flat&#8221; color=&#8221;pink&#8221; link=&#8221;url:https%3A%2F%2Fsfbd.fr%2Fen%2Fresources%2Fresearch-environmental-impact%2F|title:Liens%20utiles|&#8221;][\/vc_column][\/vc_row][vc_row][vc_column width=&#8221;1\/2&#8243;][vc_single_image image=&#8221;2305&#8243; img_size=&#8221;full&#8221;][\/vc_column][vc_column width=&#8221;1\/2&#8243;][vc_custom_heading text=&#8221;Inclusive Networks&#8221; font_container=&#8221;tag:h3|text_align:left&#8221; use_theme_fonts=&#8221;yes&#8221;][vc_column_text]<span style=\"font-weight: 400;\">This section brings together initiatives towards a more inclusive, egalitarian and diverse scientific community.<\/span>[\/vc_column_text][vc_column_text][\/vc_column_text][vc_btn title=&#8221;LEARN MORE&#8221; style=&#8221;flat&#8221; color=&#8221;pink&#8221; link=&#8221;url:https%3A%2F%2Fsfbd.fr%2Fen%2Fresources%2Finclusive-networks%2F|title:Liens%20utiles|&#8221;][\/vc_column][\/vc_row]<\/p>\n","protected":false},"excerpt":{"rendered":"<p>[vc_row][vc_column][vc_custom_heading text=&#8221;Ressources&#8221; use_theme_fonts=&#8221;yes&#8221;][vc_column_text] The SFBD wishes to accompany students, teachers and researchers by offering them a series of courses, multimedia&hellip;<\/p>\n","protected":false},"author":1,"featured_media":0,"parent":0,"menu_order":0,"comment_status":"closed","ping_status":"closed","template":"","meta":{"footnotes":""},"yoast_head":"<!-- This site is optimized with the Yoast SEO plugin v18.2 - https:\/\/yoast.com\/wordpress\/plugins\/seo\/ -->\n<title>Resources - SFBD<\/title>\n<meta name=\"robots\" content=\"index, follow, max-snippet:-1, max-image-preview:large, max-video-preview:-1\" \/>\n<link rel=\"canonical\" href=\"https:\/\/sfbd.fr\/en\/resources\/\" \/>\n<meta property=\"og:locale\" content=\"en_US\" \/>\n<meta property=\"og:type\" content=\"article\" \/>\n<meta property=\"og:title\" content=\"Resources - SFBD\" \/>\n<meta property=\"og:description\" content=\"[vc_row][vc_column][vc_custom_heading text=&#8221;Ressources&#8221; use_theme_fonts=&#8221;yes&#8221;][vc_column_text] The SFBD wishes to accompany students, teachers and researchers by offering them a series of courses, multimedia&hellip;\" \/>\n<meta property=\"og:url\" content=\"https:\/\/sfbd.fr\/en\/resources\/\" \/>\n<meta property=\"og:site_name\" content=\"SFBD\" \/>\n<meta property=\"article:modified_time\" content=\"2023-11-06T10:38:22+00:00\" \/>\n<meta name=\"twitter:card\" content=\"summary_large_image\" \/>\n<meta name=\"twitter:site\" content=\"@sfbd_biodev\" \/>\n<meta name=\"twitter:label1\" content=\"Est. reading time\" \/>\n\t<meta name=\"twitter:data1\" content=\"4 minutes\" \/>\n<script type=\"application\/ld+json\" class=\"yoast-schema-graph\">{\"@context\":\"https:\/\/schema.org\",\"@graph\":[{\"@type\":\"Organization\",\"@id\":\"https:\/\/sfbd.fr\/en\/#organization\",\"name\":\"Soci\u00e9t\u00e9 Fran\u00e7aise de Biologie du D\u00e9veloppement\",\"url\":\"https:\/\/sfbd.fr\/en\/\",\"sameAs\":[\"https:\/\/twitter.com\/sfbd_biodev\"],\"logo\":{\"@type\":\"ImageObject\",\"@id\":\"https:\/\/sfbd.fr\/en\/#logo\",\"inLanguage\":\"en-US\",\"url\":\"https:\/\/sfbd.fr\/wp-content\/uploads\/2019\/11\/Favicon.jpg\",\"contentUrl\":\"https:\/\/sfbd.fr\/wp-content\/uploads\/2019\/11\/Favicon.jpg\",\"width\":1324,\"height\":1324,\"caption\":\"Soci\u00e9t\u00e9 Fran\u00e7aise de Biologie du D\u00e9veloppement\"},\"image\":{\"@id\":\"https:\/\/sfbd.fr\/en\/#logo\"}},{\"@type\":\"WebSite\",\"@id\":\"https:\/\/sfbd.fr\/en\/#website\",\"url\":\"https:\/\/sfbd.fr\/en\/\",\"name\":\"Soci\u00e9t\u00e9 Fran\u00e7aise de Biologie du D\u00e9veloppement\",\"description\":\"\",\"publisher\":{\"@id\":\"https:\/\/sfbd.fr\/en\/#organization\"},\"potentialAction\":[{\"@type\":\"SearchAction\",\"target\":{\"@type\":\"EntryPoint\",\"urlTemplate\":\"https:\/\/sfbd.fr\/en\/?s={search_term_string}\"},\"query-input\":\"required name=search_term_string\"}],\"inLanguage\":\"en-US\"},{\"@type\":\"WebPage\",\"@id\":\"https:\/\/sfbd.fr\/en\/resources\/#webpage\",\"url\":\"https:\/\/sfbd.fr\/en\/resources\/\",\"name\":\"Resources - SFBD\",\"isPartOf\":{\"@id\":\"https:\/\/sfbd.fr\/en\/#website\"},\"datePublished\":\"2019-02-19T17:08:44+00:00\",\"dateModified\":\"2023-11-06T10:38:22+00:00\",\"breadcrumb\":{\"@id\":\"https:\/\/sfbd.fr\/en\/resources\/#breadcrumb\"},\"inLanguage\":\"en-US\",\"potentialAction\":[{\"@type\":\"ReadAction\",\"target\":[\"https:\/\/sfbd.fr\/en\/resources\/\"]}]},{\"@type\":\"BreadcrumbList\",\"@id\":\"https:\/\/sfbd.fr\/en\/resources\/#breadcrumb\",\"itemListElement\":[{\"@type\":\"ListItem\",\"position\":1,\"name\":\"Accueil\",\"item\":\"https:\/\/sfbd.fr\/en\/\"},{\"@type\":\"ListItem\",\"position\":2,\"name\":\"Resources\"}]}]}<\/script>\n<!-- \/ Yoast SEO plugin. -->","yoast_head_json":{"title":"Resources - SFBD","robots":{"index":"index","follow":"follow","max-snippet":"max-snippet:-1","max-image-preview":"max-image-preview:large","max-video-preview":"max-video-preview:-1"},"canonical":"https:\/\/sfbd.fr\/en\/resources\/","og_locale":"en_US","og_type":"article","og_title":"Resources - SFBD","og_description":"[vc_row][vc_column][vc_custom_heading text=&#8221;Ressources&#8221; use_theme_fonts=&#8221;yes&#8221;][vc_column_text] The SFBD wishes to accompany students, teachers and researchers by offering them a series of courses, multimedia&hellip;","og_url":"https:\/\/sfbd.fr\/en\/resources\/","og_site_name":"SFBD","article_modified_time":"2023-11-06T10:38:22+00:00","twitter_card":"summary_large_image","twitter_site":"@sfbd_biodev","twitter_misc":{"Est. reading time":"4 minutes"},"schema":{"@context":"https:\/\/schema.org","@graph":[{"@type":"Organization","@id":"https:\/\/sfbd.fr\/en\/#organization","name":"Soci\u00e9t\u00e9 Fran\u00e7aise de Biologie du D\u00e9veloppement","url":"https:\/\/sfbd.fr\/en\/","sameAs":["https:\/\/twitter.com\/sfbd_biodev"],"logo":{"@type":"ImageObject","@id":"https:\/\/sfbd.fr\/en\/#logo","inLanguage":"en-US","url":"https:\/\/sfbd.fr\/wp-content\/uploads\/2019\/11\/Favicon.jpg","contentUrl":"https:\/\/sfbd.fr\/wp-content\/uploads\/2019\/11\/Favicon.jpg","width":1324,"height":1324,"caption":"Soci\u00e9t\u00e9 Fran\u00e7aise de Biologie du D\u00e9veloppement"},"image":{"@id":"https:\/\/sfbd.fr\/en\/#logo"}},{"@type":"WebSite","@id":"https:\/\/sfbd.fr\/en\/#website","url":"https:\/\/sfbd.fr\/en\/","name":"Soci\u00e9t\u00e9 Fran\u00e7aise de Biologie du D\u00e9veloppement","description":"","publisher":{"@id":"https:\/\/sfbd.fr\/en\/#organization"},"potentialAction":[{"@type":"SearchAction","target":{"@type":"EntryPoint","urlTemplate":"https:\/\/sfbd.fr\/en\/?s={search_term_string}"},"query-input":"required name=search_term_string"}],"inLanguage":"en-US"},{"@type":"WebPage","@id":"https:\/\/sfbd.fr\/en\/resources\/#webpage","url":"https:\/\/sfbd.fr\/en\/resources\/","name":"Resources - SFBD","isPartOf":{"@id":"https:\/\/sfbd.fr\/en\/#website"},"datePublished":"2019-02-19T17:08:44+00:00","dateModified":"2023-11-06T10:38:22+00:00","breadcrumb":{"@id":"https:\/\/sfbd.fr\/en\/resources\/#breadcrumb"},"inLanguage":"en-US","potentialAction":[{"@type":"ReadAction","target":["https:\/\/sfbd.fr\/en\/resources\/"]}]},{"@type":"BreadcrumbList","@id":"https:\/\/sfbd.fr\/en\/resources\/#breadcrumb","itemListElement":[{"@type":"ListItem","position":1,"name":"Accueil","item":"https:\/\/sfbd.fr\/en\/"},{"@type":"ListItem","position":2,"name":"Resources"}]}]}},"_links":{"self":[{"href":"https:\/\/sfbd.fr\/en\/wp-json\/wp\/v2\/pages\/4022"}],"collection":[{"href":"https:\/\/sfbd.fr\/en\/wp-json\/wp\/v2\/pages"}],"about":[{"href":"https:\/\/sfbd.fr\/en\/wp-json\/wp\/v2\/types\/page"}],"author":[{"embeddable":true,"href":"https:\/\/sfbd.fr\/en\/wp-json\/wp\/v2\/users\/1"}],"replies":[{"embeddable":true,"href":"https:\/\/sfbd.fr\/en\/wp-json\/wp\/v2\/comments?post=4022"}],"version-history":[{"count":16,"href":"https:\/\/sfbd.fr\/en\/wp-json\/wp\/v2\/pages\/4022\/revisions"}],"predecessor-version":[{"id":12058,"href":"https:\/\/sfbd.fr\/en\/wp-json\/wp\/v2\/pages\/4022\/revisions\/12058"}],"wp:attachment":[{"href":"https:\/\/sfbd.fr\/en\/wp-json\/wp\/v2\/media?parent=4022"}],"curies":[{"name":"wp","href":"https:\/\/api.w.org\/{rel}","templated":true}]}}