{"id":4031,"date":"2019-05-28T14:14:38","date_gmt":"2019-05-28T12:14:38","guid":{"rendered":"https:\/\/sfbd.fr\/resources\/ressources-enseignement\/"},"modified":"2023-12-12T12:34:03","modified_gmt":"2023-12-12T11:34:03","slug":"ressources-enseignement","status":"publish","type":"page","link":"https:\/\/sfbd.fr\/en\/resources\/ressources-enseignement\/","title":{"rendered":"Teaching resources"},"content":{"rendered":"<p>[vc_row][vc_column][vc_custom_heading text=&#8221;Teaching resources&#8221; use_theme_fonts=&#8221;yes&#8221;][vc_column_text]<\/p>\n<blockquote><p>The purpose of this section is to provide resources for teachers to address developmental biology issues in their classrooms.<\/p><\/blockquote>\n<p>[\/vc_column_text][vc_column_text]<em>Don\u2019t hesitate to\u00a0<a href=\"mailto:website@sfbd.fr\">contact us<\/a>\u00a0to suggest additional material for this section.<\/em>[\/vc_column_text][\/vc_column][\/vc_row][vc_row][vc_column][vc_tta_accordion style=&#8221;flat&#8221; color=&#8221;black&#8221; active_section=&#8221;&#8221; no_fill=&#8221;true&#8221;][vc_tta_section title=&#8221;PRIMARY \/ COLLEGE \/ HIGH SCHOOL STUDENTS&#8221; tab_id=&#8221;1559046819146-613b5319-7d6a&#8221;][vc_custom_heading text=&#8221;\u2192 Plateforme L@map&#8221; font_container=&#8221;tag:h5|text_align:left&#8221; use_theme_fonts=&#8221;yes&#8221; css_animation=&#8221;none&#8221; link=&#8221;url:https%3A%2F%2Fwww.fondation-lamap.org%2Fdeveloppement-professionnel||target:%20_blank|&#8221;][vc_custom_heading text=&#8221;The Foundation &#8220;La main \u00e0 la p\u00e2te&#8220; offers tutorials for primary and middle school teachers to teach science and technology in an attractive way, with a focus on the practice of experimentation, training in scientific reasoning and the awakening of critical thinking.&#8221; font_container=&#8221;tag:p|text_align:left&#8221; use_theme_fonts=&#8221;yes&#8221;][vc_empty_space][vc_custom_heading text=&#8221;\u2192 Gedankenexperimente&#8221; font_container=&#8221;tag:h5|text_align:left&#8221; use_theme_fonts=&#8221;yes&#8221; css_animation=&#8221;none&#8221; link=&#8221;url:https%3A%2F%2Fpoppi62.wordpress.com%2F2018%2F12%2F01%2Fprimary-school%2F|target:%20_blank|&#8221;][vc_custom_heading text=&#8221;Teaching resources for elementary biology classes with a focus on the life cycle and evolution&#8221; font_container=&#8221;tag:p|text_align:left&#8221; use_theme_fonts=&#8221;yes&#8221;][vc_empty_space][vc_custom_heading text=&#8221;\u2192 Why fly ? Manchester Fly Facility&#8221; font_container=&#8221;tag:h5|text_align:left&#8221; use_theme_fonts=&#8221;yes&#8221; css_animation=&#8221;none&#8221; link=&#8221;url:https%3A%2F%2Fdroso4schools.wordpress.com%2Fwhy-fly%2F|target:%20_blank|&#8221;][vc_custom_heading text=&#8221;Resources describing the interest of the model organism <em> Drosophila melanogaster <\/em> for biomedical research &#8221; font_container=&#8221;tag:p|text_align:left&#8221; use_theme_fonts=&#8221;yes&#8221;][vc_empty_space][vc_row_inner][vc_column_inner width=&#8221;1\/4&#8243;][\/vc_column_inner][vc_column_inner width=&#8221;3\/4&#8243;][\/vc_column_inner][\/vc_row_inner][\/vc_tta_section][vc_tta_section title=&#8221;UNIVERSITY LEVEL&#8221; tab_id=&#8221;1559046771416-3794cc76-e21b&#8221;][vc_row_inner][vc_column_inner width=&#8221;1\/4&#8243;][vc_single_image image=&#8221;5832&#8243; img_size=&#8221;medium&#8221;][\/vc_column_inner][vc_column_inner width=&#8221;3\/4&#8243;][vc_custom_heading text=&#8221;Resources for online teaching&#8221; font_container=&#8221;tag:h5|text_align:left&#8221; use_theme_fonts=&#8221;yes&#8221;][vc_column_text]Video series for online course preparation (par Alexis Maizel, Universit\u00e9 de Heidelberg)[\/vc_column_text][vc_btn title=&#8221;LEARN MORE&#8221; style=&#8221;flat&#8221; color=&#8221;pink&#8221; link=&#8221;url:https%3A%2F%2Fwww.maizel-lab.org%2Fteaching%2F||target:%20_blank|&#8221;][\/vc_column_inner][\/vc_row_inner][vc_row_inner][vc_column_inner width=&#8221;1\/4&#8243;][vc_single_image image=&#8221;5596&#8243; img_size=&#8221;medium&#8221;][\/vc_column_inner][vc_column_inner width=&#8221;3\/4&#8243;][vc_custom_heading text=&#8221;CourseSource&#8221; font_container=&#8221;tag:h5|text_align:left&#8221; use_theme_fonts=&#8221;yes&#8221;][vc_column_text]Teaching resources (courses, tutorials for practical work) for students in their first years of university studies in Biology. Even if the specific section on developmental biology is still sparse, the content is varied and of very good quality.[\/vc_column_text][vc_btn title=&#8221;LEARN MORE&#8221; style=&#8221;flat&#8221; color=&#8221;pink&#8221; link=&#8221;url:https%3A%2F%2Fwww.coursesource.org%2F||target:%20_blank|&#8221;][\/vc_column_inner][\/vc_row_inner][vc_row_inner][vc_column_inner width=&#8221;1\/4&#8243;][vc_single_image image=&#8221;5598&#8243; img_size=&#8221;200&#215;200&#8243;][\/vc_column_inner][vc_column_inner width=&#8221;3\/4&#8243;][vc_custom_heading text=&#8221;MIT OpenWareCourse&#8221; font_container=&#8221;tag:h5|text_align:left&#8221; use_theme_fonts=&#8221;yes&#8221;][vc_column_text]The Department of Biology at MIT offers university and master&#8217;s level training programs ranging from general biology to more specialized areas of study and research.[\/vc_column_text][vc_btn title=&#8221;LEARN MORE&#8221; style=&#8221;flat&#8221; color=&#8221;pink&#8221; link=&#8221;url:https%3A%2F%2Focw.mit.edu%2Fcourses%2Fbiology%2F||target:%20_blank|&#8221;][\/vc_column_inner][\/vc_row_inner][vc_row_inner][vc_column_inner width=&#8221;1\/4&#8243;][vc_single_image image=&#8221;5582&#8243; img_size=&#8221;200&#215;200&#8243;][\/vc_column_inner][vc_column_inner width=&#8221;3\/4&#8243;][vc_custom_heading text=&#8221;iBiology&#8221; font_container=&#8221;tag:h5|text_align:left&#8221; use_theme_fonts=&#8221;yes&#8221;][vc_column_text]Free and open online platform to communicate on the practice of science. The site offers different sections: scientific seminars, career development, history of scientific breakthroughs.[\/vc_column_text][vc_btn title=&#8221;LEARN MORE&#8221; style=&#8221;flat&#8221; color=&#8221;pink&#8221; link=&#8221;url:https%3A%2F%2Fwww.ibiology.org%2F||target:%20_blank|&#8221;][\/vc_column_inner][\/vc_row_inner][vc_row_inner][vc_column_inner width=&#8221;1\/4&#8243;][vc_single_image image=&#8221;5587&#8243; img_size=&#8221;200&#215;200&#8243;][\/vc_column_inner][vc_column_inner width=&#8221;3\/4&#8243;][vc_custom_heading text=&#8221;HS Talks&#8221; font_container=&#8221;tag:h5|text_align:left&#8221; use_theme_fonts=&#8221;yes&#8221;][vc_column_text]Henry Stewart Talks Ltd (HSTalks) <span lang=\"en\">is a provider of online multimedia lectures covering areas from basic science to therapeutic intervention. Sometimes a subscription is required.<\/span>[\/vc_column_text][vc_btn title=&#8221;LEARN MORE&#8221; style=&#8221;flat&#8221; color=&#8221;pink&#8221; link=&#8221;url:https%3A%2F%2Fhstalks.com%2Fbiosci%2F||target:%20_blank|&#8221;][vc_btn title=&#8221;Introduction to DevBio&#8221; style=&#8221;flat&#8221; color=&#8221;pink&#8221; link=&#8221;url:https%3A%2F%2Fhstalks.com%2Ft%2F4095%2Fdevelopmental-biology%2F%3Fbiosci||target:%20_blank|&#8221;][\/vc_column_inner][\/vc_row_inner][vc_row_inner][vc_column_inner width=&#8221;1\/4&#8243;][vc_single_image image=&#8221;5593&#8243; img_size=&#8221;200&#215;200&#8243;][\/vc_column_inner][vc_column_inner width=&#8221;3\/4&#8243;][vc_custom_heading text=&#8221;JoVE&#8221; font_container=&#8221;tag:h5|text_align:left&#8221; use_theme_fonts=&#8221;yes&#8221;][vc_column_text]<\/p>\n<p id=\"tw-target-text\" class=\"tw-data-text tw-text-large XcVN5d tw-ta\" dir=\"ltr\" data-placeholder=\"Translation\"><span lang=\"en\">JoVE is the leading journal of scientific protocols in video format indexed by Pubmed. The Science Education section is dedicated to the teaching of scientific bases through didactic video demonstrations.<\/span><\/p>\n<p>[\/vc_column_text][vc_btn title=&#8221;VIDEO JOURNAL&#8221; style=&#8221;flat&#8221; color=&#8221;pink&#8221; link=&#8221;url:https%3A%2F%2Fwww.jove.com%2Fjournal||target:%20_blank|&#8221;][vc_btn title=&#8221;Science Education Library&#8221; style=&#8221;flat&#8221; color=&#8221;pink&#8221; link=&#8221;url:https%3A%2F%2Fwww.jove.com%2Fscience-education-library||target:%20_blank|&#8221;][\/vc_column_inner][\/vc_row_inner][\/vc_tta_section][\/vc_tta_accordion][\/vc_column][\/vc_row]<\/p>\n","protected":false},"excerpt":{"rendered":"<p>[vc_row][vc_column][vc_custom_heading text=&#8221;Teaching resources&#8221; use_theme_fonts=&#8221;yes&#8221;][vc_column_text] The purpose of this section is to provide resources for teachers to address developmental biology issues&hellip;<\/p>\n","protected":false},"author":1,"featured_media":0,"parent":4022,"menu_order":0,"comment_status":"closed","ping_status":"open","template":"","meta":{"footnotes":""},"yoast_head":"<!-- This site is optimized with the Yoast SEO plugin v18.2 - https:\/\/yoast.com\/wordpress\/plugins\/seo\/ -->\n<title>Teaching resources - SFBD<\/title>\n<meta name=\"robots\" content=\"index, follow, max-snippet:-1, max-image-preview:large, max-video-preview:-1\" \/>\n<link rel=\"canonical\" href=\"https:\/\/sfbd.fr\/en\/resources\/ressources-enseignement\/\" \/>\n<meta property=\"og:locale\" content=\"en_US\" \/>\n<meta property=\"og:type\" content=\"article\" \/>\n<meta property=\"og:title\" content=\"Teaching resources - SFBD\" \/>\n<meta property=\"og:description\" content=\"[vc_row][vc_column][vc_custom_heading text=&#8221;Teaching resources&#8221; use_theme_fonts=&#8221;yes&#8221;][vc_column_text] The purpose of this section is to provide resources for teachers to address developmental biology issues&hellip;\" \/>\n<meta property=\"og:url\" content=\"https:\/\/sfbd.fr\/en\/resources\/ressources-enseignement\/\" \/>\n<meta property=\"og:site_name\" content=\"SFBD\" \/>\n<meta property=\"article:modified_time\" content=\"2023-12-12T11:34:03+00:00\" \/>\n<meta name=\"twitter:card\" content=\"summary_large_image\" \/>\n<meta name=\"twitter:site\" content=\"@sfbd_biodev\" \/>\n<meta name=\"twitter:label1\" content=\"Est. reading time\" \/>\n\t<meta name=\"twitter:data1\" content=\"5 minutes\" \/>\n<script type=\"application\/ld+json\" class=\"yoast-schema-graph\">{\"@context\":\"https:\/\/schema.org\",\"@graph\":[{\"@type\":\"Organization\",\"@id\":\"https:\/\/sfbd.fr\/en\/#organization\",\"name\":\"Soci\u00e9t\u00e9 Fran\u00e7aise de Biologie du D\u00e9veloppement\",\"url\":\"https:\/\/sfbd.fr\/en\/\",\"sameAs\":[\"https:\/\/twitter.com\/sfbd_biodev\"],\"logo\":{\"@type\":\"ImageObject\",\"@id\":\"https:\/\/sfbd.fr\/en\/#logo\",\"inLanguage\":\"en-US\",\"url\":\"https:\/\/sfbd.fr\/wp-content\/uploads\/2019\/11\/Favicon.jpg\",\"contentUrl\":\"https:\/\/sfbd.fr\/wp-content\/uploads\/2019\/11\/Favicon.jpg\",\"width\":1324,\"height\":1324,\"caption\":\"Soci\u00e9t\u00e9 Fran\u00e7aise de Biologie du D\u00e9veloppement\"},\"image\":{\"@id\":\"https:\/\/sfbd.fr\/en\/#logo\"}},{\"@type\":\"WebSite\",\"@id\":\"https:\/\/sfbd.fr\/en\/#website\",\"url\":\"https:\/\/sfbd.fr\/en\/\",\"name\":\"Soci\u00e9t\u00e9 Fran\u00e7aise de Biologie du D\u00e9veloppement\",\"description\":\"\",\"publisher\":{\"@id\":\"https:\/\/sfbd.fr\/en\/#organization\"},\"potentialAction\":[{\"@type\":\"SearchAction\",\"target\":{\"@type\":\"EntryPoint\",\"urlTemplate\":\"https:\/\/sfbd.fr\/en\/?s={search_term_string}\"},\"query-input\":\"required name=search_term_string\"}],\"inLanguage\":\"en-US\"},{\"@type\":\"WebPage\",\"@id\":\"https:\/\/sfbd.fr\/en\/resources\/ressources-enseignement\/#webpage\",\"url\":\"https:\/\/sfbd.fr\/en\/resources\/ressources-enseignement\/\",\"name\":\"Teaching resources - SFBD\",\"isPartOf\":{\"@id\":\"https:\/\/sfbd.fr\/en\/#website\"},\"datePublished\":\"2019-05-28T12:14:38+00:00\",\"dateModified\":\"2023-12-12T11:34:03+00:00\",\"breadcrumb\":{\"@id\":\"https:\/\/sfbd.fr\/en\/resources\/ressources-enseignement\/#breadcrumb\"},\"inLanguage\":\"en-US\",\"potentialAction\":[{\"@type\":\"ReadAction\",\"target\":[\"https:\/\/sfbd.fr\/en\/resources\/ressources-enseignement\/\"]}]},{\"@type\":\"BreadcrumbList\",\"@id\":\"https:\/\/sfbd.fr\/en\/resources\/ressources-enseignement\/#breadcrumb\",\"itemListElement\":[{\"@type\":\"ListItem\",\"position\":1,\"name\":\"Accueil\",\"item\":\"https:\/\/sfbd.fr\/en\/\"},{\"@type\":\"ListItem\",\"position\":2,\"name\":\"Resources\",\"item\":\"https:\/\/sfbd.fr\/en\/resources\/\"},{\"@type\":\"ListItem\",\"position\":3,\"name\":\"Teaching resources\"}]}]}<\/script>\n<!-- \/ Yoast SEO plugin. -->","yoast_head_json":{"title":"Teaching resources - SFBD","robots":{"index":"index","follow":"follow","max-snippet":"max-snippet:-1","max-image-preview":"max-image-preview:large","max-video-preview":"max-video-preview:-1"},"canonical":"https:\/\/sfbd.fr\/en\/resources\/ressources-enseignement\/","og_locale":"en_US","og_type":"article","og_title":"Teaching resources - SFBD","og_description":"[vc_row][vc_column][vc_custom_heading text=&#8221;Teaching resources&#8221; use_theme_fonts=&#8221;yes&#8221;][vc_column_text] The purpose of this section is to provide resources for teachers to address developmental biology issues&hellip;","og_url":"https:\/\/sfbd.fr\/en\/resources\/ressources-enseignement\/","og_site_name":"SFBD","article_modified_time":"2023-12-12T11:34:03+00:00","twitter_card":"summary_large_image","twitter_site":"@sfbd_biodev","twitter_misc":{"Est. reading time":"5 minutes"},"schema":{"@context":"https:\/\/schema.org","@graph":[{"@type":"Organization","@id":"https:\/\/sfbd.fr\/en\/#organization","name":"Soci\u00e9t\u00e9 Fran\u00e7aise de Biologie du D\u00e9veloppement","url":"https:\/\/sfbd.fr\/en\/","sameAs":["https:\/\/twitter.com\/sfbd_biodev"],"logo":{"@type":"ImageObject","@id":"https:\/\/sfbd.fr\/en\/#logo","inLanguage":"en-US","url":"https:\/\/sfbd.fr\/wp-content\/uploads\/2019\/11\/Favicon.jpg","contentUrl":"https:\/\/sfbd.fr\/wp-content\/uploads\/2019\/11\/Favicon.jpg","width":1324,"height":1324,"caption":"Soci\u00e9t\u00e9 Fran\u00e7aise de Biologie du D\u00e9veloppement"},"image":{"@id":"https:\/\/sfbd.fr\/en\/#logo"}},{"@type":"WebSite","@id":"https:\/\/sfbd.fr\/en\/#website","url":"https:\/\/sfbd.fr\/en\/","name":"Soci\u00e9t\u00e9 Fran\u00e7aise de Biologie du D\u00e9veloppement","description":"","publisher":{"@id":"https:\/\/sfbd.fr\/en\/#organization"},"potentialAction":[{"@type":"SearchAction","target":{"@type":"EntryPoint","urlTemplate":"https:\/\/sfbd.fr\/en\/?s={search_term_string}"},"query-input":"required name=search_term_string"}],"inLanguage":"en-US"},{"@type":"WebPage","@id":"https:\/\/sfbd.fr\/en\/resources\/ressources-enseignement\/#webpage","url":"https:\/\/sfbd.fr\/en\/resources\/ressources-enseignement\/","name":"Teaching resources - SFBD","isPartOf":{"@id":"https:\/\/sfbd.fr\/en\/#website"},"datePublished":"2019-05-28T12:14:38+00:00","dateModified":"2023-12-12T11:34:03+00:00","breadcrumb":{"@id":"https:\/\/sfbd.fr\/en\/resources\/ressources-enseignement\/#breadcrumb"},"inLanguage":"en-US","potentialAction":[{"@type":"ReadAction","target":["https:\/\/sfbd.fr\/en\/resources\/ressources-enseignement\/"]}]},{"@type":"BreadcrumbList","@id":"https:\/\/sfbd.fr\/en\/resources\/ressources-enseignement\/#breadcrumb","itemListElement":[{"@type":"ListItem","position":1,"name":"Accueil","item":"https:\/\/sfbd.fr\/en\/"},{"@type":"ListItem","position":2,"name":"Resources","item":"https:\/\/sfbd.fr\/en\/resources\/"},{"@type":"ListItem","position":3,"name":"Teaching resources"}]}]}},"_links":{"self":[{"href":"https:\/\/sfbd.fr\/en\/wp-json\/wp\/v2\/pages\/4031"}],"collection":[{"href":"https:\/\/sfbd.fr\/en\/wp-json\/wp\/v2\/pages"}],"about":[{"href":"https:\/\/sfbd.fr\/en\/wp-json\/wp\/v2\/types\/page"}],"author":[{"embeddable":true,"href":"https:\/\/sfbd.fr\/en\/wp-json\/wp\/v2\/users\/1"}],"replies":[{"embeddable":true,"href":"https:\/\/sfbd.fr\/en\/wp-json\/wp\/v2\/comments?post=4031"}],"version-history":[{"count":25,"href":"https:\/\/sfbd.fr\/en\/wp-json\/wp\/v2\/pages\/4031\/revisions"}],"predecessor-version":[{"id":12322,"href":"https:\/\/sfbd.fr\/en\/wp-json\/wp\/v2\/pages\/4031\/revisions\/12322"}],"up":[{"embeddable":true,"href":"https:\/\/sfbd.fr\/en\/wp-json\/wp\/v2\/pages\/4022"}],"wp:attachment":[{"href":"https:\/\/sfbd.fr\/en\/wp-json\/wp\/v2\/media?parent=4031"}],"curies":[{"name":"wp","href":"https:\/\/api.w.org\/{rel}","templated":true}]}}