{"id":4037,"date":"2019-05-28T16:31:50","date_gmt":"2019-05-28T14:31:50","guid":{"rendered":"https:\/\/sfbd.fr\/resources\/bases-de-donnees-modeles-detude\/"},"modified":"2023-12-12T12:57:06","modified_gmt":"2023-12-12T11:57:06","slug":"model-databases","status":"publish","type":"page","link":"https:\/\/sfbd.fr\/en\/resources\/model-databases\/","title":{"rendered":"Model species databases"},"content":{"rendered":"<p>[vc_row][vc_column][vc_custom_heading text=&#8221;Model species databases&#8221; use_theme_fonts=&#8221;yes&#8221;][vc_column_text]<em>Don&#8217;t hesitate to <a href=\"mailto:website@sfbd.fr\">contact us<\/a> to suggest content for this section.<br \/>\n<\/em>[\/vc_column_text][\/vc_column][\/vc_row][vc_row][vc_column][vc_tta_accordion style=&#8221;flat&#8221; color=&#8221;black&#8221; active_section=&#8221;&#8221; no_fill=&#8221;true&#8221;][vc_tta_section title=&#8221;MOUSE&#8221; tab_id=&#8221;1558961247035-15b63daf-f56f&#8221;][vc_row_inner css=&#8221;.vc_custom_1559040056638{background-color: #ffffff !important;}&#8221;][vc_column_inner width=&#8221;1\/4&#8243;][vc_btn title=&#8221;Mouse Genome Informatics&#8221; style=&#8221;flat&#8221; color=&#8221;mulled-wine&#8221; size=&#8221;lg&#8221; align=&#8221;left&#8221; i_icon_fontawesome=&#8221;fa fa-circle&#8221; add_icon=&#8221;true&#8221; link=&#8221;url:http%3A%2F%2Fwww.informatics.jax.org%2F||target:%20_blank|&#8221;][\/vc_column_inner][vc_column_inner width=&#8221;1\/4&#8243;][vc_btn title=&#8221;The Jackson Laboratory&#8221; style=&#8221;flat&#8221; color=&#8221;mulled-wine&#8221; size=&#8221;lg&#8221; align=&#8221;left&#8221; i_icon_fontawesome=&#8221;fa fa-circle&#8221; add_icon=&#8221;true&#8221; link=&#8221;url:https%3A%2F%2Fwww.jax.org%2Ffr%2F%23||target:%20_blank|&#8221;][\/vc_column_inner][vc_column_inner width=&#8221;1\/4&#8243;][vc_btn title=&#8221;eMouse atlas community resource&#8221; style=&#8221;flat&#8221; color=&#8221;mulled-wine&#8221; size=&#8221;lg&#8221; align=&#8221;left&#8221; i_icon_fontawesome=&#8221;fa fa-circle&#8221; button_block=&#8221;true&#8221; add_icon=&#8221;true&#8221; link=&#8221;url:http%3A%2F%2Fwww.emouseatlas.org%2Femap%2Fhome.html||target:%20_blank|&#8221;][\/vc_column_inner][vc_column_inner width=&#8221;1\/4&#8243;][vc_btn title=&#8221;Deciphering the Mechanisms of Developmental Disorders&#8221; style=&#8221;flat&#8221; color=&#8221;mulled-wine&#8221; size=&#8221;lg&#8221; align=&#8221;left&#8221; i_icon_fontawesome=&#8221;fa fa-circle&#8221; add_icon=&#8221;true&#8221; link=&#8221;url:https%3A%2F%2Fdmdd.org.uk%2F||target:%20_blank|&#8221;][\/vc_column_inner][\/vc_row_inner][\/vc_tta_section][vc_tta_section title=&#8221;CHICKEN&#8221; tab_id=&#8221;1559056175263-71e94d61-a4e9&#8243;][vc_row_inner css=&#8221;.vc_custom_1559040056638{background-color: #ffffff !important;}&#8221;][vc_column_inner width=&#8221;1\/4&#8243;][vc_btn title=&#8221;Chicken embryology&#8221; style=&#8221;flat&#8221; color=&#8221;mulled-wine&#8221; size=&#8221;lg&#8221; align=&#8221;center&#8221; i_icon_fontawesome=&#8221;fa fa-circle&#8221; add_icon=&#8221;true&#8221; link=&#8221;url:https%3A%2F%2Fembryology.med.unsw.edu.au%2Fembryology%2Findex.php%2FChicken_Development||target:%20_blank|&#8221;][\/vc_column_inner][vc_column_inner width=&#8221;1\/4&#8243;][vc_btn title=&#8221;Geisha&#8221; style=&#8221;flat&#8221; color=&#8221;mulled-wine&#8221; size=&#8221;lg&#8221; align=&#8221;left&#8221; i_icon_fontawesome=&#8221;fa fa-circle&#8221; add_icon=&#8221;true&#8221; link=&#8221;url:http%3A%2F%2Fgeisha.arizona.edu%2Fgeisha%2F||target:%20_blank|&#8221;][\/vc_column_inner][vc_column_inner width=&#8221;1\/4&#8243;][\/vc_column_inner][\/vc_row_inner][\/vc_tta_section][vc_tta_section title=&#8221;ZEBRAFISH&#8221; tab_id=&#8221;1559057161863-30d49356-3aca&#8221;][vc_btn title=&#8221;ZFIN&#8221; style=&#8221;flat&#8221; color=&#8221;mulled-wine&#8221; size=&#8221;lg&#8221; align=&#8221;left&#8221; i_icon_fontawesome=&#8221;fa fa-circle&#8221; add_icon=&#8221;true&#8221; link=&#8221;url:http%3A%2F%2Fzfin.org%2F||target:%20_blank|&#8221;][\/vc_tta_section][vc_tta_section title=&#8221;C. ELEGANS&#8221; tab_id=&#8221;1559056226265-2b9ad71a-a7e3&#8243;][vc_row_inner][vc_column_inner width=&#8221;1\/6&#8243;][vc_btn title=&#8221;Wormbase&#8221; style=&#8221;flat&#8221; color=&#8221;mulled-wine&#8221; size=&#8221;lg&#8221; align=&#8221;left&#8221; i_icon_fontawesome=&#8221;fa fa-circle&#8221; add_icon=&#8221;true&#8221; link=&#8221;url:https%3A%2F%2Fwww.wormbase.org%2F||target:%20_blank|&#8221;][\/vc_column_inner][vc_column_inner width=&#8221;1\/6&#8243;][vc_btn title=&#8221;Wormbook&#8221; style=&#8221;flat&#8221; color=&#8221;mulled-wine&#8221; size=&#8221;lg&#8221; align=&#8221;left&#8221; i_icon_fontawesome=&#8221;fa fa-circle&#8221; add_icon=&#8221;true&#8221; link=&#8221;url:https%3A%2F%2Fwww.wormbase.org%2F||target:%20_blank|&#8221;][\/vc_column_inner][vc_column_inner width=&#8221;4\/6&#8243;][\/vc_column_inner][\/vc_row_inner][\/vc_tta_section][vc_tta_section title=&#8221;DROSOPHILA&#8221; tab_id=&#8221;1559056441343-7518bf31-e257&#8243;][vc_row_inner][vc_column_inner width=&#8221;1\/6&#8243;][vc_btn title=&#8221;Flybase&#8221; style=&#8221;flat&#8221; color=&#8221;mulled-wine&#8221; size=&#8221;lg&#8221; align=&#8221;left&#8221; i_icon_fontawesome=&#8221;fa fa-circle&#8221; add_icon=&#8221;true&#8221; link=&#8221;url:http%3A%2F%2Fflybase.org%2F||target:%20_blank|&#8221;][\/vc_column_inner][vc_column_inner width=&#8221;1\/6&#8243;][vc_btn title=&#8221;FlyMine&#8221; style=&#8221;flat&#8221; color=&#8221;mulled-wine&#8221; size=&#8221;lg&#8221; align=&#8221;left&#8221; i_icon_fontawesome=&#8221;fa fa-circle&#8221; add_icon=&#8221;true&#8221; link=&#8221;url:http%3A%2F%2Fwww.flymine.org%2Fflymine%2Fbegin.do||target:%20_blank|&#8221;][\/vc_column_inner][vc_column_inner width=&#8221;2\/6&#8243;][vc_btn title=&#8221;Atlas of Drosophila Development by Volker Hartenstein&#8221; style=&#8221;flat&#8221; color=&#8221;mulled-wine&#8221; size=&#8221;lg&#8221; align=&#8221;left&#8221; i_icon_fontawesome=&#8221;fa fa-circle&#8221; add_icon=&#8221;true&#8221; link=&#8221;url:https%3A%2F%2Fwww.sdbonline.org%2Fsites%2Ffly%2Fatlas%2F00atlas.htm||target:%20_blank|&#8221;][\/vc_column_inner][vc_column_inner width=&#8221;2\/6&#8243;][vc_btn title=&#8221;DRSC\/TRiP Functional Genomics Resources&#8221; style=&#8221;flat&#8221; color=&#8221;mulled-wine&#8221; size=&#8221;lg&#8221; align=&#8221;left&#8221; i_icon_fontawesome=&#8221;fa fa-circle&#8221; add_icon=&#8221;true&#8221; link=&#8221;url:https%3A%2F%2Ffgr.hms.harvard.edu%2F||target:%20_blank|&#8221;][\/vc_column_inner][\/vc_row_inner][vc_custom_heading text=&#8221;\u2192 Drosophila stocks&#8221; font_container=&#8221;tag:h5|text_align:left&#8221; use_theme_fonts=&#8221;yes&#8221;][vc_row_inner][vc_column_inner width=&#8221;1\/3&#8243;][vc_btn title=&#8221;Bloomington Drosophila Stock Center&#8221; style=&#8221;flat&#8221; color=&#8221;mulled-wine&#8221; size=&#8221;lg&#8221; align=&#8221;left&#8221; i_icon_fontawesome=&#8221;fa fa-circle&#8221; add_icon=&#8221;true&#8221; link=&#8221;url:https%3A%2F%2Fbdsc.indiana.edu%2F||target:%20_blank|&#8221;][\/vc_column_inner][vc_column_inner width=&#8221;1\/3&#8243;][vc_btn title=&#8221;The Vienna Drosophila Resource Center&#8221; style=&#8221;flat&#8221; color=&#8221;mulled-wine&#8221; size=&#8221;lg&#8221; align=&#8221;left&#8221; i_icon_fontawesome=&#8221;fa fa-circle&#8221; add_icon=&#8221;true&#8221; link=&#8221;url:https%3A%2F%2Fstockcenter.vdrc.at%2Fcontrol%2Fmain||target:%20_blank|&#8221;][\/vc_column_inner][vc_column_inner width=&#8221;1\/3&#8243;][vc_btn title=&#8221;The National Drosophila Species Stock Center&#8221; style=&#8221;flat&#8221; color=&#8221;mulled-wine&#8221; size=&#8221;lg&#8221; align=&#8221;left&#8221; i_icon_fontawesome=&#8221;fa fa-circle&#8221; add_icon=&#8221;true&#8221; link=&#8221;url:http%3A%2F%2Fblogs.cornell.edu%2Fdrosophila%2F||target:%20_blank|&#8221;][\/vc_column_inner][\/vc_row_inner][vc_custom_heading text=&#8221;\u2192 Drosophila images contest&#8221; font_container=&#8221;tag:h5|text_align:left&#8221; use_theme_fonts=&#8221;yes&#8221;][vc_row_inner][vc_column_inner width=&#8221;1\/3&#8243;][vc_btn title=&#8221;Drosophila Image Award&#8221; style=&#8221;flat&#8221; color=&#8221;mulled-wine&#8221; size=&#8221;lg&#8221; align=&#8221;left&#8221; i_icon_fontawesome=&#8221;fa fa-circle&#8221; add_icon=&#8221;true&#8221; link=&#8221;url:http%3A%2F%2Fdrosophila-images.org%2F||target:%20_blank|&#8221;][\/vc_column_inner][vc_column_inner width=&#8221;1\/3&#8243;][\/vc_column_inner][vc_column_inner width=&#8221;1\/3&#8243;][\/vc_column_inner][\/vc_row_inner][\/vc_tta_section][vc_tta_section title=&#8221;XENOPUS&#8221; tab_id=&#8221;1559057144783-62aba963-2da2&#8243;][vc_btn title=&#8221;Xenbase&#8221; style=&#8221;flat&#8221; color=&#8221;mulled-wine&#8221; size=&#8221;lg&#8221; align=&#8221;left&#8221; i_icon_fontawesome=&#8221;fa fa-circle&#8221; add_icon=&#8221;true&#8221; link=&#8221;url:http%3A%2F%2Fwww.xenbase.org%2F||target:%20_blank|&#8221;][\/vc_tta_section][vc_tta_section title=&#8221;ARABIDOPSIS&#8221; tab_id=&#8221;1559057205758-9de518e6-9ca4&#8243;][vc_row_inner][vc_column_inner width=&#8221;1\/6&#8243;][vc_btn title=&#8221;TAIR&#8221; style=&#8221;flat&#8221; color=&#8221;mulled-wine&#8221; size=&#8221;lg&#8221; align=&#8221;left&#8221; i_icon_fontawesome=&#8221;fa fa-circle&#8221; add_icon=&#8221;true&#8221; link=&#8221;url:https%3A%2F%2Fwww.arabidopsis.org%2F||target:%20_blank|&#8221;][\/vc_column_inner][vc_column_inner width=&#8221;1\/6&#8243;][\/vc_column_inner][vc_column_inner width=&#8221;1\/6&#8243;][\/vc_column_inner][\/vc_row_inner][\/vc_tta_section][vc_tta_section title=&#8221;ASCIDIANS&#8221; tab_id=&#8221;1559057777166-eb7ce65e-e991&#8243;][vc_row_inner][vc_column_inner width=&#8221;1\/6&#8243;][vc_btn title=&#8221;ANISEED&#8221; style=&#8221;flat&#8221; color=&#8221;mulled-wine&#8221; size=&#8221;lg&#8221; align=&#8221;left&#8221; i_icon_fontawesome=&#8221;fa fa-circle&#8221; add_icon=&#8221;true&#8221; link=&#8221;url:https%3A%2F%2Fwww.aniseed.cnrs.fr%2F||target:%20_blank|&#8221;][\/vc_column_inner][vc_column_inner width=&#8221;1\/2&#8243;][vc_btn title=&#8221;The Tunicate Portal&#8221; style=&#8221;flat&#8221; color=&#8221;mulled-wine&#8221; size=&#8221;lg&#8221; align=&#8221;left&#8221; i_icon_fontawesome=&#8221;fa fa-circle&#8221; add_icon=&#8221;true&#8221; link=&#8221;url:http%3A%2F%2Ftunicate-portal.org%2F||target:%20_blank|&#8221;][\/vc_column_inner][vc_column_inner width=&#8221;1\/6&#8243;][\/vc_column_inner][vc_column_inner width=&#8221;1\/6&#8243;][\/vc_column_inner][\/vc_row_inner][\/vc_tta_section][vc_tta_section title=&#8221;HUMAN&#8221; tab_id=&#8221;1559061445333-664a206e-6952&#8243;][vc_row_inner][vc_column_inner width=&#8221;1\/3&#8243;][vc_btn title=&#8221;3D Atlas of Human Embryology&#8221; style=&#8221;flat&#8221; color=&#8221;mulled-wine&#8221; size=&#8221;lg&#8221; align=&#8221;left&#8221; i_icon_fontawesome=&#8221;fa fa-circle&#8221; add_icon=&#8221;true&#8221; link=&#8221;url:https%3A%2F%2Fwww.3dembryoatlas.com%2Fblank||target:%20_blank|&#8221;][\/vc_column_inner][vc_column_inner width=&#8221;1\/3&#8243;][vc_btn title=&#8221;Transparent Human embryo&#8221; style=&#8221;flat&#8221; color=&#8221;mulled-wine&#8221; size=&#8221;lg&#8221; align=&#8221;left&#8221; i_icon_fontawesome=&#8221;fa fa-circle&#8221; add_icon=&#8221;true&#8221; link=&#8221;url:https%3A%2F%2Ftransparent-human-embryo.com%2F%3Fpage_id%3D607%26ao_confirm||target:%20_blank|&#8221;][\/vc_column_inner][vc_column_inner width=&#8221;1\/3&#8243;][\/vc_column_inner][\/vc_row_inner][\/vc_tta_section][vc_tta_section title=&#8221;NEUROSCIENCES&#8221; tab_id=&#8221;1559062687143-e1e236f3-843f&#8221;][vc_row_inner][vc_column_inner width=&#8221;1\/3&#8243;][vc_btn title=&#8221;Brain Maps&#8221; style=&#8221;flat&#8221; color=&#8221;mulled-wine&#8221; size=&#8221;lg&#8221; align=&#8221;left&#8221; i_icon_fontawesome=&#8221;fa fa-circle&#8221; add_icon=&#8221;true&#8221; link=&#8221;url:http%3A%2F%2Fbrainmaps.org%2F||target:%20_blank|&#8221;][vc_btn title=&#8221;The Whole Brain Atlas&#8221; style=&#8221;flat&#8221; color=&#8221;mulled-wine&#8221; size=&#8221;lg&#8221; align=&#8221;left&#8221; i_icon_fontawesome=&#8221;fa fa-circle&#8221; add_icon=&#8221;true&#8221; link=&#8221;url:http%3A%2F%2Fbraininfo.rprc.washington.edu%2FOtherAtlases.aspx||target:%20_blank|&#8221;][\/vc_column_inner][vc_column_inner width=&#8221;1\/3&#8243;][vc_btn title=&#8221;Brain-development.org&#8221; style=&#8221;flat&#8221; color=&#8221;mulled-wine&#8221; size=&#8221;lg&#8221; align=&#8221;left&#8221; i_icon_fontawesome=&#8221;fa fa-circle&#8221; add_icon=&#8221;true&#8221; link=&#8221;url:https%3A%2F%2Fbrain-development.org%2F||target:%20_blank|&#8221;][vc_btn title=&#8221;Allen Brain Atlases and Data&#8221; style=&#8221;flat&#8221; color=&#8221;mulled-wine&#8221; size=&#8221;lg&#8221; align=&#8221;left&#8221; i_icon_fontawesome=&#8221;fa fa-circle&#8221; add_icon=&#8221;true&#8221; link=&#8221;url:http%3A%2F%2Fportal.brain-map.org%2F||target:%20_blank|&#8221;][\/vc_column_inner][vc_column_inner width=&#8221;1\/3&#8243;][vc_btn title=&#8221;Connectome Coordination Facility&#8221; style=&#8221;flat&#8221; color=&#8221;mulled-wine&#8221; size=&#8221;lg&#8221; align=&#8221;left&#8221; i_icon_fontawesome=&#8221;fa fa-circle&#8221; add_icon=&#8221;true&#8221; link=&#8221;url:https%3A%2F%2Fwww.humanconnectome.org%2F||target:%20_blank|&#8221;][\/vc_column_inner][\/vc_row_inner][vc_row_inner][vc_column_inner width=&#8221;1\/3&#8243;][\/vc_column_inner][vc_column_inner width=&#8221;1\/3&#8243;][\/vc_column_inner][vc_column_inner width=&#8221;1\/3&#8243;][\/vc_column_inner][\/vc_row_inner][\/vc_tta_section][vc_tta_section title=&#8221;MISCELANEOUS&#8221; tab_id=&#8221;1559061275766-28a72472-7ab9&#8243;][vc_row_inner][vc_column_inner][vc_custom_heading text=&#8221;\u2192 Craniofacial developmental data and resources for various model organisms&#8221; font_container=&#8221;tag:h5|text_align:left&#8221; use_theme_fonts=&#8221;yes&#8221;][vc_btn title=&#8221;FaceBase&#8221; style=&#8221;flat&#8221; color=&#8221;mulled-wine&#8221; size=&#8221;lg&#8221; align=&#8221;left&#8221; i_icon_fontawesome=&#8221;fa fa-circle&#8221; add_icon=&#8221;true&#8221; link=&#8221;url:https%3A%2F%2Fwww.facebase.org%2F||target:%20_blank|&#8221;][\/vc_column_inner][\/vc_row_inner][vc_row_inner][vc_column_inner][vc_custom_heading text=&#8221;\u2192 Search tool for orthologs and variants related to the disease&#8221; font_container=&#8221;tag:h5|text_align:left&#8221; use_theme_fonts=&#8221;yes&#8221;][vc_btn title=&#8221;Marrvel&#8221; style=&#8221;flat&#8221; color=&#8221;mulled-wine&#8221; size=&#8221;lg&#8221; align=&#8221;left&#8221; i_icon_fontawesome=&#8221;fa fa-circle&#8221; add_icon=&#8221;true&#8221; link=&#8221;url:http%3A%2F%2Fmarrvel.org%2F||target:%20_blank|&#8221;][\/vc_column_inner][\/vc_row_inner][vc_row_inner][vc_column_inner][vc_custom_heading text=&#8221;\u2192 Database of phenotypic variations whose causative mutations are identified in eukaryotes (humans excluded)&#8221; font_container=&#8221;tag:h5|text_align:left&#8221; use_theme_fonts=&#8221;yes&#8221;][vc_btn title=&#8221;Gephebase&#8221; style=&#8221;flat&#8221; color=&#8221;mulled-wine&#8221; size=&#8221;lg&#8221; align=&#8221;left&#8221; i_icon_fontawesome=&#8221;fa fa-circle&#8221; add_icon=&#8221;true&#8221; link=&#8221;url:https%3A%2F%2Fwww.gephebase.org%2F||target:%20_blank|&#8221;][\/vc_column_inner][\/vc_row_inner][vc_row_inner][vc_column_inner][vc_custom_heading text=&#8221;\u2192 Plant Comparative Genomics portal of the Department of Energy&#8217;s Joint Genome Institute&#8221; font_container=&#8221;tag:h5|text_align:left&#8221; use_theme_fonts=&#8221;yes&#8221;][vc_btn title=&#8221;Phytozome&#8221; style=&#8221;flat&#8221; color=&#8221;mulled-wine&#8221; size=&#8221;lg&#8221; align=&#8221;left&#8221; i_icon_fontawesome=&#8221;fa fa-circle&#8221; add_icon=&#8221;true&#8221; link=&#8221;url:https%3A%2F%2Fphytozome.jgi.doe.gov%2Fpz%2Fportal.html||target:%20_blank|&#8221;][\/vc_column_inner][\/vc_row_inner][vc_row_inner][vc_column_inner][vc_custom_heading text=&#8221;\u2192 International multi-disciplinary consortium with large-scale plant gene sequencing data&#8221; font_container=&#8221;tag:h5|text_align:left&#8221; use_theme_fonts=&#8221;yes&#8221;][vc_btn title=&#8221;1000 Plants&#8221; style=&#8221;flat&#8221; color=&#8221;mulled-wine&#8221; size=&#8221;lg&#8221; align=&#8221;left&#8221; i_icon_fontawesome=&#8221;fa fa-circle&#8221; add_icon=&#8221;true&#8221; link=&#8221;url:https%3A%2F%2Fsites.google.com%2Fa%2Fualberta.ca%2Fonekp%2F||target:%20_blank|&#8221;][\/vc_column_inner][\/vc_row_inner][\/vc_tta_section][\/vc_tta_accordion][\/vc_column][\/vc_row]<\/p>\n","protected":false},"excerpt":{"rendered":"<p>[vc_row][vc_column][vc_custom_heading text=&#8221;Model species databases&#8221; use_theme_fonts=&#8221;yes&#8221;][vc_column_text]Don&#8217;t hesitate to contact us to suggest content for this section. [\/vc_column_text][\/vc_column][\/vc_row][vc_row][vc_column][vc_tta_accordion style=&#8221;flat&#8221; color=&#8221;black&#8221; active_section=&#8221;&#8221; no_fill=&#8221;true&#8221;][vc_tta_section&hellip;<\/p>\n","protected":false},"author":1,"featured_media":0,"parent":4022,"menu_order":0,"comment_status":"closed","ping_status":"open","template":"","meta":{"footnotes":""},"yoast_head":"<!-- This site is optimized with the Yoast SEO plugin v18.2 - https:\/\/yoast.com\/wordpress\/plugins\/seo\/ -->\n<title>Model species databases - SFBD<\/title>\n<meta name=\"robots\" content=\"index, follow, max-snippet:-1, max-image-preview:large, max-video-preview:-1\" \/>\n<link rel=\"canonical\" href=\"https:\/\/sfbd.fr\/en\/resources\/model-databases\/\" \/>\n<meta property=\"og:locale\" content=\"en_US\" \/>\n<meta property=\"og:type\" content=\"article\" \/>\n<meta property=\"og:title\" content=\"Model species databases - SFBD\" \/>\n<meta property=\"og:description\" content=\"[vc_row][vc_column][vc_custom_heading text=&#8221;Model species databases&#8221; use_theme_fonts=&#8221;yes&#8221;][vc_column_text]Don&#8217;t hesitate to contact us to suggest content for this section. [\/vc_column_text][\/vc_column][\/vc_row][vc_row][vc_column][vc_tta_accordion style=&#8221;flat&#8221; color=&#8221;black&#8221; active_section=&#8221;&#8221; no_fill=&#8221;true&#8221;][vc_tta_section&hellip;\" \/>\n<meta property=\"og:url\" content=\"https:\/\/sfbd.fr\/en\/resources\/model-databases\/\" \/>\n<meta property=\"og:site_name\" content=\"SFBD\" \/>\n<meta property=\"article:modified_time\" content=\"2023-12-12T11:57:06+00:00\" \/>\n<meta name=\"twitter:card\" content=\"summary_large_image\" \/>\n<meta name=\"twitter:site\" content=\"@sfbd_biodev\" \/>\n<meta name=\"twitter:label1\" content=\"Est. reading time\" \/>\n\t<meta name=\"twitter:data1\" content=\"9 minutes\" \/>\n<script type=\"application\/ld+json\" class=\"yoast-schema-graph\">{\"@context\":\"https:\/\/schema.org\",\"@graph\":[{\"@type\":\"Organization\",\"@id\":\"https:\/\/sfbd.fr\/en\/#organization\",\"name\":\"Soci\u00e9t\u00e9 Fran\u00e7aise de Biologie du D\u00e9veloppement\",\"url\":\"https:\/\/sfbd.fr\/en\/\",\"sameAs\":[\"https:\/\/twitter.com\/sfbd_biodev\"],\"logo\":{\"@type\":\"ImageObject\",\"@id\":\"https:\/\/sfbd.fr\/en\/#logo\",\"inLanguage\":\"en-US\",\"url\":\"https:\/\/sfbd.fr\/wp-content\/uploads\/2019\/11\/Favicon.jpg\",\"contentUrl\":\"https:\/\/sfbd.fr\/wp-content\/uploads\/2019\/11\/Favicon.jpg\",\"width\":1324,\"height\":1324,\"caption\":\"Soci\u00e9t\u00e9 Fran\u00e7aise de Biologie du D\u00e9veloppement\"},\"image\":{\"@id\":\"https:\/\/sfbd.fr\/en\/#logo\"}},{\"@type\":\"WebSite\",\"@id\":\"https:\/\/sfbd.fr\/en\/#website\",\"url\":\"https:\/\/sfbd.fr\/en\/\",\"name\":\"Soci\u00e9t\u00e9 Fran\u00e7aise de Biologie du D\u00e9veloppement\",\"description\":\"\",\"publisher\":{\"@id\":\"https:\/\/sfbd.fr\/en\/#organization\"},\"potentialAction\":[{\"@type\":\"SearchAction\",\"target\":{\"@type\":\"EntryPoint\",\"urlTemplate\":\"https:\/\/sfbd.fr\/en\/?s={search_term_string}\"},\"query-input\":\"required name=search_term_string\"}],\"inLanguage\":\"en-US\"},{\"@type\":\"WebPage\",\"@id\":\"https:\/\/sfbd.fr\/en\/resources\/model-databases\/#webpage\",\"url\":\"https:\/\/sfbd.fr\/en\/resources\/model-databases\/\",\"name\":\"Model species databases - SFBD\",\"isPartOf\":{\"@id\":\"https:\/\/sfbd.fr\/en\/#website\"},\"datePublished\":\"2019-05-28T14:31:50+00:00\",\"dateModified\":\"2023-12-12T11:57:06+00:00\",\"breadcrumb\":{\"@id\":\"https:\/\/sfbd.fr\/en\/resources\/model-databases\/#breadcrumb\"},\"inLanguage\":\"en-US\",\"potentialAction\":[{\"@type\":\"ReadAction\",\"target\":[\"https:\/\/sfbd.fr\/en\/resources\/model-databases\/\"]}]},{\"@type\":\"BreadcrumbList\",\"@id\":\"https:\/\/sfbd.fr\/en\/resources\/model-databases\/#breadcrumb\",\"itemListElement\":[{\"@type\":\"ListItem\",\"position\":1,\"name\":\"Accueil\",\"item\":\"https:\/\/sfbd.fr\/en\/\"},{\"@type\":\"ListItem\",\"position\":2,\"name\":\"Resources\",\"item\":\"https:\/\/sfbd.fr\/en\/resources\/\"},{\"@type\":\"ListItem\",\"position\":3,\"name\":\"Model species databases\"}]}]}<\/script>\n<!-- \/ Yoast SEO plugin. -->","yoast_head_json":{"title":"Model species databases - SFBD","robots":{"index":"index","follow":"follow","max-snippet":"max-snippet:-1","max-image-preview":"max-image-preview:large","max-video-preview":"max-video-preview:-1"},"canonical":"https:\/\/sfbd.fr\/en\/resources\/model-databases\/","og_locale":"en_US","og_type":"article","og_title":"Model species databases - SFBD","og_description":"[vc_row][vc_column][vc_custom_heading text=&#8221;Model species databases&#8221; use_theme_fonts=&#8221;yes&#8221;][vc_column_text]Don&#8217;t hesitate to contact us to suggest content for this section. [\/vc_column_text][\/vc_column][\/vc_row][vc_row][vc_column][vc_tta_accordion style=&#8221;flat&#8221; color=&#8221;black&#8221; active_section=&#8221;&#8221; no_fill=&#8221;true&#8221;][vc_tta_section&hellip;","og_url":"https:\/\/sfbd.fr\/en\/resources\/model-databases\/","og_site_name":"SFBD","article_modified_time":"2023-12-12T11:57:06+00:00","twitter_card":"summary_large_image","twitter_site":"@sfbd_biodev","twitter_misc":{"Est. reading time":"9 minutes"},"schema":{"@context":"https:\/\/schema.org","@graph":[{"@type":"Organization","@id":"https:\/\/sfbd.fr\/en\/#organization","name":"Soci\u00e9t\u00e9 Fran\u00e7aise de Biologie du D\u00e9veloppement","url":"https:\/\/sfbd.fr\/en\/","sameAs":["https:\/\/twitter.com\/sfbd_biodev"],"logo":{"@type":"ImageObject","@id":"https:\/\/sfbd.fr\/en\/#logo","inLanguage":"en-US","url":"https:\/\/sfbd.fr\/wp-content\/uploads\/2019\/11\/Favicon.jpg","contentUrl":"https:\/\/sfbd.fr\/wp-content\/uploads\/2019\/11\/Favicon.jpg","width":1324,"height":1324,"caption":"Soci\u00e9t\u00e9 Fran\u00e7aise de Biologie du D\u00e9veloppement"},"image":{"@id":"https:\/\/sfbd.fr\/en\/#logo"}},{"@type":"WebSite","@id":"https:\/\/sfbd.fr\/en\/#website","url":"https:\/\/sfbd.fr\/en\/","name":"Soci\u00e9t\u00e9 Fran\u00e7aise de Biologie du D\u00e9veloppement","description":"","publisher":{"@id":"https:\/\/sfbd.fr\/en\/#organization"},"potentialAction":[{"@type":"SearchAction","target":{"@type":"EntryPoint","urlTemplate":"https:\/\/sfbd.fr\/en\/?s={search_term_string}"},"query-input":"required name=search_term_string"}],"inLanguage":"en-US"},{"@type":"WebPage","@id":"https:\/\/sfbd.fr\/en\/resources\/model-databases\/#webpage","url":"https:\/\/sfbd.fr\/en\/resources\/model-databases\/","name":"Model species databases - SFBD","isPartOf":{"@id":"https:\/\/sfbd.fr\/en\/#website"},"datePublished":"2019-05-28T14:31:50+00:00","dateModified":"2023-12-12T11:57:06+00:00","breadcrumb":{"@id":"https:\/\/sfbd.fr\/en\/resources\/model-databases\/#breadcrumb"},"inLanguage":"en-US","potentialAction":[{"@type":"ReadAction","target":["https:\/\/sfbd.fr\/en\/resources\/model-databases\/"]}]},{"@type":"BreadcrumbList","@id":"https:\/\/sfbd.fr\/en\/resources\/model-databases\/#breadcrumb","itemListElement":[{"@type":"ListItem","position":1,"name":"Accueil","item":"https:\/\/sfbd.fr\/en\/"},{"@type":"ListItem","position":2,"name":"Resources","item":"https:\/\/sfbd.fr\/en\/resources\/"},{"@type":"ListItem","position":3,"name":"Model species databases"}]}]}},"_links":{"self":[{"href":"https:\/\/sfbd.fr\/en\/wp-json\/wp\/v2\/pages\/4037"}],"collection":[{"href":"https:\/\/sfbd.fr\/en\/wp-json\/wp\/v2\/pages"}],"about":[{"href":"https:\/\/sfbd.fr\/en\/wp-json\/wp\/v2\/types\/page"}],"author":[{"embeddable":true,"href":"https:\/\/sfbd.fr\/en\/wp-json\/wp\/v2\/users\/1"}],"replies":[{"embeddable":true,"href":"https:\/\/sfbd.fr\/en\/wp-json\/wp\/v2\/comments?post=4037"}],"version-history":[{"count":14,"href":"https:\/\/sfbd.fr\/en\/wp-json\/wp\/v2\/pages\/4037\/revisions"}],"predecessor-version":[{"id":12335,"href":"https:\/\/sfbd.fr\/en\/wp-json\/wp\/v2\/pages\/4037\/revisions\/12335"}],"up":[{"embeddable":true,"href":"https:\/\/sfbd.fr\/en\/wp-json\/wp\/v2\/pages\/4022"}],"wp:attachment":[{"href":"https:\/\/sfbd.fr\/en\/wp-json\/wp\/v2\/media?parent=4037"}],"curies":[{"name":"wp","href":"https:\/\/api.w.org\/{rel}","templated":true}]}}