{"id":4041,"date":"2019-10-23T18:42:34","date_gmt":"2019-10-23T16:42:34","guid":{"rendered":"https:\/\/sfbd.fr\/resources\/groupement-de-recherche\/"},"modified":"2019-11-18T18:45:12","modified_gmt":"2019-11-18T17:45:12","slug":"research-groups","status":"publish","type":"page","link":"https:\/\/sfbd.fr\/en\/resources\/research-groups\/","title":{"rendered":"Research groups (GdR)"},"content":{"rendered":"<p>[vc_row][vc_column][vc_custom_heading text=&#8221;Research groups (GdR)&#8221; use_theme_fonts=&#8221;yes&#8221;]\n<div class=\"wpdt-c\">\n    \n<input type=\"hidden\" id=\"wdtNonceFrontendEdit\" name=\"wdtNonceFrontendEdit\" value=\"e206b9f5c5\" \/><input type=\"hidden\" name=\"_wp_http_referer\" value=\"\/en\/wp-json\/wp\/v2\/pages\/4041\" \/>    <input type=\"hidden\" id=\"table_1_desc\" value='{\"tableId\":\"table_1\",\"tableType\":\"manual\",\"selector\":\"#table_1\",\"responsive\":true,\"editable\":false,\"inlineEditing\":false,\"infoBlock\":true,\"globalSearch\":true,\"showRowsPerPage\":false,\"popoverTools\":false,\"hideBeforeLoad\":false,\"number_format\":1,\"decimalPlaces\":2,\"spinnerSrc\":\"https:\\\/\\\/sfbd.fr\\\/wp-content\\\/plugins\\\/wpdatatables\\\/assets\\\/\\\/img\\\/spinner.gif\",\"groupingEnabled\":false,\"tableWpId\":\"11\",\"dataTableParams\":{\"sDom\":\"BT\\u003C\\u0027clear\\u0027\\u003Eftip\",\"bSortCellsTop\":false,\"bFilter\":true,\"bPaginate\":true,\"aLengthMenu\":[[1,5,10,25,50,100,-1],[1,5,10,25,50,100,\"All\"]],\"iDisplayLength\":10,\"columnDefs\":[{\"sType\":\"formatted-num\",\"wdtType\":\"int\",\"bVisible\":false,\"orderable\":true,\"searchable\":true,\"InputType\":\"text\",\"name\":\"wdt_ID\",\"origHeader\":\"wdt_ID\",\"notNull\":false,\"conditionalFormattingRules\":[],\"className\":\"numdata integer  column-wdt_id\",\"aTargets\":[0]},{\"sType\":\"string\",\"wdtType\":\"string\",\"bVisible\":true,\"orderable\":true,\"searchable\":true,\"InputType\":\"text\",\"name\":\"identifiantgdr\",\"origHeader\":\"identifiantgdr\",\"notNull\":false,\"conditionalFormattingRules\":[],\"className\":\" column-identifiantgdr\",\"sWidth\":\"12%\",\"aTargets\":[1]},{\"sType\":\"string\",\"wdtType\":\"string\",\"bVisible\":true,\"orderable\":true,\"searchable\":true,\"InputType\":\"text\",\"name\":\"titre\",\"origHeader\":\"titre\",\"notNull\":false,\"conditionalFormattingRules\":[],\"className\":\" column-titre\",\"sWidth\":\"25%\",\"aTargets\":[2]},{\"sType\":\"string\",\"wdtType\":\"string\",\"bVisible\":true,\"orderable\":true,\"searchable\":true,\"InputType\":\"text\",\"name\":\"responsable\",\"origHeader\":\"responsable\",\"notNull\":false,\"conditionalFormattingRules\":[],\"className\":\" column-responsable\",\"aTargets\":[3]},{\"sType\":\"string\",\"wdtType\":\"string\",\"bVisible\":true,\"orderable\":true,\"searchable\":true,\"InputType\":\"text\",\"name\":\"dlgation\",\"origHeader\":\"dlgation\",\"notNull\":false,\"conditionalFormattingRules\":[],\"className\":\" column-dlgation\",\"aTargets\":[4]},{\"sType\":\"string\",\"wdtType\":\"string\",\"bVisible\":true,\"orderable\":true,\"searchable\":true,\"InputType\":\"text\",\"name\":\"institutderattachement\",\"origHeader\":\"institutderattachement\",\"notNull\":false,\"conditionalFormattingRules\":[],\"className\":\" column-institutderattachement\",\"sWidth\":\"12%\",\"aTargets\":[5]},{\"sType\":\"string\",\"wdtType\":\"link\",\"bVisible\":true,\"orderable\":false,\"searchable\":true,\"InputType\":\"link\",\"name\":\"siteweb\",\"origHeader\":\"siteweb\",\"notNull\":false,\"conditionalFormattingRules\":[],\"className\":\" column-siteweb\",\"sWidth\":\"15%\",\"aTargets\":[6]}],\"bAutoWidth\":false,\"order\":[[0,\"asc\"]],\"ordering\":true,\"buttons\":[],\"bProcessing\":false,\"serverSide\":true,\"ajax\":{\"url\":\"https:\\\/\\\/sfbd.fr\\\/wp-admin\\\/admin-ajax.php?action=get_wdtable&table_id=11\",\"type\":\"POST\"},\"sPaginationType\":\"full_numbers\",\"oSearch\":{\"bSmart\":false,\"bRegex\":false,\"sSearch\":\"\"}},\"tabletWidth\":\"1024\",\"mobileWidth\":\"480\",\"advancedFilterEnabled\":true,\"advancedFilterOptions\":{\"aoColumns\":[{\"type\":\"null\",\"columnType\":\"int\",\"numberOfDecimalPlaces\":\"2\",\"possibleValuesType\":\"read\",\"values\":null,\"origHeader\":\"wdt_ID\",\"displayHeader\":\"wdt_ID\",\"possibleValuesAddEmpty\":false,\"possibleValuesAjax\":-1,\"defaultValue\":\"\",\"exactFiltering\":false,\"filterLabel\":\"\",\"checkboxesInModal\":0,\"linkButtonLabel\":\"\",\"rangeSlider\":false},{\"type\":\"text\",\"columnType\":\"string\",\"numberOfDecimalPlaces\":\"2\",\"possibleValuesType\":\"read\",\"values\":null,\"origHeader\":\"identifiantgdr\",\"displayHeader\":\"Identifiant GDR\",\"possibleValuesAddEmpty\":false,\"possibleValuesAjax\":10,\"defaultValue\":\"\",\"exactFiltering\":false,\"filterLabel\":\"\",\"checkboxesInModal\":0,\"linkButtonLabel\":\"\",\"rangeSlider\":false},{\"type\":\"text\",\"columnType\":\"string\",\"numberOfDecimalPlaces\":\"2\",\"possibleValuesType\":\"read\",\"values\":null,\"origHeader\":\"titre\",\"displayHeader\":\"Titre\",\"possibleValuesAddEmpty\":false,\"possibleValuesAjax\":10,\"defaultValue\":\"\",\"exactFiltering\":false,\"filterLabel\":\"\",\"checkboxesInModal\":0,\"linkButtonLabel\":\"\",\"rangeSlider\":false},{\"type\":\"text\",\"columnType\":\"string\",\"numberOfDecimalPlaces\":\"2\",\"possibleValuesType\":\"read\",\"values\":null,\"origHeader\":\"responsable\",\"displayHeader\":\"Responsable\",\"possibleValuesAddEmpty\":false,\"possibleValuesAjax\":10,\"defaultValue\":\"\",\"exactFiltering\":false,\"filterLabel\":\"\",\"checkboxesInModal\":0,\"linkButtonLabel\":\"\",\"rangeSlider\":false},{\"type\":\"text\",\"columnType\":\"string\",\"numberOfDecimalPlaces\":\"2\",\"possibleValuesType\":\"read\",\"values\":null,\"origHeader\":\"dlgation\",\"displayHeader\":\"D\\u00e9l\\u00e9gation\",\"possibleValuesAddEmpty\":false,\"possibleValuesAjax\":10,\"defaultValue\":\"\",\"exactFiltering\":false,\"filterLabel\":\"\",\"checkboxesInModal\":0,\"linkButtonLabel\":\"\",\"rangeSlider\":false},{\"type\":\"text\",\"columnType\":\"string\",\"numberOfDecimalPlaces\":\"2\",\"possibleValuesType\":\"read\",\"values\":null,\"origHeader\":\"institutderattachement\",\"displayHeader\":\"Institut de Rattachement\",\"possibleValuesAddEmpty\":false,\"possibleValuesAjax\":10,\"defaultValue\":\"\",\"exactFiltering\":false,\"filterLabel\":\"\",\"checkboxesInModal\":0,\"linkButtonLabel\":\"\",\"rangeSlider\":false},{\"type\":\"null\",\"columnType\":\"link\",\"numberOfDecimalPlaces\":\"2\",\"possibleValuesType\":\"read\",\"values\":null,\"origHeader\":\"siteweb\",\"displayHeader\":\"Site web\",\"possibleValuesAddEmpty\":false,\"possibleValuesAjax\":-1,\"defaultValue\":\"\",\"exactFiltering\":false,\"filterLabel\":\"\",\"checkboxesInModal\":0,\"linkButtonLabel\":\"En Savoir Plus \\\/ Learn More\",\"rangeSlider\":false}],\"bUseColVis\":true},\"filterInForm\":false,\"serverSide\":true,\"autoRefreshInterval\":0,\"processing\":true,\"fnServerData\":true,\"columnsFixed\":0,\"sumFunctionsLabel\":\"\",\"avgFunctionsLabel\":\"\",\"minFunctionsLabel\":\"\",\"maxFunctionsLabel\":\"\",\"columnsDecimalPlaces\":{\"wdt_ID\":-1,\"identifiantgdr\":-1,\"titre\":-1,\"responsable\":-1,\"dlgation\":-1,\"institutderattachement\":-1,\"siteweb\":-1},\"columnsThousandsSeparator\":{\"wdt_ID\":0},\"sumColumns\":[],\"avgColumns\":[],\"sumAvgColumns\":[],\"timeFormat\":\"h:i A\",\"datepickFormat\":\"dd\\\/mm\\\/yy\"}'\/>\n\n    <table id=\"table_1\"\n           class=\" responsive display nowrap data-t data-t wpDataTable\"\n           style=\"\"\n           data-described-by='table_1_desc'\n           data-wpdatatable_id=\"11\">\n\n        <!-- Table header -->\n        \n<thead>\n<tr>\n                    <th\n                        class=\" wdtheader sort numdata integer \"\n        style=\"\">wdt_ID<\/th>        <th\n        data-class=\"expand\"                class=\" wdtheader sort \"\n        style=\"\">Identifiant GDR<\/th>        <th\n                        class=\" wdtheader sort \"\n        style=\"\">Titre<\/th>        <th\n                        class=\" wdtheader sort \"\n        style=\"\">Responsable<\/th>        <th\n                        class=\" wdtheader sort \"\n        style=\"\">D\u00e9l\u00e9gation<\/th>        <th\n                        class=\" wdtheader sort \"\n        style=\"\">Institut de Rattachement<\/th>        <th\n                        class=\" wdtheader \"\n        style=\"\">Site web<\/th>    <\/tr>\n<\/thead>\n        <!-- \/Table header -->\n\n        <!-- Table body -->\n        \n<tbody>\n        <tr id=\"table_11_row_0\">\n                    <td style=\"\">1<\/td>\n                    <td style=\"\">GDR3740<\/td>\n                    <td style=\"\">Stem cells in vivo<\/td>\n                    <td style=\"\">Allison BARDIN<\/td>\n                    <td style=\"\">02-Paris-Centre<\/td>\n                    <td style=\"\">INSB<\/td>\n                    <td style=\"\"><a href='http:\/\/www.stemcells-live.fr' target='_self'><button class=''>En Savoir Plus \/ Learn More<\/button><\/a><\/td>\n            <\/tr>\n            <tr id=\"table_11_row_1\">\n                    <td style=\"\">2<\/td>\n                    <td style=\"\">GDR3581<\/td>\n                    <td style=\"\">Multifaceted cilia and flagella<\/td>\n                    <td style=\"\">Philippe BASTIN<\/td>\n                    <td style=\"\">05-Ile-de-France-Meudon<\/td>\n                    <td style=\"\">INSB<\/td>\n                    <td style=\"\"><a href='http:\/\/gdr-cil.snv.jussieu.fr\/en\/index.html' target='_self'><button class=''>En Savoir Plus \/ Learn More<\/button><\/a><\/td>\n            <\/tr>\n            <tr id=\"table_11_row_2\">\n                    <td style=\"\">3<\/td>\n                    <td style=\"\">GDR2031<\/td>\n                    <td style=\"\">La cr\u00eate neurale et ses d\u00e9riv\u00e9s<\/td>\n                    <td style=\"\">Sophie CREUZET<\/td>\n                    <td style=\"\">05-Ile-de-France-Meudon<\/td>\n                    <td style=\"\">INSB<\/td>\n                    <td style=\"\"><a href='http:\/\/crest-net.cnrs.fr' target='_self'><button class=''>En Savoir Plus \/ Learn More<\/button><\/a><\/td>\n            <\/tr>\n            <tr id=\"table_11_row_3\">\n                    <td style=\"\">4<\/td>\n                    <td style=\"\">GDR3606<\/td>\n                    <td style=\"\">Approche int\u00e9grative et translationnelle de la reproduction animale et humaine<\/td>\n                    <td style=\"\">Florian GUILLOU<\/td>\n                    <td style=\"\">08-Centre-Limousin-Poitou-Charentes<\/td>\n                    <td style=\"\">INSB<\/td>\n                    <td style=\"\"><a href='http:\/\/www.centre-poitou-charentes.cnrs.fr\/cnrs_labos\/fichelab.asp?Code_unite=GDR3606' target='_self'><button class=''>En Savoir Plus \/ Learn More<\/button><\/a><\/td>\n            <\/tr>\n            <tr id=\"table_11_row_4\">\n                    <td style=\"\">5<\/td>\n                    <td style=\"\">GDR3697<\/td>\n                    <td style=\"\">Microenvironnement of Tumor Niches<\/td>\n                    <td style=\"\">Olivier HERAULT<\/td>\n                    <td style=\"\">08-Centre-Limousin-Poitou-Charentes<\/td>\n                    <td style=\"\">INSB<\/td>\n                    <td style=\"\"><a href='http:\/\/www.micronit.fr' target='_self'><button class=''>En Savoir Plus \/ Learn More<\/button><\/a><\/td>\n            <\/tr>\n            <tr id=\"table_11_row_5\">\n                    <td style=\"\">6<\/td>\n                    <td style=\"\">GDR2004<\/td>\n                    <td style=\"\">ImaBio<\/td>\n                    <td style=\"\">Laurent HELIOT<\/td>\n                    <td style=\"\"><\/td>\n                    <td style=\"\">INSIS, INP, INC, INSB, INEE <\/td>\n                    <td style=\"\"><a data-content='En Savoir Plus \/ Learn More' href='http:\/\/imabio-cnrs.fr\/le-gdr-imabio\/le-gdr\/introduction\/' target='_self'><button class=''>En Savoir Plus \/ Learn More<\/button><\/a><\/td>\n            <\/tr>\n    <\/tbody>        <!-- \/Table body -->\n\n        <!-- Table footer -->\n        \n    <tfoot>\n                <tr >\n                            <td\n                class=\"wdtheader sort numdata integer \"\n                style=\"\"><\/td>                <td\n                class=\"wdtheader sort \"\n                style=\"\">Identifiant GDR<\/td>                <td\n                class=\"wdtheader sort \"\n                style=\"\">Titre<\/td>                <td\n                class=\"wdtheader sort \"\n                style=\"\">Responsable<\/td>                <td\n                class=\"wdtheader sort \"\n                style=\"\">D\u00e9l\u00e9gation<\/td>                <td\n                class=\"wdtheader sort \"\n                style=\"\">Institut de Rattachement<\/td>                <td\n                class=\"wdtheader  \"\n                style=\"\"><\/td>        <\/tr>\n                            <\/tfoot>\n        <!-- \/Table footer -->\n\n    <\/table>\n\n<\/div><style>\ntable.wpDataTable { table-layout: fixed !important; }\ntable.wpDataTable td, table.wpDataTable th { white-space: normal !important; }\ntable.wpDataTable td.numdata { text-align: right !important; }\n.wpDataTablesWrapper table.wpDataTable > tbody > tr > td{ border: none !important; }\n.wpDataTablesWrapper table.wpDataTable > thead > tr > th{ border: none !important; }\n<\/style>\n\n<style>\n\n\/* table font color *\/\n.wpdt-c .wpDataTablesWrapper table.wpDataTable {\n    font-family: Verdana, Geneva, sans-serif !important;\n}\n\/* table font size *\/\n.wpdt-c .wpDataTablesWrapper table.wpDataTable {\n    font-size:15px;\n}\n \n<\/style>\n[\/vc_column][\/vc_row][vc_row][vc_column][\/vc_column][\/vc_row]<\/p>\n","protected":false},"excerpt":{"rendered":"<p>[vc_row][vc_column][vc_custom_heading text=&#8221;Research groups (GdR)&#8221; use_theme_fonts=&#8221;yes&#8221;][\/vc_column][\/vc_row][vc_row][vc_column][\/vc_column][\/vc_row]<\/p>\n","protected":false},"author":2,"featured_media":0,"parent":4022,"menu_order":0,"comment_status":"closed","ping_status":"closed","template":"","meta":{"footnotes":""},"yoast_head":"<!-- This site is optimized with the Yoast SEO plugin v18.2 - https:\/\/yoast.com\/wordpress\/plugins\/seo\/ -->\n<title>Research groups (GdR) - SFBD<\/title>\n<meta name=\"robots\" content=\"index, follow, max-snippet:-1, max-image-preview:large, max-video-preview:-1\" \/>\n<link rel=\"canonical\" href=\"https:\/\/sfbd.fr\/en\/resources\/research-groups\/\" \/>\n<meta property=\"og:locale\" content=\"en_US\" \/>\n<meta property=\"og:type\" content=\"article\" \/>\n<meta property=\"og:title\" content=\"Research groups (GdR) - SFBD\" \/>\n<meta property=\"og:description\" content=\"[vc_row][vc_column][vc_custom_heading text=&#8221;Research groups (GdR)&#8221; use_theme_fonts=&#8221;yes&#8221;][\/vc_column][\/vc_row][vc_row][vc_column][\/vc_column][\/vc_row]\" \/>\n<meta property=\"og:url\" content=\"https:\/\/sfbd.fr\/en\/resources\/research-groups\/\" \/>\n<meta property=\"og:site_name\" content=\"SFBD\" \/>\n<meta property=\"article:modified_time\" content=\"2019-11-18T17:45:12+00:00\" \/>\n<meta name=\"twitter:card\" content=\"summary_large_image\" \/>\n<meta name=\"twitter:site\" content=\"@sfbd_biodev\" \/>\n<script type=\"application\/ld+json\" class=\"yoast-schema-graph\">{\"@context\":\"https:\/\/schema.org\",\"@graph\":[{\"@type\":\"Organization\",\"@id\":\"https:\/\/sfbd.fr\/en\/#organization\",\"name\":\"Soci\u00e9t\u00e9 Fran\u00e7aise de Biologie du D\u00e9veloppement\",\"url\":\"https:\/\/sfbd.fr\/en\/\",\"sameAs\":[\"https:\/\/twitter.com\/sfbd_biodev\"],\"logo\":{\"@type\":\"ImageObject\",\"@id\":\"https:\/\/sfbd.fr\/en\/#logo\",\"inLanguage\":\"en-US\",\"url\":\"https:\/\/sfbd.fr\/wp-content\/uploads\/2019\/11\/Favicon.jpg\",\"contentUrl\":\"https:\/\/sfbd.fr\/wp-content\/uploads\/2019\/11\/Favicon.jpg\",\"width\":1324,\"height\":1324,\"caption\":\"Soci\u00e9t\u00e9 Fran\u00e7aise de Biologie du D\u00e9veloppement\"},\"image\":{\"@id\":\"https:\/\/sfbd.fr\/en\/#logo\"}},{\"@type\":\"WebSite\",\"@id\":\"https:\/\/sfbd.fr\/en\/#website\",\"url\":\"https:\/\/sfbd.fr\/en\/\",\"name\":\"Soci\u00e9t\u00e9 Fran\u00e7aise de Biologie du D\u00e9veloppement\",\"description\":\"\",\"publisher\":{\"@id\":\"https:\/\/sfbd.fr\/en\/#organization\"},\"potentialAction\":[{\"@type\":\"SearchAction\",\"target\":{\"@type\":\"EntryPoint\",\"urlTemplate\":\"https:\/\/sfbd.fr\/en\/?s={search_term_string}\"},\"query-input\":\"required name=search_term_string\"}],\"inLanguage\":\"en-US\"},{\"@type\":\"WebPage\",\"@id\":\"https:\/\/sfbd.fr\/en\/resources\/research-groups\/#webpage\",\"url\":\"https:\/\/sfbd.fr\/en\/resources\/research-groups\/\",\"name\":\"Research groups (GdR) - SFBD\",\"isPartOf\":{\"@id\":\"https:\/\/sfbd.fr\/en\/#website\"},\"datePublished\":\"2019-10-23T16:42:34+00:00\",\"dateModified\":\"2019-11-18T17:45:12+00:00\",\"breadcrumb\":{\"@id\":\"https:\/\/sfbd.fr\/en\/resources\/research-groups\/#breadcrumb\"},\"inLanguage\":\"en-US\",\"potentialAction\":[{\"@type\":\"ReadAction\",\"target\":[\"https:\/\/sfbd.fr\/en\/resources\/research-groups\/\"]}]},{\"@type\":\"BreadcrumbList\",\"@id\":\"https:\/\/sfbd.fr\/en\/resources\/research-groups\/#breadcrumb\",\"itemListElement\":[{\"@type\":\"ListItem\",\"position\":1,\"name\":\"Accueil\",\"item\":\"https:\/\/sfbd.fr\/en\/\"},{\"@type\":\"ListItem\",\"position\":2,\"name\":\"Resources\",\"item\":\"https:\/\/sfbd.fr\/en\/resources\/\"},{\"@type\":\"ListItem\",\"position\":3,\"name\":\"Research groups (GdR)\"}]}]}<\/script>\n<!-- \/ Yoast SEO plugin. -->","yoast_head_json":{"title":"Research groups (GdR) - SFBD","robots":{"index":"index","follow":"follow","max-snippet":"max-snippet:-1","max-image-preview":"max-image-preview:large","max-video-preview":"max-video-preview:-1"},"canonical":"https:\/\/sfbd.fr\/en\/resources\/research-groups\/","og_locale":"en_US","og_type":"article","og_title":"Research groups (GdR) - SFBD","og_description":"[vc_row][vc_column][vc_custom_heading text=&#8221;Research groups (GdR)&#8221; use_theme_fonts=&#8221;yes&#8221;][\/vc_column][\/vc_row][vc_row][vc_column][\/vc_column][\/vc_row]","og_url":"https:\/\/sfbd.fr\/en\/resources\/research-groups\/","og_site_name":"SFBD","article_modified_time":"2019-11-18T17:45:12+00:00","twitter_card":"summary_large_image","twitter_site":"@sfbd_biodev","schema":{"@context":"https:\/\/schema.org","@graph":[{"@type":"Organization","@id":"https:\/\/sfbd.fr\/en\/#organization","name":"Soci\u00e9t\u00e9 Fran\u00e7aise de Biologie du D\u00e9veloppement","url":"https:\/\/sfbd.fr\/en\/","sameAs":["https:\/\/twitter.com\/sfbd_biodev"],"logo":{"@type":"ImageObject","@id":"https:\/\/sfbd.fr\/en\/#logo","inLanguage":"en-US","url":"https:\/\/sfbd.fr\/wp-content\/uploads\/2019\/11\/Favicon.jpg","contentUrl":"https:\/\/sfbd.fr\/wp-content\/uploads\/2019\/11\/Favicon.jpg","width":1324,"height":1324,"caption":"Soci\u00e9t\u00e9 Fran\u00e7aise de Biologie du D\u00e9veloppement"},"image":{"@id":"https:\/\/sfbd.fr\/en\/#logo"}},{"@type":"WebSite","@id":"https:\/\/sfbd.fr\/en\/#website","url":"https:\/\/sfbd.fr\/en\/","name":"Soci\u00e9t\u00e9 Fran\u00e7aise de Biologie du D\u00e9veloppement","description":"","publisher":{"@id":"https:\/\/sfbd.fr\/en\/#organization"},"potentialAction":[{"@type":"SearchAction","target":{"@type":"EntryPoint","urlTemplate":"https:\/\/sfbd.fr\/en\/?s={search_term_string}"},"query-input":"required name=search_term_string"}],"inLanguage":"en-US"},{"@type":"WebPage","@id":"https:\/\/sfbd.fr\/en\/resources\/research-groups\/#webpage","url":"https:\/\/sfbd.fr\/en\/resources\/research-groups\/","name":"Research groups (GdR) - SFBD","isPartOf":{"@id":"https:\/\/sfbd.fr\/en\/#website"},"datePublished":"2019-10-23T16:42:34+00:00","dateModified":"2019-11-18T17:45:12+00:00","breadcrumb":{"@id":"https:\/\/sfbd.fr\/en\/resources\/research-groups\/#breadcrumb"},"inLanguage":"en-US","potentialAction":[{"@type":"ReadAction","target":["https:\/\/sfbd.fr\/en\/resources\/research-groups\/"]}]},{"@type":"BreadcrumbList","@id":"https:\/\/sfbd.fr\/en\/resources\/research-groups\/#breadcrumb","itemListElement":[{"@type":"ListItem","position":1,"name":"Accueil","item":"https:\/\/sfbd.fr\/en\/"},{"@type":"ListItem","position":2,"name":"Resources","item":"https:\/\/sfbd.fr\/en\/resources\/"},{"@type":"ListItem","position":3,"name":"Research groups (GdR)"}]}]}},"_links":{"self":[{"href":"https:\/\/sfbd.fr\/en\/wp-json\/wp\/v2\/pages\/4041"}],"collection":[{"href":"https:\/\/sfbd.fr\/en\/wp-json\/wp\/v2\/pages"}],"about":[{"href":"https:\/\/sfbd.fr\/en\/wp-json\/wp\/v2\/types\/page"}],"author":[{"embeddable":true,"href":"https:\/\/sfbd.fr\/en\/wp-json\/wp\/v2\/users\/2"}],"replies":[{"embeddable":true,"href":"https:\/\/sfbd.fr\/en\/wp-json\/wp\/v2\/comments?post=4041"}],"version-history":[{"count":3,"href":"https:\/\/sfbd.fr\/en\/wp-json\/wp\/v2\/pages\/4041\/revisions"}],"predecessor-version":[{"id":4077,"href":"https:\/\/sfbd.fr\/en\/wp-json\/wp\/v2\/pages\/4041\/revisions\/4077"}],"up":[{"embeddable":true,"href":"https:\/\/sfbd.fr\/en\/wp-json\/wp\/v2\/pages\/4022"}],"wp:attachment":[{"href":"https:\/\/sfbd.fr\/en\/wp-json\/wp\/v2\/media?parent=4041"}],"curies":[{"name":"wp","href":"https:\/\/api.w.org\/{rel}","templated":true}]}}