{"id":4050,"date":"2019-05-22T18:21:57","date_gmt":"2019-05-22T16:21:57","guid":{"rendered":"https:\/\/sfbd.fr\/masters\/"},"modified":"2019-12-14T18:01:52","modified_gmt":"2019-12-14T17:01:52","slug":"masters","status":"publish","type":"page","link":"https:\/\/sfbd.fr\/en\/masters\/","title":{"rendered":"Masters"},"content":{"rendered":"<p>[vc_row][vc_column][vc_custom_heading text=&#8221;Masters&#8221; use_theme_fonts=&#8221;yes&#8221;][vc_column_text]<em>Don&#8217;t hesitate to <a href=\"mailto:website@sfbd.fr\">contact us<\/a> if you would like to suggest some additional content.<br \/>\n<\/em><\/p>\n<div class=\"wpdt-c\">\n    \n<input type=\"hidden\" id=\"wdtNonceFrontendEdit\" name=\"wdtNonceFrontendEdit\" value=\"e206b9f5c5\" \/><input type=\"hidden\" name=\"_wp_http_referer\" value=\"\/en\/wp-json\/wp\/v2\/pages\/4050\" \/>    <input type=\"hidden\" id=\"table_1_desc\" value='{\"tableId\":\"table_1\",\"tableType\":\"manual\",\"selector\":\"#table_1\",\"responsive\":true,\"editable\":false,\"inlineEditing\":false,\"infoBlock\":true,\"globalSearch\":true,\"showRowsPerPage\":false,\"popoverTools\":false,\"hideBeforeLoad\":false,\"number_format\":1,\"decimalPlaces\":2,\"spinnerSrc\":\"https:\\\/\\\/sfbd.fr\\\/wp-content\\\/plugins\\\/wpdatatables\\\/assets\\\/\\\/img\\\/spinner.gif\",\"groupingEnabled\":false,\"tableWpId\":\"7\",\"dataTableParams\":{\"sDom\":\"BT\\u003C\\u0027clear\\u0027\\u003Eftip\",\"bSortCellsTop\":false,\"bFilter\":true,\"bPaginate\":true,\"aLengthMenu\":[[1,5,10,25,50,100,-1],[1,5,10,25,50,100,\"All\"]],\"iDisplayLength\":25,\"columnDefs\":[{\"sType\":\"formatted-num\",\"wdtType\":\"int\",\"bVisible\":false,\"orderable\":true,\"searchable\":true,\"InputType\":\"text\",\"name\":\"wdt_ID\",\"origHeader\":\"wdt_ID\",\"notNull\":false,\"conditionalFormattingRules\":[],\"className\":\"numdata integer  column-wdt_id\",\"aTargets\":[0]},{\"sType\":\"string\",\"wdtType\":\"string\",\"bVisible\":true,\"orderable\":false,\"searchable\":true,\"InputType\":\"text\",\"name\":\"titredumaster\",\"origHeader\":\"titredumaster\",\"notNull\":false,\"conditionalFormattingRules\":[],\"className\":\" column-titredumaster\",\"sWidth\":\"25%\",\"aTargets\":[1]},{\"sType\":\"string\",\"wdtType\":\"string\",\"bVisible\":true,\"orderable\":false,\"searchable\":true,\"InputType\":\"text\",\"name\":\"spcialit\",\"origHeader\":\"spcialit\",\"notNull\":false,\"conditionalFormattingRules\":[],\"className\":\" column-spcialit\",\"sWidth\":\"25%\",\"aTargets\":[2]},{\"sType\":\"string\",\"wdtType\":\"string\",\"bVisible\":true,\"orderable\":true,\"searchable\":true,\"InputType\":\"text\",\"name\":\"universit\",\"origHeader\":\"universit\",\"notNull\":false,\"conditionalFormattingRules\":[],\"className\":\" column-universit\",\"aTargets\":[3]},{\"sType\":\"string\",\"wdtType\":\"string\",\"bVisible\":true,\"orderable\":true,\"searchable\":true,\"InputType\":\"text\",\"name\":\"ville\",\"origHeader\":\"ville\",\"notNull\":false,\"conditionalFormattingRules\":[],\"className\":\" column-ville\",\"sWidth\":\"12%\",\"aTargets\":[4]},{\"sType\":\"string\",\"wdtType\":\"link\",\"bVisible\":true,\"orderable\":false,\"searchable\":true,\"InputType\":\"link\",\"name\":\"siteinternet\",\"origHeader\":\"siteinternet\",\"notNull\":false,\"conditionalFormattingRules\":[],\"className\":\" column-siteinternet\",\"sWidth\":\"13%\",\"aTargets\":[5]}],\"bAutoWidth\":false,\"order\":[[4,\"asc\"]],\"ordering\":true,\"buttons\":[],\"bProcessing\":false,\"serverSide\":true,\"ajax\":{\"url\":\"https:\\\/\\\/sfbd.fr\\\/wp-admin\\\/admin-ajax.php?action=get_wdtable&table_id=7\",\"type\":\"POST\"},\"sPaginationType\":\"full_numbers\",\"oSearch\":{\"bSmart\":false,\"bRegex\":false,\"sSearch\":\"\"}},\"tabletWidth\":\"1024\",\"mobileWidth\":\"480\",\"advancedFilterEnabled\":true,\"advancedFilterOptions\":{\"aoColumns\":[{\"type\":\"null\",\"columnType\":\"int\",\"numberOfDecimalPlaces\":\"2\",\"possibleValuesType\":\"read\",\"values\":null,\"origHeader\":\"wdt_ID\",\"displayHeader\":\"wdt_ID\",\"possibleValuesAddEmpty\":false,\"possibleValuesAjax\":-1,\"defaultValue\":\"\",\"exactFiltering\":false,\"filterLabel\":\"\",\"checkboxesInModal\":0,\"linkButtonLabel\":\"\",\"rangeSlider\":false},{\"type\":\"text\",\"columnType\":\"string\",\"numberOfDecimalPlaces\":\"2\",\"possibleValuesType\":\"read\",\"values\":null,\"origHeader\":\"titredumaster\",\"displayHeader\":\"Titre du master \\\/ Master name\",\"possibleValuesAddEmpty\":false,\"possibleValuesAjax\":10,\"defaultValue\":\"\",\"exactFiltering\":false,\"filterLabel\":\"\",\"checkboxesInModal\":0,\"linkButtonLabel\":\"\",\"rangeSlider\":false},{\"type\":\"text\",\"columnType\":\"string\",\"numberOfDecimalPlaces\":\"2\",\"possibleValuesType\":\"read\",\"values\":null,\"origHeader\":\"spcialit\",\"displayHeader\":\"Sp\\u00e9cialit\\u00e9 \\\/ Speciality\",\"possibleValuesAddEmpty\":false,\"possibleValuesAjax\":10,\"defaultValue\":\"\",\"exactFiltering\":false,\"filterLabel\":\"\",\"checkboxesInModal\":0,\"linkButtonLabel\":\"\",\"rangeSlider\":false},{\"type\":\"text\",\"columnType\":\"string\",\"numberOfDecimalPlaces\":\"2\",\"possibleValuesType\":\"read\",\"values\":null,\"origHeader\":\"universit\",\"displayHeader\":\"Universit\\u00e9 \\\/ University\",\"possibleValuesAddEmpty\":false,\"possibleValuesAjax\":10,\"defaultValue\":\"\",\"exactFiltering\":false,\"filterLabel\":\"\",\"checkboxesInModal\":0,\"linkButtonLabel\":\"\",\"rangeSlider\":false},{\"type\":\"text\",\"columnType\":\"string\",\"numberOfDecimalPlaces\":\"2\",\"possibleValuesType\":\"read\",\"values\":null,\"origHeader\":\"ville\",\"displayHeader\":\"Ville \\\/ City\",\"possibleValuesAddEmpty\":false,\"possibleValuesAjax\":10,\"defaultValue\":\"\",\"exactFiltering\":false,\"filterLabel\":\"\",\"checkboxesInModal\":0,\"linkButtonLabel\":\"\",\"rangeSlider\":false},{\"type\":\"null\",\"columnType\":\"link\",\"numberOfDecimalPlaces\":\"2\",\"possibleValuesType\":\"read\",\"values\":null,\"origHeader\":\"siteinternet\",\"displayHeader\":\"Lien \\\/ Link\",\"possibleValuesAddEmpty\":false,\"possibleValuesAjax\":-1,\"defaultValue\":\"\",\"exactFiltering\":false,\"filterLabel\":\"\",\"checkboxesInModal\":0,\"linkButtonLabel\":\"En Savoir Plus \\\/ Learn More\",\"rangeSlider\":false}],\"bUseColVis\":true},\"filterInForm\":false,\"serverSide\":true,\"autoRefreshInterval\":0,\"processing\":true,\"fnServerData\":true,\"columnsFixed\":0,\"sumFunctionsLabel\":\"\",\"avgFunctionsLabel\":\"\",\"minFunctionsLabel\":\"\",\"maxFunctionsLabel\":\"\",\"columnsDecimalPlaces\":{\"wdt_ID\":-1,\"titredumaster\":-1,\"spcialit\":-1,\"universit\":-1,\"ville\":-1,\"siteinternet\":-1},\"columnsThousandsSeparator\":{\"wdt_ID\":0},\"sumColumns\":[],\"avgColumns\":[],\"sumAvgColumns\":[],\"timeFormat\":\"h:i A\",\"datepickFormat\":\"dd\\\/mm\\\/yy\"}'\/>\n\n    <table id=\"table_1\"\n           class=\" responsive display nowrap data-t data-t wpDataTable\"\n           style=\"\"\n           data-described-by='table_1_desc'\n           data-wpdatatable_id=\"7\">\n\n        <!-- Table header -->\n        \n<thead>\n<tr>\n                    <th\n                        class=\" wdtheader sort numdata integer \"\n        style=\"\">wdt_ID<\/th>        <th\n        data-class=\"expand\"                class=\" wdtheader \"\n        style=\"\">Titre du master \/ Master name<\/th>        <th\n                        class=\" wdtheader \"\n        style=\"\">Sp\u00e9cialit\u00e9 \/ Speciality<\/th>        <th\n                        class=\" wdtheader sort \"\n        style=\"\">Universit\u00e9 \/ University<\/th>        <th\n                        class=\" wdtheader sort \"\n        style=\"\">Ville \/ City<\/th>        <th\n                        class=\" wdtheader \"\n        style=\"\">Lien \/ Link<\/th>    <\/tr>\n<\/thead>\n        <!-- \/Table header -->\n\n        <!-- Table body -->\n        \n<tbody>\n        <tr id=\"table_7_row_0\">\n                    <td style=\"\">1<\/td>\n                    <td style=\"\">Master Sciences, Technologies, Sant\u00e9<\/td>\n                    <td style=\"\">M2 Biologie du d\u00e9veloppement<\/td>\n                    <td style=\"\">Sorbonne Universit\u00e9<\/td>\n                    <td style=\"\">Paris<\/td>\n                    <td style=\"\"><a data-content='En Savoir Plus \/ Learn More' href='http:\/\/www.master.bmc.sorbonne-universite.fr\/fr\/master-2\/biologie-cellulaire-developpement-cellules-souches\/m2-biologie-du-developpement.html' target='_blank'><button class=''>En Savoir Plus \/ Learn More<\/button><\/a><\/td>\n            <\/tr>\n            <tr id=\"table_7_row_1\">\n                    <td style=\"\">2<\/td>\n                    <td style=\"\">Master Biologie cellulaire, physiologie et pathologie (BCPP)<\/td>\n                    <td style=\"\">M2 Biologie et d\u00e9veloppement cellulaires (BDC)<\/td>\n                    <td style=\"\">Universit\u00e9 Paris Diderot<\/td>\n                    <td style=\"\">Paris<\/td>\n                    <td style=\"\"><a href='http:\/\/www.master2bdc.fr\/' target='_blank'><button class=''>En Savoir Plus \/ Learn More<\/button><\/a><\/td>\n            <\/tr>\n            <tr id=\"table_7_row_2\">\n                    <td style=\"\">3<\/td>\n                    <td style=\"\">Master Biologie Sant\u00e9 et Biologie Int\u00e9grative et Physiologie<\/td>\n                    <td style=\"\">Mention M2 Biologie cellulaire et d\u00e9veloppement (GCD)<\/td>\n                    <td style=\"\">Universit\u00e9 Paris-Saclay<\/td>\n                    <td style=\"\">Paris<\/td>\n                    <td style=\"\"><a href='https:\/\/www.universite-paris-saclay.fr\/fr\/formation\/master\/m2-biologie-cellulaire-et-developpement-gene-cell-development-gcd#presentation-m2' target='_blank'><button class=''>En Savoir Plus \/ Learn More<\/button><\/a><\/td>\n            <\/tr>\n            <tr id=\"table_7_row_3\">\n                    <td style=\"\">4<\/td>\n                    <td style=\"\">Master Biologie Sant\u00e9 et Biologie Int\u00e9grative et Physiologie<\/td>\n                    <td style=\"\">Mention M2 Reproduction d\u00e9veloppement (RD)<\/td>\n                    <td style=\"\">Universit\u00e9 Paris-Saclay<\/td>\n                    <td style=\"\">Paris<\/td>\n                    <td style=\"\"><a href='https:\/\/www.universite-paris-saclay.fr\/fr\/formation\/master\/m2-reproduction-developpement-rd#presentation-m2' target='_blank'><button class=''>En Savoir Plus \/ Learn More<\/button><\/a><\/td>\n            <\/tr>\n            <tr id=\"table_7_row_4\">\n                    <td style=\"\">5<\/td>\n                    <td style=\"\">Master Biologie Sant\u00e9 et Biologie Int\u00e9grative et Physiologie<\/td>\n                    <td style=\"\">Mention M2 Sciences du v\u00e9g\u00e9tal (SdV)<\/td>\n                    <td style=\"\">Universit\u00e9 Paris-Saclay<\/td>\n                    <td style=\"\">Paris<\/td>\n                    <td style=\"\"><a href='https:\/\/www.universite-paris-saclay.fr\/fr\/formation\/master\/m2-sciences-du-vegetal-scv#presentation-m2' target='_blank'><button class=''>En Savoir Plus \/ Learn More<\/button><\/a><\/td>\n            <\/tr>\n            <tr id=\"table_7_row_5\">\n                    <td style=\"\">6<\/td>\n                    <td style=\"\">Master Sciences du Vivant<\/td>\n                    <td style=\"\">G\u00e9n\u00e9tique et D\u00e9veloppement (GD)  <\/td>\n                    <td style=\"\">Universit\u00e9 de Nice Sophia Antipolis<\/td>\n                    <td style=\"\">Nice<\/td>\n                    <td style=\"\"><a href='http:\/\/unice.fr\/faculte-des-sciences\/departements\/sciences-de-la-vie\/cursus-et-formations\/master-sciences-du%20vivant' target='_blank'><button class=''>En Savoir Plus \/ Learn More<\/button><\/a><\/td>\n            <\/tr>\n            <tr id=\"table_7_row_6\">\n                    <td style=\"\">7<\/td>\n                    <td style=\"\">Master Biologie-Sant\u00e9 <\/td>\n                    <td style=\"\">Parcours G\u00e8nes, Cellules, D\u00e9veloppement (GCD)<\/td>\n                    <td style=\"\">Universit\u00e9 Toulouse III Paul Sabatier<\/td>\n                    <td style=\"\">Toulouse<\/td>\n                    <td style=\"\"><a href='http:\/\/www.univ-tlse3.fr\/masters\/master-genes-cellules-developpement-709087.kjsp' target='_blank'><button class=''>En Savoir Plus \/ Learn More<\/button><\/a><\/td>\n            <\/tr>\n            <tr id=\"table_7_row_7\">\n                    <td style=\"\">8<\/td>\n                    <td style=\"\">Master Biologie int\u00e9grative et physiologie <\/td>\n                    <td style=\"\"><\/td>\n                    <td style=\"\">Aix-Marseille Universit\u00e9<\/td>\n                    <td style=\"\">Marseille<\/td>\n                    <td style=\"\"><a href='https:\/\/sciences.univ-amu.fr\/formation_2018-2022\/master_biologie_integrative_et_physiologie' target='_blank'><button class=''>En Savoir Plus \/ Learn More<\/button><\/a><\/td>\n            <\/tr>\n            <tr id=\"table_7_row_8\">\n                    <td style=\"\">9<\/td>\n                    <td style=\"\">Master Neurosciences <\/td>\n                    <td style=\"\">Parcours Neurosciences Mol\u00e9culaires, Cellulaires et Int\u00e9gr\u00e9es (NMCI)<\/td>\n                    <td style=\"\">Aix-Marseille Universit\u00e9<\/td>\n                    <td style=\"\">Marseille<\/td>\n                    <td style=\"\"><a href='https:\/\/neuro-marseille.org\/fr\/master-de-neurosciences\/enseignement\/' target='_blank'><button class=''>En Savoir Plus \/ Learn More<\/button><\/a><\/td>\n            <\/tr>\n            <tr id=\"table_7_row_9\">\n                    <td style=\"\">10<\/td>\n                    <td style=\"\">Master Biologie Sant\u00e9 <\/td>\n                    <td style=\"\">Parcours G\u00e9n\u00e9tique, Epig\u00e9n\u00e9tique, Contr\u00f4le du D\u00e9terminisme Cellulaire<\/td>\n                    <td style=\"\">Universit\u00e9 de Montpellier<\/td>\n                    <td style=\"\">Montpellier<\/td>\n                    <td style=\"\"><a href='https:\/\/masterbs.edu.umontpellier.fr\/les-parcours\/genetique-epigenetique-controle-du-determinisme-cellulaire\/' target='_blank'><button class=''>En Savoir Plus \/ Learn More<\/button><\/a><\/td>\n            <\/tr>\n    <\/tbody>        <!-- \/Table body -->\n\n        <!-- Table footer -->\n        \n    <tfoot>\n                <tr >\n                            <td\n                class=\"wdtheader sort numdata integer \"\n                style=\"\"><\/td>                <td\n                class=\"wdtheader  \"\n                style=\"\">Titre du master \/ Master name<\/td>                <td\n                class=\"wdtheader  \"\n                style=\"\">Sp\u00e9cialit\u00e9 \/ Speciality<\/td>                <td\n                class=\"wdtheader sort \"\n                style=\"\">Universit\u00e9 \/ University<\/td>                <td\n                class=\"wdtheader sort \"\n                style=\"\">Ville \/ City<\/td>                <td\n                class=\"wdtheader  \"\n                style=\"\"><\/td>        <\/tr>\n                            <\/tfoot>\n        <!-- \/Table footer -->\n\n    <\/table>\n\n<\/div><style>\ntable.wpDataTable { table-layout: fixed !important; }\ntable.wpDataTable td, table.wpDataTable th { white-space: normal !important; }\ntable.wpDataTable td.numdata { text-align: right !important; }\n.wpDataTablesWrapper table.wpDataTable > tbody > tr > td{ border: none !important; }\n.wpDataTablesWrapper table.wpDataTable > thead > tr > th{ border: none !important; }\n<\/style>\n\n<style>\n\n\/* table font color *\/\n.wpdt-c .wpDataTablesWrapper table.wpDataTable {\n    font-family: Verdana, Geneva, sans-serif !important;\n}\n\/* table font size *\/\n.wpdt-c .wpDataTablesWrapper table.wpDataTable {\n    font-size:15px;\n}\n \n<\/style>\n[\/vc_column_text][\/vc_column][\/vc_row][vc_row][vc_column][\/vc_column][\/vc_row]<\/p>\n","protected":false},"excerpt":{"rendered":"<p>[vc_row][vc_column][vc_custom_heading text=&#8221;Masters&#8221; use_theme_fonts=&#8221;yes&#8221;][vc_column_text]Don&#8217;t hesitate to contact us if you would like to suggest some additional content. [\/vc_column_text][\/vc_column][\/vc_row][vc_row][vc_column][\/vc_column][\/vc_row]<\/p>\n","protected":false},"author":1,"featured_media":0,"parent":0,"menu_order":0,"comment_status":"closed","ping_status":"closed","template":"","meta":{"footnotes":""},"yoast_head":"<!-- This site is optimized with the Yoast SEO plugin v18.2 - https:\/\/yoast.com\/wordpress\/plugins\/seo\/ -->\n<title>Masters - SFBD<\/title>\n<meta name=\"robots\" content=\"index, follow, max-snippet:-1, max-image-preview:large, max-video-preview:-1\" \/>\n<link rel=\"canonical\" href=\"https:\/\/sfbd.fr\/en\/masters\/\" \/>\n<meta property=\"og:locale\" content=\"en_US\" \/>\n<meta property=\"og:type\" content=\"article\" \/>\n<meta property=\"og:title\" content=\"Masters - SFBD\" \/>\n<meta property=\"og:description\" content=\"[vc_row][vc_column][vc_custom_heading text=&#8221;Masters&#8221; use_theme_fonts=&#8221;yes&#8221;][vc_column_text]Don&#8217;t hesitate to contact us if you would like to suggest some additional content. [\/vc_column_text][\/vc_column][\/vc_row][vc_row][vc_column][\/vc_column][\/vc_row]\" \/>\n<meta property=\"og:url\" content=\"https:\/\/sfbd.fr\/en\/masters\/\" \/>\n<meta property=\"og:site_name\" content=\"SFBD\" \/>\n<meta property=\"article:modified_time\" content=\"2019-12-14T17:01:52+00:00\" \/>\n<meta name=\"twitter:card\" content=\"summary_large_image\" \/>\n<meta name=\"twitter:site\" content=\"@sfbd_biodev\" \/>\n<script type=\"application\/ld+json\" class=\"yoast-schema-graph\">{\"@context\":\"https:\/\/schema.org\",\"@graph\":[{\"@type\":\"Organization\",\"@id\":\"https:\/\/sfbd.fr\/en\/#organization\",\"name\":\"Soci\u00e9t\u00e9 Fran\u00e7aise de Biologie du D\u00e9veloppement\",\"url\":\"https:\/\/sfbd.fr\/en\/\",\"sameAs\":[\"https:\/\/twitter.com\/sfbd_biodev\"],\"logo\":{\"@type\":\"ImageObject\",\"@id\":\"https:\/\/sfbd.fr\/en\/#logo\",\"inLanguage\":\"en-US\",\"url\":\"https:\/\/sfbd.fr\/wp-content\/uploads\/2019\/11\/Favicon.jpg\",\"contentUrl\":\"https:\/\/sfbd.fr\/wp-content\/uploads\/2019\/11\/Favicon.jpg\",\"width\":1324,\"height\":1324,\"caption\":\"Soci\u00e9t\u00e9 Fran\u00e7aise de Biologie du D\u00e9veloppement\"},\"image\":{\"@id\":\"https:\/\/sfbd.fr\/en\/#logo\"}},{\"@type\":\"WebSite\",\"@id\":\"https:\/\/sfbd.fr\/en\/#website\",\"url\":\"https:\/\/sfbd.fr\/en\/\",\"name\":\"Soci\u00e9t\u00e9 Fran\u00e7aise de Biologie du D\u00e9veloppement\",\"description\":\"\",\"publisher\":{\"@id\":\"https:\/\/sfbd.fr\/en\/#organization\"},\"potentialAction\":[{\"@type\":\"SearchAction\",\"target\":{\"@type\":\"EntryPoint\",\"urlTemplate\":\"https:\/\/sfbd.fr\/en\/?s={search_term_string}\"},\"query-input\":\"required name=search_term_string\"}],\"inLanguage\":\"en-US\"},{\"@type\":\"WebPage\",\"@id\":\"https:\/\/sfbd.fr\/en\/masters\/#webpage\",\"url\":\"https:\/\/sfbd.fr\/en\/masters\/\",\"name\":\"Masters - SFBD\",\"isPartOf\":{\"@id\":\"https:\/\/sfbd.fr\/en\/#website\"},\"datePublished\":\"2019-05-22T16:21:57+00:00\",\"dateModified\":\"2019-12-14T17:01:52+00:00\",\"breadcrumb\":{\"@id\":\"https:\/\/sfbd.fr\/en\/masters\/#breadcrumb\"},\"inLanguage\":\"en-US\",\"potentialAction\":[{\"@type\":\"ReadAction\",\"target\":[\"https:\/\/sfbd.fr\/en\/masters\/\"]}]},{\"@type\":\"BreadcrumbList\",\"@id\":\"https:\/\/sfbd.fr\/en\/masters\/#breadcrumb\",\"itemListElement\":[{\"@type\":\"ListItem\",\"position\":1,\"name\":\"Accueil\",\"item\":\"https:\/\/sfbd.fr\/en\/\"},{\"@type\":\"ListItem\",\"position\":2,\"name\":\"Masters\"}]}]}<\/script>\n<!-- \/ Yoast SEO plugin. -->","yoast_head_json":{"title":"Masters - SFBD","robots":{"index":"index","follow":"follow","max-snippet":"max-snippet:-1","max-image-preview":"max-image-preview:large","max-video-preview":"max-video-preview:-1"},"canonical":"https:\/\/sfbd.fr\/en\/masters\/","og_locale":"en_US","og_type":"article","og_title":"Masters - SFBD","og_description":"[vc_row][vc_column][vc_custom_heading text=&#8221;Masters&#8221; use_theme_fonts=&#8221;yes&#8221;][vc_column_text]Don&#8217;t hesitate to contact us if you would like to suggest some additional content. [\/vc_column_text][\/vc_column][\/vc_row][vc_row][vc_column][\/vc_column][\/vc_row]","og_url":"https:\/\/sfbd.fr\/en\/masters\/","og_site_name":"SFBD","article_modified_time":"2019-12-14T17:01:52+00:00","twitter_card":"summary_large_image","twitter_site":"@sfbd_biodev","schema":{"@context":"https:\/\/schema.org","@graph":[{"@type":"Organization","@id":"https:\/\/sfbd.fr\/en\/#organization","name":"Soci\u00e9t\u00e9 Fran\u00e7aise de Biologie du D\u00e9veloppement","url":"https:\/\/sfbd.fr\/en\/","sameAs":["https:\/\/twitter.com\/sfbd_biodev"],"logo":{"@type":"ImageObject","@id":"https:\/\/sfbd.fr\/en\/#logo","inLanguage":"en-US","url":"https:\/\/sfbd.fr\/wp-content\/uploads\/2019\/11\/Favicon.jpg","contentUrl":"https:\/\/sfbd.fr\/wp-content\/uploads\/2019\/11\/Favicon.jpg","width":1324,"height":1324,"caption":"Soci\u00e9t\u00e9 Fran\u00e7aise de Biologie du D\u00e9veloppement"},"image":{"@id":"https:\/\/sfbd.fr\/en\/#logo"}},{"@type":"WebSite","@id":"https:\/\/sfbd.fr\/en\/#website","url":"https:\/\/sfbd.fr\/en\/","name":"Soci\u00e9t\u00e9 Fran\u00e7aise de Biologie du D\u00e9veloppement","description":"","publisher":{"@id":"https:\/\/sfbd.fr\/en\/#organization"},"potentialAction":[{"@type":"SearchAction","target":{"@type":"EntryPoint","urlTemplate":"https:\/\/sfbd.fr\/en\/?s={search_term_string}"},"query-input":"required name=search_term_string"}],"inLanguage":"en-US"},{"@type":"WebPage","@id":"https:\/\/sfbd.fr\/en\/masters\/#webpage","url":"https:\/\/sfbd.fr\/en\/masters\/","name":"Masters - SFBD","isPartOf":{"@id":"https:\/\/sfbd.fr\/en\/#website"},"datePublished":"2019-05-22T16:21:57+00:00","dateModified":"2019-12-14T17:01:52+00:00","breadcrumb":{"@id":"https:\/\/sfbd.fr\/en\/masters\/#breadcrumb"},"inLanguage":"en-US","potentialAction":[{"@type":"ReadAction","target":["https:\/\/sfbd.fr\/en\/masters\/"]}]},{"@type":"BreadcrumbList","@id":"https:\/\/sfbd.fr\/en\/masters\/#breadcrumb","itemListElement":[{"@type":"ListItem","position":1,"name":"Accueil","item":"https:\/\/sfbd.fr\/en\/"},{"@type":"ListItem","position":2,"name":"Masters"}]}]}},"_links":{"self":[{"href":"https:\/\/sfbd.fr\/en\/wp-json\/wp\/v2\/pages\/4050"}],"collection":[{"href":"https:\/\/sfbd.fr\/en\/wp-json\/wp\/v2\/pages"}],"about":[{"href":"https:\/\/sfbd.fr\/en\/wp-json\/wp\/v2\/types\/page"}],"author":[{"embeddable":true,"href":"https:\/\/sfbd.fr\/en\/wp-json\/wp\/v2\/users\/1"}],"replies":[{"embeddable":true,"href":"https:\/\/sfbd.fr\/en\/wp-json\/wp\/v2\/comments?post=4050"}],"version-history":[{"count":4,"href":"https:\/\/sfbd.fr\/en\/wp-json\/wp\/v2\/pages\/4050\/revisions"}],"predecessor-version":[{"id":4450,"href":"https:\/\/sfbd.fr\/en\/wp-json\/wp\/v2\/pages\/4050\/revisions\/4450"}],"wp:attachment":[{"href":"https:\/\/sfbd.fr\/en\/wp-json\/wp\/v2\/media?parent=4050"}],"curies":[{"name":"wp","href":"https:\/\/api.w.org\/{rel}","templated":true}]}}