{"id":4052,"date":"2019-05-22T18:59:12","date_gmt":"2019-05-22T16:59:12","guid":{"rendered":"https:\/\/sfbd.fr\/ecoles-doctorales\/"},"modified":"2019-12-14T18:15:04","modified_gmt":"2019-12-14T17:15:04","slug":"doctoral-schools","status":"publish","type":"page","link":"https:\/\/sfbd.fr\/en\/doctoral-schools\/","title":{"rendered":"Doctoral schools"},"content":{"rendered":"<p>[vc_row][vc_column][vc_column_text]<\/p>\n<h2>Doctoral schools<\/h2>\n<p><span style=\"font-weight: 400;\">Here is a list of the doctoral schools that welcome students in developmental biology <\/span><\/p>\n<p><em><span style=\"font-weight: 400;\">If you know of a missing doctoral school in this list, please <a href=\"mailto:website@sfbd.fr\">contact<\/a> us.<\/span><\/em>[\/vc_column_text][\/vc_column][\/vc_row]\n<div class=\"wpdt-c\">\n    \n<input type=\"hidden\" id=\"wdtNonceFrontendEdit\" name=\"wdtNonceFrontendEdit\" value=\"e206b9f5c5\" \/><input type=\"hidden\" name=\"_wp_http_referer\" value=\"\/en\/wp-json\/wp\/v2\/pages\/4052\" \/>    <input type=\"hidden\" id=\"table_1_desc\" value='{\"tableId\":\"table_1\",\"tableType\":\"manual\",\"selector\":\"#table_1\",\"responsive\":true,\"editable\":false,\"inlineEditing\":false,\"infoBlock\":true,\"globalSearch\":true,\"showRowsPerPage\":false,\"popoverTools\":false,\"hideBeforeLoad\":false,\"number_format\":1,\"decimalPlaces\":2,\"spinnerSrc\":\"https:\\\/\\\/sfbd.fr\\\/wp-content\\\/plugins\\\/wpdatatables\\\/assets\\\/\\\/img\\\/spinner.gif\",\"groupingEnabled\":false,\"tableWpId\":\"8\",\"dataTableParams\":{\"sDom\":\"BT\\u003C\\u0027clear\\u0027\\u003Eftip\",\"bSortCellsTop\":false,\"bFilter\":true,\"bPaginate\":true,\"aLengthMenu\":[[1,5,10,25,50,100,-1],[1,5,10,25,50,100,\"All\"]],\"iDisplayLength\":-1,\"columnDefs\":[{\"sType\":\"formatted-num\",\"wdtType\":\"int\",\"bVisible\":false,\"orderable\":true,\"searchable\":true,\"InputType\":\"text\",\"name\":\"wdt_ID\",\"origHeader\":\"wdt_ID\",\"notNull\":false,\"conditionalFormattingRules\":[],\"className\":\"numdata integer  column-wdt_id\",\"aTargets\":[0]},{\"sType\":\"string\",\"wdtType\":\"string\",\"bVisible\":true,\"orderable\":false,\"searchable\":true,\"InputType\":\"text\",\"name\":\"titredelcole\",\"origHeader\":\"titredelcole\",\"notNull\":false,\"conditionalFormattingRules\":[],\"className\":\" column-titredelcole\",\"sWidth\":\"35%\",\"aTargets\":[1]},{\"sType\":\"string\",\"wdtType\":\"string\",\"bVisible\":true,\"orderable\":true,\"searchable\":true,\"InputType\":\"text\",\"name\":\"universt\",\"origHeader\":\"universt\",\"notNull\":false,\"conditionalFormattingRules\":[],\"className\":\" column-universt\",\"sWidth\":\"35%\",\"aTargets\":[2]},{\"sType\":\"string\",\"wdtType\":\"string\",\"bVisible\":true,\"orderable\":true,\"searchable\":true,\"InputType\":\"text\",\"name\":\"ville\",\"origHeader\":\"ville\",\"notNull\":false,\"conditionalFormattingRules\":[],\"className\":\" column-ville\",\"aTargets\":[3]},{\"sType\":\"string\",\"wdtType\":\"link\",\"bVisible\":true,\"orderable\":false,\"searchable\":true,\"InputType\":\"link\",\"name\":\"lien\",\"origHeader\":\"lien\",\"notNull\":false,\"conditionalFormattingRules\":[],\"className\":\" column-lien\",\"sWidth\":\"15%\",\"aTargets\":[4]}],\"bAutoWidth\":false,\"order\":[[3,\"asc\"]],\"ordering\":true,\"buttons\":[],\"bProcessing\":false,\"serverSide\":true,\"ajax\":{\"url\":\"https:\\\/\\\/sfbd.fr\\\/wp-admin\\\/admin-ajax.php?action=get_wdtable&table_id=8\",\"type\":\"POST\"},\"sPaginationType\":\"full_numbers\",\"oSearch\":{\"bSmart\":false,\"bRegex\":false,\"sSearch\":\"\"}},\"tabletWidth\":\"1024\",\"mobileWidth\":\"480\",\"advancedFilterEnabled\":true,\"advancedFilterOptions\":{\"aoColumns\":[{\"type\":\"null\",\"columnType\":\"int\",\"numberOfDecimalPlaces\":\"2\",\"possibleValuesType\":\"read\",\"values\":null,\"origHeader\":\"wdt_ID\",\"displayHeader\":\"wdt_ID\",\"possibleValuesAddEmpty\":false,\"possibleValuesAjax\":-1,\"defaultValue\":\"\",\"exactFiltering\":false,\"filterLabel\":\"\",\"checkboxesInModal\":0,\"linkButtonLabel\":\"\",\"rangeSlider\":false},{\"type\":\"text\",\"columnType\":\"string\",\"numberOfDecimalPlaces\":\"2\",\"possibleValuesType\":\"read\",\"values\":null,\"origHeader\":\"titredelcole\",\"displayHeader\":\"\\u00c9cole doctorale \\\/ Doctoral School\",\"possibleValuesAddEmpty\":false,\"possibleValuesAjax\":10,\"defaultValue\":\"\",\"exactFiltering\":false,\"filterLabel\":\"\",\"checkboxesInModal\":0,\"linkButtonLabel\":\"\",\"rangeSlider\":false},{\"type\":\"text\",\"columnType\":\"string\",\"numberOfDecimalPlaces\":\"2\",\"possibleValuesType\":\"read\",\"values\":null,\"origHeader\":\"universt\",\"displayHeader\":\"Universit\\u00e9 \\\/ University\",\"possibleValuesAddEmpty\":false,\"possibleValuesAjax\":10,\"defaultValue\":\"\",\"exactFiltering\":false,\"filterLabel\":\"\",\"checkboxesInModal\":0,\"linkButtonLabel\":\"\",\"rangeSlider\":false},{\"type\":\"text\",\"columnType\":\"string\",\"numberOfDecimalPlaces\":\"2\",\"possibleValuesType\":\"read\",\"values\":null,\"origHeader\":\"ville\",\"displayHeader\":\"Ville \\\/ City\",\"possibleValuesAddEmpty\":false,\"possibleValuesAjax\":10,\"defaultValue\":\"\",\"exactFiltering\":false,\"filterLabel\":\"\",\"checkboxesInModal\":0,\"linkButtonLabel\":\"\",\"rangeSlider\":false},{\"type\":\"null\",\"columnType\":\"link\",\"numberOfDecimalPlaces\":\"2\",\"possibleValuesType\":\"read\",\"values\":null,\"origHeader\":\"lien\",\"displayHeader\":\"Lien \\\/ Link\",\"possibleValuesAddEmpty\":false,\"possibleValuesAjax\":-1,\"defaultValue\":\"\",\"exactFiltering\":false,\"filterLabel\":\"\",\"checkboxesInModal\":0,\"linkButtonLabel\":\"En Savoir Plus \\\/ Learn More\",\"rangeSlider\":false}],\"bUseColVis\":true},\"filterInForm\":false,\"serverSide\":true,\"autoRefreshInterval\":0,\"processing\":true,\"fnServerData\":true,\"columnsFixed\":0,\"sumFunctionsLabel\":\"\",\"avgFunctionsLabel\":\"\",\"minFunctionsLabel\":\"\",\"maxFunctionsLabel\":\"\",\"columnsDecimalPlaces\":{\"wdt_ID\":-1,\"titredelcole\":-1,\"universt\":-1,\"ville\":-1,\"lien\":-1},\"columnsThousandsSeparator\":{\"wdt_ID\":0},\"sumColumns\":[],\"avgColumns\":[],\"sumAvgColumns\":[],\"timeFormat\":\"h:i A\",\"datepickFormat\":\"dd\\\/mm\\\/yy\"}'\/>\n\n    <table id=\"table_1\"\n           class=\" responsive display nowrap data-t data-t wpDataTable\"\n           style=\"\"\n           data-described-by='table_1_desc'\n           data-wpdatatable_id=\"8\">\n\n        <!-- Table header -->\n        \n<thead>\n<tr>\n                    <th\n                        class=\" wdtheader sort numdata integer \"\n        style=\"\">wdt_ID<\/th>        <th\n        data-class=\"expand\"                class=\" wdtheader \"\n        style=\"\">\u00c9cole doctorale \/ Doctoral School<\/th>        <th\n                        class=\" wdtheader sort \"\n        style=\"\">Universit\u00e9 \/ University<\/th>        <th\n                        class=\" wdtheader sort \"\n        style=\"\">Ville \/ City<\/th>        <th\n                        class=\" wdtheader \"\n        style=\"\">Lien \/ Link<\/th>    <\/tr>\n<\/thead>\n        <!-- \/Table header -->\n\n        <!-- Table body -->\n        \n<tbody>\n        <tr id=\"table_8_row_0\">\n                    <td style=\"\">1<\/td>\n                    <td style=\"\">Ecole Doctorale Sciences de la vie et de la sant\u00e9 (ED62) <\/td>\n                    <td style=\"\">Aix-Marseille Universit\u00e9 <\/td>\n                    <td style=\"\">Marseille<\/td>\n                    <td style=\"\"><a href='https:\/\/ecole-doctorale-62.univ-amu.fr\/fr' target='_self'><button class=''>En Savoir Plus \/ Learn More<\/button><\/a><\/td>\n            <\/tr>\n            <tr id=\"table_8_row_1\">\n                    <td style=\"\">2<\/td>\n                    <td style=\"\">Ecole Doctorale Sciences de la Vie et de la Sant\u00e9 (ED414)<\/td>\n                    <td style=\"\">Universit\u00e9 de Strasbourg<\/td>\n                    <td style=\"\">Strasbourg<\/td>\n                    <td style=\"\"><a href='http:\/\/ed.vie-sante.unistra.fr\/' target='_self'><button class=''>En Savoir Plus \/ Learn More<\/button><\/a><\/td>\n            <\/tr>\n            <tr id=\"table_8_row_2\">\n                    <td style=\"\">3<\/td>\n                    <td style=\"\">Ecole Doctorale Sciences du v\u00e9g\u00e9tal (SDV - ED567) <\/td>\n                    <td style=\"\">Universit\u00e9 Paris-Saclay<\/td>\n                    <td style=\"\">Paris<\/td>\n                    <td style=\"\"><a href='http:\/\/www.ed-sciences-du-vegetal.u-psud.fr\/' target='_self'><button class=''>En Savoir Plus \/ Learn More<\/button><\/a><\/td>\n            <\/tr>\n            <tr id=\"table_8_row_3\">\n                    <td style=\"\">4<\/td>\n                    <td style=\"\">Ecole Doctorale Canc\u00e9rologie, Biologie, M\u00e9decine, Sant\u00e9 (ED582)<\/td>\n                    <td style=\"\">Universit\u00e9 Paris-Saclay<\/td>\n                    <td style=\"\">Paris<\/td>\n                    <td style=\"\"><a href='https:\/\/www.universite-paris-saclay.fr\/fr\/formation\/doctorat\/cancerologie-biologie-medecine-sante#l-ecole-doctorale' target='_self'><button class=''>En Savoir Plus \/ Learn More<\/button><\/a><\/td>\n            <\/tr>\n            <tr id=\"table_8_row_4\">\n                    <td style=\"\">5<\/td>\n                    <td style=\"\">Ecole Doctorale Agriculture, Alimentation, Biologie, Environnement, Sant\u00e9 (ABIES - ED581)<\/td>\n                    <td style=\"\">Universit\u00e9 Paris-Saclay <\/td>\n                    <td style=\"\">Paris<\/td>\n                    <td style=\"\"><a href='http:\/\/www2.agroparistech.fr\/abies\/index.php\/fr' target='_self'><button class=''>En Savoir Plus \/ Learn More<\/button><\/a><\/td>\n            <\/tr>\n            <tr id=\"table_8_row_5\">\n                    <td style=\"\">6<\/td>\n                    <td style=\"\">Ecole Doctorale Signalisations et R\u00e9seaux Int\u00e9gratifs en Biologie (BIOSIGNE - ED568)<\/td>\n                    <td style=\"\">Universit\u00e9 Paris-Saclay<\/td>\n                    <td style=\"\">Paris<\/td>\n                    <td style=\"\"><\/td>\n            <\/tr>\n            <tr id=\"table_8_row_6\">\n                    <td style=\"\">7<\/td>\n                    <td style=\"\">Ecole Doctorale Structure et Dynamique des Syst\u00e8mes Vivants (ED577)<\/td>\n                    <td style=\"\">Universit\u00e9 Paris-Saclay<\/td>\n                    <td style=\"\">Paris<\/td>\n                    <td style=\"\"><a href='http:\/\/www.ed-sdsv.u-psud.fr\/' target='_self'><button class=''>En Savoir Plus \/ Learn More<\/button><\/a><\/td>\n            <\/tr>\n            <tr id=\"table_8_row_7\">\n                    <td style=\"\">8<\/td>\n                    <td style=\"\">Ecole Doctorale Complexit\u00e9 du vivant (ED515)<\/td>\n                    <td style=\"\">Sorbonne Universit\u00e9 \/ Paris-Science-et-Lettre<\/td>\n                    <td style=\"\">Paris<\/td>\n                    <td style=\"\"><a href='http:\/\/www.ed515.upmc.fr\/fr\/index.php' target='_self'><button class=''>En Savoir Plus \/ Learn More<\/button><\/a><\/td>\n            <\/tr>\n            <tr id=\"table_8_row_8\">\n                    <td style=\"\">9<\/td>\n                    <td style=\"\">Ecole Doctorale Cerveau, cognition, comportement (ED3C - ED158)<\/td>\n                    <td style=\"\">Sorbonne Universit\u00e9 <\/td>\n                    <td style=\"\">Paris<\/td>\n                    <td style=\"\"><a href='http:\/\/ed3c.upmc.fr\/' target='_self'><button class=''>En Savoir Plus \/ Learn More<\/button><\/a><\/td>\n            <\/tr>\n            <tr id=\"table_8_row_9\">\n                    <td style=\"\">10<\/td>\n                    <td style=\"\">Ecole Doctorale Fronti\u00e8res du Vivant (FIRE ex FDV - ED474) <\/td>\n                    <td style=\"\">Universit\u00e9 Sorbonne Paris Cit\u00e9 <\/td>\n                    <td style=\"\">Paris<\/td>\n                    <td style=\"\"><a href='https:\/\/cri-paris.org\/fire\/' target='_self'><button class=''>En Savoir Plus \/ Learn More<\/button><\/a><\/td>\n            <\/tr>\n    <\/tbody>        <!-- \/Table body -->\n\n        <!-- Table footer -->\n        \n    <tfoot>\n                <tr >\n                            <td\n                class=\"wdtheader sort numdata integer \"\n                style=\"\"><\/td>                <td\n                class=\"wdtheader  \"\n                style=\"\">\u00c9cole doctorale \/ Doctoral School<\/td>                <td\n                class=\"wdtheader sort \"\n                style=\"\">Universit\u00e9 \/ University<\/td>                <td\n                class=\"wdtheader sort \"\n                style=\"\">Ville \/ City<\/td>                <td\n                class=\"wdtheader  \"\n                style=\"\"><\/td>        <\/tr>\n                            <\/tfoot>\n        <!-- \/Table footer -->\n\n    <\/table>\n\n<\/div><style>\ntable.wpDataTable { table-layout: fixed !important; }\ntable.wpDataTable td, table.wpDataTable th { white-space: normal !important; }\ntable.wpDataTable td.numdata { text-align: right !important; }\n.wpDataTablesWrapper table.wpDataTable > tbody > tr > td{ border: none !important; }\n.wpDataTablesWrapper table.wpDataTable > thead > tr > th{ border: none !important; }\n<\/style>\n\n<style>\n\n\/* table font color *\/\n.wpdt-c .wpDataTablesWrapper table.wpDataTable {\n    font-family: Verdana, Geneva, sans-serif !important;\n}\n\/* table font size *\/\n.wpdt-c .wpDataTablesWrapper table.wpDataTable {\n    font-size:15px;\n}\n \n<\/style>\n<\/p>\n","protected":false},"excerpt":{"rendered":"<p>[vc_row][vc_column][vc_column_text] Doctoral schools Here is a list of the doctoral schools that welcome students in developmental biology If you know&hellip;<\/p>\n","protected":false},"author":1,"featured_media":0,"parent":0,"menu_order":0,"comment_status":"closed","ping_status":"closed","template":"","meta":{"footnotes":""},"yoast_head":"<!-- This site is optimized with the Yoast SEO plugin v18.2 - https:\/\/yoast.com\/wordpress\/plugins\/seo\/ -->\n<title>Doctoral schools - SFBD<\/title>\n<meta name=\"robots\" content=\"index, follow, max-snippet:-1, max-image-preview:large, max-video-preview:-1\" \/>\n<link rel=\"canonical\" href=\"https:\/\/sfbd.fr\/en\/doctoral-schools\/\" \/>\n<meta property=\"og:locale\" content=\"en_US\" \/>\n<meta property=\"og:type\" content=\"article\" \/>\n<meta property=\"og:title\" content=\"Doctoral schools - SFBD\" \/>\n<meta property=\"og:description\" content=\"[vc_row][vc_column][vc_column_text] Doctoral schools Here is a list of the doctoral schools that welcome students in developmental biology If you know&hellip;\" \/>\n<meta property=\"og:url\" content=\"https:\/\/sfbd.fr\/en\/doctoral-schools\/\" \/>\n<meta property=\"og:site_name\" content=\"SFBD\" \/>\n<meta property=\"article:modified_time\" content=\"2019-12-14T17:15:04+00:00\" \/>\n<meta name=\"twitter:card\" content=\"summary_large_image\" \/>\n<meta name=\"twitter:site\" content=\"@sfbd_biodev\" \/>\n<script type=\"application\/ld+json\" class=\"yoast-schema-graph\">{\"@context\":\"https:\/\/schema.org\",\"@graph\":[{\"@type\":\"Organization\",\"@id\":\"https:\/\/sfbd.fr\/en\/#organization\",\"name\":\"Soci\u00e9t\u00e9 Fran\u00e7aise de Biologie du D\u00e9veloppement\",\"url\":\"https:\/\/sfbd.fr\/en\/\",\"sameAs\":[\"https:\/\/twitter.com\/sfbd_biodev\"],\"logo\":{\"@type\":\"ImageObject\",\"@id\":\"https:\/\/sfbd.fr\/en\/#logo\",\"inLanguage\":\"en-US\",\"url\":\"https:\/\/sfbd.fr\/wp-content\/uploads\/2019\/11\/Favicon.jpg\",\"contentUrl\":\"https:\/\/sfbd.fr\/wp-content\/uploads\/2019\/11\/Favicon.jpg\",\"width\":1324,\"height\":1324,\"caption\":\"Soci\u00e9t\u00e9 Fran\u00e7aise de Biologie du D\u00e9veloppement\"},\"image\":{\"@id\":\"https:\/\/sfbd.fr\/en\/#logo\"}},{\"@type\":\"WebSite\",\"@id\":\"https:\/\/sfbd.fr\/en\/#website\",\"url\":\"https:\/\/sfbd.fr\/en\/\",\"name\":\"Soci\u00e9t\u00e9 Fran\u00e7aise de Biologie du D\u00e9veloppement\",\"description\":\"\",\"publisher\":{\"@id\":\"https:\/\/sfbd.fr\/en\/#organization\"},\"potentialAction\":[{\"@type\":\"SearchAction\",\"target\":{\"@type\":\"EntryPoint\",\"urlTemplate\":\"https:\/\/sfbd.fr\/en\/?s={search_term_string}\"},\"query-input\":\"required name=search_term_string\"}],\"inLanguage\":\"en-US\"},{\"@type\":\"WebPage\",\"@id\":\"https:\/\/sfbd.fr\/en\/doctoral-schools\/#webpage\",\"url\":\"https:\/\/sfbd.fr\/en\/doctoral-schools\/\",\"name\":\"Doctoral schools - SFBD\",\"isPartOf\":{\"@id\":\"https:\/\/sfbd.fr\/en\/#website\"},\"datePublished\":\"2019-05-22T16:59:12+00:00\",\"dateModified\":\"2019-12-14T17:15:04+00:00\",\"breadcrumb\":{\"@id\":\"https:\/\/sfbd.fr\/en\/doctoral-schools\/#breadcrumb\"},\"inLanguage\":\"en-US\",\"potentialAction\":[{\"@type\":\"ReadAction\",\"target\":[\"https:\/\/sfbd.fr\/en\/doctoral-schools\/\"]}]},{\"@type\":\"BreadcrumbList\",\"@id\":\"https:\/\/sfbd.fr\/en\/doctoral-schools\/#breadcrumb\",\"itemListElement\":[{\"@type\":\"ListItem\",\"position\":1,\"name\":\"Accueil\",\"item\":\"https:\/\/sfbd.fr\/en\/\"},{\"@type\":\"ListItem\",\"position\":2,\"name\":\"Doctoral schools\"}]}]}<\/script>\n<!-- \/ Yoast SEO plugin. -->","yoast_head_json":{"title":"Doctoral schools - SFBD","robots":{"index":"index","follow":"follow","max-snippet":"max-snippet:-1","max-image-preview":"max-image-preview:large","max-video-preview":"max-video-preview:-1"},"canonical":"https:\/\/sfbd.fr\/en\/doctoral-schools\/","og_locale":"en_US","og_type":"article","og_title":"Doctoral schools - SFBD","og_description":"[vc_row][vc_column][vc_column_text] Doctoral schools Here is a list of the doctoral schools that welcome students in developmental biology If you know&hellip;","og_url":"https:\/\/sfbd.fr\/en\/doctoral-schools\/","og_site_name":"SFBD","article_modified_time":"2019-12-14T17:15:04+00:00","twitter_card":"summary_large_image","twitter_site":"@sfbd_biodev","schema":{"@context":"https:\/\/schema.org","@graph":[{"@type":"Organization","@id":"https:\/\/sfbd.fr\/en\/#organization","name":"Soci\u00e9t\u00e9 Fran\u00e7aise de Biologie du D\u00e9veloppement","url":"https:\/\/sfbd.fr\/en\/","sameAs":["https:\/\/twitter.com\/sfbd_biodev"],"logo":{"@type":"ImageObject","@id":"https:\/\/sfbd.fr\/en\/#logo","inLanguage":"en-US","url":"https:\/\/sfbd.fr\/wp-content\/uploads\/2019\/11\/Favicon.jpg","contentUrl":"https:\/\/sfbd.fr\/wp-content\/uploads\/2019\/11\/Favicon.jpg","width":1324,"height":1324,"caption":"Soci\u00e9t\u00e9 Fran\u00e7aise de Biologie du D\u00e9veloppement"},"image":{"@id":"https:\/\/sfbd.fr\/en\/#logo"}},{"@type":"WebSite","@id":"https:\/\/sfbd.fr\/en\/#website","url":"https:\/\/sfbd.fr\/en\/","name":"Soci\u00e9t\u00e9 Fran\u00e7aise de Biologie du D\u00e9veloppement","description":"","publisher":{"@id":"https:\/\/sfbd.fr\/en\/#organization"},"potentialAction":[{"@type":"SearchAction","target":{"@type":"EntryPoint","urlTemplate":"https:\/\/sfbd.fr\/en\/?s={search_term_string}"},"query-input":"required name=search_term_string"}],"inLanguage":"en-US"},{"@type":"WebPage","@id":"https:\/\/sfbd.fr\/en\/doctoral-schools\/#webpage","url":"https:\/\/sfbd.fr\/en\/doctoral-schools\/","name":"Doctoral schools - SFBD","isPartOf":{"@id":"https:\/\/sfbd.fr\/en\/#website"},"datePublished":"2019-05-22T16:59:12+00:00","dateModified":"2019-12-14T17:15:04+00:00","breadcrumb":{"@id":"https:\/\/sfbd.fr\/en\/doctoral-schools\/#breadcrumb"},"inLanguage":"en-US","potentialAction":[{"@type":"ReadAction","target":["https:\/\/sfbd.fr\/en\/doctoral-schools\/"]}]},{"@type":"BreadcrumbList","@id":"https:\/\/sfbd.fr\/en\/doctoral-schools\/#breadcrumb","itemListElement":[{"@type":"ListItem","position":1,"name":"Accueil","item":"https:\/\/sfbd.fr\/en\/"},{"@type":"ListItem","position":2,"name":"Doctoral schools"}]}]}},"_links":{"self":[{"href":"https:\/\/sfbd.fr\/en\/wp-json\/wp\/v2\/pages\/4052"}],"collection":[{"href":"https:\/\/sfbd.fr\/en\/wp-json\/wp\/v2\/pages"}],"about":[{"href":"https:\/\/sfbd.fr\/en\/wp-json\/wp\/v2\/types\/page"}],"author":[{"embeddable":true,"href":"https:\/\/sfbd.fr\/en\/wp-json\/wp\/v2\/users\/1"}],"replies":[{"embeddable":true,"href":"https:\/\/sfbd.fr\/en\/wp-json\/wp\/v2\/comments?post=4052"}],"version-history":[{"count":4,"href":"https:\/\/sfbd.fr\/en\/wp-json\/wp\/v2\/pages\/4052\/revisions"}],"predecessor-version":[{"id":4452,"href":"https:\/\/sfbd.fr\/en\/wp-json\/wp\/v2\/pages\/4052\/revisions\/4452"}],"wp:attachment":[{"href":"https:\/\/sfbd.fr\/en\/wp-json\/wp\/v2\/media?parent=4052"}],"curies":[{"name":"wp","href":"https:\/\/api.w.org\/{rel}","templated":true}]}}