{"id":4058,"date":"2019-05-28T16:12:00","date_gmt":"2019-05-28T14:12:00","guid":{"rendered":"https:\/\/sfbd.fr\/resources\/moocs\/"},"modified":"2021-06-16T18:37:23","modified_gmt":"2021-06-16T16:37:23","slug":"moocs","status":"publish","type":"page","link":"https:\/\/sfbd.fr\/en\/moocs\/","title":{"rendered":"MOOCS"},"content":{"rendered":"<p>[vc_row][vc_column][vc_custom_heading text=&#8221;MOOCS&#8221; use_theme_fonts=&#8221;yes&#8221;][vc_column_text]<em>N\u2019h\u00e9sitez pas \u00e0 nous <a href=\"mailto:website@sfbd.fr\">contacter<\/a> pour alimenter le contenu de cette section.<\/em>[\/vc_column_text][vc_empty_space][\/vc_column][\/vc_row][vc_row][vc_column width=&#8221;1\/4&#8243;][vc_single_image image=&#8221;5614&#8243; img_size=&#8221;200&#215;100&#8243;][vc_btn title=&#8221;EN SAVOIR PLUS&#8221; style=&#8221;flat&#8221; color=&#8221;pink&#8221; link=&#8221;url:https%3A%2F%2Fwww.fun-mooc.fr%2Fcours%2F%23filter%2Fsubject%2Fsciences-de-la-vie%3Fpage%3D1%26rpp%3D50|||&#8221;][\/vc_column][vc_column width=&#8221;1\/4&#8243;][vc_single_image image=&#8221;5616&#8243; img_size=&#8221;200&#215;100&#8243;][vc_btn title=&#8221;EN SAVOIR PLUS&#8221; style=&#8221;flat&#8221; color=&#8221;pink&#8221; link=&#8221;url:https%3A%2F%2Fwww.futurelearn.com%2F|||&#8221;][\/vc_column][vc_column width=&#8221;1\/4&#8243;][vc_single_image image=&#8221;5618&#8243; img_size=&#8221;200&#215;100&#8243;][vc_btn title=&#8221;EN SAVOIR PLUS&#8221; style=&#8221;flat&#8221; color=&#8221;pink&#8221; link=&#8221;url:https%3A%2F%2Fwww.pasteur.fr%2Fen%2Fe-learning-mooc|||&#8221;][\/vc_column][vc_column width=&#8221;1\/4&#8243;][vc_single_image image=&#8221;5565&#8243; img_size=&#8221;200&#215;100&#8243;][vc_btn title=&#8221;EN SAVOIR PLUS&#8221; style=&#8221;flat&#8221; color=&#8221;pink&#8221; link=&#8221;url:https%3A%2F%2Fwww.futurelearn.com%2F|||&#8221;][\/vc_column][\/vc_row][vc_row][vc_column][vc_empty_space height=&#8221;16px&#8221;][vc_custom_heading text=&#8221;Cours \u00e0 la une (en anglais)&#8221; font_container=&#8221;tag:h5|text_align:left&#8221; use_theme_fonts=&#8221;yes&#8221;][vc_empty_space height=&#8221;16px&#8221;][\/vc_column][\/vc_row][vc_row][vc_column width=&#8221;1\/4&#8243;][vc_single_image image=&#8221;5565&#8243; img_size=&#8221;200&#215;100&#8243;][\/vc_column][vc_column width=&#8221;1\/4&#8243;][vc_btn title=&#8221;M\u00e9chanismes mol\u00e9culaires du veillissement&#8221; style=&#8221;flat&#8221; color=&#8221;mulled-wine&#8221; size=&#8221;lg&#8221; link=&#8221;url:https%3A%2F%2Fwww.futurelearn.com%2Fcourses%2Fageing||target:%20_blank|&#8221;][vc_btn title=&#8221;M\u00e9tabolomique&#8221; style=&#8221;flat&#8221; color=&#8221;mulled-wine&#8221; size=&#8221;lg&#8221; link=&#8221;url:https%3A%2F%2Fwww.futurelearn.com%2Fcourses%2Fmetabolomics|||&#8221;][\/vc_column][vc_column width=&#8221;1\/4&#8243;][vc_single_image image=&#8221;5614&#8243; img_size=&#8221;200&#215;100&#8243;][\/vc_column][vc_column width=&#8221;1\/4&#8243;][vc_btn title=&#8221;Advances in Stem Cell Biology&#8221; style=&#8221;flat&#8221; color=&#8221;mulled-wine&#8221; size=&#8221;lg&#8221; link=&#8221;url:https%3A%2F%2Ffun-mooc.fr%2Fcourses%2Fcourse-v1%3Apasteur%2B96016%2Bsession01%2Fabout|||&#8221;][\/vc_column][\/vc_row][vc_row][vc_column][vc_custom_heading text=&#8221;Cours \u00e0 la une (en fran\u00e7ais)&#8221; font_container=&#8221;tag:h5|text_align:left&#8221; use_theme_fonts=&#8221;yes&#8221;][\/vc_column][\/vc_row][vc_row][vc_column width=&#8221;1\/4&#8243;][vc_single_image image=&#8221;5614&#8243; img_size=&#8221;200&#215;100&#8243;][\/vc_column][vc_column width=&#8221;1\/4&#8243;][vc_btn title=&#8221;Les origines moleculaires de la vie&#8221; style=&#8221;flat&#8221; color=&#8221;mulled-wine&#8221; size=&#8221;lg&#8221; link=&#8221;url:https%3A%2F%2Fwww.fun-mooc.fr%2Fcourses%2Fcourse-v1%3Aparisdiderot%2B56004%2Bcv_session03%2Fabout%3Fat_medium%3Demail%26at_emailtype%3Dretention%26at_campaign%3Dnewsorient%26at_creation%3Dparisdiderot%26at_send_date%3D20200415%26at_link%3Dparisdiderot_56004_cv_session03%26at_recipient_list%3D1||target:%20_blank|&#8221;][\/vc_column][vc_column width=&#8221;1\/4&#8243;][\/vc_column][vc_column width=&#8221;1\/4&#8243;][\/vc_column][\/vc_row]<\/p>\n","protected":false},"excerpt":{"rendered":"<p>[vc_row][vc_column][vc_custom_heading text=&#8221;MOOCS&#8221; use_theme_fonts=&#8221;yes&#8221;][vc_column_text]N\u2019h\u00e9sitez pas \u00e0 nous contacter pour alimenter le contenu de cette section.[\/vc_column_text][vc_empty_space][\/vc_column][\/vc_row][vc_row][vc_column width=&#8221;1\/4&#8243;][vc_single_image image=&#8221;5614&#8243; img_size=&#8221;200&#215;100&#8243;][vc_btn title=&#8221;EN SAVOIR PLUS&#8221;&hellip;<\/p>\n","protected":false},"author":1,"featured_media":0,"parent":0,"menu_order":0,"comment_status":"closed","ping_status":"open","template":"","meta":{"footnotes":""},"yoast_head":"<!-- This site is optimized with the Yoast SEO plugin v18.2 - https:\/\/yoast.com\/wordpress\/plugins\/seo\/ -->\n<title>MOOCS - SFBD<\/title>\n<meta name=\"description\" content=\"Liste de cours d&#039;enseignement diffus\u00e9 sur Internet (MOOCs), li\u00e9e \u00e0 la Biologie du D\u00e9veloppement (Future Learn, Institut Pasteur, etc...)\" \/>\n<meta name=\"robots\" content=\"index, follow, max-snippet:-1, max-image-preview:large, max-video-preview:-1\" \/>\n<link rel=\"canonical\" href=\"https:\/\/sfbd.fr\/en\/moocs\/\" \/>\n<meta property=\"og:locale\" content=\"en_US\" \/>\n<meta property=\"og:type\" content=\"article\" \/>\n<meta property=\"og:title\" content=\"MOOCS - SFBD\" \/>\n<meta property=\"og:description\" content=\"Liste de cours d&#039;enseignement diffus\u00e9 sur Internet (MOOCs), li\u00e9e \u00e0 la Biologie du D\u00e9veloppement (Future Learn, Institut Pasteur, etc...)\" \/>\n<meta property=\"og:url\" content=\"https:\/\/sfbd.fr\/en\/moocs\/\" \/>\n<meta property=\"og:site_name\" content=\"SFBD\" \/>\n<meta property=\"article:modified_time\" content=\"2021-06-16T16:37:23+00:00\" \/>\n<meta name=\"twitter:card\" content=\"summary_large_image\" \/>\n<meta name=\"twitter:site\" content=\"@sfbd_biodev\" \/>\n<meta name=\"twitter:label1\" content=\"Est. reading time\" \/>\n\t<meta name=\"twitter:data1\" content=\"2 minutes\" \/>\n<script type=\"application\/ld+json\" class=\"yoast-schema-graph\">{\"@context\":\"https:\/\/schema.org\",\"@graph\":[{\"@type\":\"Organization\",\"@id\":\"https:\/\/sfbd.fr\/en\/#organization\",\"name\":\"Soci\u00e9t\u00e9 Fran\u00e7aise de Biologie du D\u00e9veloppement\",\"url\":\"https:\/\/sfbd.fr\/en\/\",\"sameAs\":[\"https:\/\/twitter.com\/sfbd_biodev\"],\"logo\":{\"@type\":\"ImageObject\",\"@id\":\"https:\/\/sfbd.fr\/en\/#logo\",\"inLanguage\":\"en-US\",\"url\":\"https:\/\/sfbd.fr\/wp-content\/uploads\/2019\/11\/Favicon.jpg\",\"contentUrl\":\"https:\/\/sfbd.fr\/wp-content\/uploads\/2019\/11\/Favicon.jpg\",\"width\":1324,\"height\":1324,\"caption\":\"Soci\u00e9t\u00e9 Fran\u00e7aise de Biologie du D\u00e9veloppement\"},\"image\":{\"@id\":\"https:\/\/sfbd.fr\/en\/#logo\"}},{\"@type\":\"WebSite\",\"@id\":\"https:\/\/sfbd.fr\/en\/#website\",\"url\":\"https:\/\/sfbd.fr\/en\/\",\"name\":\"Soci\u00e9t\u00e9 Fran\u00e7aise de Biologie du D\u00e9veloppement\",\"description\":\"\",\"publisher\":{\"@id\":\"https:\/\/sfbd.fr\/en\/#organization\"},\"potentialAction\":[{\"@type\":\"SearchAction\",\"target\":{\"@type\":\"EntryPoint\",\"urlTemplate\":\"https:\/\/sfbd.fr\/en\/?s={search_term_string}\"},\"query-input\":\"required name=search_term_string\"}],\"inLanguage\":\"en-US\"},{\"@type\":\"WebPage\",\"@id\":\"https:\/\/sfbd.fr\/en\/moocs\/#webpage\",\"url\":\"https:\/\/sfbd.fr\/en\/moocs\/\",\"name\":\"MOOCS - SFBD\",\"isPartOf\":{\"@id\":\"https:\/\/sfbd.fr\/en\/#website\"},\"datePublished\":\"2019-05-28T14:12:00+00:00\",\"dateModified\":\"2021-06-16T16:37:23+00:00\",\"description\":\"Liste de cours d'enseignement diffus\u00e9 sur Internet (MOOCs), li\u00e9e \u00e0 la Biologie du D\u00e9veloppement (Future Learn, Institut Pasteur, etc...)\",\"breadcrumb\":{\"@id\":\"https:\/\/sfbd.fr\/en\/moocs\/#breadcrumb\"},\"inLanguage\":\"en-US\",\"potentialAction\":[{\"@type\":\"ReadAction\",\"target\":[\"https:\/\/sfbd.fr\/en\/moocs\/\"]}]},{\"@type\":\"BreadcrumbList\",\"@id\":\"https:\/\/sfbd.fr\/en\/moocs\/#breadcrumb\",\"itemListElement\":[{\"@type\":\"ListItem\",\"position\":1,\"name\":\"Accueil\",\"item\":\"https:\/\/sfbd.fr\/en\/\"},{\"@type\":\"ListItem\",\"position\":2,\"name\":\"MOOCS\"}]}]}<\/script>\n<!-- \/ Yoast SEO plugin. -->","yoast_head_json":{"title":"MOOCS - SFBD","description":"Liste de cours d'enseignement diffus\u00e9 sur Internet (MOOCs), li\u00e9e \u00e0 la Biologie du D\u00e9veloppement (Future Learn, Institut Pasteur, etc...)","robots":{"index":"index","follow":"follow","max-snippet":"max-snippet:-1","max-image-preview":"max-image-preview:large","max-video-preview":"max-video-preview:-1"},"canonical":"https:\/\/sfbd.fr\/en\/moocs\/","og_locale":"en_US","og_type":"article","og_title":"MOOCS - SFBD","og_description":"Liste de cours d'enseignement diffus\u00e9 sur Internet (MOOCs), li\u00e9e \u00e0 la Biologie du D\u00e9veloppement (Future Learn, Institut Pasteur, etc...)","og_url":"https:\/\/sfbd.fr\/en\/moocs\/","og_site_name":"SFBD","article_modified_time":"2021-06-16T16:37:23+00:00","twitter_card":"summary_large_image","twitter_site":"@sfbd_biodev","twitter_misc":{"Est. reading time":"2 minutes"},"schema":{"@context":"https:\/\/schema.org","@graph":[{"@type":"Organization","@id":"https:\/\/sfbd.fr\/en\/#organization","name":"Soci\u00e9t\u00e9 Fran\u00e7aise de Biologie du D\u00e9veloppement","url":"https:\/\/sfbd.fr\/en\/","sameAs":["https:\/\/twitter.com\/sfbd_biodev"],"logo":{"@type":"ImageObject","@id":"https:\/\/sfbd.fr\/en\/#logo","inLanguage":"en-US","url":"https:\/\/sfbd.fr\/wp-content\/uploads\/2019\/11\/Favicon.jpg","contentUrl":"https:\/\/sfbd.fr\/wp-content\/uploads\/2019\/11\/Favicon.jpg","width":1324,"height":1324,"caption":"Soci\u00e9t\u00e9 Fran\u00e7aise de Biologie du D\u00e9veloppement"},"image":{"@id":"https:\/\/sfbd.fr\/en\/#logo"}},{"@type":"WebSite","@id":"https:\/\/sfbd.fr\/en\/#website","url":"https:\/\/sfbd.fr\/en\/","name":"Soci\u00e9t\u00e9 Fran\u00e7aise de Biologie du D\u00e9veloppement","description":"","publisher":{"@id":"https:\/\/sfbd.fr\/en\/#organization"},"potentialAction":[{"@type":"SearchAction","target":{"@type":"EntryPoint","urlTemplate":"https:\/\/sfbd.fr\/en\/?s={search_term_string}"},"query-input":"required name=search_term_string"}],"inLanguage":"en-US"},{"@type":"WebPage","@id":"https:\/\/sfbd.fr\/en\/moocs\/#webpage","url":"https:\/\/sfbd.fr\/en\/moocs\/","name":"MOOCS - SFBD","isPartOf":{"@id":"https:\/\/sfbd.fr\/en\/#website"},"datePublished":"2019-05-28T14:12:00+00:00","dateModified":"2021-06-16T16:37:23+00:00","description":"Liste de cours d'enseignement diffus\u00e9 sur Internet (MOOCs), li\u00e9e \u00e0 la Biologie du D\u00e9veloppement (Future Learn, Institut Pasteur, etc...)","breadcrumb":{"@id":"https:\/\/sfbd.fr\/en\/moocs\/#breadcrumb"},"inLanguage":"en-US","potentialAction":[{"@type":"ReadAction","target":["https:\/\/sfbd.fr\/en\/moocs\/"]}]},{"@type":"BreadcrumbList","@id":"https:\/\/sfbd.fr\/en\/moocs\/#breadcrumb","itemListElement":[{"@type":"ListItem","position":1,"name":"Accueil","item":"https:\/\/sfbd.fr\/en\/"},{"@type":"ListItem","position":2,"name":"MOOCS"}]}]}},"_links":{"self":[{"href":"https:\/\/sfbd.fr\/en\/wp-json\/wp\/v2\/pages\/4058"}],"collection":[{"href":"https:\/\/sfbd.fr\/en\/wp-json\/wp\/v2\/pages"}],"about":[{"href":"https:\/\/sfbd.fr\/en\/wp-json\/wp\/v2\/types\/page"}],"author":[{"embeddable":true,"href":"https:\/\/sfbd.fr\/en\/wp-json\/wp\/v2\/users\/1"}],"replies":[{"embeddable":true,"href":"https:\/\/sfbd.fr\/en\/wp-json\/wp\/v2\/comments?post=4058"}],"version-history":[{"count":23,"href":"https:\/\/sfbd.fr\/en\/wp-json\/wp\/v2\/pages\/4058\/revisions"}],"predecessor-version":[{"id":8447,"href":"https:\/\/sfbd.fr\/en\/wp-json\/wp\/v2\/pages\/4058\/revisions\/8447"}],"wp:attachment":[{"href":"https:\/\/sfbd.fr\/en\/wp-json\/wp\/v2\/media?parent=4058"}],"curies":[{"name":"wp","href":"https:\/\/api.w.org\/{rel}","templated":true}]}}