{"id":4060,"date":"2019-05-22T19:18:59","date_gmt":"2019-05-22T17:18:59","guid":{"rendered":"https:\/\/sfbd.fr\/venir-en-france\/"},"modified":"2019-12-26T10:41:48","modified_gmt":"2019-12-26T09:41:48","slug":"coming-to-france","status":"publish","type":"page","link":"https:\/\/sfbd.fr\/en\/coming-to-france\/","title":{"rendered":"Coming to France"},"content":{"rendered":"<p>[vc_row][vc_column][vc_custom_heading text=&#8221;Coming to France&#8221; use_theme_fonts=&#8221;yes&#8221;][vc_column_text]\u2192 Check <span lang=\"en\" tabindex=\"0\">our job offers for masters, theses and postdocs <\/span><a href=\"https:\/\/sfbd.fr\/en\/news\/job-opportunities\/\">here<\/a>.<br \/>\n\u2192 <span lang=\"en\" tabindex=\"0\">Do you want to come to study in France? <\/span><a href=\"https:\/\/www.campusfrance.org\/en\" target=\"_blank\" rel=\"noopener noreferrer\">Campus France<\/a> will help you in all the steps!<br \/>\n\u2192 Foundation <a href=\"https:\/\/www.fnak.fr\/en\/\" target=\"_blank\" rel=\"noopener noreferrer\">Alfred Kastler<\/a> : Its aim is to facilitate the mobility of foreign researchers to France and to maintain contact with them after their departure.<\/p>\n<blockquote>\n<p><span style=\"font-weight: 400;\"><em>Don\u2019t hesitate to <a href=\"mailto:website@sfbd.fr\">contact us<\/a>\u00a0if you would like to suggest some additional content.<\/em><\/span><\/p>\n<\/blockquote>\n<p>[\/vc_column_text][\/vc_column][\/vc_row]<\/p>\n","protected":false},"excerpt":{"rendered":"<p>[vc_row][vc_column][vc_custom_heading text=&#8221;Coming to France&#8221; use_theme_fonts=&#8221;yes&#8221;][vc_column_text]\u2192 Check our job offers for masters, theses and postdocs here. \u2192 Do you want to&hellip;<\/p>\n","protected":false},"author":1,"featured_media":0,"parent":0,"menu_order":0,"comment_status":"closed","ping_status":"closed","template":"","meta":{"footnotes":""},"yoast_head":"<!-- This site is optimized with the Yoast SEO plugin v18.2 - https:\/\/yoast.com\/wordpress\/plugins\/seo\/ -->\n<title>Coming to France - SFBD<\/title>\n<meta name=\"robots\" content=\"index, follow, max-snippet:-1, max-image-preview:large, max-video-preview:-1\" \/>\n<link rel=\"canonical\" href=\"https:\/\/sfbd.fr\/en\/coming-to-france\/\" \/>\n<meta property=\"og:locale\" content=\"en_US\" \/>\n<meta property=\"og:type\" content=\"article\" \/>\n<meta property=\"og:title\" content=\"Coming to France - SFBD\" \/>\n<meta property=\"og:description\" content=\"[vc_row][vc_column][vc_custom_heading text=&#8221;Coming to France&#8221; use_theme_fonts=&#8221;yes&#8221;][vc_column_text]\u2192 Check our job offers for masters, theses and postdocs here. \u2192 Do you want to&hellip;\" \/>\n<meta property=\"og:url\" content=\"https:\/\/sfbd.fr\/en\/coming-to-france\/\" \/>\n<meta property=\"og:site_name\" content=\"SFBD\" \/>\n<meta property=\"article:modified_time\" content=\"2019-12-26T09:41:48+00:00\" \/>\n<meta name=\"twitter:card\" content=\"summary_large_image\" \/>\n<meta name=\"twitter:site\" content=\"@sfbd_biodev\" \/>\n<script type=\"application\/ld+json\" class=\"yoast-schema-graph\">{\"@context\":\"https:\/\/schema.org\",\"@graph\":[{\"@type\":\"Organization\",\"@id\":\"https:\/\/sfbd.fr\/en\/#organization\",\"name\":\"Soci\u00e9t\u00e9 Fran\u00e7aise de Biologie du D\u00e9veloppement\",\"url\":\"https:\/\/sfbd.fr\/en\/\",\"sameAs\":[\"https:\/\/twitter.com\/sfbd_biodev\"],\"logo\":{\"@type\":\"ImageObject\",\"@id\":\"https:\/\/sfbd.fr\/en\/#logo\",\"inLanguage\":\"en-US\",\"url\":\"https:\/\/sfbd.fr\/wp-content\/uploads\/2019\/11\/Favicon.jpg\",\"contentUrl\":\"https:\/\/sfbd.fr\/wp-content\/uploads\/2019\/11\/Favicon.jpg\",\"width\":1324,\"height\":1324,\"caption\":\"Soci\u00e9t\u00e9 Fran\u00e7aise de Biologie du D\u00e9veloppement\"},\"image\":{\"@id\":\"https:\/\/sfbd.fr\/en\/#logo\"}},{\"@type\":\"WebSite\",\"@id\":\"https:\/\/sfbd.fr\/en\/#website\",\"url\":\"https:\/\/sfbd.fr\/en\/\",\"name\":\"Soci\u00e9t\u00e9 Fran\u00e7aise de Biologie du D\u00e9veloppement\",\"description\":\"\",\"publisher\":{\"@id\":\"https:\/\/sfbd.fr\/en\/#organization\"},\"potentialAction\":[{\"@type\":\"SearchAction\",\"target\":{\"@type\":\"EntryPoint\",\"urlTemplate\":\"https:\/\/sfbd.fr\/en\/?s={search_term_string}\"},\"query-input\":\"required name=search_term_string\"}],\"inLanguage\":\"en-US\"},{\"@type\":\"WebPage\",\"@id\":\"https:\/\/sfbd.fr\/en\/coming-to-france\/#webpage\",\"url\":\"https:\/\/sfbd.fr\/en\/coming-to-france\/\",\"name\":\"Coming to France - SFBD\",\"isPartOf\":{\"@id\":\"https:\/\/sfbd.fr\/en\/#website\"},\"datePublished\":\"2019-05-22T17:18:59+00:00\",\"dateModified\":\"2019-12-26T09:41:48+00:00\",\"breadcrumb\":{\"@id\":\"https:\/\/sfbd.fr\/en\/coming-to-france\/#breadcrumb\"},\"inLanguage\":\"en-US\",\"potentialAction\":[{\"@type\":\"ReadAction\",\"target\":[\"https:\/\/sfbd.fr\/en\/coming-to-france\/\"]}]},{\"@type\":\"BreadcrumbList\",\"@id\":\"https:\/\/sfbd.fr\/en\/coming-to-france\/#breadcrumb\",\"itemListElement\":[{\"@type\":\"ListItem\",\"position\":1,\"name\":\"Accueil\",\"item\":\"https:\/\/sfbd.fr\/en\/\"},{\"@type\":\"ListItem\",\"position\":2,\"name\":\"Coming to France\"}]}]}<\/script>\n<!-- \/ Yoast SEO plugin. -->","yoast_head_json":{"title":"Coming to France - SFBD","robots":{"index":"index","follow":"follow","max-snippet":"max-snippet:-1","max-image-preview":"max-image-preview:large","max-video-preview":"max-video-preview:-1"},"canonical":"https:\/\/sfbd.fr\/en\/coming-to-france\/","og_locale":"en_US","og_type":"article","og_title":"Coming to France - SFBD","og_description":"[vc_row][vc_column][vc_custom_heading text=&#8221;Coming to France&#8221; use_theme_fonts=&#8221;yes&#8221;][vc_column_text]\u2192 Check our job offers for masters, theses and postdocs here. \u2192 Do you want to&hellip;","og_url":"https:\/\/sfbd.fr\/en\/coming-to-france\/","og_site_name":"SFBD","article_modified_time":"2019-12-26T09:41:48+00:00","twitter_card":"summary_large_image","twitter_site":"@sfbd_biodev","schema":{"@context":"https:\/\/schema.org","@graph":[{"@type":"Organization","@id":"https:\/\/sfbd.fr\/en\/#organization","name":"Soci\u00e9t\u00e9 Fran\u00e7aise de Biologie du D\u00e9veloppement","url":"https:\/\/sfbd.fr\/en\/","sameAs":["https:\/\/twitter.com\/sfbd_biodev"],"logo":{"@type":"ImageObject","@id":"https:\/\/sfbd.fr\/en\/#logo","inLanguage":"en-US","url":"https:\/\/sfbd.fr\/wp-content\/uploads\/2019\/11\/Favicon.jpg","contentUrl":"https:\/\/sfbd.fr\/wp-content\/uploads\/2019\/11\/Favicon.jpg","width":1324,"height":1324,"caption":"Soci\u00e9t\u00e9 Fran\u00e7aise de Biologie du D\u00e9veloppement"},"image":{"@id":"https:\/\/sfbd.fr\/en\/#logo"}},{"@type":"WebSite","@id":"https:\/\/sfbd.fr\/en\/#website","url":"https:\/\/sfbd.fr\/en\/","name":"Soci\u00e9t\u00e9 Fran\u00e7aise de Biologie du D\u00e9veloppement","description":"","publisher":{"@id":"https:\/\/sfbd.fr\/en\/#organization"},"potentialAction":[{"@type":"SearchAction","target":{"@type":"EntryPoint","urlTemplate":"https:\/\/sfbd.fr\/en\/?s={search_term_string}"},"query-input":"required name=search_term_string"}],"inLanguage":"en-US"},{"@type":"WebPage","@id":"https:\/\/sfbd.fr\/en\/coming-to-france\/#webpage","url":"https:\/\/sfbd.fr\/en\/coming-to-france\/","name":"Coming to France - SFBD","isPartOf":{"@id":"https:\/\/sfbd.fr\/en\/#website"},"datePublished":"2019-05-22T17:18:59+00:00","dateModified":"2019-12-26T09:41:48+00:00","breadcrumb":{"@id":"https:\/\/sfbd.fr\/en\/coming-to-france\/#breadcrumb"},"inLanguage":"en-US","potentialAction":[{"@type":"ReadAction","target":["https:\/\/sfbd.fr\/en\/coming-to-france\/"]}]},{"@type":"BreadcrumbList","@id":"https:\/\/sfbd.fr\/en\/coming-to-france\/#breadcrumb","itemListElement":[{"@type":"ListItem","position":1,"name":"Accueil","item":"https:\/\/sfbd.fr\/en\/"},{"@type":"ListItem","position":2,"name":"Coming to France"}]}]}},"_links":{"self":[{"href":"https:\/\/sfbd.fr\/en\/wp-json\/wp\/v2\/pages\/4060"}],"collection":[{"href":"https:\/\/sfbd.fr\/en\/wp-json\/wp\/v2\/pages"}],"about":[{"href":"https:\/\/sfbd.fr\/en\/wp-json\/wp\/v2\/types\/page"}],"author":[{"embeddable":true,"href":"https:\/\/sfbd.fr\/en\/wp-json\/wp\/v2\/users\/1"}],"replies":[{"embeddable":true,"href":"https:\/\/sfbd.fr\/en\/wp-json\/wp\/v2\/comments?post=4060"}],"version-history":[{"count":4,"href":"https:\/\/sfbd.fr\/en\/wp-json\/wp\/v2\/pages\/4060\/revisions"}],"predecessor-version":[{"id":4677,"href":"https:\/\/sfbd.fr\/en\/wp-json\/wp\/v2\/pages\/4060\/revisions\/4677"}],"wp:attachment":[{"href":"https:\/\/sfbd.fr\/en\/wp-json\/wp\/v2\/media?parent=4060"}],"curies":[{"name":"wp","href":"https:\/\/api.w.org\/{rel}","templated":true}]}}