{"id":4063,"date":"2019-05-28T16:15:26","date_gmt":"2019-05-28T14:15:26","guid":{"rendered":"https:\/\/sfbd.fr\/galerie-images\/"},"modified":"2021-10-22T13:43:41","modified_gmt":"2021-10-22T11:43:41","slug":"gallery","status":"publish","type":"page","link":"https:\/\/sfbd.fr\/en\/gallery\/","title":{"rendered":"Gallery"},"content":{"rendered":"<p>[vc_row][vc_column][vc_custom_heading text=&#8221;Image gallery&#8221; use_theme_fonts=&#8221;yes&#8221;][vc_custom_heading text=&#8221;\u2192 Images that illustrate the work carried out by our members (Images are under copyright)&#8221; font_container=&#8221;tag:h5|text_align:left&#8221; use_theme_fonts=&#8221;yes&#8221; link=&#8221;|||&#8221;][vc_column_text]<em>Don&#8217;t hesitate to <a href=\"mailto:website@sfbd.fr\">contact us<\/a> to add more images into this galery.<\/em>[\/vc_column_text][vc_empty_space height=&#8221;10px&#8221;][vc_media_grid gap=&#8221;3&#8243; item=&#8221;2360&#8243; grid_id=&#8221;vc_gid:1634902810629-72ceb048-9805-8&#8243; include=&#8221;2145,2149,2154,2160,2163,2166,2168,2170,2172,2174,2176,2178,2180,2183,2185,2187,2189,2193,2195,2197,2199,2201,2203,2206,2208,2211,2214,2216,2218,2220,2223,2225,2236,2238,2240,2242,2244,2246,2250,2252,2254,2260,2262,2264,2266,2268,2270,2272,2274,2276,2278,2280,2282,2284,2286,2288,2290,2292,2294,2296,2299,2303,2305,2307,2309,2311,2313,2315,2317,2319,2321,2323,2325,2327,2329,2331,2333,2335,2337,2339,2341,2810,2808,2804,2806,2802,2813,2815,2817,2821,2823,2825,2827,2829,2833,4636,4634,8645,8641,8643,8647,8727,8725,8723,8721,8719,8390,8254&#8243;][\/vc_column][\/vc_row][vc_row][vc_column][\/vc_column][\/vc_row]<\/p>\n","protected":false},"excerpt":{"rendered":"<p>[vc_row][vc_column][vc_custom_heading text=&#8221;Image gallery&#8221; use_theme_fonts=&#8221;yes&#8221;][vc_custom_heading text=&#8221;\u2192 Images that illustrate the work carried out by our members (Images are under copyright)&#8221; font_container=&#8221;tag:h5|text_align:left&#8221;&hellip;<\/p>\n","protected":false},"author":1,"featured_media":0,"parent":0,"menu_order":0,"comment_status":"closed","ping_status":"open","template":"","meta":{"footnotes":""},"yoast_head":"<!-- This site is optimized with the Yoast SEO plugin v18.2 - https:\/\/yoast.com\/wordpress\/plugins\/seo\/ -->\n<title>Gallery - Soci\u00e9t\u00e9 Fran\u00e7aise de Biologie du D\u00e9veloppement<\/title>\n<meta name=\"description\" content=\"Images qui illustrent les recherches en biologie du d\u00e9veloppement de nos adh\u00e9rents (images soumises aux droits d&#039;auteur).\" \/>\n<meta name=\"robots\" content=\"index, follow, max-snippet:-1, max-image-preview:large, max-video-preview:-1\" \/>\n<link rel=\"canonical\" href=\"https:\/\/sfbd.fr\/en\/gallery\/\" \/>\n<meta property=\"og:locale\" content=\"en_US\" \/>\n<meta property=\"og:type\" content=\"article\" \/>\n<meta property=\"og:title\" content=\"Gallery - Soci\u00e9t\u00e9 Fran\u00e7aise de Biologie du D\u00e9veloppement\" \/>\n<meta property=\"og:description\" content=\"Images qui illustrent les recherches en biologie du d\u00e9veloppement de nos adh\u00e9rents (images soumises aux droits d&#039;auteur).\" \/>\n<meta property=\"og:url\" content=\"https:\/\/sfbd.fr\/en\/gallery\/\" \/>\n<meta property=\"og:site_name\" content=\"SFBD\" \/>\n<meta property=\"article:modified_time\" content=\"2021-10-22T11:43:41+00:00\" \/>\n<meta name=\"twitter:card\" content=\"summary_large_image\" \/>\n<meta name=\"twitter:site\" content=\"@sfbd_biodev\" \/>\n<meta name=\"twitter:label1\" content=\"Est. reading time\" \/>\n\t<meta name=\"twitter:data1\" content=\"1 minute\" \/>\n<script type=\"application\/ld+json\" class=\"yoast-schema-graph\">{\"@context\":\"https:\/\/schema.org\",\"@graph\":[{\"@type\":\"Organization\",\"@id\":\"https:\/\/sfbd.fr\/en\/#organization\",\"name\":\"Soci\u00e9t\u00e9 Fran\u00e7aise de Biologie du D\u00e9veloppement\",\"url\":\"https:\/\/sfbd.fr\/en\/\",\"sameAs\":[\"https:\/\/twitter.com\/sfbd_biodev\"],\"logo\":{\"@type\":\"ImageObject\",\"@id\":\"https:\/\/sfbd.fr\/en\/#logo\",\"inLanguage\":\"en-US\",\"url\":\"https:\/\/sfbd.fr\/wp-content\/uploads\/2019\/11\/Favicon.jpg\",\"contentUrl\":\"https:\/\/sfbd.fr\/wp-content\/uploads\/2019\/11\/Favicon.jpg\",\"width\":1324,\"height\":1324,\"caption\":\"Soci\u00e9t\u00e9 Fran\u00e7aise de Biologie du D\u00e9veloppement\"},\"image\":{\"@id\":\"https:\/\/sfbd.fr\/en\/#logo\"}},{\"@type\":\"WebSite\",\"@id\":\"https:\/\/sfbd.fr\/en\/#website\",\"url\":\"https:\/\/sfbd.fr\/en\/\",\"name\":\"Soci\u00e9t\u00e9 Fran\u00e7aise de Biologie du D\u00e9veloppement\",\"description\":\"\",\"publisher\":{\"@id\":\"https:\/\/sfbd.fr\/en\/#organization\"},\"potentialAction\":[{\"@type\":\"SearchAction\",\"target\":{\"@type\":\"EntryPoint\",\"urlTemplate\":\"https:\/\/sfbd.fr\/en\/?s={search_term_string}\"},\"query-input\":\"required name=search_term_string\"}],\"inLanguage\":\"en-US\"},{\"@type\":\"WebPage\",\"@id\":\"https:\/\/sfbd.fr\/en\/gallery\/#webpage\",\"url\":\"https:\/\/sfbd.fr\/en\/gallery\/\",\"name\":\"Gallery - Soci\u00e9t\u00e9 Fran\u00e7aise de Biologie du D\u00e9veloppement\",\"isPartOf\":{\"@id\":\"https:\/\/sfbd.fr\/en\/#website\"},\"datePublished\":\"2019-05-28T14:15:26+00:00\",\"dateModified\":\"2021-10-22T11:43:41+00:00\",\"description\":\"Images qui illustrent les recherches en biologie du d\u00e9veloppement de nos adh\u00e9rents (images soumises aux droits d'auteur).\",\"breadcrumb\":{\"@id\":\"https:\/\/sfbd.fr\/en\/gallery\/#breadcrumb\"},\"inLanguage\":\"en-US\",\"potentialAction\":[{\"@type\":\"ReadAction\",\"target\":[\"https:\/\/sfbd.fr\/en\/gallery\/\"]}]},{\"@type\":\"BreadcrumbList\",\"@id\":\"https:\/\/sfbd.fr\/en\/gallery\/#breadcrumb\",\"itemListElement\":[{\"@type\":\"ListItem\",\"position\":1,\"name\":\"Accueil\",\"item\":\"https:\/\/sfbd.fr\/en\/\"},{\"@type\":\"ListItem\",\"position\":2,\"name\":\"Gallery\"}]}]}<\/script>\n<!-- \/ Yoast SEO plugin. -->","yoast_head_json":{"title":"Gallery - Soci\u00e9t\u00e9 Fran\u00e7aise de Biologie du D\u00e9veloppement","description":"Images qui illustrent les recherches en biologie du d\u00e9veloppement de nos adh\u00e9rents (images soumises aux droits d'auteur).","robots":{"index":"index","follow":"follow","max-snippet":"max-snippet:-1","max-image-preview":"max-image-preview:large","max-video-preview":"max-video-preview:-1"},"canonical":"https:\/\/sfbd.fr\/en\/gallery\/","og_locale":"en_US","og_type":"article","og_title":"Gallery - Soci\u00e9t\u00e9 Fran\u00e7aise de Biologie du D\u00e9veloppement","og_description":"Images qui illustrent les recherches en biologie du d\u00e9veloppement de nos adh\u00e9rents (images soumises aux droits d'auteur).","og_url":"https:\/\/sfbd.fr\/en\/gallery\/","og_site_name":"SFBD","article_modified_time":"2021-10-22T11:43:41+00:00","twitter_card":"summary_large_image","twitter_site":"@sfbd_biodev","twitter_misc":{"Est. reading time":"1 minute"},"schema":{"@context":"https:\/\/schema.org","@graph":[{"@type":"Organization","@id":"https:\/\/sfbd.fr\/en\/#organization","name":"Soci\u00e9t\u00e9 Fran\u00e7aise de Biologie du D\u00e9veloppement","url":"https:\/\/sfbd.fr\/en\/","sameAs":["https:\/\/twitter.com\/sfbd_biodev"],"logo":{"@type":"ImageObject","@id":"https:\/\/sfbd.fr\/en\/#logo","inLanguage":"en-US","url":"https:\/\/sfbd.fr\/wp-content\/uploads\/2019\/11\/Favicon.jpg","contentUrl":"https:\/\/sfbd.fr\/wp-content\/uploads\/2019\/11\/Favicon.jpg","width":1324,"height":1324,"caption":"Soci\u00e9t\u00e9 Fran\u00e7aise de Biologie du D\u00e9veloppement"},"image":{"@id":"https:\/\/sfbd.fr\/en\/#logo"}},{"@type":"WebSite","@id":"https:\/\/sfbd.fr\/en\/#website","url":"https:\/\/sfbd.fr\/en\/","name":"Soci\u00e9t\u00e9 Fran\u00e7aise de Biologie du D\u00e9veloppement","description":"","publisher":{"@id":"https:\/\/sfbd.fr\/en\/#organization"},"potentialAction":[{"@type":"SearchAction","target":{"@type":"EntryPoint","urlTemplate":"https:\/\/sfbd.fr\/en\/?s={search_term_string}"},"query-input":"required name=search_term_string"}],"inLanguage":"en-US"},{"@type":"WebPage","@id":"https:\/\/sfbd.fr\/en\/gallery\/#webpage","url":"https:\/\/sfbd.fr\/en\/gallery\/","name":"Gallery - Soci\u00e9t\u00e9 Fran\u00e7aise de Biologie du D\u00e9veloppement","isPartOf":{"@id":"https:\/\/sfbd.fr\/en\/#website"},"datePublished":"2019-05-28T14:15:26+00:00","dateModified":"2021-10-22T11:43:41+00:00","description":"Images qui illustrent les recherches en biologie du d\u00e9veloppement de nos adh\u00e9rents (images soumises aux droits d'auteur).","breadcrumb":{"@id":"https:\/\/sfbd.fr\/en\/gallery\/#breadcrumb"},"inLanguage":"en-US","potentialAction":[{"@type":"ReadAction","target":["https:\/\/sfbd.fr\/en\/gallery\/"]}]},{"@type":"BreadcrumbList","@id":"https:\/\/sfbd.fr\/en\/gallery\/#breadcrumb","itemListElement":[{"@type":"ListItem","position":1,"name":"Accueil","item":"https:\/\/sfbd.fr\/en\/"},{"@type":"ListItem","position":2,"name":"Gallery"}]}]}},"_links":{"self":[{"href":"https:\/\/sfbd.fr\/en\/wp-json\/wp\/v2\/pages\/4063"}],"collection":[{"href":"https:\/\/sfbd.fr\/en\/wp-json\/wp\/v2\/pages"}],"about":[{"href":"https:\/\/sfbd.fr\/en\/wp-json\/wp\/v2\/types\/page"}],"author":[{"embeddable":true,"href":"https:\/\/sfbd.fr\/en\/wp-json\/wp\/v2\/users\/1"}],"replies":[{"embeddable":true,"href":"https:\/\/sfbd.fr\/en\/wp-json\/wp\/v2\/comments?post=4063"}],"version-history":[{"count":18,"href":"https:\/\/sfbd.fr\/en\/wp-json\/wp\/v2\/pages\/4063\/revisions"}],"predecessor-version":[{"id":8880,"href":"https:\/\/sfbd.fr\/en\/wp-json\/wp\/v2\/pages\/4063\/revisions\/8880"}],"wp:attachment":[{"href":"https:\/\/sfbd.fr\/en\/wp-json\/wp\/v2\/media?parent=4063"}],"curies":[{"name":"wp","href":"https:\/\/api.w.org\/{rel}","templated":true}]}}