{"id":4848,"date":"2017-07-03T02:57:58","date_gmt":"2017-07-03T02:57:58","guid":{"rendered":"https:\/\/sfbd.fr\/faqs\/"},"modified":"2020-08-31T14:38:28","modified_gmt":"2020-08-31T12:38:28","slug":"faqs","status":"publish","type":"page","link":"https:\/\/sfbd.fr\/en\/faqs\/","title":{"rendered":"FAQ&#8217;s"},"content":{"rendered":"<p>[vc_section][vc_row][vc_column offset=&#8221;vc_col-lg-offset-3 vc_col-lg-6 vc_col-md-offset-3 vc_col-md-6&#8243;][vc_icon type=&#8221;material&#8221; icon_material=&#8221;vc-material vc-material-live_help&#8221; color=&#8221;black&#8221; align=&#8221;center&#8221; css=&#8221;.vc_custom_1499048133230{margin-bottom: 0px !important;}&#8221;][vc_custom_heading text=&#8221;Frequently Asked Questions&#8221; font_container=&#8221;tag:h2|text_align:center&#8221; google_fonts=&#8221;font_family:Raleway%3A100%2C200%2C300%2Cregular%2C500%2C600%2C700%2C800%2C900|font_style:800%20bold%20regular%3A800%3Anormal&#8221; css=&#8221;.vc_custom_1499048146794{margin-top: 0px !important;}&#8221;][\/vc_column][\/vc_row][vc_row css=&#8221;.vc_custom_1499049324964{margin-top: 45px !important;}&#8221;][vc_column][vc_tta_accordion style=&#8221;flat&#8221; spacing=&#8221;2&#8243; gap=&#8221;30&#8243; active_section=&#8221;1&#8243;][vc_tta_section title=&#8221;How to login into my account ?&#8221; tab_id=&#8221;1499049724051-ac16866f-61b7&#8243;][vc_column_text]<img loading=\"lazy\" decoding=\"async\" class=\"alignnone wp-image-3527 size-large\" src=\"https:\/\/sfbd.fr\/wp-content\/uploads\/2020\/05\/Slide1.png\" alt=\"\" width=\"1024\" height=\"590\" \/>[\/vc_column_text][\/vc_tta_section][vc_tta_section title=&#8221;How to publish an article ?&#8221; tab_id=&#8221;1499049724059-3b6fbaf3-1056&#8243;][vc_column_text]<img loading=\"lazy\" decoding=\"async\" class=\"aligncenter wp-image-3525 size-large\" src=\"https:\/\/sfbd.fr\/wp-content\/uploads\/2019\/10\/FAQ8_SFBD-1024x557.png\" alt=\"\" width=\"1024\" height=\"557\" srcset=\"https:\/\/sfbd.fr\/wp-content\/uploads\/2019\/10\/FAQ8_SFBD-1024x557.png 1024w, https:\/\/sfbd.fr\/wp-content\/uploads\/2019\/10\/FAQ8_SFBD-300x163.png 300w, https:\/\/sfbd.fr\/wp-content\/uploads\/2019\/10\/FAQ8_SFBD-768x418.png 768w\" sizes=\"(max-width: 1024px) 100vw, 1024px\" \/><\/p>\n<p><img loading=\"lazy\" decoding=\"async\" class=\"aligncenter wp-image-3523 size-large\" src=\"https:\/\/sfbd.fr\/wp-content\/uploads\/2020\/05\/Slide3.png\" alt=\"\" width=\"1024\" height=\"558\" \/><\/p>\n<p><img loading=\"lazy\" decoding=\"async\" class=\"aligncenter wp-image-3521 size-large\" src=\"https:\/\/sfbd.fr\/wp-content\/uploads\/2019\/10\/FAQ6_SFBD-1024x559.png\" alt=\"\" width=\"1024\" height=\"559\" srcset=\"https:\/\/sfbd.fr\/wp-content\/uploads\/2019\/10\/FAQ6_SFBD-1024x559.png 1024w, https:\/\/sfbd.fr\/wp-content\/uploads\/2019\/10\/FAQ6_SFBD-300x164.png 300w, https:\/\/sfbd.fr\/wp-content\/uploads\/2019\/10\/FAQ6_SFBD-768x419.png 768w\" sizes=\"(max-width: 1024px) 100vw, 1024px\" \/><\/p>\n<p><img loading=\"lazy\" decoding=\"async\" class=\"aligncenter wp-image-3519 size-large\" src=\"https:\/\/sfbd.fr\/wp-content\/uploads\/2020\/07\/Slide5-1.png\" alt=\"\" width=\"1024\" height=\"560\" \/><\/p>\n<p><img loading=\"lazy\" decoding=\"async\" class=\"aligncenter wp-image-3517 size-large\" src=\"https:\/\/sfbd.fr\/wp-content\/uploads\/2020\/05\/Slide6-1.png\" alt=\"\" width=\"1024\" height=\"563\" \/><\/p>\n<p><img loading=\"lazy\" decoding=\"async\" class=\"aligncenter wp-image-3515 size-large\" src=\"https:\/\/sfbd.fr\/wp-content\/uploads\/2020\/05\/Slide7-1.png\" alt=\"\" width=\"1024\" height=\"549\" \/><\/p>\n<p><img loading=\"lazy\" decoding=\"async\" class=\"aligncenter wp-image-3513 size-large\" src=\"https:\/\/sfbd.fr\/wp-content\/uploads\/2020\/05\/Slide8-1.png\" alt=\"\" width=\"1024\" height=\"552\" \/><\/p>\n<p><img loading=\"lazy\" decoding=\"async\" class=\"wp-image-3511 size-large aligncenter\" src=\"https:\/\/sfbd.fr\/wp-content\/uploads\/2020\/05\/Slide9.png\" alt=\"\" width=\"1024\" height=\"552\" \/>[\/vc_column_text][\/vc_tta_section][\/vc_tta_accordion][\/vc_column][\/vc_row][\/vc_section]<\/p>\n","protected":false},"excerpt":{"rendered":"<p>[vc_section][vc_row][vc_column offset=&#8221;vc_col-lg-offset-3 vc_col-lg-6 vc_col-md-offset-3 vc_col-md-6&#8243;][vc_icon type=&#8221;material&#8221; icon_material=&#8221;vc-material vc-material-live_help&#8221; color=&#8221;black&#8221; align=&#8221;center&#8221; css=&#8221;.vc_custom_1499048133230{margin-bottom: 0px !important;}&#8221;][vc_custom_heading text=&#8221;Frequently Asked Questions&#8221; font_container=&#8221;tag:h2|text_align:center&#8221; google_fonts=&#8221;font_family:Raleway%3A100%2C200%2C300%2Cregular%2C500%2C600%2C700%2C800%2C900|font_style:800%20bold%20regular%3A800%3Anormal&#8221; css=&#8221;.vc_custom_1499048146794{margin-top: 0px&hellip;<\/p>\n","protected":false},"author":1,"featured_media":0,"parent":0,"menu_order":0,"comment_status":"closed","ping_status":"closed","template":"","meta":{"footnotes":""},"yoast_head":"<!-- This site is optimized with the Yoast SEO plugin v18.2 - https:\/\/yoast.com\/wordpress\/plugins\/seo\/ -->\n<title>FAQ&#039;s - SFBD<\/title>\n<meta name=\"robots\" content=\"index, follow, max-snippet:-1, max-image-preview:large, max-video-preview:-1\" \/>\n<link rel=\"canonical\" href=\"https:\/\/sfbd.fr\/en\/faqs\/\" \/>\n<meta property=\"og:locale\" content=\"en_US\" \/>\n<meta property=\"og:type\" content=\"article\" \/>\n<meta property=\"og:title\" content=\"FAQ&#039;s - SFBD\" \/>\n<meta property=\"og:description\" content=\"[vc_section][vc_row][vc_column offset=&#8221;vc_col-lg-offset-3 vc_col-lg-6 vc_col-md-offset-3 vc_col-md-6&#8243;][vc_icon type=&#8221;material&#8221; icon_material=&#8221;vc-material vc-material-live_help&#8221; color=&#8221;black&#8221; align=&#8221;center&#8221; css=&#8221;.vc_custom_1499048133230{margin-bottom: 0px !important;}&#8221;][vc_custom_heading text=&#8221;Frequently Asked Questions&#8221; font_container=&#8221;tag:h2|text_align:center&#8221; google_fonts=&#8221;font_family:Raleway%3A100%2C200%2C300%2Cregular%2C500%2C600%2C700%2C800%2C900|font_style:800%20bold%20regular%3A800%3Anormal&#8221; css=&#8221;.vc_custom_1499048146794{margin-top: 0px&hellip;\" \/>\n<meta property=\"og:url\" content=\"https:\/\/sfbd.fr\/en\/faqs\/\" \/>\n<meta property=\"og:site_name\" content=\"SFBD\" \/>\n<meta property=\"article:modified_time\" content=\"2020-08-31T12:38:28+00:00\" \/>\n<meta property=\"og:image\" content=\"https:\/\/sfbd.fr\/wp-content\/uploads\/2020\/05\/Slide1.png\" \/>\n<meta name=\"twitter:card\" content=\"summary_large_image\" \/>\n<meta name=\"twitter:image\" content=\"https:\/\/sfbd.fr\/wp-content\/uploads\/2019\/06\/PITUELLO-lab-3_credit_Melanie_Roussat.jpg\" \/>\n<meta name=\"twitter:site\" content=\"@sfbd_biodev\" \/>\n<meta name=\"twitter:label1\" content=\"Est. reading time\" \/>\n\t<meta name=\"twitter:data1\" content=\"1 minute\" \/>\n<script type=\"application\/ld+json\" class=\"yoast-schema-graph\">{\"@context\":\"https:\/\/schema.org\",\"@graph\":[{\"@type\":\"Organization\",\"@id\":\"https:\/\/sfbd.fr\/en\/#organization\",\"name\":\"Soci\u00e9t\u00e9 Fran\u00e7aise de Biologie du D\u00e9veloppement\",\"url\":\"https:\/\/sfbd.fr\/en\/\",\"sameAs\":[\"https:\/\/twitter.com\/sfbd_biodev\"],\"logo\":{\"@type\":\"ImageObject\",\"@id\":\"https:\/\/sfbd.fr\/en\/#logo\",\"inLanguage\":\"en-US\",\"url\":\"https:\/\/sfbd.fr\/wp-content\/uploads\/2019\/11\/Favicon.jpg\",\"contentUrl\":\"https:\/\/sfbd.fr\/wp-content\/uploads\/2019\/11\/Favicon.jpg\",\"width\":1324,\"height\":1324,\"caption\":\"Soci\u00e9t\u00e9 Fran\u00e7aise de Biologie du D\u00e9veloppement\"},\"image\":{\"@id\":\"https:\/\/sfbd.fr\/en\/#logo\"}},{\"@type\":\"WebSite\",\"@id\":\"https:\/\/sfbd.fr\/en\/#website\",\"url\":\"https:\/\/sfbd.fr\/en\/\",\"name\":\"Soci\u00e9t\u00e9 Fran\u00e7aise de Biologie du D\u00e9veloppement\",\"description\":\"\",\"publisher\":{\"@id\":\"https:\/\/sfbd.fr\/en\/#organization\"},\"potentialAction\":[{\"@type\":\"SearchAction\",\"target\":{\"@type\":\"EntryPoint\",\"urlTemplate\":\"https:\/\/sfbd.fr\/en\/?s={search_term_string}\"},\"query-input\":\"required name=search_term_string\"}],\"inLanguage\":\"en-US\"},{\"@type\":\"ImageObject\",\"@id\":\"https:\/\/sfbd.fr\/en\/faqs\/#primaryimage\",\"inLanguage\":\"en-US\",\"url\":\"https:\/\/sfbd.fr\/wp-content\/uploads\/2019\/06\/PITUELLO-lab-3_credit_Melanie_Roussat.jpg\",\"contentUrl\":\"https:\/\/sfbd.fr\/wp-content\/uploads\/2019\/06\/PITUELLO-lab-3_credit_Melanie_Roussat.jpg\",\"width\":1000,\"height\":937,\"caption\":\"Coupe frontale de cortex murin (P0) suite \u00e0 une exp\u00e9rience de brith-dating (injection d'EdU \u00e0 E16.5). Immunomarquage Satb2 en rouge (marque majoritairement les neurones des couches superficielles), Tbr1 en vert (marque majoritairement les neurones des couches profondes), EdU en gris, DAPI en bleu\"},{\"@type\":\"WebPage\",\"@id\":\"https:\/\/sfbd.fr\/en\/faqs\/#webpage\",\"url\":\"https:\/\/sfbd.fr\/en\/faqs\/\",\"name\":\"FAQ's - SFBD\",\"isPartOf\":{\"@id\":\"https:\/\/sfbd.fr\/en\/#website\"},\"primaryImageOfPage\":{\"@id\":\"https:\/\/sfbd.fr\/en\/faqs\/#primaryimage\"},\"datePublished\":\"2017-07-03T02:57:58+00:00\",\"dateModified\":\"2020-08-31T12:38:28+00:00\",\"breadcrumb\":{\"@id\":\"https:\/\/sfbd.fr\/en\/faqs\/#breadcrumb\"},\"inLanguage\":\"en-US\",\"potentialAction\":[{\"@type\":\"ReadAction\",\"target\":[\"https:\/\/sfbd.fr\/en\/faqs\/\"]}]},{\"@type\":\"BreadcrumbList\",\"@id\":\"https:\/\/sfbd.fr\/en\/faqs\/#breadcrumb\",\"itemListElement\":[{\"@type\":\"ListItem\",\"position\":1,\"name\":\"Accueil\",\"item\":\"https:\/\/sfbd.fr\/en\/\"},{\"@type\":\"ListItem\",\"position\":2,\"name\":\"FAQ&rsquo;s\"}]}]}<\/script>\n<!-- \/ Yoast SEO plugin. -->","yoast_head_json":{"title":"FAQ's - SFBD","robots":{"index":"index","follow":"follow","max-snippet":"max-snippet:-1","max-image-preview":"max-image-preview:large","max-video-preview":"max-video-preview:-1"},"canonical":"https:\/\/sfbd.fr\/en\/faqs\/","og_locale":"en_US","og_type":"article","og_title":"FAQ's - SFBD","og_description":"[vc_section][vc_row][vc_column offset=&#8221;vc_col-lg-offset-3 vc_col-lg-6 vc_col-md-offset-3 vc_col-md-6&#8243;][vc_icon type=&#8221;material&#8221; icon_material=&#8221;vc-material vc-material-live_help&#8221; color=&#8221;black&#8221; align=&#8221;center&#8221; css=&#8221;.vc_custom_1499048133230{margin-bottom: 0px !important;}&#8221;][vc_custom_heading text=&#8221;Frequently Asked Questions&#8221; font_container=&#8221;tag:h2|text_align:center&#8221; google_fonts=&#8221;font_family:Raleway%3A100%2C200%2C300%2Cregular%2C500%2C600%2C700%2C800%2C900|font_style:800%20bold%20regular%3A800%3Anormal&#8221; css=&#8221;.vc_custom_1499048146794{margin-top: 0px&hellip;","og_url":"https:\/\/sfbd.fr\/en\/faqs\/","og_site_name":"SFBD","article_modified_time":"2020-08-31T12:38:28+00:00","og_image":[{"url":"https:\/\/sfbd.fr\/wp-content\/uploads\/2020\/05\/Slide1.png"}],"twitter_card":"summary_large_image","twitter_image":"https:\/\/sfbd.fr\/wp-content\/uploads\/2019\/06\/PITUELLO-lab-3_credit_Melanie_Roussat.jpg","twitter_site":"@sfbd_biodev","twitter_misc":{"Est. reading time":"1 minute"},"schema":{"@context":"https:\/\/schema.org","@graph":[{"@type":"Organization","@id":"https:\/\/sfbd.fr\/en\/#organization","name":"Soci\u00e9t\u00e9 Fran\u00e7aise de Biologie du D\u00e9veloppement","url":"https:\/\/sfbd.fr\/en\/","sameAs":["https:\/\/twitter.com\/sfbd_biodev"],"logo":{"@type":"ImageObject","@id":"https:\/\/sfbd.fr\/en\/#logo","inLanguage":"en-US","url":"https:\/\/sfbd.fr\/wp-content\/uploads\/2019\/11\/Favicon.jpg","contentUrl":"https:\/\/sfbd.fr\/wp-content\/uploads\/2019\/11\/Favicon.jpg","width":1324,"height":1324,"caption":"Soci\u00e9t\u00e9 Fran\u00e7aise de Biologie du D\u00e9veloppement"},"image":{"@id":"https:\/\/sfbd.fr\/en\/#logo"}},{"@type":"WebSite","@id":"https:\/\/sfbd.fr\/en\/#website","url":"https:\/\/sfbd.fr\/en\/","name":"Soci\u00e9t\u00e9 Fran\u00e7aise de Biologie du D\u00e9veloppement","description":"","publisher":{"@id":"https:\/\/sfbd.fr\/en\/#organization"},"potentialAction":[{"@type":"SearchAction","target":{"@type":"EntryPoint","urlTemplate":"https:\/\/sfbd.fr\/en\/?s={search_term_string}"},"query-input":"required name=search_term_string"}],"inLanguage":"en-US"},{"@type":"ImageObject","@id":"https:\/\/sfbd.fr\/en\/faqs\/#primaryimage","inLanguage":"en-US","url":"https:\/\/sfbd.fr\/wp-content\/uploads\/2019\/06\/PITUELLO-lab-3_credit_Melanie_Roussat.jpg","contentUrl":"https:\/\/sfbd.fr\/wp-content\/uploads\/2019\/06\/PITUELLO-lab-3_credit_Melanie_Roussat.jpg","width":1000,"height":937,"caption":"Coupe frontale de cortex murin (P0) suite \u00e0 une exp\u00e9rience de brith-dating (injection d'EdU \u00e0 E16.5). Immunomarquage Satb2 en rouge (marque majoritairement les neurones des couches superficielles), Tbr1 en vert (marque majoritairement les neurones des couches profondes), EdU en gris, DAPI en bleu"},{"@type":"WebPage","@id":"https:\/\/sfbd.fr\/en\/faqs\/#webpage","url":"https:\/\/sfbd.fr\/en\/faqs\/","name":"FAQ's - SFBD","isPartOf":{"@id":"https:\/\/sfbd.fr\/en\/#website"},"primaryImageOfPage":{"@id":"https:\/\/sfbd.fr\/en\/faqs\/#primaryimage"},"datePublished":"2017-07-03T02:57:58+00:00","dateModified":"2020-08-31T12:38:28+00:00","breadcrumb":{"@id":"https:\/\/sfbd.fr\/en\/faqs\/#breadcrumb"},"inLanguage":"en-US","potentialAction":[{"@type":"ReadAction","target":["https:\/\/sfbd.fr\/en\/faqs\/"]}]},{"@type":"BreadcrumbList","@id":"https:\/\/sfbd.fr\/en\/faqs\/#breadcrumb","itemListElement":[{"@type":"ListItem","position":1,"name":"Accueil","item":"https:\/\/sfbd.fr\/en\/"},{"@type":"ListItem","position":2,"name":"FAQ&rsquo;s"}]}]}},"_links":{"self":[{"href":"https:\/\/sfbd.fr\/en\/wp-json\/wp\/v2\/pages\/4848"}],"collection":[{"href":"https:\/\/sfbd.fr\/en\/wp-json\/wp\/v2\/pages"}],"about":[{"href":"https:\/\/sfbd.fr\/en\/wp-json\/wp\/v2\/types\/page"}],"author":[{"embeddable":true,"href":"https:\/\/sfbd.fr\/en\/wp-json\/wp\/v2\/users\/1"}],"replies":[{"embeddable":true,"href":"https:\/\/sfbd.fr\/en\/wp-json\/wp\/v2\/comments?post=4848"}],"version-history":[{"count":5,"href":"https:\/\/sfbd.fr\/en\/wp-json\/wp\/v2\/pages\/4848\/revisions"}],"predecessor-version":[{"id":6445,"href":"https:\/\/sfbd.fr\/en\/wp-json\/wp\/v2\/pages\/4848\/revisions\/6445"}],"wp:attachment":[{"href":"https:\/\/sfbd.fr\/en\/wp-json\/wp\/v2\/media?parent=4848"}],"curies":[{"name":"wp","href":"https:\/\/api.w.org\/{rel}","templated":true}]}}