{"id":5016,"date":"2020-01-23T00:08:55","date_gmt":"2020-01-22T23:08:55","guid":{"rendered":"https:\/\/sfbd.fr\/?page_id=5016"},"modified":"2023-12-12T13:04:18","modified_gmt":"2023-12-12T12:04:18","slug":"inclusive-networks","status":"publish","type":"page","link":"https:\/\/sfbd.fr\/en\/resources\/inclusive-networks\/","title":{"rendered":"Inclusive Networks"},"content":{"rendered":"<p>[vc_row][vc_column][vc_custom_heading text=&#8221;Inclusive networks&#8221; use_theme_fonts=&#8221;yes&#8221;][vc_column_text]<\/p>\n<blockquote>\n<p><span style=\"font-weight: 400;\">Initiatives towards a more inclusive, unbiased and diverse scientific community<\/span><\/p>\n<\/blockquote>\n<p>[\/vc_column_text][vc_column_text]<em>Don&#8217;t hesitate to <a href=\"mailto:website@sfbd.fr\">contact us<\/a> to suggest additional material for this section.<\/em>[\/vc_column_text][\/vc_column][\/vc_row][vc_row][vc_column][vc_separator][\/vc_column][\/vc_row][vc_row][vc_column width=&#8221;1\/3&#8243;][vc_single_image image=&#8221;5466&#8243; img_size=&#8221;large&#8221;][\/vc_column][vc_column width=&#8221;1\/2&#8243;][vc_empty_space height=&#8221;8px&#8221;][vc_empty_space height=&#8221;8px&#8221;][vc_empty_space height=&#8221;8px&#8221;][vc_custom_heading text=&#8221;High Council for Equality between Women and Men&#8221; font_container=&#8221;tag:h4|text_align:left&#8221; use_theme_fonts=&#8221;yes&#8221;][vc_column_text]<\/p>\n<p id=\"tw-target-text\" class=\"tw-data-text tw-text-large XcVN5d tw-ta\" dir=\"ltr\" data-placeholder=\"Translation\">Practical <a href=\"http:\/\/bit.ly\/2fejwZ7\">guide<\/a> to gender-neutral public communication <em>(only in French). <\/em>The <span lang=\"en\">SFBD has signed this agreement.<\/span><\/p>\n<p>[\/vc_column_text][vc_btn title=&#8221;LEARN MORE&#8221; style=&#8221;flat&#8221; color=&#8221;pink&#8221; link=&#8221;url:http%3A%2F%2Fhaut-conseil-egalite.gouv.fr%2F||target:%20_blank|&#8221;][\/vc_column][\/vc_row][vc_row][vc_column width=&#8221;1\/3&#8243;][vc_single_image image=&#8221;5025&#8243; img_size=&#8221;large&#8221;][\/vc_column][vc_column width=&#8221;1\/2&#8243;][vc_custom_heading text=&#8221;The Node Network&#8221; font_container=&#8221;tag:h4|text_align:left&#8221; use_theme_fonts=&#8221;yes&#8221;][vc_column_text]A global directory of developmental and stem cell biologists designed to provide scientific information and to help promote diversity in our field. Members can voluntarily provide details on aspects of diversity such as gender, race\/ethnicity, LGBTQ+ identity and disability status.[\/vc_column_text][vc_btn title=&#8221;LEARN MORE&#8221; style=&#8221;flat&#8221; color=&#8221;pink&#8221; link=&#8221;url:https%3A%2F%2Fthenode.biologists.com%2Fnetwork%2F||target:%20_blank|&#8221;][\/vc_column][\/vc_row][vc_row][vc_column width=&#8221;1\/3&#8243;][vc_single_image image=&#8221;5019&#8243; img_size=&#8221;large&#8221;][\/vc_column][vc_column width=&#8221;1\/2&#8243;][vc_custom_heading text=&#8221;500 Women Scientists&#8221; font_container=&#8221;tag:h4|text_align:left&#8221; use_theme_fonts=&#8221;yes&#8221;][vc_column_text]The mission of 500 women scientists is to serve society by making science open, inclusive, and accessible.<\/p>\n<p><span style=\"font-weight: 400;\">\u00a0<\/span>[\/vc_column_text][vc_btn title=&#8221;LEARN MORE&#8221; style=&#8221;flat&#8221; color=&#8221;pink&#8221; link=&#8221;url:https%3A%2F%2F500womenscientists.org%2F||target:%20_blank|&#8221;][\/vc_column][\/vc_row][vc_row][vc_column width=&#8221;1\/3&#8243;][vc_single_image image=&#8221;5453&#8243; img_size=&#8221;large&#8221;][\/vc_column][vc_column width=&#8221;1\/2&#8243;][vc_custom_heading text=&#8221;Women &#038; Science Association&#8221; font_container=&#8221;tag:h4|text_align:left&#8221; use_theme_fonts=&#8221;yes&#8221;][vc_column_text]&#8221;Promote science and technology to women, promoting women in science and technology&#8221; <em>(only in French).<\/em>[\/vc_column_text][vc_btn title=&#8221;LEARN MORE&#8221; style=&#8221;flat&#8221; color=&#8221;pink&#8221; link=&#8221;url:http%3A%2F%2Fwww.femmesetsciences.fr%2Fqui-sommes-nous%2F||target:%20_blank|&#8221;][\/vc_column][\/vc_row][vc_row][vc_column width=&#8221;1\/3&#8243;][vc_single_image image=&#8221;5539&#8243; img_size=&#8221;large&#8221;][\/vc_column][vc_column width=&#8221;1\/2&#8243;][vc_empty_space height=&#8221;8px&#8221;][vc_custom_heading text=&#8221;European Research Council&#8221; font_container=&#8221;tag:h4|text_align:left&#8221; use_theme_fonts=&#8221;yes&#8221;][vc_column_text]Working Group on Gender Issues<\/p>\n<p>&nbsp;[\/vc_column_text][vc_btn title=&#8221;LEARN MORE&#8221; style=&#8221;flat&#8221; color=&#8221;pink&#8221; link=&#8221;url:https%3A%2F%2Ferc.europa.eu%2F||target:%20_blank|&#8221;][\/vc_column][\/vc_row][vc_row][vc_column width=&#8221;1\/3&#8243;][vc_single_image image=&#8221;5541&#8243; img_size=&#8221;225&#215;225&#8243;][\/vc_column][vc_column width=&#8221;1\/2&#8243;][vc_empty_space height=&#8221;8px&#8221;][vc_custom_heading text=&#8221;Gender Net Plus&#8221; font_container=&#8221;tag:h4|text_align:left&#8221; use_theme_fonts=&#8221;yes&#8221;][vc_column_text]Promoting gender equality in H2020 and the European Research Area[\/vc_column_text][vc_btn title=&#8221;LEARN MORE&#8221; style=&#8221;flat&#8221; color=&#8221;pink&#8221; link=&#8221;url:http%3A%2F%2Fgender-net-plus.eu%2Fabout%2Fwhat-is-gender-net-plus%2F||target:%20_blank|&#8221;][\/vc_column][\/vc_row]<\/p>\n","protected":false},"excerpt":{"rendered":"<p>[vc_row][vc_column][vc_custom_heading text=&#8221;Inclusive networks&#8221; use_theme_fonts=&#8221;yes&#8221;][vc_column_text] Initiatives towards a more inclusive, unbiased and diverse scientific community [\/vc_column_text][vc_column_text]Don&#8217;t hesitate to contact us to&hellip;<\/p>\n","protected":false},"author":6,"featured_media":0,"parent":4022,"menu_order":0,"comment_status":"closed","ping_status":"open","template":"","meta":{"footnotes":""},"yoast_head":"<!-- This site is optimized with the Yoast SEO plugin v18.2 - https:\/\/yoast.com\/wordpress\/plugins\/seo\/ -->\n<title>Inclusive Networks - SFBD<\/title>\n<meta name=\"robots\" content=\"index, follow, max-snippet:-1, max-image-preview:large, max-video-preview:-1\" \/>\n<link rel=\"canonical\" href=\"https:\/\/sfbd.fr\/en\/resources\/inclusive-networks\/\" \/>\n<meta property=\"og:locale\" content=\"en_US\" \/>\n<meta property=\"og:type\" content=\"article\" \/>\n<meta property=\"og:title\" content=\"Inclusive Networks - SFBD\" \/>\n<meta property=\"og:description\" content=\"[vc_row][vc_column][vc_custom_heading text=&#8221;Inclusive networks&#8221; use_theme_fonts=&#8221;yes&#8221;][vc_column_text] Initiatives towards a more inclusive, unbiased and diverse scientific community [\/vc_column_text][vc_column_text]Don&#8217;t hesitate to contact us to&hellip;\" \/>\n<meta property=\"og:url\" content=\"https:\/\/sfbd.fr\/en\/resources\/inclusive-networks\/\" \/>\n<meta property=\"og:site_name\" content=\"SFBD\" \/>\n<meta property=\"article:modified_time\" content=\"2023-12-12T12:04:18+00:00\" \/>\n<meta name=\"twitter:card\" content=\"summary_large_image\" \/>\n<meta name=\"twitter:image\" content=\"https:\/\/sfbd.fr\/wp-content\/uploads\/2019\/06\/Levayer-lab-2_credit_Romain-Levayer-1.jpg\" \/>\n<meta name=\"twitter:site\" content=\"@sfbd_biodev\" \/>\n<meta name=\"twitter:label1\" content=\"Est. reading time\" \/>\n\t<meta name=\"twitter:data1\" content=\"3 minutes\" \/>\n<script type=\"application\/ld+json\" class=\"yoast-schema-graph\">{\"@context\":\"https:\/\/schema.org\",\"@graph\":[{\"@type\":\"Organization\",\"@id\":\"https:\/\/sfbd.fr\/en\/#organization\",\"name\":\"Soci\u00e9t\u00e9 Fran\u00e7aise de Biologie du D\u00e9veloppement\",\"url\":\"https:\/\/sfbd.fr\/en\/\",\"sameAs\":[\"https:\/\/twitter.com\/sfbd_biodev\"],\"logo\":{\"@type\":\"ImageObject\",\"@id\":\"https:\/\/sfbd.fr\/en\/#logo\",\"inLanguage\":\"en-US\",\"url\":\"https:\/\/sfbd.fr\/wp-content\/uploads\/2019\/11\/Favicon.jpg\",\"contentUrl\":\"https:\/\/sfbd.fr\/wp-content\/uploads\/2019\/11\/Favicon.jpg\",\"width\":1324,\"height\":1324,\"caption\":\"Soci\u00e9t\u00e9 Fran\u00e7aise de Biologie du D\u00e9veloppement\"},\"image\":{\"@id\":\"https:\/\/sfbd.fr\/en\/#logo\"}},{\"@type\":\"WebSite\",\"@id\":\"https:\/\/sfbd.fr\/en\/#website\",\"url\":\"https:\/\/sfbd.fr\/en\/\",\"name\":\"Soci\u00e9t\u00e9 Fran\u00e7aise de Biologie du D\u00e9veloppement\",\"description\":\"\",\"publisher\":{\"@id\":\"https:\/\/sfbd.fr\/en\/#organization\"},\"potentialAction\":[{\"@type\":\"SearchAction\",\"target\":{\"@type\":\"EntryPoint\",\"urlTemplate\":\"https:\/\/sfbd.fr\/en\/?s={search_term_string}\"},\"query-input\":\"required name=search_term_string\"}],\"inLanguage\":\"en-US\"},{\"@type\":\"ImageObject\",\"@id\":\"https:\/\/sfbd.fr\/en\/resources\/inclusive-networks\/#primaryimage\",\"inLanguage\":\"en-US\",\"url\":\"https:\/\/sfbd.fr\/wp-content\/uploads\/2019\/06\/Levayer-lab-2_credit_Romain-Levayer-1.jpg\",\"contentUrl\":\"https:\/\/sfbd.fr\/wp-content\/uploads\/2019\/06\/Levayer-lab-2_credit_Romain-Levayer-1.jpg\",\"width\":1000,\"height\":1000,\"caption\":\"Pupal notum ( a single layer epithelium) marked with E-cad (red, ) nuclei (histone in blue) and a live sensor of ERK (purple) (from Romain Levayer)\"},{\"@type\":\"WebPage\",\"@id\":\"https:\/\/sfbd.fr\/en\/resources\/inclusive-networks\/#webpage\",\"url\":\"https:\/\/sfbd.fr\/en\/resources\/inclusive-networks\/\",\"name\":\"Inclusive Networks - SFBD\",\"isPartOf\":{\"@id\":\"https:\/\/sfbd.fr\/en\/#website\"},\"datePublished\":\"2020-01-22T23:08:55+00:00\",\"dateModified\":\"2023-12-12T12:04:18+00:00\",\"breadcrumb\":{\"@id\":\"https:\/\/sfbd.fr\/en\/resources\/inclusive-networks\/#breadcrumb\"},\"inLanguage\":\"en-US\",\"potentialAction\":[{\"@type\":\"ReadAction\",\"target\":[\"https:\/\/sfbd.fr\/en\/resources\/inclusive-networks\/\"]}]},{\"@type\":\"BreadcrumbList\",\"@id\":\"https:\/\/sfbd.fr\/en\/resources\/inclusive-networks\/#breadcrumb\",\"itemListElement\":[{\"@type\":\"ListItem\",\"position\":1,\"name\":\"Accueil\",\"item\":\"https:\/\/sfbd.fr\/en\/\"},{\"@type\":\"ListItem\",\"position\":2,\"name\":\"Resources\",\"item\":\"https:\/\/sfbd.fr\/en\/resources\/\"},{\"@type\":\"ListItem\",\"position\":3,\"name\":\"Inclusive Networks\"}]}]}<\/script>\n<!-- \/ Yoast SEO plugin. -->","yoast_head_json":{"title":"Inclusive Networks - SFBD","robots":{"index":"index","follow":"follow","max-snippet":"max-snippet:-1","max-image-preview":"max-image-preview:large","max-video-preview":"max-video-preview:-1"},"canonical":"https:\/\/sfbd.fr\/en\/resources\/inclusive-networks\/","og_locale":"en_US","og_type":"article","og_title":"Inclusive Networks - SFBD","og_description":"[vc_row][vc_column][vc_custom_heading text=&#8221;Inclusive networks&#8221; use_theme_fonts=&#8221;yes&#8221;][vc_column_text] Initiatives towards a more inclusive, unbiased and diverse scientific community [\/vc_column_text][vc_column_text]Don&#8217;t hesitate to contact us to&hellip;","og_url":"https:\/\/sfbd.fr\/en\/resources\/inclusive-networks\/","og_site_name":"SFBD","article_modified_time":"2023-12-12T12:04:18+00:00","twitter_card":"summary_large_image","twitter_image":"https:\/\/sfbd.fr\/wp-content\/uploads\/2019\/06\/Levayer-lab-2_credit_Romain-Levayer-1.jpg","twitter_site":"@sfbd_biodev","twitter_misc":{"Est. reading time":"3 minutes"},"schema":{"@context":"https:\/\/schema.org","@graph":[{"@type":"Organization","@id":"https:\/\/sfbd.fr\/en\/#organization","name":"Soci\u00e9t\u00e9 Fran\u00e7aise de Biologie du D\u00e9veloppement","url":"https:\/\/sfbd.fr\/en\/","sameAs":["https:\/\/twitter.com\/sfbd_biodev"],"logo":{"@type":"ImageObject","@id":"https:\/\/sfbd.fr\/en\/#logo","inLanguage":"en-US","url":"https:\/\/sfbd.fr\/wp-content\/uploads\/2019\/11\/Favicon.jpg","contentUrl":"https:\/\/sfbd.fr\/wp-content\/uploads\/2019\/11\/Favicon.jpg","width":1324,"height":1324,"caption":"Soci\u00e9t\u00e9 Fran\u00e7aise de Biologie du D\u00e9veloppement"},"image":{"@id":"https:\/\/sfbd.fr\/en\/#logo"}},{"@type":"WebSite","@id":"https:\/\/sfbd.fr\/en\/#website","url":"https:\/\/sfbd.fr\/en\/","name":"Soci\u00e9t\u00e9 Fran\u00e7aise de Biologie du D\u00e9veloppement","description":"","publisher":{"@id":"https:\/\/sfbd.fr\/en\/#organization"},"potentialAction":[{"@type":"SearchAction","target":{"@type":"EntryPoint","urlTemplate":"https:\/\/sfbd.fr\/en\/?s={search_term_string}"},"query-input":"required name=search_term_string"}],"inLanguage":"en-US"},{"@type":"ImageObject","@id":"https:\/\/sfbd.fr\/en\/resources\/inclusive-networks\/#primaryimage","inLanguage":"en-US","url":"https:\/\/sfbd.fr\/wp-content\/uploads\/2019\/06\/Levayer-lab-2_credit_Romain-Levayer-1.jpg","contentUrl":"https:\/\/sfbd.fr\/wp-content\/uploads\/2019\/06\/Levayer-lab-2_credit_Romain-Levayer-1.jpg","width":1000,"height":1000,"caption":"Pupal notum ( a single layer epithelium) marked with E-cad (red, ) nuclei (histone in blue) and a live sensor of ERK (purple) (from Romain Levayer)"},{"@type":"WebPage","@id":"https:\/\/sfbd.fr\/en\/resources\/inclusive-networks\/#webpage","url":"https:\/\/sfbd.fr\/en\/resources\/inclusive-networks\/","name":"Inclusive Networks - SFBD","isPartOf":{"@id":"https:\/\/sfbd.fr\/en\/#website"},"datePublished":"2020-01-22T23:08:55+00:00","dateModified":"2023-12-12T12:04:18+00:00","breadcrumb":{"@id":"https:\/\/sfbd.fr\/en\/resources\/inclusive-networks\/#breadcrumb"},"inLanguage":"en-US","potentialAction":[{"@type":"ReadAction","target":["https:\/\/sfbd.fr\/en\/resources\/inclusive-networks\/"]}]},{"@type":"BreadcrumbList","@id":"https:\/\/sfbd.fr\/en\/resources\/inclusive-networks\/#breadcrumb","itemListElement":[{"@type":"ListItem","position":1,"name":"Accueil","item":"https:\/\/sfbd.fr\/en\/"},{"@type":"ListItem","position":2,"name":"Resources","item":"https:\/\/sfbd.fr\/en\/resources\/"},{"@type":"ListItem","position":3,"name":"Inclusive Networks"}]}]}},"_links":{"self":[{"href":"https:\/\/sfbd.fr\/en\/wp-json\/wp\/v2\/pages\/5016"}],"collection":[{"href":"https:\/\/sfbd.fr\/en\/wp-json\/wp\/v2\/pages"}],"about":[{"href":"https:\/\/sfbd.fr\/en\/wp-json\/wp\/v2\/types\/page"}],"author":[{"embeddable":true,"href":"https:\/\/sfbd.fr\/en\/wp-json\/wp\/v2\/users\/6"}],"replies":[{"embeddable":true,"href":"https:\/\/sfbd.fr\/en\/wp-json\/wp\/v2\/comments?post=5016"}],"version-history":[{"count":25,"href":"https:\/\/sfbd.fr\/en\/wp-json\/wp\/v2\/pages\/5016\/revisions"}],"predecessor-version":[{"id":12338,"href":"https:\/\/sfbd.fr\/en\/wp-json\/wp\/v2\/pages\/5016\/revisions\/12338"}],"up":[{"embeddable":true,"href":"https:\/\/sfbd.fr\/en\/wp-json\/wp\/v2\/pages\/4022"}],"wp:attachment":[{"href":"https:\/\/sfbd.fr\/en\/wp-json\/wp\/v2\/media?parent=5016"}],"curies":[{"name":"wp","href":"https:\/\/api.w.org\/{rel}","templated":true}]}}